{"id":427,"date":"2016-11-28T12:40:26","date_gmt":"2016-11-28T12:40:26","guid":{"rendered":"http:\/\/www.danubecommission.org\/dc\/?page_id=427"},"modified":"2026-02-09T14:06:34","modified_gmt":"2026-02-09T13:06:34","slug":"pays-observateurs-a-la-commission-du-danube","status":"publish","type":"page","link":"https:\/\/www.danubecommission.org\/dc\/fr\/commission-du-danube\/pays-observateurs-a-la-commission-du-danube\/","title":{"rendered":"Pays observateurs \u00e0 la Commission du Danube"},"content":{"rendered":"<div>\n<table border=\"0\" cellspacing=\"0\" cellpadding=\"0\">\n<tbody>\n<tr>\n<td valign=\"top\" width=\"66\"><b>Pavillon <\/b><\/td>\n<td valign=\"top\" width=\"196\"><b>Etat <\/b><\/td>\n<td valign=\"top\"><b>Surface<\/b><b><br \/>\nmilliers de km carr\u00e9s<\/b><\/td>\n<td valign=\"top\"><b>Population<br \/>\n<\/b><b>millions de personnes<\/b><br \/>\n<b>(ann\u00e9e) <\/b><\/td>\n<td valign=\"top\"><b>Capitale,<br \/>\npopulation milliers<br \/>\nde personnes<br \/>\n<\/b><b>(ann\u00e9e) <\/b><\/td>\n<\/tr>\n<tr>\n<td class=\"border\"><img loading=\"lazy\" decoding=\"async\" src=\"http:\/\/www.danubecommission.org\/uploads\/images\/flags\/be.gif\" width=\"45\" height=\"30\" \/><\/td>\n<td>Royaume de Belgique<\/td>\n<td>30,5<\/td>\n<td>11,78<br \/>\n(2025)<\/td>\n<td>Bruxelles<br \/>\n193<br \/>\n(2024)<\/td>\n<\/tr>\n<tr>\n<td class=\"border\"><img loading=\"lazy\" decoding=\"async\" src=\"http:\/\/www.danubecommission.org\/uploads\/images\/flags\/greece.gif\" width=\"48\" height=\"31\" \/><\/td>\n<td width=\"196\">R\u00e9publique hell\u00e9nique<\/td>\n<td>132,0<\/td>\n<td>10,37<br \/>\n(2025)<\/td>\n<td>\u0410th\u00e8nes<br \/>\n637<br \/>\n(2021)<\/td>\n<\/tr>\n<tr>\n<td><img loading=\"lazy\" decoding=\"async\" src=\"http:\/\/www.danubecommission.org\/uploads\/images\/flags\/georgia.gif\" width=\"45\" height=\"30\" \/><\/td>\n<td>G\u00e9orgie<\/td>\n<td>69,7<\/td>\n<td>3,69<br \/>\n(2024)<\/td>\n<td>Tbilissi<br \/>\n1203<br \/>\n(2024)<\/td>\n<\/tr>\n<tr>\n<td class=\"border\"><img loading=\"lazy\" decoding=\"async\" src=\"http:\/\/www.danubecommission.org\/uploads\/images\/flags\/cyprus.gif\" width=\"48\" height=\"31\" \/><\/td>\n<td width=\"196\">R\u00e9publique de Chypre<\/td>\n<td>9,3<\/td>\n<td>0,93<br \/>\n(2025)<\/td>\n<td>Nicosie<br \/>\n277<br \/>\n(2024)<\/td>\n<\/tr>\n<tr>\n<td><img loading=\"lazy\" decoding=\"async\" src=\"http:\/\/www.danubecommission.org\/uploads\/images\/flags\/mace.gif\" width=\"48\" height=\"32\" \/><\/td>\n<td>R\u00e9publique de Mac\u00e9doine du Nord<\/td>\n<td>25,7<\/td>\n<td>1,83<br \/>\n(2024)<\/td>\n<td>Skopje<br \/>\n527<br \/>\n(2024)<\/td>\n<\/tr>\n<tr>\n<td class=\"border\"><img loading=\"lazy\" decoding=\"async\" src=\"http:\/\/www.danubecommission.org\/uploads\/images\/flags\/holland.gif\" width=\"48\" height=\"31\" \/><\/td>\n<td width=\"196\">Royaume des Pays-Bas<\/td>\n<td>41,5<\/td>\n<td>17,98<br \/>\n(2025)<\/td>\n<td>Amsterdam<br \/>\n931<br \/>\n(2024)<\/td>\n<\/tr>\n<tr>\n<td class=\"border\"><img loading=\"lazy\" decoding=\"async\" src=\"http:\/\/www.danubecommission.org\/uploads\/images\/flags\/turkey.gif\" width=\"48\" height=\"31\" \/><\/td>\n<td width=\"196\">R\u00e9publique de Turquie<\/td>\n<td>785,3<\/td>\n<td>85,37<br \/>\n(2024)<\/td>\n<td>Ankara<br \/>\n5803<br \/>\n(2024)<\/td>\n<\/tr>\n<tr>\n<td class=\"border\"><img loading=\"lazy\" decoding=\"async\" src=\"http:\/\/www.danubecommission.org\/uploads\/images\/flags\/france.gif\" width=\"48\" height=\"31\" \/><\/td>\n<td width=\"196\">R\u00e9publique fran\u00e7aise<\/td>\n<td>633,1<\/td>\n<td>68,42<br \/>\n(2025)<\/td>\n<td>Paris<br \/>\n2103<br \/>\n(2024)<\/td>\n<\/tr>\n<tr>\n<td class=\"border\"><img loading=\"lazy\" decoding=\"async\" src=\"http:\/\/www.danubecommission.org\/uploads\/images\/flags\/montenegro.gif\" width=\"48\" height=\"31\" \/><\/td>\n<td width=\"196\">Mont\u00e9n\u00e9gro<\/td>\n<td>13,8<\/td>\n<td>0,62<br \/>\n(2024)<\/td>\n<td>Podgorica<br \/>\n182<br \/>\n(2024)<\/td>\n<\/tr>\n<tr>\n<td class=\"border\"><img loading=\"lazy\" decoding=\"async\" src=\"http:\/\/www.danubecommission.org\/uploads\/images\/flags\/cseh.gif\" width=\"48\" height=\"31\" \/><\/td>\n<td width=\"196\">R\u00e9publique tch\u00e8que<\/td>\n<td>78,9<\/td>\n<td>10,9<br \/>\n(2025)<\/td>\n<td>Prague<br \/>\n1384<br \/>\n(2024)<\/td>\n<\/tr>\n<\/tbody>\n<\/table>\n<p><i> <\/i><b>Source<\/b><b> : <\/b><\/p>\n<ul>\n<li>Donn\u00e9es re\u00e7ues des pays membres de la CD (ST-16);<\/li>\n<li>EU transport in figures. Statistical pocketbook 2018;<\/li>\n<li>Wikipedia, the free encyclopedia (ISO 3166-1)\u00a0et autres sources Internet.<\/li>\n<\/ul>\n<\/div>\n","protected":false},"excerpt":{"rendered":"<p>Pavillon Etat Surface milliers de km carr\u00e9s Population millions de personnes (ann\u00e9e) Capitale, population milliers de personnes (ann\u00e9e) Royaume de<\/p>\n","protected":false},"author":1,"featured_media":0,"parent":248,"menu_order":0,"comment_status":"closed","ping_status":"closed","template":"","meta":{"_seopress_robots_primary_cat":"","_seopress_titles_title":"","_seopress_titles_desc":"","_seopress_robots_index":"","colormag_page_container_layout":"default_layout","colormag_page_sidebar_layout":"default_layout","footnotes":""},"class_list":["post-427","page","type-page","status-publish","hentry"],"_links":{"self":[{"href":"https:\/\/www.danubecommission.org\/dc\/wp-json\/wp\/v2\/pages\/427","targetHints":{"allow":["GET"]}}],"collection":[{"href":"https:\/\/www.danubecommission.org\/dc\/wp-json\/wp\/v2\/pages"}],"about":[{"href":"https:\/\/www.danubecommission.org\/dc\/wp-json\/wp\/v2\/types\/page"}],"author":[{"embeddable":true,"href":"https:\/\/www.danubecommission.org\/dc\/wp-json\/wp\/v2\/users\/1"}],"replies":[{"embeddable":true,"href":"https:\/\/www.danubecommission.org\/dc\/wp-json\/wp\/v2\/comments?post=427"}],"version-history":[{"count":2,"href":"https:\/\/www.danubecommission.org\/dc\/wp-json\/wp\/v2\/pages\/427\/revisions"}],"predecessor-version":[{"id":16282,"href":"https:\/\/www.danubecommission.org\/dc\/wp-json\/wp\/v2\/pages\/427\/revisions\/16282"}],"up":[{"embeddable":true,"href":"https:\/\/www.danubecommission.org\/dc\/wp-json\/wp\/v2\/pages\/248"}],"wp:attachment":[{"href":"https:\/\/www.danubecommission.org\/dc\/wp-json\/wp\/v2\/media?parent=427"}],"curies":[{"name":"wp","href":"https:\/\/api.w.org\/{rel}","templated":true}]}}