{"id":4294,"date":"2018-10-04T12:58:18","date_gmt":"2018-10-04T11:58:18","guid":{"rendered":"http:\/\/www.danubecommission.org\/dc\/?page_id=4294"},"modified":"2018-10-05T09:27:19","modified_gmt":"2018-10-05T08:27:19","slug":"ubersicht-zu-den-voraussetzungen-fur-die-fahrt-von-fahrzeugen-mit-einer-lange-von-weniger-als-20-m-auf-nationalen-donaustreckenabschnitten-in-bezug-auf-ihre-zulassung-und-die-schiffsfuhrerzeugnisse","status":"publish","type":"page","link":"https:\/\/www.danubecommission.org\/dc\/de\/die-donauschifffahrt\/ubersicht-zu-den-voraussetzungen-fur-die-fahrt-von-fahrzeugen-mit-einer-lange-von-weniger-als-20-m-auf-nationalen-donaustreckenabschnitten-in-bezug-auf-ihre-zulassung-und-die-schiffsfuhrerzeugnisse\/","title":{"rendered":"\u00dcbersicht zu den Voraussetzungen f\u00fcr die Fahrt von Fahrzeugen mit einer L\u00e4nge von weniger als 20 m auf nationalen Donaustreckenabschnitten in Bezug auf ihre Zulassung und die Schiffsf\u00fchrerzeugnisse"},"content":{"rendered":"<table style=\"border-collapse: collapse; width: 100%;\" border=\"1\">\n<tbody>\n<tr>\n<td style=\"width: 14.2857%; text-align: center; vertical-align: middle;\"><a href=\"http:\/\/www.danubecommission.org\/dc\/de\/die-donauschifffahrt\/ubersicht-zu-den-voraussetzungen-fur-die-fahrt-von-fahrzeugen-mit-einer-lange-von-weniger-als-20-m-auf-nationalen-donaustreckenabschnitten-in-bezug-auf-ihre-zulassung-und-die-schiffsfuhrerzeugnisse\/republik-osterreich\/\"><strong>Republik \u00d6sterreich<\/strong><\/a><\/td>\n<td style=\"width: 14.2857%; text-align: center; vertical-align: middle;\"><a href=\"http:\/\/www.danubecommission.org\/dc\/de\/die-donauschifffahrt\/ubersicht-zu-den-voraussetzungen-fur-die-fahrt-von-fahrzeugen-mit-einer-lange-von-weniger-als-20-m-auf-nationalen-donaustreckenabschnitten-in-bezug-auf-ihre-zulassung-und-die-schiffsfuhrerzeugnisse\/republik-bulgarien\/\"><strong>Republik Bulgarien<\/strong><\/a><\/td>\n<td style=\"width: 14.2857%; text-align: center; vertical-align: middle;\"><a href=\"http:\/\/www.danubecommission.org\/dc\/de\/die-donauschifffahrt\/ubersicht-zu-den-voraussetzungen-fur-die-fahrt-von-fahrzeugen-mit-einer-lange-von-weniger-als-20-m-auf-nationalen-donaustreckenabschnitten-in-bezug-auf-ihre-zulassung-und-die-schiffsfuhrerzeugnisse\/ungarn\/\"><strong>Ungarn<\/strong><\/a><\/td>\n<td style=\"width: 14.2857%; text-align: center; vertical-align: middle;\"><a href=\"http:\/\/www.danubecommission.org\/dc\/de\/die-donauschifffahrt\/ubersicht-zu-den-voraussetzungen-fur-die-fahrt-von-fahrzeugen-mit-einer-lange-von-weniger-als-20-m-auf-nationalen-donaustreckenabschnitten-in-bezug-auf-ihre-zulassung-und-die-schiffsfuhrerzeugnisse\/bundesrepublik-deutschland\/\"><strong>Bundesrepublik Deutschland<\/strong><\/a><\/td>\n<td style=\"width: 14.2857%; text-align: center; vertical-align: middle;\"><a href=\"http:\/\/www.danubecommission.org\/dc\/de\/die-donauschifffahrt\/ubersicht-zu-den-voraussetzungen-fur-die-fahrt-von-fahrzeugen-mit-einer-lange-von-weniger-als-20-m-auf-nationalen-donaustreckenabschnitten-in-bezug-auf-ihre-zulassung-und-die-schiffsfuhrerzeugnisse\/rumanien\/\"><strong>Rum\u00e4nien<\/strong><\/a><\/td>\n<td style=\"width: 14.2857%; text-align: center; vertical-align: middle;\"><a href=\"http:\/\/www.danubecommission.org\/dc\/de\/die-donauschifffahrt\/ubersicht-zu-den-voraussetzungen-fur-die-fahrt-von-fahrzeugen-mit-einer-lange-von-weniger-als-20-m-auf-nationalen-donaustreckenabschnitten-in-bezug-auf-ihre-zulassung-und-die-schiffsfuhrerzeugnisse\/republik-serbien\/\"><strong>Republik Serbien<\/strong><\/a><\/td>\n<td style=\"width: 14.2857%; text-align: center; vertical-align: middle;\"><a href=\"http:\/\/www.danubecommission.org\/dc\/de\/die-donauschifffahrt\/ubersicht-zu-den-voraussetzungen-fur-die-fahrt-von-fahrzeugen-mit-einer-lange-von-weniger-als-20-m-auf-nationalen-donaustreckenabschnitten-in-bezug-auf-ihre-zulassung-und-die-schiffsfuhrerzeugnisse\/slowakische-republik\/\"><strong>Slowakische Republik<\/strong><\/a><\/td>\n<\/tr>\n<tr>\n<td style=\"width: 14.2857%; text-align: center; vertical-align: middle;\"><a href=\"http:\/\/www.danubecommission.org\/dc\/de\/die-donauschifffahrt\/ubersicht-zu-den-voraussetzungen-fur-die-fahrt-von-fahrzeugen-mit-einer-lange-von-weniger-als-20-m-auf-nationalen-donaustreckenabschnitten-in-bezug-auf-ihre-zulassung-und-die-schiffsfuhrerzeugnisse\/republik-osterreich\/\"><img decoding=\"async\" src=\"http:\/\/www.danubecommission.org\/uploads\/images\/flags\/a.gif\" \/><\/a><\/td>\n<td style=\"width: 14.2857%; text-align: center; vertical-align: middle;\"><a href=\"http:\/\/www.danubecommission.org\/dc\/de\/die-donauschifffahrt\/ubersicht-zu-den-voraussetzungen-fur-die-fahrt-von-fahrzeugen-mit-einer-lange-von-weniger-als-20-m-auf-nationalen-donaustreckenabschnitten-in-bezug-auf-ihre-zulassung-und-die-schiffsfuhrerzeugnisse\/republik-bulgarien\/\"><img decoding=\"async\" src=\"http:\/\/www.danubecommission.org\/uploads\/images\/flags\/bg.gif\" \/><\/a><\/td>\n<td style=\"width: 14.2857%; text-align: center; vertical-align: middle;\"><a href=\"http:\/\/www.danubecommission.org\/dc\/de\/die-donauschifffahrt\/ubersicht-zu-den-voraussetzungen-fur-die-fahrt-von-fahrzeugen-mit-einer-lange-von-weniger-als-20-m-auf-nationalen-donaustreckenabschnitten-in-bezug-auf-ihre-zulassung-und-die-schiffsfuhrerzeugnisse\/ungarn\/\"><img decoding=\"async\" src=\"http:\/\/www.danubecommission.org\/uploads\/images\/flags\/hu.gif\" \/><\/a><\/td>\n<td style=\"width: 14.2857%; text-align: center; vertical-align: middle;\"><a href=\"http:\/\/www.danubecommission.org\/dc\/de\/die-donauschifffahrt\/ubersicht-zu-den-voraussetzungen-fur-die-fahrt-von-fahrzeugen-mit-einer-lange-von-weniger-als-20-m-auf-nationalen-donaustreckenabschnitten-in-bezug-auf-ihre-zulassung-und-die-schiffsfuhrerzeugnisse\/bundesrepublik-deutschland\/\"><img decoding=\"async\" src=\"http:\/\/www.danubecommission.org\/uploads\/images\/flags\/de.gif\" \/><\/a><\/td>\n<td style=\"width: 14.2857%; text-align: center; vertical-align: middle;\"><a href=\"http:\/\/www.danubecommission.org\/dc\/de\/die-donauschifffahrt\/ubersicht-zu-den-voraussetzungen-fur-die-fahrt-von-fahrzeugen-mit-einer-lange-von-weniger-als-20-m-auf-nationalen-donaustreckenabschnitten-in-bezug-auf-ihre-zulassung-und-die-schiffsfuhrerzeugnisse\/rumanien\/\"><img decoding=\"async\" src=\"http:\/\/www.danubecommission.org\/uploads\/images\/flags\/ro.gif\" \/><\/a><\/td>\n<td style=\"width: 14.2857%; text-align: center; vertical-align: middle;\"><a href=\"http:\/\/www.danubecommission.org\/dc\/de\/die-donauschifffahrt\/ubersicht-zu-den-voraussetzungen-fur-die-fahrt-von-fahrzeugen-mit-einer-lange-von-weniger-als-20-m-auf-nationalen-donaustreckenabschnitten-in-bezug-auf-ihre-zulassung-und-die-schiffsfuhrerzeugnisse\/republik-serbien\/\"><img decoding=\"async\" src=\"http:\/\/www.danubecommission.org\/uploads\/images\/flags\/scg.gif\" \/><\/a><\/td>\n<td style=\"width: 14.2857%; text-align: center; vertical-align: middle;\"><a href=\"http:\/\/www.danubecommission.org\/dc\/de\/die-donauschifffahrt\/ubersicht-zu-den-voraussetzungen-fur-die-fahrt-von-fahrzeugen-mit-einer-lange-von-weniger-als-20-m-auf-nationalen-donaustreckenabschnitten-in-bezug-auf-ihre-zulassung-und-die-schiffsfuhrerzeugnisse\/slowakische-republik\/\"><img decoding=\"async\" src=\"http:\/\/www.danubecommission.org\/uploads\/images\/flags\/sk.gif\" \/><\/a><\/td>\n<\/tr>\n<\/tbody>\n<\/table>\n<p><img loading=\"lazy\" decoding=\"async\" class=\"size-medium aligncenter\" src=\"http:\/\/www.danubecommission.org\/dc\/wp-content\/uploads\/2018\/10\/q_ans.png\" width=\"150\" height=\"150\" \/><\/p>\n","protected":false},"excerpt":{"rendered":"<p>Republik \u00d6sterreich Republik Bulgarien Ungarn Bundesrepublik Deutschland Rum\u00e4nien Republik Serbien Slowakische Republik<\/p>\n","protected":false},"author":1,"featured_media":0,"parent":37,"menu_order":18,"comment_status":"closed","ping_status":"closed","template":"","meta":{"_seopress_robots_primary_cat":"","_seopress_titles_title":"","_seopress_titles_desc":"","_seopress_robots_index":"","colormag_page_container_layout":"default_layout","colormag_page_sidebar_layout":"default_layout","footnotes":""},"class_list":["post-4294","page","type-page","status-publish","hentry"],"_links":{"self":[{"href":"https:\/\/www.danubecommission.org\/dc\/wp-json\/wp\/v2\/pages\/4294","targetHints":{"allow":["GET"]}}],"collection":[{"href":"https:\/\/www.danubecommission.org\/dc\/wp-json\/wp\/v2\/pages"}],"about":[{"href":"https:\/\/www.danubecommission.org\/dc\/wp-json\/wp\/v2\/types\/page"}],"author":[{"embeddable":true,"href":"https:\/\/www.danubecommission.org\/dc\/wp-json\/wp\/v2\/users\/1"}],"replies":[{"embeddable":true,"href":"https:\/\/www.danubecommission.org\/dc\/wp-json\/wp\/v2\/comments?post=4294"}],"version-history":[{"count":0,"href":"https:\/\/www.danubecommission.org\/dc\/wp-json\/wp\/v2\/pages\/4294\/revisions"}],"up":[{"embeddable":true,"href":"https:\/\/www.danubecommission.org\/dc\/wp-json\/wp\/v2\/pages\/37"}],"wp:attachment":[{"href":"https:\/\/www.danubecommission.org\/dc\/wp-json\/wp\/v2\/media?parent=4294"}],"curies":[{"name":"wp","href":"https:\/\/api.w.org\/{rel}","templated":true}]}}