{"id":4297,"date":"2018-10-04T13:03:22","date_gmt":"2018-10-04T12:03:22","guid":{"rendered":"http:\/\/www.danubecommission.org\/dc\/?page_id=4297"},"modified":"2018-10-05T09:27:44","modified_gmt":"2018-10-05T08:27:44","slug":"information-synthetique-au-sujet-des-conditions-de-navigation-des-bateaux-dune-longueur-inferieure-a-20-m-sur-les-secteurs-nationaux-de-danube-en-ce-qui-concerne-leur-admission-a-la-navigatio","status":"publish","type":"page","link":"https:\/\/www.danubecommission.org\/dc\/fr\/navigation-danubienne\/information-synthetique-au-sujet-des-conditions-de-navigation-des-bateaux-dune-longueur-inferieure-a-20-m-sur-les-secteurs-nationaux-de-danube-en-ce-qui-concerne-leur-admission-a-la-navigatio\/","title":{"rendered":"Information synth\u00e9tique au sujet des conditions de navigation des bateaux d\u2019une longueur inf\u00e9rieure \u00e0 20 m sur les secteurs nationaux de Danube en ce qui concerne leur admission \u00e0 la navigation et les certificats de conducteur de bateau"},"content":{"rendered":"<table style=\"border-collapse: collapse; width: 100%;\" border=\"1\">\n<tbody>\n<tr>\n<td style=\"width: 14.2857%; text-align: center;\"><a href=\"http:\/\/www.danubecommission.org\/dc\/fr\/navigation-danubienne\/information-synthetique-au-sujet-des-conditions-de-navigation-des-bateaux-dune-longueur-inferieure-a-20-m-sur-les-secteurs-nationaux-de-danube-en-ce-qui-concerne-leur-admission-a-la-navigatio\/republique-dautriche\/\"><strong>R\u00e9publique d\u2019Autriche<\/strong><\/a><\/td>\n<td style=\"width: 14.2857%; text-align: center;\"><a href=\"http:\/\/www.danubecommission.org\/dc\/fr\/navigation-danubienne\/information-synthetique-au-sujet-des-conditions-de-navigation-des-bateaux-dune-longueur-inferieure-a-20-m-sur-les-secteurs-nationaux-de-danube-en-ce-qui-concerne-leur-admission-a-la-navigatio\/republique-de-bulgarie\/\"><strong>R\u00e9publique de Bulgarie<\/strong><\/a><\/td>\n<td style=\"width: 14.2857%; text-align: center;\"><a href=\"http:\/\/www.danubecommission.org\/dc\/fr\/navigation-danubienne\/information-synthetique-au-sujet-des-conditions-de-navigation-des-bateaux-dune-longueur-inferieure-a-20-m-sur-les-secteurs-nationaux-de-danube-en-ce-qui-concerne-leur-admission-a-la-navigatio\/hongrie\/\"><strong>Hongrie<\/strong><\/a><\/td>\n<td style=\"width: 14.2857%; text-align: center;\"><a href=\"http:\/\/www.danubecommission.org\/dc\/fr\/navigation-danubienne\/information-synthetique-au-sujet-des-conditions-de-navigation-des-bateaux-dune-longueur-inferieure-a-20-m-sur-les-secteurs-nationaux-de-danube-en-ce-qui-concerne-leur-admission-a-la-navigatio\/republique-federale-dallemagne\/\"><strong>R\u00e9publique F\u00e9d\u00e9rale d\u2019Allemagne<\/strong><\/a><\/td>\n<td style=\"width: 14.2857%; text-align: center;\"><a href=\"http:\/\/www.danubecommission.org\/dc\/fr\/navigation-danubienne\/information-synthetique-au-sujet-des-conditions-de-navigation-des-bateaux-dune-longueur-inferieure-a-20-m-sur-les-secteurs-nationaux-de-danube-en-ce-qui-concerne-leur-admission-a-la-navigatio\/roumanie\/\"><strong>Roumanie<\/strong><\/a><\/td>\n<td style=\"width: 14.2857%; text-align: center;\"><a href=\"http:\/\/www.danubecommission.org\/dc\/fr\/navigation-danubienne\/information-synthetique-au-sujet-des-conditions-de-navigation-des-bateaux-dune-longueur-inferieure-a-20-m-sur-les-secteurs-nationaux-de-danube-en-ce-qui-concerne-leur-admission-a-la-navigatio\/republique-de-serbie\/\"><strong>R\u00e9publique de Serbie<\/strong><\/a><\/td>\n<td style=\"width: 14.2857%; text-align: center;\"><a href=\"http:\/\/www.danubecommission.org\/dc\/fr\/navigation-danubienne\/information-synthetique-au-sujet-des-conditions-de-navigation-des-bateaux-dune-longueur-inferieure-a-20-m-sur-les-secteurs-nationaux-de-danube-en-ce-qui-concerne-leur-admission-a-la-navigatio\/republique-slovaque\/\"><strong>R\u00e9publique Slovaque<\/strong><\/a><\/td>\n<\/tr>\n<tr>\n<td style=\"width: 14.2857%; text-align: center;\"><a href=\"http:\/\/www.danubecommission.org\/dc\/fr\/navigation-danubienne\/information-synthetique-au-sujet-des-conditions-de-navigation-des-bateaux-dune-longueur-inferieure-a-20-m-sur-les-secteurs-nationaux-de-danube-en-ce-qui-concerne-leur-admission-a-la-navigatio\/republique-dautriche\/\"><img decoding=\"async\" src=\"http:\/\/www.danubecommission.org\/uploads\/images\/flags\/a.gif\" \/><\/a><\/td>\n<td style=\"width: 14.2857%; text-align: center;\"><a href=\"http:\/\/www.danubecommission.org\/dc\/fr\/navigation-danubienne\/information-synthetique-au-sujet-des-conditions-de-navigation-des-bateaux-dune-longueur-inferieure-a-20-m-sur-les-secteurs-nationaux-de-danube-en-ce-qui-concerne-leur-admission-a-la-navigatio\/republique-de-bulgarie\/\"><img decoding=\"async\" src=\"http:\/\/www.danubecommission.org\/uploads\/images\/flags\/bg.gif\" \/><\/a><\/td>\n<td style=\"width: 14.2857%; text-align: center;\"><a href=\"http:\/\/www.danubecommission.org\/dc\/fr\/navigation-danubienne\/information-synthetique-au-sujet-des-conditions-de-navigation-des-bateaux-dune-longueur-inferieure-a-20-m-sur-les-secteurs-nationaux-de-danube-en-ce-qui-concerne-leur-admission-a-la-navigatio\/hongrie\/\"><img decoding=\"async\" src=\"http:\/\/www.danubecommission.org\/uploads\/images\/flags\/hu.gif\" \/><\/a><\/td>\n<td style=\"width: 14.2857%; text-align: center;\"><a href=\"http:\/\/www.danubecommission.org\/dc\/fr\/navigation-danubienne\/information-synthetique-au-sujet-des-conditions-de-navigation-des-bateaux-dune-longueur-inferieure-a-20-m-sur-les-secteurs-nationaux-de-danube-en-ce-qui-concerne-leur-admission-a-la-navigatio\/republique-federale-dallemagne\/\"><img decoding=\"async\" src=\"http:\/\/www.danubecommission.org\/uploads\/images\/flags\/de.gif\" \/><\/a><\/td>\n<td style=\"width: 14.2857%; text-align: center;\"><a href=\"http:\/\/www.danubecommission.org\/dc\/fr\/navigation-danubienne\/information-synthetique-au-sujet-des-conditions-de-navigation-des-bateaux-dune-longueur-inferieure-a-20-m-sur-les-secteurs-nationaux-de-danube-en-ce-qui-concerne-leur-admission-a-la-navigatio\/roumanie\/\"><img decoding=\"async\" src=\"http:\/\/www.danubecommission.org\/uploads\/images\/flags\/ro.gif\" \/><\/a><\/td>\n<td style=\"width: 14.2857%; text-align: center;\"><a href=\"http:\/\/www.danubecommission.org\/dc\/fr\/navigation-danubienne\/information-synthetique-au-sujet-des-conditions-de-navigation-des-bateaux-dune-longueur-inferieure-a-20-m-sur-les-secteurs-nationaux-de-danube-en-ce-qui-concerne-leur-admission-a-la-navigatio\/republique-de-serbie\/\"><img decoding=\"async\" src=\"http:\/\/www.danubecommission.org\/uploads\/images\/flags\/scg.gif\" \/><\/a><\/td>\n<td style=\"width: 14.2857%; text-align: center;\"><a href=\"http:\/\/www.danubecommission.org\/dc\/fr\/navigation-danubienne\/information-synthetique-au-sujet-des-conditions-de-navigation-des-bateaux-dune-longueur-inferieure-a-20-m-sur-les-secteurs-nationaux-de-danube-en-ce-qui-concerne-leur-admission-a-la-navigatio\/republique-slovaque\/\"><img decoding=\"async\" src=\"http:\/\/www.danubecommission.org\/uploads\/images\/flags\/sk.gif\" \/><\/a><\/td>\n<\/tr>\n<\/tbody>\n<\/table>\n<p><img loading=\"lazy\" decoding=\"async\" class=\"size-medium aligncenter\" src=\"http:\/\/www.danubecommission.org\/dc\/wp-content\/uploads\/2018\/10\/q_ans.png\" width=\"150\" height=\"150\" \/><\/p>\n","protected":false},"excerpt":{"rendered":"<p>R\u00e9publique d\u2019Autriche R\u00e9publique de Bulgarie Hongrie R\u00e9publique F\u00e9d\u00e9rale d\u2019Allemagne Roumanie R\u00e9publique de Serbie R\u00e9publique Slovaque<\/p>\n","protected":false},"author":1,"featured_media":0,"parent":83,"menu_order":18,"comment_status":"closed","ping_status":"closed","template":"","meta":{"_seopress_robots_primary_cat":"","_seopress_titles_title":"","_seopress_titles_desc":"","_seopress_robots_index":"","colormag_page_container_layout":"default_layout","colormag_page_sidebar_layout":"default_layout","footnotes":""},"class_list":["post-4297","page","type-page","status-publish","hentry"],"_links":{"self":[{"href":"https:\/\/www.danubecommission.org\/dc\/wp-json\/wp\/v2\/pages\/4297","targetHints":{"allow":["GET"]}}],"collection":[{"href":"https:\/\/www.danubecommission.org\/dc\/wp-json\/wp\/v2\/pages"}],"about":[{"href":"https:\/\/www.danubecommission.org\/dc\/wp-json\/wp\/v2\/types\/page"}],"author":[{"embeddable":true,"href":"https:\/\/www.danubecommission.org\/dc\/wp-json\/wp\/v2\/users\/1"}],"replies":[{"embeddable":true,"href":"https:\/\/www.danubecommission.org\/dc\/wp-json\/wp\/v2\/comments?post=4297"}],"version-history":[{"count":0,"href":"https:\/\/www.danubecommission.org\/dc\/wp-json\/wp\/v2\/pages\/4297\/revisions"}],"up":[{"embeddable":true,"href":"https:\/\/www.danubecommission.org\/dc\/wp-json\/wp\/v2\/pages\/83"}],"wp:attachment":[{"href":"https:\/\/www.danubecommission.org\/dc\/wp-json\/wp\/v2\/media?parent=4297"}],"curies":[{"name":"wp","href":"https:\/\/api.w.org\/{rel}","templated":true}]}}