{"id":4304,"date":"2018-10-04T13:17:35","date_gmt":"2018-10-04T12:17:35","guid":{"rendered":"http:\/\/www.danubecommission.org\/dc\/?page_id=4304"},"modified":"2018-10-04T14:20:01","modified_gmt":"2018-10-04T13:20:01","slug":"republik-osterreich","status":"publish","type":"page","link":"https:\/\/www.danubecommission.org\/dc\/de\/die-donauschifffahrt\/ubersicht-zu-den-voraussetzungen-fur-die-fahrt-von-fahrzeugen-mit-einer-lange-von-weniger-als-20-m-auf-nationalen-donaustreckenabschnitten-in-bezug-auf-ihre-zulassung-und-die-schiffsfuhrerzeugnisse\/republik-osterreich\/","title":{"rendered":"Republik \u00d6sterreich"},"content":{"rendered":"<ol>\n<li><strong>L\u00e4nge von Sportfahrzeugen<\/strong><\/li>\n<\/ol>\n<table width=\"0\">\n<tbody>\n<tr>\n<td colspan=\"3\" width=\"618\">1.1\u00a0\u00a0\u00a0\u00a0\u00a0\u00a0\u00a0\u00a0\u00a0\u00a0\u00a0\u00a0 Wie ist die L\u00e4nge von Sportfahrzeugen in Ihrem Verantwortungsbereich definiert und beschreiben Sie das Messverfahren?<\/td>\n<\/tr>\n<tr>\n<td width=\"60\"><\/td>\n<td width=\"445\">L\u00e4nge \u00fcber alles (ohne Anh\u00e4nge, wie z.B. Bugspriet oder Steuer). Diese Definition stimmt mit der Begriffsbestimmung f\u00fcr Kleinfahrzeug im DFND und mit den Empfehlungen der Donaukommission \u00fcber die technischen Vorschriften f\u00fcr Binnenschiffe \u00fcberein.<\/td>\n<td width=\"113\"><\/td>\n<\/tr>\n<\/tbody>\n<\/table>\n<p>&nbsp;<\/p>\n<table>\n<tbody>\n<tr>\n<td colspan=\"3\" width=\"618\">1.2\u00a0\u00a0\u00a0\u00a0\u00a0\u00a0\u00a0\u00a0\u00a0\u00a0\u00a0\u00a0 Wie lauten die Definitionen f\u00fcr Sportfahrzeuge auf Binnenschifffahrtsstra\u00dfen und auf Seeschifffahrtsstra\u00dfen in Ihrem Verantwortungsbereich?<\/td>\n<\/tr>\n<tr>\n<td width=\"60\"><\/td>\n<td width=\"445\">\u201eSportfahrzeug\u201c: ein Fahrzeug, das f\u00fcr Sport- und Erholungszwecke bestimmt ist, und kein Fahrgastschiff ist. Diese Definition stimmt mit den Empfehlungen der Donaukommission \u00fcber die technischen Vorschriften f\u00fcr Binnenschiffe \u00fcberein.<\/td>\n<td width=\"113\"><\/td>\n<\/tr>\n<\/tbody>\n<\/table>\n<p>&nbsp;<\/p>\n<ol start=\"2\">\n<li><strong>Binnensportfahrzeuge mit weniger als 20 m L\u00e4nge und mit einer L\u00e4nge von 20 m oder mehr auf der Donau<\/strong><\/li>\n<\/ol>\n<table>\n<tbody>\n<tr>\n<td colspan=\"3\" width=\"618\">2.1\u00a0\u00a0\u00a0\u00a0\u00a0\u00a0\u00a0\u00a0\u00a0\u00a0\u00a0\u00a0 Mit welchem Schiffszeugnis kann ein Binnensportfahrzeug auf der Donau gef\u00fchrt werden?<\/td>\n<\/tr>\n<tr>\n<td width=\"60\"><\/td>\n<td width=\"445\">Sportfahrzeuge, deren L\u00e4nge 20 m oder mehr betr\u00e4gt oder deren Produkt aus L\u00e4nge, Breite und Tiefgang 100\u00a0m\u00b3 oder mehr betr\u00e4gt, fallen in den Geltungsbereich der Richtlinie 2006\/87\/EG und ben\u00f6tigen ein Gemeinschaftszeugnis. Andere Sportfahrzeuge k\u00f6nnen mit einer Internationalen Zulassungsurkunde f\u00fcr Sportfahrzeuge (International Certificate for Pleasure Craft) gem\u00e4\u00df Resolution Nr. 13 der UNECE gef\u00fchrt werden.<\/td>\n<td width=\"113\"><\/td>\n<\/tr>\n<\/tbody>\n<\/table>\n<p>&nbsp;<\/p>\n<table>\n<tbody>\n<tr>\n<td colspan=\"3\" width=\"636\">2.2\u00a0\u00a0\u00a0\u00a0\u00a0\u00a0\u00a0\u00a0\u00a0\u00a0\u00a0\u00a0 Mit welchem Dokument darf ein im Ausland registriertes Binnensportfahrzeug auf der Donau verkehren?<\/td>\n<\/tr>\n<tr>\n<td width=\"59\"><\/td>\n<td width=\"437\">Sportfahrzeuge, deren L\u00e4nge 20 m oder mehr betr\u00e4gt oder deren Produkt aus L\u00e4nge, Breite und Tiefgang 100\u00a0m\u00b3 oder mehr betr\u00e4gt, fallen in den Geltungsbereich der Richtlinie 2006\/87\/EG und ben\u00f6tigen ein Gemeinschaftszeugnis, ein Rheinschiffsattest oder eine Zulassungsurkunde eines Mitgliedstaates der Donaukommission gem\u00e4\u00df den Empfehlungen der Donaukommission \u00fcber die technischen Vorschriften f\u00fcr Binnenschiffe. Andere Sportfahrzeuge k\u00f6nnen mit einer Internationalen Zulassungsurkunde f\u00fcr Sportfahrzeuge (<em>International Certificate for Pleasure Craft<\/em>) gem\u00e4\u00df Resolution Nr. 13 der UNECE, die von einer ausl\u00e4ndischen Beh\u00f6rde ausgestellt worden ist, gef\u00fchrt werden, wenn der Sitz oder Hauptwohnsitz des Verf\u00fcgungsberechtigten im Ausland liegt.<\/td>\n<td width=\"140\"><\/td>\n<\/tr>\n<\/tbody>\n<\/table>\n<p>&nbsp;<\/p>\n<table>\n<tbody>\n<tr>\n<td colspan=\"3\" width=\"618\">2.3\u00a0\u00a0\u00a0\u00a0\u00a0\u00a0\u00a0\u00a0\u00a0\u00a0\u00a0\u00a0 Wird ein Funkzeugnis gefordert?<\/td>\n<\/tr>\n<tr>\n<td width=\"60\"><\/td>\n<td width=\"445\">Sportfahrzeuge mit einer L\u00e4nge von weniger als 20 m m\u00fcssen gem\u00e4\u00df \u00a7\u00a04.05 Nr. 2 der DFND nicht mit einer Sprechfunkanlage ausger\u00fcstet sein. Wenn eine Sprechfunkanlage in Betrieb genommen wird.<\/td>\n<td width=\"113\"><\/td>\n<\/tr>\n<\/tbody>\n<\/table>\n<p>&nbsp;<\/p>\n<ol start=\"3\">\n<li><strong>Seesportfahrzeuge mit mehr als 20 m L\u00e4nge aber nicht l\u00e4nger als 24 m auf der Donau<\/strong><\/li>\n<\/ol>\n<table>\n<tbody>\n<tr>\n<td colspan=\"3\" width=\"618\">3.1\u00a0\u00a0\u00a0\u00a0\u00a0\u00a0 Mit welchem Zeugnis kann ein Seesportfahrzeug mit einer L\u00e4nge zwischen 20\u201124 m auf der Donau gef\u00fchrt werden?<\/td>\n<\/tr>\n<tr>\n<td width=\"60\"><\/td>\n<td width=\"445\">Sportfahrzeuge, deren L\u00e4nge 20 m oder mehr betr\u00e4gt oder deren Produkt aus L\u00e4nge, Breite und Tiefgang 100\u00a0m\u00b3 oder mehr betr\u00e4gt, fallen in den Geltungsbereich der Richtlinie 2006\/87\/EG und ben\u00f6tigen ein Gemeinschaftszeugnis. Gem\u00e4\u00df Artikel 2 (3) c) ii) dieser Richtlinie gen\u00fcgt jedoch f\u00fcr Sportfahrzeuge, die nur vor\u00fcbergehend auf Binnenwasserstra\u00dfen verkehren, ein Zeugnis des Flaggenstaates.<\/td>\n<td width=\"113\"><\/td>\n<\/tr>\n<\/tbody>\n<\/table>\n<p>&nbsp;<\/p>\n<table>\n<tbody>\n<tr>\n<td colspan=\"3\" width=\"618\">3.2\u00a0\u00a0\u00a0\u00a0\u00a0\u00a0 Mit welchem Dokument darf ein im Ausland registriertes Seesportfahrzeug mit einer L\u00e4nge zwischen 20-24 m auf der Donau verkehren?<\/td>\n<\/tr>\n<tr>\n<td width=\"60\"><\/td>\n<td width=\"445\">Sportfahrzeuge, deren L\u00e4nge 20 m oder mehr betr\u00e4gt oder deren Produkt aus L\u00e4nge, Breite und Tiefgang 100\u00a0m\u00b3 oder mehr betr\u00e4gt, fallen in den Geltungsbereich der Richtlinie 2006\/87\/EG und ben\u00f6tigen ein Gemeinschaftszeugnis, ein Rheinschiffsattest oder eine Zulassungsurkunde eines Mitgliedstaates der Donaukommission gem\u00e4\u00df den Empfehlungen der Donaukommission \u00fcber die technischen Vorschriften f\u00fcr Binnenschiffe. Gem\u00e4\u00df Artikel 2 (3) c) ii) dieser Richtlinie gen\u00fcgt jedoch f\u00fcr Sportfahrzeuge, die nur vor\u00fcbergehend auf Binnenwasserstra\u00dfen verkehren, ein Zeugnis des Flaggenstaates.<\/td>\n<td width=\"113\"><\/td>\n<\/tr>\n<\/tbody>\n<\/table>\n<p>&nbsp;<\/p>\n<p>&nbsp;<\/p>\n<ol start=\"4\">\n<li><strong>Wird ein Schiffszeugnis f\u00fcr die Inbetriebnahmen folgender Sportfahrzeuge ben\u00f6tigt? <\/strong><\/li>\n<\/ol>\n<table>\n<tbody>\n<tr>\n<td colspan=\"3\" width=\"618\">\u00b7\u00a0\u00a0\u00a0 Ruderfahrzeuge und andere muskelbetriebene Kleinfahrzeuge (z.B. Kanus, KaJaks, Tretboote)<\/td>\n<\/tr>\n<tr>\n<td width=\"60\"><\/td>\n<td width=\"445\">Nein (bis zu 20 m L\u00e4nge). Ab 20 m L\u00e4nge: Ja.<\/td>\n<td width=\"113\"><\/td>\n<\/tr>\n<\/tbody>\n<\/table>\n<p>&nbsp;<\/p>\n<table>\n<tbody>\n<tr>\n<td colspan=\"3\" width=\"618\">\u00b7\u00a0\u00a0\u00a0 Segelfahrzeuge<\/td>\n<\/tr>\n<tr>\n<td width=\"60\"><\/td>\n<td width=\"445\">Alle Segelfahrzeuge mit einer L\u00e4nge bis zu 10\u00a0m und Segelfahrzeuge ohne Aufbauten und Wohneinrichtungen mit einer L\u00e4nge bis zu 15 m: Nein. Gr\u00f6\u00dfere Segelfahrzeuge: Ja.<\/td>\n<td width=\"113\"><\/td>\n<\/tr>\n<\/tbody>\n<\/table>\n<p>&nbsp;<\/p>\n<table>\n<tbody>\n<tr>\n<td colspan=\"3\" width=\"618\">\u00b7\u00a0\u00a0\u00a0 Surfboards, Kite-Surfboards<\/td>\n<\/tr>\n<tr>\n<td width=\"60\"><\/td>\n<td width=\"445\">die Verwendung von Windsurfboards und Kite-Surfboards ist verboten. Ausnahmen nur im Rahmen von beh\u00f6rdlich bewilligten Sondertransporten oder Veranstaltungen.<\/td>\n<td width=\"113\"><\/td>\n<\/tr>\n<\/tbody>\n<\/table>\n<p>&nbsp;<\/p>\n<table>\n<tbody>\n<tr>\n<td colspan=\"3\" width=\"618\">\u00b7\u00a0\u00a0\u00a0 Elektrofahrzeuge<\/td>\n<\/tr>\n<tr>\n<td width=\"60\"><\/td>\n<td width=\"445\">Elektrofahrzeuge mit einem ausschlie\u00dflich durch Akkumulatoren gespeisten Antrieb mit einer Antriebsleistung von weniger als 4,4 kW: Nein. Andere Elektrofahrzeuge: Ja<\/td>\n<td width=\"113\"><\/td>\n<\/tr>\n<\/tbody>\n<\/table>\n<p>&nbsp;<\/p>\n<table>\n<tbody>\n<tr>\n<td colspan=\"3\" width=\"618\">\u00b7\u00a0\u00a0\u00a0 Motorfahrzeuge mit Verbrennungskraftantrieb<\/td>\n<\/tr>\n<tr>\n<td width=\"60\"><\/td>\n<td width=\"445\">Ja<\/td>\n<td width=\"113\"><\/td>\n<\/tr>\n<\/tbody>\n<\/table>\n<p>&nbsp;<\/p>\n<table>\n<tbody>\n<tr>\n<td colspan=\"3\" width=\"618\">\u00b7\u00a0\u00a0\u00a0 Wassermotorr\u00e4der<\/td>\n<\/tr>\n<tr>\n<td width=\"60\"><\/td>\n<td width=\"445\">die Verwendung von Wassermotorr\u00e4dern ist verboten. Ausnahmen nur im Rahmen von beh\u00f6rdlich bewilligten Sondertransporten oder Veranstaltungen.<\/td>\n<td width=\"113\"><\/td>\n<\/tr>\n<\/tbody>\n<\/table>\n<p>&nbsp;<\/p>\n<table>\n<tbody>\n<tr>\n<td colspan=\"3\" width=\"618\">\u00b7\u00a0\u00a0\u00a0 Seesportfahrzeuge mit mehr als 20 m L\u00e4nge aber nicht l\u00e4nger als 24 m<\/td>\n<\/tr>\n<tr>\n<td width=\"60\"><\/td>\n<td width=\"445\">Ja<\/td>\n<td width=\"113\"><\/td>\n<\/tr>\n<\/tbody>\n<\/table>\n<p>&nbsp;<\/p>\n<ol start=\"5\">\n<li><strong>Sind Wiederholungsuntersuchungen f\u00fcr folgende Sportfahrzeuge erforderlich?<\/strong><\/li>\n<\/ol>\n<table>\n<tbody>\n<tr>\n<td colspan=\"3\" width=\"618\">\u00b7\u00a0\u00a0\u00a0 Ruderfahrzeuge und andere muskelbetriebene Kleinfahrzeuge (z.B. Kanus, KaJaks, Tretboote)<\/td>\n<\/tr>\n<tr>\n<td width=\"60\"><\/td>\n<td width=\"445\">Nein (bis zu 20 m L\u00e4nge). Ab 20 m L\u00e4nge: Ja.<\/td>\n<td width=\"113\"><\/td>\n<\/tr>\n<\/tbody>\n<\/table>\n<p>&nbsp;<\/p>\n<table>\n<tbody>\n<tr>\n<td colspan=\"3\" width=\"618\">\u00b7\u00a0\u00a0\u00a0 Segelfahrzeuge<\/td>\n<\/tr>\n<tr>\n<td width=\"60\"><\/td>\n<td width=\"445\">Alle Segelfahrzeuge mit einer L\u00e4nge bis zu 10\u00a0m und Segelfahrzeuge ohne Aufbauten und Wohneinrichtungen mit einer L\u00e4nge bis zu 15 m: Nein. Gr\u00f6\u00dfere Segelfahrzeuge: Ja.<\/td>\n<td width=\"113\"><\/td>\n<\/tr>\n<\/tbody>\n<\/table>\n<p>&nbsp;<\/p>\n<table>\n<tbody>\n<tr>\n<td colspan=\"3\" width=\"618\">\u00b7\u00a0\u00a0\u00a0 Surfboards, Kite-Surfboards<\/td>\n<\/tr>\n<tr>\n<td width=\"60\"><\/td>\n<td width=\"445\">die Verwendung von Windsurfboards und Kite-Surfboards ist verboten. Ausnahmen nur im Rahmen von beh\u00f6rdlich bewilligten Sondertransporten oder Veranstaltungen.<\/td>\n<td width=\"113\"><\/td>\n<\/tr>\n<\/tbody>\n<\/table>\n<p>&nbsp;<\/p>\n<table>\n<tbody>\n<tr>\n<td colspan=\"3\" width=\"618\">\u00b7\u00a0\u00a0\u00a0 Elektrofahrzeuge<\/td>\n<\/tr>\n<tr>\n<td width=\"60\"><\/td>\n<td width=\"445\">Elektrofahrzeuge mit einem ausschlie\u00dflich durch Akkumulatoren gespeisten Antrieb mit einer Antriebsleistung von weniger als 4,4 kW: Nein. Andere Elektrofahrzeuge: Ja<\/td>\n<td width=\"113\"><\/td>\n<\/tr>\n<\/tbody>\n<\/table>\n<p>&nbsp;<\/p>\n<table>\n<tbody>\n<tr>\n<td colspan=\"3\" width=\"618\">\u00b7\u00a0\u00a0\u00a0 Motorfahrzeuge mit Verbrennungskraftantrieb<\/td>\n<\/tr>\n<tr>\n<td width=\"60\"><\/td>\n<td width=\"445\">Ja<\/td>\n<td width=\"113\"><\/td>\n<\/tr>\n<\/tbody>\n<\/table>\n<p>&nbsp;<\/p>\n<table>\n<tbody>\n<tr>\n<td colspan=\"3\" width=\"618\">\u00b7\u00a0\u00a0\u00a0 Wassermotorr\u00e4der<\/td>\n<\/tr>\n<tr>\n<td width=\"60\"><\/td>\n<td width=\"445\">die Verwendung von Wassermotorr\u00e4dern ist verboten. Ausnahmen nur im Rahmen von beh\u00f6rdlich bewilligten Sondertransporten oder Veranstaltungen.<\/td>\n<td width=\"113\"><\/td>\n<\/tr>\n<\/tbody>\n<\/table>\n<p>&nbsp;<\/p>\n<table>\n<tbody>\n<tr>\n<td colspan=\"3\" width=\"618\">\u00b7\u00a0\u00a0\u00a0 Seesportfahrzeuge mit mehr als 20 m L\u00e4nge aber nicht l\u00e4nger als 24 m<\/td>\n<\/tr>\n<tr>\n<td width=\"60\"><\/td>\n<td width=\"445\">Ja<\/td>\n<td width=\"113\"><\/td>\n<\/tr>\n<\/tbody>\n<\/table>\n<p>&nbsp;<\/p>\n<ol start=\"6\">\n<li><strong>Ist f\u00fcr folgende Fahrzeuge ein Schiffsf\u00fchrerzeugnis erforderlich?<\/strong><\/li>\n<\/ol>\n<table>\n<tbody>\n<tr>\n<td colspan=\"3\" width=\"618\">\u00b7\u00a0\u00a0\u00a0 Ruderfahrzeuge und andere muskelbetriebene Kleinfahrzeuge (z.B. Kanus, KaJaks, Tretboote)<\/td>\n<\/tr>\n<tr>\n<td width=\"60\"><\/td>\n<td width=\"445\">Wenn kein Motor eingebaut ist: Nein. Mindestalter 16 Jahre.<\/td>\n<td width=\"113\"><\/td>\n<\/tr>\n<\/tbody>\n<\/table>\n<p>&nbsp;<\/p>\n<table>\n<tbody>\n<tr>\n<td colspan=\"3\" width=\"618\">\u00b7\u00a0\u00a0\u00a0 Segelfahrzeuge<\/td>\n<\/tr>\n<tr>\n<td width=\"60\"><\/td>\n<td width=\"445\">Wenn kein Motor eingebaut ist: Nein. Mindestalter 16 Jahre.<\/td>\n<td width=\"113\"><\/td>\n<\/tr>\n<\/tbody>\n<\/table>\n<p>&nbsp;<\/p>\n<table>\n<tbody>\n<tr>\n<td colspan=\"3\" width=\"618\">\u00b7\u00a0\u00a0\u00a0 Surfboards, Kite-Surfboards<\/td>\n<\/tr>\n<tr>\n<td width=\"60\"><\/td>\n<td width=\"445\">die Verwendung von Windsurfboards und Kite-Surfboards ist verboten. Ausnahmen nur im Rahmen von beh\u00f6rdlich bewilligten Sondertransporten oder Veranstaltungen.<\/td>\n<td width=\"113\"><\/td>\n<\/tr>\n<\/tbody>\n<\/table>\n<p>&nbsp;<\/p>\n<table>\n<tbody>\n<tr>\n<td colspan=\"3\" width=\"634\">\u00b7\u00a0\u00a0\u00a0 Elektrofahrzeuge<\/td>\n<\/tr>\n<tr>\n<td width=\"60\"><\/td>\n<td width=\"445\">mit einer Antriebsleistung von weniger als 4,4 kW: Nein. Mindestalter 16 Jahre. Andere Elektrofahrzeuge: Ja.<\/td>\n<td width=\"129\"><\/td>\n<\/tr>\n<\/tbody>\n<\/table>\n<p>&nbsp;<\/p>\n<table>\n<tbody>\n<tr>\n<td colspan=\"3\" width=\"618\">\u00b7\u00a0\u00a0\u00a0 Motorfahrzeuge mit Verbrennungskraftantrieb<\/td>\n<\/tr>\n<tr>\n<td width=\"60\"><\/td>\n<td width=\"445\">mit einer Antriebsleistung von weniger als 4,4 kW: Nein. Mindestalter 16 Jahre. Andere Motorfahrzeuge: Ja.<\/td>\n<td width=\"113\"><\/td>\n<\/tr>\n<\/tbody>\n<\/table>\n<p>&nbsp;<\/p>\n<table>\n<tbody>\n<tr>\n<td colspan=\"3\" width=\"618\">\u00b7\u00a0\u00a0\u00a0 Wassermotorr\u00e4der<\/td>\n<\/tr>\n<tr>\n<td width=\"60\"><\/td>\n<td width=\"445\">die Verwendung von Wassermotorr\u00e4dern ist verboten. Ausnahmen nur im Rahmen von beh\u00f6rdlich bewilligten Sondertransporten oder Veranstaltungen.<\/td>\n<td width=\"113\"><\/td>\n<\/tr>\n<\/tbody>\n<\/table>\n<p>&nbsp;<\/p>\n<table>\n<tbody>\n<tr>\n<td colspan=\"3\" width=\"618\">\u00b7\u00a0\u00a0\u00a0 Seesportfahrzeuge mit mehr als 20 m L\u00e4nge aber nicht l\u00e4nger als 24 m<\/td>\n<\/tr>\n<tr>\n<td width=\"60\"><\/td>\n<td width=\"445\">gleiche Regelung, wie f\u00fcr Binnensportfahrzeuge, das hei\u00dft Ruder- und Segelfahrzeuge ohne Motor: Nein, Mindestalter 16 Jahre; andere Seesportfahrzeuge: Ja, Kapit\u00e4nspatent \u2013 Schifferpatent f\u00fcr die Binnenschifffahrt B<\/td>\n<td width=\"113\"><\/td>\n<\/tr>\n<\/tbody>\n<\/table>\n<p>&nbsp;<\/p>\n<ol start=\"7\">\n<li><strong>Gibt es eine Einschr\u00e4nkung f\u00fcr den Gebrauch? (Ort, Zeit etc.)<\/strong><\/li>\n<\/ol>\n<table>\n<tbody>\n<tr>\n<td colspan=\"3\" width=\"618\">\u00b7\u00a0\u00a0\u00a0 Ruderfahrzeuge und andere muskelbetriebene Kleinfahrzeuge (z.B. Kanus, KaJaks, Tretboote)<\/td>\n<\/tr>\n<tr>\n<td width=\"60\"><\/td>\n<td width=\"445\">In \u00d6sterreich haben Sportfahrzeuge mit einer L\u00e4nge von weniger als 20 m bei beschr\u00e4nkten Sichtverh\u00e4ltnissen das Fahrwasser unverz\u00fcglich freizumachen.<\/p>\n<p>Generelles Fahrverbot f\u00fcr Sportfahrzeuge bei Wasserst\u00e4nden \u00fcber HSW. Einschr\u00e4nkungen in Nebengew\u00e4ssern sind durch Schifffahrtszeichen kundgemacht.<\/td>\n<td width=\"113\"><\/td>\n<\/tr>\n<\/tbody>\n<\/table>\n<p>&nbsp;<\/p>\n<table>\n<tbody>\n<tr>\n<td colspan=\"3\" width=\"618\">\u00b7\u00a0\u00a0\u00a0 Segelfahrzeuge<\/td>\n<\/tr>\n<tr>\n<td width=\"60\"><\/td>\n<td width=\"445\">In \u00d6sterreich haben Sportfahrzeuge mit einer L\u00e4nge von weniger als 20 m bei beschr\u00e4nkten Sichtverh\u00e4ltnissen das Fahrwasser unverz\u00fcglich freizumachen.<\/p>\n<p>Generelles Fahrverbot f\u00fcr Sportfahrzeuge bei Wasserst\u00e4nden \u00fcber HSW. Segelfahrzeuge m\u00fcssen mit einer geeigneten Einrichtung zum Rudern (z. B. durch Anbringung von Rudergabeln), bei einer Wasserverdr\u00e4ngung im Leerzustand von mehr als 250 kg mit einem f\u00fcr das sichere Man\u00f6vrieren ausreichenden Maschinenantrieb ausgestattet sein. Wenn dieser Maschinenantrieb eine Leistung von nicht mehr als 4,4 kW hat, ist das Befahren von Schleusenbereichen verboten.<\/td>\n<td width=\"113\"><\/td>\n<\/tr>\n<\/tbody>\n<\/table>\n<p>&nbsp;<\/p>\n<table>\n<tbody>\n<tr>\n<td colspan=\"3\" width=\"618\">\u00b7\u00a0\u00a0\u00a0 Surfboards, Kite-Surfboards<\/td>\n<\/tr>\n<tr>\n<td width=\"60\"><\/td>\n<td width=\"445\">die Verwendung von Windsurfboards und Kite-Surfboards ist verboten. Ausnahmen nur im Rahmen von beh\u00f6rdlich bewilligten Sondertransporten oder Veranstaltungen.<\/td>\n<td width=\"113\"><\/td>\n<\/tr>\n<\/tbody>\n<\/table>\n<p>&nbsp;<\/p>\n<table>\n<tbody>\n<tr>\n<td colspan=\"3\" width=\"618\">\u00b7\u00a0\u00a0\u00a0 Elektrofahrzeuge<\/td>\n<\/tr>\n<tr>\n<td width=\"60\"><\/td>\n<td width=\"445\">Nein, abgesehen von der Verpflichtung f\u00fcr Sportfahrzeuge mit einer L\u00e4nge von weniger als 20 m bei beschr\u00e4nkten Sichtverh\u00e4ltnissen das Fahrwasser unverz\u00fcglich freizumachen und dem generellen Fahrverbot f\u00fcr Sportfahrzeuge bei Wasserst\u00e4nden \u00fcber HSW.<\/td>\n<td width=\"113\"><\/td>\n<\/tr>\n<\/tbody>\n<\/table>\n<p>&nbsp;<\/p>\n<table>\n<tbody>\n<tr>\n<td colspan=\"3\" width=\"618\">\u00b7\u00a0\u00a0\u00a0 Motorfahrzeuge mit Verbrennungskraftantrieb<\/td>\n<\/tr>\n<tr>\n<td width=\"60\"><\/td>\n<td width=\"445\">In \u00d6sterreich haben Sportfahrzeuge mit einer L\u00e4nge von weniger als 20 m bei beschr\u00e4nkten Sichtverh\u00e4ltnissen das Fahrwasser unverz\u00fcglich freizumachen.<\/p>\n<p>Generelles Fahrverbot f\u00fcr Sportfahrzeuge bei Wasserst\u00e4nden \u00fcber HSW.<\/p>\n<p>Der Betrieb von Sportfahrzeugen, deren Betriebsger\u00e4usch nach EN ISO 14 509-1:2009 \u201eKleine Wasserfahrzeuge &#8211; Von motorgetriebenen Sportbooten abgestrahlter Luftschall &#8211; Teil 1: Vorbeifahrtmessungen\u201c einen A-bewerteten Schalldruckpegel von 75 dB \u00fcberschreitet, ist verboten.<\/p>\n<p>Fahrverbot im Wiener Donaukanal (Ausnahme: Bergfahrt von April bis September in der Zeit von 9:00 bis 22:00 Uhr).<\/p>\n<p>Einschr\u00e4nkungen in Nebengew\u00e4ssern sind durch Schifffahrtszeichen kundgemacht.<\/td>\n<td width=\"113\"><\/td>\n<\/tr>\n<\/tbody>\n<\/table>\n<p>&nbsp;<\/p>\n<table>\n<tbody>\n<tr>\n<td colspan=\"3\" width=\"618\">\u00b7\u00a0\u00a0\u00a0 Wassermotorr\u00e4der<\/td>\n<\/tr>\n<tr>\n<td width=\"60\"><\/td>\n<td width=\"445\">die Verwendung von Wassermotorr\u00e4dern ist verboten. Ausnahmen nur im Rahmen von beh\u00f6rdlich bewilligten Sondertransporten oder Veranstaltungen.<\/td>\n<td width=\"113\"><\/td>\n<\/tr>\n<\/tbody>\n<\/table>\n<p>&nbsp;<\/p>\n<table>\n<tbody>\n<tr>\n<td colspan=\"3\" width=\"618\">\u00b7\u00a0\u00a0\u00a0 Seesportfahrzeuge mit mehr als 20 m L\u00e4nge aber nicht l\u00e4nger als 24 m<\/td>\n<\/tr>\n<tr>\n<td width=\"60\"><\/td>\n<td width=\"445\">generelles Fahrverbot f\u00fcr Sportfahrzeuge bei Wasserst\u00e4nden \u00fcber HSW. Fahrverbot im Wiener Donaukanal (Ausnahme: Bergfahrt von April bis September in der Zeit von 9:00 bis 22:00 Uhr). Einschr\u00e4nkungen in Nebengew\u00e4ssern sind durch Schifffahrtszeichen kundgemacht.<\/td>\n<td width=\"113\"><\/td>\n<\/tr>\n<\/tbody>\n<\/table>\n<p>&nbsp;<\/p>\n<ol start=\"8\">\n<li><strong>Welche internationalen Regelungen werden akzeptiert (UN, EU, DK\u2026etc.)?<\/strong><\/li>\n<\/ol>\n<table>\n<tbody>\n<tr>\n<td width=\"60\"><\/td>\n<td width=\"445\">In \u00d6sterreich gilt \u00f6sterreichisches Recht. Als Mitgliedstaat der EU ist \u00d6sterreich an die Regelungen der EU, z.B. der Richtlinie 2006\/87\/EG und der RL 2013\/53\/EU gebunden. Die \u00f6sterreichischen Verkehrsvorschriften beruhen auf der DFND. Die \u00f6sterreichischen Schiffszeugnisse und Bef\u00e4higungsausweise f\u00fcr Sportboote beruhen auf den Empfehlungen der UNECE und internationale Zertifikate nach diesen Empfehlungen werden in \u00d6sterreich anerkannt (wenn der Verf\u00fcgungsberechtigte einen Hauptwohnsitz oder Sitz im Ausland hat bzw. wenn der Inhaber des Bef\u00e4higungsausweises Ausl\u00e4nder ist).<\/td>\n<td width=\"113\"><\/td>\n<\/tr>\n<\/tbody>\n<\/table>\n<p>&nbsp;<\/p>\n<ol start=\"9\">\n<li><strong>Gibt es f\u00fcr Sportfahrzeuge eine Flaggenf\u00fchrungspflicht?<\/strong><\/li>\n<\/ol>\n<table>\n<tbody>\n<tr>\n<td width=\"60\"><\/td>\n<td width=\"445\">Nein, da es in der Binnenschifffahrt kein Flaggenrecht gibt.<\/td>\n<td width=\"113\"><\/td>\n<\/tr>\n<\/tbody>\n<\/table>\n<p>&nbsp;<\/p>\n<ol start=\"10\">\n<li><strong>M\u00fcssen Sportfahrzeuge eine bestimmte Kennzeichnung haben?<\/strong><\/li>\n<\/ol>\n<table>\n<tbody>\n<tr>\n<td width=\"60\"><\/td>\n<td width=\"445\">Ja, gem\u00e4\u00df \u00a7 2.01 oder \u00a7 2.02 der DFND<\/td>\n<td width=\"113\"><\/td>\n<\/tr>\n<\/tbody>\n<\/table>\n<p>&nbsp;<\/p>\n<ol start=\"11\">\n<li><strong>Besteht f\u00fcr Sportfahrzeuge eine Versicherungspflicht?<\/strong><\/li>\n<\/ol>\n<table width=\"0\">\n<tbody>\n<tr>\n<td width=\"60\"><\/td>\n<td width=\"445\">Nein<\/td>\n<td width=\"123\"><\/td>\n<\/tr>\n<\/tbody>\n<\/table>\n<p>&nbsp;<\/p>\n<ol start=\"12\">\n<li><strong>\u00dcber welche Bootsausr\u00fcstung m\u00fcssen Sportfahrzeuge verf\u00fcgen?<\/strong><\/li>\n<\/ol>\n<table width=\"0\">\n<tbody>\n<tr>\n<td width=\"60\"><\/td>\n<td width=\"445\">An Bord von Sportfahrzeugen, die Motorfahrzeuge sind, muss sich, sofern in der Zulassungsurkunde nichts anderes angegeben ist, folgende Mindestausr\u00fcstung befinden:<\/p>\n<p>&nbsp;<\/p>\n<p>1.\u00a0 Anker- und Verheftausr\u00fcstung:<\/p>\n<p>a)\u00a0 ein oder zwei Anker mit einer Gesamtmasse MA [kg] von mindestens 1,5 mal der L\u00e4nge \u00fcber alles; auf Fahrzeugen, die mit zwei Ankern ausger\u00fcstet sind, darf die Masse jedes Ankers nicht weniger als 45 vH der Gesamtankermasse betragen;<\/p>\n<p>b)\u00a0 entweder eine oder zwei Ankerketten mit einer L\u00e4nge [m] von mindestens 0,5 mal der L\u00e4nge \u00fcber alles und einer Bruchlast [kN] von mindestens 0,5 mal der L\u00e4nge \u00fcber alles und eine oder zwei Ankerleinen mit einer L\u00e4nge [m] von mindestens 4 mal der L\u00e4nge \u00fcber alles und einer Bruchlast [kN] von mindestens 0,5 mal der L\u00e4nge \u00fcber alles<\/p>\n<p>oder<\/p>\n<p>eine oder zwei Ankerleinen mit einer L\u00e4nge [m] von mindestens 5 mal der L\u00e4nge \u00fcber alles und einer Bruchlast [kN] von mindestens 0,5 mal der L\u00e4nge \u00fcber alles;<\/p>\n<p>c)\u00a0 zwei Festmacherleinen mit einer L\u00e4nge [m] von mindestens 1,5 mal der L\u00e4nge \u00fcber alles und einer Bruchlast [kN] von mindestens 0,5 mal der L\u00e4nge \u00fcber alles;<\/p>\n<p>d) ein Bootshaken;<\/p>\n<p>&nbsp;<\/p>\n<p>2.\u00a0 Feuerl\u00f6schausr\u00fcstung:<\/p>\n<p>a) bei Fahrzeugen mit einer L\u00e4nge \u00fcber alles von bis zu 10 m und mit Verbrennungsmotoren \u00fcber 11 kW: ein, bei Innenbordmotoren zwei, von Deck leicht zug\u00e4ngliche(r) tragbare(r) Feuerl\u00f6scher f\u00fcr die Brandklassen A, B und C mit einer F\u00fcllmasse von mindestens zwei kg;<\/p>\n<p>b) bei Fahrzeugen mit einer L\u00e4nge \u00fcber alles von mehr als 10 m: ein, bei Innenbordmotoren zwei, von Deck leicht zug\u00e4ngliche(r) tragbare(r) Feuerl\u00f6scher f\u00fcr die Brandklassen A, B und C mit einer F\u00fcllmasse von mindestens sechs kg; bei Innenbordmotoren darf ein Feuerl\u00f6scher durch eine fest eingebaute L\u00f6schanlage im Motorraum ersetzt werden;<\/p>\n<p>&nbsp;<\/p>\n<p>3. Rettungsmittel und Erste-Hilfe-Ausr\u00fcstung:<\/p>\n<p>a) ein Rettungsring oder ein gleichwertiges Einzelrettungsmittel; Kissen, B\u00e4lle, Fender oder \u00e4hnliches gelten nicht als gleichwertig;<\/p>\n<p>b) eine Rettungsweste f\u00fcr jede Person an Bord;<\/p>\n<p>c) eine Erste-Hilfe-Ausr\u00fcstung;<\/p>\n<p>d) eine Einstiegshilfe.<\/p>\n<p>&nbsp;<\/p>\n<p>Erg\u00e4nzende Hinweise:<\/p>\n<p>Nationale Verkehrsvorschriften f\u00fcr Sportfahrzeuge sind in den von der Donaukommission ver\u00f6ffentlichten \u201eLokalen Schifffahrtsregeln auf der Donau (Sonderbestimmungen)\u201c enthalten.<\/td>\n<td width=\"123\"><\/td>\n<\/tr>\n<\/tbody>\n<\/table>\n<p>&nbsp;<\/p>\n","protected":false},"excerpt":{"rendered":"<p>L\u00e4nge von Sportfahrzeugen 1.1\u00a0\u00a0\u00a0\u00a0\u00a0\u00a0\u00a0\u00a0\u00a0\u00a0\u00a0\u00a0 Wie ist die L\u00e4nge von Sportfahrzeugen in Ihrem Verantwortungsbereich definiert und beschreiben Sie das Messverfahren? L\u00e4nge<\/p>\n","protected":false},"author":1,"featured_media":0,"parent":4294,"menu_order":0,"comment_status":"closed","ping_status":"closed","template":"","meta":{"_seopress_robots_primary_cat":"","_seopress_titles_title":"","_seopress_titles_desc":"","_seopress_robots_index":"","colormag_page_container_layout":"default_layout","colormag_page_sidebar_layout":"default_layout","footnotes":""},"class_list":["post-4304","page","type-page","status-publish","hentry"],"_links":{"self":[{"href":"https:\/\/www.danubecommission.org\/dc\/wp-json\/wp\/v2\/pages\/4304","targetHints":{"allow":["GET"]}}],"collection":[{"href":"https:\/\/www.danubecommission.org\/dc\/wp-json\/wp\/v2\/pages"}],"about":[{"href":"https:\/\/www.danubecommission.org\/dc\/wp-json\/wp\/v2\/types\/page"}],"author":[{"embeddable":true,"href":"https:\/\/www.danubecommission.org\/dc\/wp-json\/wp\/v2\/users\/1"}],"replies":[{"embeddable":true,"href":"https:\/\/www.danubecommission.org\/dc\/wp-json\/wp\/v2\/comments?post=4304"}],"version-history":[{"count":0,"href":"https:\/\/www.danubecommission.org\/dc\/wp-json\/wp\/v2\/pages\/4304\/revisions"}],"up":[{"embeddable":true,"href":"https:\/\/www.danubecommission.org\/dc\/wp-json\/wp\/v2\/pages\/4294"}],"wp:attachment":[{"href":"https:\/\/www.danubecommission.org\/dc\/wp-json\/wp\/v2\/media?parent=4304"}],"curies":[{"name":"wp","href":"https:\/\/api.w.org\/{rel}","templated":true}]}}