{"id":4326,"date":"2018-10-04T14:29:05","date_gmt":"2018-10-04T13:29:05","guid":{"rendered":"http:\/\/www.danubecommission.org\/dc\/?page_id=4326"},"modified":"2018-10-04T14:30:46","modified_gmt":"2018-10-04T13:30:46","slug":"bundesrepublik-deutschland","status":"publish","type":"page","link":"https:\/\/www.danubecommission.org\/dc\/de\/die-donauschifffahrt\/ubersicht-zu-den-voraussetzungen-fur-die-fahrt-von-fahrzeugen-mit-einer-lange-von-weniger-als-20-m-auf-nationalen-donaustreckenabschnitten-in-bezug-auf-ihre-zulassung-und-die-schiffsfuhrerzeugnisse\/bundesrepublik-deutschland\/","title":{"rendered":"Bundesrepublik Deutschland"},"content":{"rendered":"<ol>\n<li><strong>L\u00e4nge von Sportfahrzeugen<\/strong><\/li>\n<\/ol>\n<table width=\"0\">\n<tbody>\n<tr>\n<td colspan=\"3\" width=\"618\">1.1\u00a0\u00a0\u00a0\u00a0\u00a0\u00a0\u00a0\u00a0\u00a0\u00a0\u00a0\u00a0 Wie ist die L\u00e4nge von Sportfahrzeugen in Ihrem Verantwortungsbereich definiert und beschreiben Sie das Messverfahren?<\/td>\n<\/tr>\n<tr>\n<td width=\"60\"><\/td>\n<td width=\"445\">20 Meter ohne Ruder und Bugspriet.<\/td>\n<td width=\"113\"><\/td>\n<\/tr>\n<\/tbody>\n<\/table>\n<p>&nbsp;<\/p>\n<table>\n<tbody>\n<tr>\n<td colspan=\"3\" width=\"618\">1.2\u00a0\u00a0\u00a0\u00a0\u00a0\u00a0\u00a0\u00a0\u00a0\u00a0\u00a0\u00a0 Wie lauten die Definitionen f\u00fcr Sportfahrzeuge auf Binnenschifffahrtsstra\u00dfen und auf Seeschifffahrtsstra\u00dfen in Ihrem Verantwortungsbereich?<\/td>\n<\/tr>\n<tr>\n<td width=\"60\"><\/td>\n<td width=\"445\">\u201eSportfahrzeug\u201d: nicht gewerbsm\u00e4\u00dfig, f\u00fcr Sport- und Erholungszwecke verwendete Fahrzeuge, einschlie\u00dflich Wassermotorr\u00e4der. Ausgenommen sind Fahrzeuge, die durch Muskelkraft oder nur mit einem Segel von h\u00f6chstens 6 Quadratmeter Fl\u00e4che fortbewegt werden.<\/td>\n<td width=\"113\"><\/td>\n<\/tr>\n<\/tbody>\n<\/table>\n<p>&nbsp;<\/p>\n<ol start=\"2\">\n<li><strong>Binnensportfahrzeuge mit weniger als 20 m L\u00e4nge und mit einer L\u00e4nge von 20 m oder mehr auf der Donau<\/strong><\/li>\n<\/ol>\n<table>\n<tbody>\n<tr>\n<td colspan=\"3\" width=\"618\">2.1\u00a0\u00a0\u00a0\u00a0\u00a0\u00a0\u00a0\u00a0\u00a0\u00a0\u00a0\u00a0 Mit welchem Schiffszeugnis kann ein Binnensportfahrzeug auf der Donau gef\u00fchrt werden?<\/td>\n<\/tr>\n<tr>\n<td width=\"60\"><\/td>\n<td width=\"445\">Bei Sportbooten von mehr als 20 Meter L\u00e4nge wie AT. Sportboote mit einer L\u00e4nge von unter 20 Metern sind nicht untersuchungspflichtig nach der RL 2006\/87\/EG.<\/td>\n<td width=\"113\"><\/td>\n<\/tr>\n<\/tbody>\n<\/table>\n<p>&nbsp;<\/p>\n<table>\n<tbody>\n<tr>\n<td colspan=\"3\" width=\"636\">2.2\u00a0\u00a0\u00a0\u00a0\u00a0\u00a0\u00a0\u00a0\u00a0\u00a0\u00a0\u00a0 Mit welchem Dokument darf ein im Ausland registriertes Binnensportfahrzeug auf der Donau verkehren?<\/td>\n<\/tr>\n<tr>\n<td width=\"59\"><\/td>\n<td width=\"437\">Bei Sportbooten von mehr als 20 Meter L\u00e4nge wie AT. Sportboote mit einer L\u00e4nge von unter 20 Metern sind nicht untersuchungspflichtig nach der RL 2006\/87\/EG.<\/td>\n<td width=\"140\"><\/td>\n<\/tr>\n<\/tbody>\n<\/table>\n<p>&nbsp;<\/p>\n<table>\n<tbody>\n<tr>\n<td colspan=\"3\" width=\"618\">2.3\u00a0\u00a0\u00a0\u00a0\u00a0\u00a0\u00a0\u00a0\u00a0\u00a0\u00a0\u00a0 Wird ein Funkzeugnis gefordert?<\/td>\n<\/tr>\n<tr>\n<td width=\"60\"><\/td>\n<td width=\"445\">Sportfahrzeuge mit einer L\u00e4nge von weniger als 20 Metern m\u00fcssen nicht mit einer Sprechfunkanlage ausger\u00fcstet sein.<\/td>\n<td width=\"113\"><\/td>\n<\/tr>\n<\/tbody>\n<\/table>\n<p>&nbsp;<\/p>\n<ol start=\"3\">\n<li><strong>Seesportfahrzeuge mit mehr als 20 m L\u00e4nge aber nicht l\u00e4nger als 24 m auf der Donau<\/strong><\/li>\n<\/ol>\n<table>\n<tbody>\n<tr>\n<td colspan=\"3\" width=\"618\">3.1\u00a0\u00a0\u00a0\u00a0\u00a0\u00a0 Mit welchem Zeugnis kann ein Seesportfahrzeug mit einer L\u00e4nge zwischen 20\u201124 m auf der Donau gef\u00fchrt werden?<\/td>\n<\/tr>\n<tr>\n<td width=\"60\"><\/td>\n<td width=\"445\">Sportschifferzeugnis nach BinSchPatentV oder Sportschifferpatent nach RheinSchPersV<\/td>\n<td width=\"113\"><\/td>\n<\/tr>\n<\/tbody>\n<\/table>\n<p>&nbsp;<\/p>\n<table>\n<tbody>\n<tr>\n<td colspan=\"3\" width=\"618\">3.2\u00a0\u00a0\u00a0\u00a0\u00a0\u00a0 Mit welchem Dokument darf ein im Ausland registriertes Seesportfahrzeug mit einer L\u00e4nge zwischen 20-24 m auf der Donau verkehren?<\/td>\n<\/tr>\n<tr>\n<td width=\"60\"><\/td>\n<td width=\"445\">Mit einer g\u00fcltigen Fahrerlaubnis und einem entsprechenden Schiffsattest gem\u00e4\u00df Richtlinie 2006\/87\/EG.<\/td>\n<td width=\"113\"><\/td>\n<\/tr>\n<\/tbody>\n<\/table>\n<p>&nbsp;<\/p>\n<ol start=\"4\">\n<li><strong>Wird ein Schiffszeugnis f\u00fcr die Inbetriebnahmen folgender Sportfahrzeuge ben\u00f6tigt? <\/strong><\/li>\n<\/ol>\n<table>\n<tbody>\n<tr>\n<td colspan=\"3\" width=\"618\">\u00b7\u00a0\u00a0\u00a0 Ruderfahrzeuge und andere muskelbetriebene Kleinfahrzeuge (z.B. Kanus, KaJaks, Tretboote)<\/td>\n<\/tr>\n<tr>\n<td width=\"60\"><\/td>\n<td width=\"445\">Nein (Ma\u00dfgabe der Richtlinie 2013\/53\/EU)<\/td>\n<td width=\"113\"><\/td>\n<\/tr>\n<\/tbody>\n<\/table>\n<p>&nbsp;<\/p>\n<table>\n<tbody>\n<tr>\n<td colspan=\"3\" width=\"618\">\u00b7\u00a0\u00a0\u00a0 Segelfahrzeuge<\/td>\n<\/tr>\n<tr>\n<td width=\"60\"><\/td>\n<td width=\"445\">Bis 20 m L\u00e4nge nach Ma\u00dfgabe der RiLi 2013\/53\/EU eine CE-Kennzeichnung.<\/p>\n<p>Ab 20 m L\u00e4nge nach Ma\u00dfgabe der RiLi 2006\/87\/EG ein Schiffszeugnis.<\/td>\n<td width=\"113\"><\/td>\n<\/tr>\n<\/tbody>\n<\/table>\n<p>&nbsp;<\/p>\n<table>\n<tbody>\n<tr>\n<td colspan=\"3\" width=\"618\">\u00b7\u00a0\u00a0\u00a0 Surfboards, Kite-Surfboards<\/td>\n<\/tr>\n<tr>\n<td width=\"60\"><\/td>\n<td width=\"445\">Nein<\/td>\n<td width=\"113\"><\/td>\n<\/tr>\n<\/tbody>\n<\/table>\n<p>&nbsp;<\/p>\n<table>\n<tbody>\n<tr>\n<td colspan=\"3\" width=\"618\">\u00b7\u00a0\u00a0\u00a0 Elektrofahrzeuge<\/td>\n<\/tr>\n<tr>\n<td width=\"60\"><\/td>\n<td width=\"445\">Bis 20 m L\u00e4nge nach Ma\u00dfgabe der RiLi 2013\/53\/EU eine CE-Kennzeichnung.<\/p>\n<p>Ab 20 m L\u00e4nge nach Ma\u00dfgabe der RiLi 2006\/87\/EG ein Schiffszeugnis.<\/td>\n<td width=\"113\"><\/td>\n<\/tr>\n<\/tbody>\n<\/table>\n<p>&nbsp;<\/p>\n<table>\n<tbody>\n<tr>\n<td colspan=\"3\" width=\"618\">\u00b7\u00a0\u00a0\u00a0 Motorfahrzeuge mit Verbrennungskraftantrieb<\/td>\n<\/tr>\n<tr>\n<td width=\"60\"><\/td>\n<td width=\"445\">Bis 20 m L\u00e4nge nach Ma\u00dfgabe der RiLi 2013\/53\/EU eine CE-Kennzeichnung.<\/p>\n<p>Ab 20 m L\u00e4nge nach Ma\u00dfgabe der RiLi 2006\/87\/EG ein Schiffszeugnis.<\/td>\n<td width=\"113\"><\/td>\n<\/tr>\n<\/tbody>\n<\/table>\n<p>&nbsp;<\/p>\n<table>\n<tbody>\n<tr>\n<td colspan=\"3\" width=\"618\">\u00b7\u00a0\u00a0\u00a0 Wassermotorr\u00e4der<\/td>\n<\/tr>\n<tr>\n<td width=\"60\"><\/td>\n<td width=\"445\">Nach Ma\u00dfgabe der RiLi 2013\/53\/EU eine CE-Kennzeichnung.<\/td>\n<td width=\"113\"><\/td>\n<\/tr>\n<\/tbody>\n<\/table>\n<p>&nbsp;<\/p>\n<table>\n<tbody>\n<tr>\n<td colspan=\"3\" width=\"618\">\u00b7\u00a0\u00a0\u00a0 Seesportfahrzeuge mit mehr als 20 m L\u00e4nge aber nicht l\u00e4nger als 24 m<\/td>\n<\/tr>\n<tr>\n<td width=\"60\"><\/td>\n<td width=\"445\">Ja, ab 20 m L\u00e4nge nach Ma\u00dfgabe der RiLi 2006\/87\/EG ein Schiffszeugnis.<\/td>\n<td width=\"113\"><\/td>\n<\/tr>\n<\/tbody>\n<\/table>\n<p>&nbsp;<\/p>\n<ol start=\"5\">\n<li><strong>Sind Wiederholungsuntersuchungen f\u00fcr folgende Sportfahrzeuge erforderlich?<\/strong><\/li>\n<\/ol>\n<table>\n<tbody>\n<tr>\n<td colspan=\"3\" width=\"618\">\u00b7\u00a0\u00a0\u00a0 Ruderfahrzeuge und andere muskelbetriebene Kleinfahrzeuge (z.B. Kanus, KaJaks, Tretboote)<\/td>\n<\/tr>\n<tr>\n<td width=\"60\"><\/td>\n<td width=\"445\">Nein. Ab 20 m L\u00e4nge: Ja.<\/td>\n<td width=\"113\"><\/td>\n<\/tr>\n<\/tbody>\n<\/table>\n<p>&nbsp;<\/p>\n<table>\n<tbody>\n<tr>\n<td colspan=\"3\" width=\"618\">\u00b7\u00a0\u00a0\u00a0 Segelfahrzeuge<\/td>\n<\/tr>\n<tr>\n<td width=\"60\"><\/td>\n<td width=\"445\">Nein. Ab 20 m L\u00e4nge: Ja.<\/td>\n<td width=\"113\"><\/td>\n<\/tr>\n<\/tbody>\n<\/table>\n<p>&nbsp;<\/p>\n<table>\n<tbody>\n<tr>\n<td colspan=\"3\" width=\"618\">\u00b7\u00a0\u00a0\u00a0 Surfboards, Kite-Surfboards<\/td>\n<\/tr>\n<tr>\n<td width=\"60\"><\/td>\n<td width=\"445\">Nein<\/td>\n<td width=\"113\"><\/td>\n<\/tr>\n<\/tbody>\n<\/table>\n<p>&nbsp;<\/p>\n<table>\n<tbody>\n<tr>\n<td colspan=\"3\" width=\"618\">\u00b7\u00a0\u00a0\u00a0 Elektrofahrzeuge<\/td>\n<\/tr>\n<tr>\n<td width=\"60\"><\/td>\n<td width=\"445\">Nein<\/td>\n<td width=\"113\"><\/td>\n<\/tr>\n<\/tbody>\n<\/table>\n<p>&nbsp;<\/p>\n<table>\n<tbody>\n<tr>\n<td colspan=\"3\" width=\"618\">\u00b7\u00a0\u00a0\u00a0 Motorfahrzeuge mit Verbrennungskraftantrieb<\/td>\n<\/tr>\n<tr>\n<td width=\"60\"><\/td>\n<td width=\"445\">Ab 20 m L\u00e4nge nach Ma\u00dfgabe der RiLi 2006\/87\/EG: Ja<\/td>\n<td width=\"113\"><\/td>\n<\/tr>\n<\/tbody>\n<\/table>\n<p>&nbsp;<\/p>\n<table>\n<tbody>\n<tr>\n<td colspan=\"3\" width=\"618\">\u00b7\u00a0\u00a0\u00a0 Wassermotorr\u00e4der<\/td>\n<\/tr>\n<tr>\n<td width=\"60\"><\/td>\n<td width=\"445\">Nein<\/td>\n<td width=\"113\"><\/td>\n<\/tr>\n<\/tbody>\n<\/table>\n<p>&nbsp;<\/p>\n<table>\n<tbody>\n<tr>\n<td colspan=\"3\" width=\"618\">\u00b7\u00a0\u00a0\u00a0 Seesportfahrzeuge mit mehr als 20 m L\u00e4nge aber nicht l\u00e4nger als 24 m<\/td>\n<\/tr>\n<tr>\n<td width=\"60\"><\/td>\n<td width=\"445\">Ja<\/td>\n<td width=\"113\"><\/td>\n<\/tr>\n<\/tbody>\n<\/table>\n<p>&nbsp;<\/p>\n<ol start=\"6\">\n<li><strong>Ist f\u00fcr folgende Fahrzeuge ein Schiffsf\u00fchrerzeugnis erforderlich?<\/strong><\/li>\n<\/ol>\n<table>\n<tbody>\n<tr>\n<td colspan=\"3\" width=\"618\">\u00b7\u00a0\u00a0\u00a0 Ruderfahrzeuge und andere muskelbetriebene Kleinfahrzeuge (z.B. Kanus, KaJaks, Tretboote)<\/td>\n<\/tr>\n<tr>\n<td width=\"60\"><\/td>\n<td width=\"445\">Nein<\/td>\n<td width=\"113\"><\/td>\n<\/tr>\n<\/tbody>\n<\/table>\n<p>&nbsp;<\/p>\n<table>\n<tbody>\n<tr>\n<td colspan=\"3\" width=\"618\">\u00b7\u00a0\u00a0\u00a0 Segelfahrzeuge<\/td>\n<\/tr>\n<tr>\n<td width=\"60\"><\/td>\n<td width=\"445\">Nein, au\u00dfer auf den Berliner Gew\u00e4ssern. Ferner notwendig, sofern das Fahrzeug mit einer Antriebsmaschine \u00fcber 11,03 kW (auf dem Rhein \u00fcber 3,68 kW) ausgestattet ist.<\/p>\n<p>F\u00fcr Fahrzeuge ab 20 m L\u00e4nge wird ein Sportschifferzeugnis oder Sportpatent f\u00fcr den Rhein ben\u00f6tigt.<\/td>\n<td width=\"113\"><\/td>\n<\/tr>\n<\/tbody>\n<\/table>\n<p>&nbsp;<\/p>\n<table>\n<tbody>\n<tr>\n<td colspan=\"3\" width=\"618\">\u00b7\u00a0\u00a0\u00a0 Surfboards, Kite-Surfboards<\/td>\n<\/tr>\n<tr>\n<td width=\"60\"><\/td>\n<td width=\"445\">Nein<\/td>\n<td width=\"113\"><\/td>\n<\/tr>\n<\/tbody>\n<\/table>\n<p>&nbsp;<\/p>\n<table>\n<tbody>\n<tr>\n<td colspan=\"3\" width=\"634\">\u00b7\u00a0\u00a0\u00a0 Elektrofahrzeuge<\/td>\n<\/tr>\n<tr>\n<td width=\"60\"><\/td>\n<td width=\"445\">Ab einer Nutzleistung von \u00fcber 11,03 kW (auf dem Rhein \u00fcber 3,68 kW) wird ein Sportbootf\u00fchrerschein ben\u00f6tigt.<\/td>\n<td width=\"129\"><\/td>\n<\/tr>\n<\/tbody>\n<\/table>\n<p>&nbsp;<\/p>\n<table>\n<tbody>\n<tr>\n<td colspan=\"3\" width=\"618\">\u00b7\u00a0\u00a0\u00a0 Motorfahrzeuge mit Verbrennungskraftantrieb<\/td>\n<\/tr>\n<tr>\n<td width=\"60\"><\/td>\n<td width=\"445\">Ab einer Nutzleistung von \u00fcber 11,03 kW (auf dem Rhein \u00fcber 3,68 kW) und einer Fahrzeugl\u00e4nge weniger als 20 m (auf dem Rhein weniger als 15 m) ist ein Sportbootf\u00fchrerschein erforderlich.<\/p>\n<p>F\u00fcr Fahrzeuge ab 20 m L\u00e4nge wird ein Sportschifferzeugnis oder Sportpatent f\u00fcr den Rhein ben\u00f6tigt.<\/td>\n<td width=\"113\"><\/td>\n<\/tr>\n<\/tbody>\n<\/table>\n<p>&nbsp;<\/p>\n<table>\n<tbody>\n<tr>\n<td colspan=\"3\" width=\"618\">\u00b7\u00a0\u00a0\u00a0 Wassermotorr\u00e4der<\/td>\n<\/tr>\n<tr>\n<td width=\"60\"><\/td>\n<td width=\"445\">Ab einer Nutzleistung von \u00fcber 11,03 kW (auf dem Rhein \u00fcber 3,68 kW) ist ein Sportbootf\u00fchrerschein erforderlich.<\/td>\n<td width=\"113\"><\/td>\n<\/tr>\n<\/tbody>\n<\/table>\n<p>&nbsp;<\/p>\n<table>\n<tbody>\n<tr>\n<td colspan=\"3\" width=\"618\">\u00b7\u00a0\u00a0\u00a0 Seesportfahrzeuge mit mehr als 20 m L\u00e4nge aber nicht l\u00e4nger als 24 m<\/td>\n<\/tr>\n<tr>\n<td width=\"60\"><\/td>\n<td width=\"445\">Sportschifferzeugnis bzw. Sportbootpatent f\u00fcr den Rhein.<\/td>\n<td width=\"113\"><\/td>\n<\/tr>\n<\/tbody>\n<\/table>\n<p>&nbsp;<\/p>\n<ol start=\"7\">\n<li><strong>Gibt es eine Einschr\u00e4nkung f\u00fcr den Gebrauch? (Ort, Zeit etc.)<\/strong><\/li>\n<\/ol>\n<table>\n<tbody>\n<tr>\n<td colspan=\"3\" width=\"618\">\u00b7\u00a0\u00a0\u00a0 Ruderfahrzeuge und andere muskelbetriebene Kleinfahrzeuge (z.B. Kanus, KaJaks, Tretboote)<\/td>\n<\/tr>\n<tr>\n<td width=\"60\"><\/td>\n<td width=\"445\">In Deutschland haben Sportfahrzeuge mit einer L\u00e4nge von weniger als 20 m bei beschr\u00e4nkten Sichtverh\u00e4ltnissen das Fahrwasser unverz\u00fcglich freizumachen.<\/p>\n<p>Generelles Fahrverbot f\u00fcr Sportfahrzeuge bei Wasserst\u00e4nden \u00fcber HSW. Einschr\u00e4nkungen in Nebengew\u00e4ssern sind durch Schifffahrtszeichen kundgemacht.<\/td>\n<td width=\"113\"><\/td>\n<\/tr>\n<\/tbody>\n<\/table>\n<p>&nbsp;<\/p>\n<table>\n<tbody>\n<tr>\n<td colspan=\"3\" width=\"618\">\u00b7\u00a0\u00a0\u00a0 Segelfahrzeuge<\/td>\n<\/tr>\n<tr>\n<td width=\"60\"><\/td>\n<td width=\"445\">Sportfahrzeuge haben bei beschr\u00e4nkten Sichtverh\u00e4ltnissen das Fahrwasser unverz\u00fcglich freizumachen.<\/p>\n<p>Generelles Fahrverbot f\u00fcr Sportfahrzeuge bei Wasserst\u00e4nden \u00fcber HSW.<\/p>\n<p>Weitere Einschr\u00e4nkungen in Nebengew\u00e4ssern sind durch Schifffahrtszeichen kundgemacht.<\/td>\n<td width=\"113\"><\/td>\n<\/tr>\n<\/tbody>\n<\/table>\n<p>&nbsp;<\/p>\n<table>\n<tbody>\n<tr>\n<td colspan=\"3\" width=\"618\">\u00b7\u00a0\u00a0\u00a0 Surfboards, Kite-Surfboards<\/td>\n<\/tr>\n<tr>\n<td width=\"60\"><\/td>\n<td width=\"445\">Sportfahrzeuge haben bei beschr\u00e4nkten Sichtverh\u00e4ltnissen das Fahrwasser unverz\u00fcglich freizumachen.<\/p>\n<p>Generelles Fahrverbot f\u00fcr Sportfahrzeuge bei Wasserst\u00e4nden \u00fcber HSW.<\/p>\n<p>Weitere Einschr\u00e4nkungen in Nebengew\u00e4ssern sind durch Schifffahrtszeichen kundgemacht.<\/td>\n<td width=\"113\"><\/td>\n<\/tr>\n<\/tbody>\n<\/table>\n<p>&nbsp;<\/p>\n<table>\n<tbody>\n<tr>\n<td colspan=\"3\" width=\"618\">\u00b7\u00a0\u00a0\u00a0 Elektrofahrzeuge<\/td>\n<\/tr>\n<tr>\n<td width=\"60\"><\/td>\n<td width=\"445\">Sportfahrzeuge haben bei beschr\u00e4nkten Sichtverh\u00e4ltnissen das Fahrwasser unverz\u00fcglich freizumachen (Ausnahme die Fahrzeuge verf\u00fcgen \u00fcber Radar und Sprechfunk).<\/p>\n<p>Generelles Fahrverbot f\u00fcr Sportfahrzeuge bei Wasserst\u00e4nden \u00fcber HSW.<\/p>\n<p>Weitere Einschr\u00e4nkungen in Nebengew\u00e4ssern sind durch Schifffahrtszeichen kundgemacht.<\/td>\n<td width=\"113\"><\/td>\n<\/tr>\n<\/tbody>\n<\/table>\n<p>&nbsp;<\/p>\n<table>\n<tbody>\n<tr>\n<td colspan=\"3\" width=\"618\">\u00b7\u00a0\u00a0\u00a0 Motorfahrzeuge mit Verbrennungskraftantrieb<\/td>\n<\/tr>\n<tr>\n<td width=\"60\"><\/td>\n<td width=\"445\">Sportfahrzeuge haben bei beschr\u00e4nkten Sichtverh\u00e4ltnissen das Fahrwasser unverz\u00fcglich freizumachen (Ausnahme die Fahrzeuge verf\u00fcgen \u00fcber Radar und Sprechfunk).<\/p>\n<p>Generelles Fahrverbot f\u00fcr Sportfahrzeuge bei Wasserst\u00e4nden \u00fcber HSW.<\/p>\n<p>Weitere Einschr\u00e4nkungen in Nebengew\u00e4ssern sind durch Schifffahrtszeichen kundgemacht.<\/td>\n<td width=\"113\"><\/td>\n<\/tr>\n<\/tbody>\n<\/table>\n<p>&nbsp;<\/p>\n<table>\n<tbody>\n<tr>\n<td colspan=\"3\" width=\"618\">\u00b7\u00a0\u00a0\u00a0 Wassermotorr\u00e4der<\/td>\n<\/tr>\n<tr>\n<td width=\"60\"><\/td>\n<td width=\"445\">Wassermotorr\u00e4der d\u00fcrfen nur auf besonders ausgewiesenen Strecken im Rahmen der Wassermotorr\u00e4der-Verordnung betrieben werden.<\/td>\n<td width=\"113\"><\/td>\n<\/tr>\n<\/tbody>\n<\/table>\n<p>&nbsp;<\/p>\n<table>\n<tbody>\n<tr>\n<td colspan=\"3\" width=\"618\">\u00b7\u00a0\u00a0\u00a0 Seesportfahrzeuge mit mehr als 20 m L\u00e4nge aber nicht l\u00e4nger als 24 m<\/td>\n<\/tr>\n<tr>\n<td width=\"60\"><\/td>\n<td width=\"445\">Sportfahrzeuge haben bei beschr\u00e4nkten Sichtverh\u00e4ltnissen das Fahrwasser unverz\u00fcglich freizumachen (Ausnahme die Fahrzeuge verf\u00fcgen \u00fcber Radar und Sprechfunk).<\/p>\n<p>Generelles Fahrverbot f\u00fcr Sportfahrzeuge bei Wasserst\u00e4nden \u00fcber HSW.<\/p>\n<p>Weitere Einschr\u00e4nkungen in Nebengew\u00e4ssern sind durch Schifffahrtszeichen kundgemacht.<\/td>\n<td width=\"113\"><\/td>\n<\/tr>\n<\/tbody>\n<\/table>\n<p>&nbsp;<\/p>\n<ol start=\"8\">\n<li><strong>Welche internationalen Regelungen werden akzeptiert (UN, EU, DK\u2026etc.)?<\/strong><\/li>\n<\/ol>\n<table>\n<tbody>\n<tr>\n<td width=\"60\"><\/td>\n<td width=\"445\">Resolution Nr. 40 (ECE\/TRANS\/SC.3\/147\/Rev. 4)<\/p>\n<p>Verordnung \u00fcber das Schiffspersonal auf dem Rhein<\/p>\n<p>EU RiLi 96\/50 EG<\/p>\n<p>RL 2013\/53\/ EU<\/p>\n<p>RL 2006\/87 EG<\/p>\n<p>UNECE Resolution Nr. 13 (IBS)<\/td>\n<td width=\"113\"><\/td>\n<\/tr>\n<\/tbody>\n<\/table>\n<p>&nbsp;<\/p>\n<ol start=\"9\">\n<li><strong>Gibt es f\u00fcr Sportfahrzeuge eine Flaggenf\u00fchrungspflicht?<\/strong><\/li>\n<\/ol>\n<table>\n<tbody>\n<tr>\n<td width=\"60\"><\/td>\n<td width=\"445\">Nein. Wenn aber eine Flagge gef\u00fchrt wird, ist die deutsche Flagge zu f\u00fchren.<\/td>\n<td width=\"113\"><\/td>\n<\/tr>\n<\/tbody>\n<\/table>\n<p>&nbsp;<\/p>\n<ol start=\"10\">\n<li><strong>M\u00fcssen Sportfahrzeuge eine bestimmte Kennzeichnung haben?<\/strong><\/li>\n<\/ol>\n<table>\n<tbody>\n<tr>\n<td width=\"60\"><\/td>\n<td width=\"445\">Sportfahrzeuge bis 20 Meter m\u00fcssen ein Kennzeichen nach der KIFzKV-BinSch f\u00fchren (Ausnahme: muskelkraftbetriebene Sportfahrzeuge und solche bis 5,50 m L\u00e4nge unter ausschlie\u00dflich Segel \u2013 Kennzeichnung nach \u00a7 2.02 DFND etc.). Ab 20 Meter werden sie wie normale Schiffe behandelt.<\/td>\n<td width=\"113\"><\/td>\n<\/tr>\n<\/tbody>\n<\/table>\n<p>&nbsp;<\/p>\n<ol start=\"11\">\n<li><strong>Besteht f\u00fcr Sportfahrzeuge eine Versicherungspflicht?<\/strong><\/li>\n<\/ol>\n<table width=\"0\">\n<tbody>\n<tr>\n<td width=\"60\"><\/td>\n<td width=\"445\">Nein<\/td>\n<td width=\"123\"><\/td>\n<\/tr>\n<\/tbody>\n<\/table>\n<p>&nbsp;<\/p>\n<ol start=\"12\">\n<li><strong>\u00dcber welche Bootsausr\u00fcstung m\u00fcssen Sportfahrzeuge verf\u00fcgen?<\/strong><\/li>\n<\/ol>\n<table width=\"0\">\n<tbody>\n<tr>\n<td width=\"60\"><\/td>\n<td width=\"445\">Es gibt keine vorgeschriebene Ausr\u00fcstung.<\/td>\n<td width=\"123\"><\/td>\n<\/tr>\n<\/tbody>\n<\/table>\n","protected":false},"excerpt":{"rendered":"<p>L\u00e4nge von Sportfahrzeugen 1.1\u00a0\u00a0\u00a0\u00a0\u00a0\u00a0\u00a0\u00a0\u00a0\u00a0\u00a0\u00a0 Wie ist die L\u00e4nge von Sportfahrzeugen in Ihrem Verantwortungsbereich definiert und beschreiben Sie das Messverfahren? 20<\/p>\n","protected":false},"author":1,"featured_media":0,"parent":4294,"menu_order":0,"comment_status":"closed","ping_status":"closed","template":"","meta":{"_seopress_robots_primary_cat":"","_seopress_titles_title":"","_seopress_titles_desc":"","_seopress_robots_index":"","colormag_page_container_layout":"default_layout","colormag_page_sidebar_layout":"default_layout","footnotes":""},"class_list":["post-4326","page","type-page","status-publish","hentry"],"_links":{"self":[{"href":"https:\/\/www.danubecommission.org\/dc\/wp-json\/wp\/v2\/pages\/4326","targetHints":{"allow":["GET"]}}],"collection":[{"href":"https:\/\/www.danubecommission.org\/dc\/wp-json\/wp\/v2\/pages"}],"about":[{"href":"https:\/\/www.danubecommission.org\/dc\/wp-json\/wp\/v2\/types\/page"}],"author":[{"embeddable":true,"href":"https:\/\/www.danubecommission.org\/dc\/wp-json\/wp\/v2\/users\/1"}],"replies":[{"embeddable":true,"href":"https:\/\/www.danubecommission.org\/dc\/wp-json\/wp\/v2\/comments?post=4326"}],"version-history":[{"count":0,"href":"https:\/\/www.danubecommission.org\/dc\/wp-json\/wp\/v2\/pages\/4326\/revisions"}],"up":[{"embeddable":true,"href":"https:\/\/www.danubecommission.org\/dc\/wp-json\/wp\/v2\/pages\/4294"}],"wp:attachment":[{"href":"https:\/\/www.danubecommission.org\/dc\/wp-json\/wp\/v2\/media?parent=4326"}],"curies":[{"name":"wp","href":"https:\/\/api.w.org\/{rel}","templated":true}]}}