{"id":4330,"date":"2018-10-04T14:33:11","date_gmt":"2018-10-04T13:33:11","guid":{"rendered":"http:\/\/www.danubecommission.org\/dc\/?page_id=4330"},"modified":"2018-10-04T14:33:11","modified_gmt":"2018-10-04T13:33:11","slug":"rumanien","status":"publish","type":"page","link":"https:\/\/www.danubecommission.org\/dc\/de\/die-donauschifffahrt\/ubersicht-zu-den-voraussetzungen-fur-die-fahrt-von-fahrzeugen-mit-einer-lange-von-weniger-als-20-m-auf-nationalen-donaustreckenabschnitten-in-bezug-auf-ihre-zulassung-und-die-schiffsfuhrerzeugnisse\/rumanien\/","title":{"rendered":"Rum\u00e4nien"},"content":{"rendered":"<ol>\n<li><strong>L\u00e4nge von Sportfahrzeugen<\/strong><\/li>\n<\/ol>\n<table width=\"0\">\n<tbody>\n<tr>\n<td colspan=\"3\" width=\"618\">1.1\u00a0\u00a0\u00a0\u00a0\u00a0\u00a0\u00a0\u00a0\u00a0\u00a0\u00a0\u00a0 Wie ist die L\u00e4nge von Sportfahrzeugen in Ihrem Verantwortungsbereich definiert und beschreiben Sie das Messverfahren?<\/td>\n<\/tr>\n<tr>\n<td width=\"60\">&nbsp;<\/td>\n<td width=\"445\">L\u00e4nge von 2,5\u00a0m bis 24\u00a0m gem\u00e4\u00df Anordnung 534\/2007.<\/td>\n<td width=\"113\">&nbsp;<\/td>\n<\/tr>\n<\/tbody>\n<\/table>\n<p>&nbsp;<\/p>\n<table>\n<tbody>\n<tr>\n<td colspan=\"3\" width=\"618\">1.2\u00a0\u00a0\u00a0\u00a0\u00a0\u00a0\u00a0\u00a0\u00a0\u00a0\u00a0\u00a0 Wie lauten die Definitionen f\u00fcr Sportfahrzeuge auf Binnenschifffahrtsstra\u00dfen und auf Seeschifffahrtsstra\u00dfen in Ihrem Verantwortungsbereich?<\/td>\n<\/tr>\n<tr>\n<td width=\"60\">&nbsp;<\/td>\n<td width=\"445\">Sportfahrzeug \u2013 jedes Fahrzeug mit Motor- und\/oder Segelantrieb mit einer gem\u00e4\u00df den anwendbaren, harmonisierten Normen gemessenen L\u00e4nge des Schiffsk\u00f6rpers von 2,5\u00a0m bis 24\u00a0m, das keine G\u00fcter bef\u00f6rdert und ausschlie\u00dflich f\u00fcr Sport- und Vergn\u00fcgungszwecke genutzt wird.<\/td>\n<td width=\"113\">&nbsp;<\/td>\n<\/tr>\n<\/tbody>\n<\/table>\n<p>&nbsp;<\/p>\n<ol start=\"2\">\n<li><strong>Binnensportfahrzeuge mit weniger als 20 m L\u00e4nge und mit einer L\u00e4nge von 20 m oder mehr auf der Donau<\/strong><\/li>\n<\/ol>\n<table>\n<tbody>\n<tr>\n<td colspan=\"3\" width=\"618\">2.1\u00a0\u00a0\u00a0\u00a0\u00a0\u00a0\u00a0\u00a0\u00a0\u00a0\u00a0\u00a0 Mit welchem Schiffszeugnis kann ein Binnensportfahrzeug auf der Donau gef\u00fchrt werden?<\/td>\n<\/tr>\n<tr>\n<td width=\"60\">&nbsp;<\/td>\n<td width=\"445\">keine Antwort<\/td>\n<td width=\"113\">&nbsp;<\/td>\n<\/tr>\n<\/tbody>\n<\/table>\n<p>&nbsp;<\/p>\n<table>\n<tbody>\n<tr>\n<td colspan=\"3\" width=\"636\">2.2\u00a0\u00a0\u00a0\u00a0\u00a0\u00a0\u00a0\u00a0\u00a0\u00a0\u00a0\u00a0 Mit welchem Dokument darf ein im Ausland registriertes Binnensportfahrzeug auf der Donau verkehren?<\/td>\n<\/tr>\n<tr>\n<td width=\"59\">&nbsp;<\/td>\n<td width=\"437\">keine Antwort<\/td>\n<td width=\"140\">&nbsp;<\/td>\n<\/tr>\n<\/tbody>\n<\/table>\n<p>&nbsp;<\/p>\n<table>\n<tbody>\n<tr>\n<td colspan=\"3\" width=\"618\">2.3\u00a0\u00a0\u00a0\u00a0\u00a0\u00a0\u00a0\u00a0\u00a0\u00a0\u00a0\u00a0 Wird ein Funkzeugnis gefordert?<\/td>\n<\/tr>\n<tr>\n<td width=\"60\">&nbsp;<\/td>\n<td width=\"445\">keine Antwort<\/td>\n<td width=\"113\">&nbsp;<\/td>\n<\/tr>\n<\/tbody>\n<\/table>\n<p>&nbsp;<\/p>\n<ol start=\"3\">\n<li><strong>Seesportfahrzeuge mit mehr als 20 m L\u00e4nge aber nicht l\u00e4nger als 24 m auf der Donau<\/strong><\/li>\n<\/ol>\n<table>\n<tbody>\n<tr>\n<td colspan=\"3\" width=\"618\">3.1\u00a0\u00a0\u00a0\u00a0\u00a0\u00a0 Mit welchem Zeugnis kann ein Seesportfahrzeug mit einer L\u00e4nge zwischen 20\u201124 m auf der Donau gef\u00fchrt werden?<\/td>\n<\/tr>\n<tr>\n<td width=\"60\">&nbsp;<\/td>\n<td width=\"445\">International Certificate for Operators of Pleasure Craft, Klasse C<\/td>\n<td width=\"113\">&nbsp;<\/td>\n<\/tr>\n<\/tbody>\n<\/table>\n<p>&nbsp;<\/p>\n<table>\n<tbody>\n<tr>\n<td colspan=\"3\" width=\"618\">3.2\u00a0\u00a0\u00a0\u00a0\u00a0\u00a0 Mit welchem Dokument darf ein im Ausland registriertes Seesportfahrzeug mit einer L\u00e4nge zwischen 20-24 m auf der Donau verkehren?<\/td>\n<\/tr>\n<tr>\n<td width=\"60\">&nbsp;<\/td>\n<td width=\"445\">Wirtschaftskommission f\u00fcr Europa, International Certificate for Operators of Pleasure Craft, Resolution Nr. 40 (ECE\/TRANS\/SC.3\/147\/Rev. 4)<\/td>\n<td width=\"113\">&nbsp;<\/td>\n<\/tr>\n<\/tbody>\n<\/table>\n<p>&nbsp;<\/p>\n<ol start=\"4\">\n<li><strong>Wird ein Schiffszeugnis f\u00fcr die Inbetriebnahmen folgender Sportfahrzeuge ben\u00f6tigt? <\/strong><\/li>\n<\/ol>\n<table>\n<tbody>\n<tr>\n<td colspan=\"3\" width=\"618\">\u00b7\u00a0\u00a0\u00a0 Ruderfahrzeuge und andere muskelbetriebene Kleinfahrzeuge (z.B. Kanus, KaJaks, Tretboote)<\/td>\n<\/tr>\n<tr>\n<td width=\"60\">&nbsp;<\/td>\n<td width=\"445\">Nein<\/td>\n<td width=\"113\">&nbsp;<\/td>\n<\/tr>\n<\/tbody>\n<\/table>\n<p>&nbsp;<\/p>\n<table>\n<tbody>\n<tr>\n<td colspan=\"3\" width=\"618\">\u00b7\u00a0\u00a0\u00a0 Segelfahrzeuge<\/td>\n<\/tr>\n<tr>\n<td width=\"60\">&nbsp;<\/td>\n<td width=\"445\">Ja<\/td>\n<td width=\"113\">&nbsp;<\/td>\n<\/tr>\n<\/tbody>\n<\/table>\n<p>&nbsp;<\/p>\n<table>\n<tbody>\n<tr>\n<td colspan=\"3\" width=\"618\">\u00b7\u00a0\u00a0\u00a0 Surfboards, Kite-Surfboards<\/td>\n<\/tr>\n<tr>\n<td width=\"60\">&nbsp;<\/td>\n<td width=\"445\">Nein<\/td>\n<td width=\"113\">&nbsp;<\/td>\n<\/tr>\n<\/tbody>\n<\/table>\n<p>&nbsp;<\/p>\n<table>\n<tbody>\n<tr>\n<td colspan=\"3\" width=\"618\">\u00b7\u00a0\u00a0\u00a0 Elektrofahrzeuge<\/td>\n<\/tr>\n<tr>\n<td width=\"60\">&nbsp;<\/td>\n<td width=\"445\">Ja<\/td>\n<td width=\"113\">&nbsp;<\/td>\n<\/tr>\n<\/tbody>\n<\/table>\n<p>&nbsp;<\/p>\n<table>\n<tbody>\n<tr>\n<td colspan=\"3\" width=\"618\">\u00b7\u00a0\u00a0\u00a0 Motorfahrzeuge mit Verbrennungskraftantrieb<\/td>\n<\/tr>\n<tr>\n<td width=\"60\">&nbsp;<\/td>\n<td width=\"445\">Ja<\/td>\n<td width=\"113\">&nbsp;<\/td>\n<\/tr>\n<\/tbody>\n<\/table>\n<p>&nbsp;<\/p>\n<table>\n<tbody>\n<tr>\n<td colspan=\"3\" width=\"618\">\u00b7\u00a0\u00a0\u00a0 Wassermotorr\u00e4der<\/td>\n<\/tr>\n<tr>\n<td width=\"60\">&nbsp;<\/td>\n<td width=\"445\">Ja<\/td>\n<td width=\"113\">&nbsp;<\/td>\n<\/tr>\n<\/tbody>\n<\/table>\n<p>&nbsp;<\/p>\n<table>\n<tbody>\n<tr>\n<td colspan=\"3\" width=\"618\">\u00b7\u00a0\u00a0\u00a0 Seesportfahrzeuge mit mehr als 20 m L\u00e4nge aber nicht l\u00e4nger als 24 m<\/td>\n<\/tr>\n<tr>\n<td width=\"60\">&nbsp;<\/td>\n<td width=\"445\">Ja<\/td>\n<td width=\"113\">&nbsp;<\/td>\n<\/tr>\n<\/tbody>\n<\/table>\n<p>&nbsp;<\/p>\n<ol start=\"5\">\n<li><strong>Sind Wiederholungsuntersuchungen f\u00fcr folgende Sportfahrzeuge erforderlich?<\/strong><\/li>\n<\/ol>\n<table>\n<tbody>\n<tr>\n<td colspan=\"3\" width=\"618\">\u00b7\u00a0\u00a0\u00a0 Ruderfahrzeuge und andere muskelbetriebene Kleinfahrzeuge (z.B. Kanus, KaJaks, Tretboote)<\/td>\n<\/tr>\n<tr>\n<td width=\"60\">&nbsp;<\/td>\n<td width=\"445\">Nein<\/td>\n<td width=\"113\">&nbsp;<\/td>\n<\/tr>\n<\/tbody>\n<\/table>\n<p>&nbsp;<\/p>\n<table>\n<tbody>\n<tr>\n<td colspan=\"3\" width=\"618\">\u00b7\u00a0\u00a0\u00a0 Segelfahrzeuge<\/td>\n<\/tr>\n<tr>\n<td width=\"60\">&nbsp;<\/td>\n<td width=\"445\">Ja<\/td>\n<td width=\"113\">&nbsp;<\/td>\n<\/tr>\n<\/tbody>\n<\/table>\n<p>&nbsp;<\/p>\n<table>\n<tbody>\n<tr>\n<td colspan=\"3\" width=\"618\">\u00b7\u00a0\u00a0\u00a0 Surfboards, Kite-Surfboards<\/td>\n<\/tr>\n<tr>\n<td width=\"60\">&nbsp;<\/td>\n<td width=\"445\">Nein<\/td>\n<td width=\"113\">&nbsp;<\/td>\n<\/tr>\n<\/tbody>\n<\/table>\n<p>&nbsp;<\/p>\n<table>\n<tbody>\n<tr>\n<td colspan=\"3\" width=\"618\">\u00b7\u00a0\u00a0\u00a0 Elektrofahrzeuge<\/td>\n<\/tr>\n<tr>\n<td width=\"60\">&nbsp;<\/td>\n<td width=\"445\">Ja<\/td>\n<td width=\"113\">&nbsp;<\/td>\n<\/tr>\n<\/tbody>\n<\/table>\n<p>&nbsp;<\/p>\n<table>\n<tbody>\n<tr>\n<td colspan=\"3\" width=\"618\">\u00b7\u00a0\u00a0\u00a0 Motorfahrzeuge mit Verbrennungskraftantrieb<\/td>\n<\/tr>\n<tr>\n<td width=\"60\">&nbsp;<\/td>\n<td width=\"445\">Ja<\/td>\n<td width=\"113\">&nbsp;<\/td>\n<\/tr>\n<\/tbody>\n<\/table>\n<p>&nbsp;<\/p>\n<table>\n<tbody>\n<tr>\n<td colspan=\"3\" width=\"618\">\u00b7\u00a0\u00a0\u00a0 Wassermotorr\u00e4der<\/td>\n<\/tr>\n<tr>\n<td width=\"60\">&nbsp;<\/td>\n<td width=\"445\">Ja<\/td>\n<td width=\"113\">&nbsp;<\/td>\n<\/tr>\n<\/tbody>\n<\/table>\n<p>&nbsp;<\/p>\n<table>\n<tbody>\n<tr>\n<td colspan=\"3\" width=\"618\">\u00b7\u00a0\u00a0\u00a0 Seesportfahrzeuge mit mehr als 20 m L\u00e4nge aber nicht l\u00e4nger als 24 m<\/td>\n<\/tr>\n<tr>\n<td width=\"60\">&nbsp;<\/td>\n<td width=\"445\">Ja<\/td>\n<td width=\"113\">&nbsp;<\/td>\n<\/tr>\n<\/tbody>\n<\/table>\n<p>&nbsp;<\/p>\n<ol start=\"6\">\n<li><strong>Ist f\u00fcr folgende Fahrzeuge ein Schiffsf\u00fchrerzeugnis erforderlich?<\/strong><\/li>\n<\/ol>\n<table>\n<tbody>\n<tr>\n<td colspan=\"3\" width=\"618\">\u00b7\u00a0\u00a0\u00a0 Ruderfahrzeuge und andere muskelbetriebene Kleinfahrzeuge (z.B. Kanus, KaJaks, Tretboote)<\/td>\n<\/tr>\n<tr>\n<td width=\"60\">&nbsp;<\/td>\n<td width=\"445\">Nein<\/td>\n<td width=\"113\">&nbsp;<\/td>\n<\/tr>\n<\/tbody>\n<\/table>\n<p>&nbsp;<\/p>\n<table>\n<tbody>\n<tr>\n<td colspan=\"3\" width=\"618\">\u00b7\u00a0\u00a0\u00a0 Segelfahrzeuge<\/td>\n<\/tr>\n<tr>\n<td width=\"60\">&nbsp;<\/td>\n<td width=\"445\">Ja<\/td>\n<td width=\"113\">&nbsp;<\/td>\n<\/tr>\n<\/tbody>\n<\/table>\n<p>&nbsp;<\/p>\n<table>\n<tbody>\n<tr>\n<td colspan=\"3\" width=\"618\">\u00b7\u00a0\u00a0\u00a0 Surfboards, Kite-Surfboards<\/td>\n<\/tr>\n<tr>\n<td width=\"60\">&nbsp;<\/td>\n<td width=\"445\">NEIN<\/td>\n<td width=\"113\">&nbsp;<\/td>\n<\/tr>\n<\/tbody>\n<\/table>\n<p>&nbsp;<\/p>\n<table>\n<tbody>\n<tr>\n<td colspan=\"3\" width=\"634\">\u00b7\u00a0\u00a0\u00a0 Elektrofahrzeuge<\/td>\n<\/tr>\n<tr>\n<td width=\"60\">&nbsp;<\/td>\n<td width=\"445\">Ja<\/td>\n<td width=\"129\">&nbsp;<\/td>\n<\/tr>\n<\/tbody>\n<\/table>\n<p>&nbsp;<\/p>\n<table>\n<tbody>\n<tr>\n<td colspan=\"3\" width=\"618\">\u00b7\u00a0\u00a0\u00a0 Motorfahrzeuge mit Verbrennungskraftantrieb<\/td>\n<\/tr>\n<tr>\n<td width=\"60\">&nbsp;<\/td>\n<td width=\"445\">Ja<\/td>\n<td width=\"113\">&nbsp;<\/td>\n<\/tr>\n<\/tbody>\n<\/table>\n<p>&nbsp;<\/p>\n<table>\n<tbody>\n<tr>\n<td colspan=\"3\" width=\"618\">\u00b7\u00a0\u00a0\u00a0 Wassermotorr\u00e4der<\/td>\n<\/tr>\n<tr>\n<td width=\"60\">&nbsp;<\/td>\n<td width=\"445\">Ja<\/td>\n<td width=\"113\">&nbsp;<\/td>\n<\/tr>\n<\/tbody>\n<\/table>\n<p>&nbsp;<\/p>\n<table>\n<tbody>\n<tr>\n<td colspan=\"3\" width=\"618\">\u00b7\u00a0\u00a0\u00a0 Seesportfahrzeuge mit mehr als 20 m L\u00e4nge aber nicht l\u00e4nger als 24 m<\/td>\n<\/tr>\n<tr>\n<td width=\"60\">&nbsp;<\/td>\n<td width=\"445\">Ja<\/td>\n<td width=\"113\">&nbsp;<\/td>\n<\/tr>\n<\/tbody>\n<\/table>\n<p>&nbsp;<\/p>\n<ol start=\"7\">\n<li><strong>Gibt es eine Einschr\u00e4nkung f\u00fcr den Gebrauch? (Ort, Zeit etc.)<\/strong><\/li>\n<\/ol>\n<table>\n<tbody>\n<tr>\n<td colspan=\"3\" width=\"618\">\u00b7\u00a0\u00a0\u00a0 Ruderfahrzeuge und andere muskelbetriebene Kleinfahrzeuge (z.B. Kanus, KaJaks, Tretboote)<\/td>\n<\/tr>\n<tr>\n<td width=\"60\">&nbsp;<\/td>\n<td width=\"445\">Nein<\/td>\n<td width=\"113\">&nbsp;<\/td>\n<\/tr>\n<\/tbody>\n<\/table>\n<p>&nbsp;<\/p>\n<table>\n<tbody>\n<tr>\n<td colspan=\"3\" width=\"618\">\u00b7\u00a0\u00a0\u00a0 Segelfahrzeuge<\/td>\n<\/tr>\n<tr>\n<td width=\"60\">&nbsp;<\/td>\n<td width=\"445\">Nein<\/td>\n<td width=\"113\">&nbsp;<\/td>\n<\/tr>\n<\/tbody>\n<\/table>\n<p>&nbsp;<\/p>\n<table>\n<tbody>\n<tr>\n<td colspan=\"3\" width=\"618\">\u00b7\u00a0\u00a0\u00a0 Surfboards, Kite-Surfboards<\/td>\n<\/tr>\n<tr>\n<td width=\"60\">&nbsp;<\/td>\n<td width=\"445\">Nein<\/td>\n<td width=\"113\">&nbsp;<\/td>\n<\/tr>\n<\/tbody>\n<\/table>\n<p>&nbsp;<\/p>\n<table>\n<tbody>\n<tr>\n<td colspan=\"3\" width=\"618\">\u00b7\u00a0\u00a0\u00a0 Elektrofahrzeuge<\/td>\n<\/tr>\n<tr>\n<td width=\"60\">&nbsp;<\/td>\n<td width=\"445\">Nein<\/td>\n<td width=\"113\">&nbsp;<\/td>\n<\/tr>\n<\/tbody>\n<\/table>\n<p>&nbsp;<\/p>\n<table>\n<tbody>\n<tr>\n<td colspan=\"3\" width=\"618\">\u00b7\u00a0\u00a0\u00a0 Motorfahrzeuge mit Verbrennungskraftantrieb<\/td>\n<\/tr>\n<tr>\n<td width=\"60\">&nbsp;<\/td>\n<td width=\"445\">Nein<\/td>\n<td width=\"113\">&nbsp;<\/td>\n<\/tr>\n<\/tbody>\n<\/table>\n<p>&nbsp;<\/p>\n<table>\n<tbody>\n<tr>\n<td colspan=\"3\" width=\"618\">\u00b7\u00a0\u00a0\u00a0 Wassermotorr\u00e4der<\/td>\n<\/tr>\n<tr>\n<td width=\"60\">&nbsp;<\/td>\n<td width=\"445\">Nein<\/td>\n<td width=\"113\">&nbsp;<\/td>\n<\/tr>\n<\/tbody>\n<\/table>\n<p>&nbsp;<\/p>\n<table>\n<tbody>\n<tr>\n<td colspan=\"3\" width=\"618\">\u00b7\u00a0\u00a0\u00a0 Seesportfahrzeuge mit mehr als 20 m L\u00e4nge aber nicht l\u00e4nger als 24 m<\/td>\n<\/tr>\n<tr>\n<td width=\"60\">&nbsp;<\/td>\n<td width=\"445\">Nein<\/td>\n<td width=\"113\">&nbsp;<\/td>\n<\/tr>\n<\/tbody>\n<\/table>\n<p>&nbsp;<\/p>\n<ol start=\"8\">\n<li><strong>Welche internationalen Regelungen werden akzeptiert (UN, EU, DK\u2026etc.)?<\/strong><\/li>\n<\/ol>\n<table>\n<tbody>\n<tr>\n<td width=\"60\">&nbsp;<\/td>\n<td width=\"445\">Resolution Nr. 40 (ECE\/TRANS\/SC.3\/147\/Rev. 4)<\/td>\n<td width=\"113\">&nbsp;<\/td>\n<\/tr>\n<\/tbody>\n<\/table>\n<p>&nbsp;<\/p>\n<ol start=\"9\">\n<li><strong>Gibt es f\u00fcr Sportfahrzeuge eine Flaggenf\u00fchrungspflicht?<\/strong><\/li>\n<\/ol>\n<table>\n<tbody>\n<tr>\n<td width=\"60\">&nbsp;<\/td>\n<td width=\"445\">keine Antwort<\/td>\n<td width=\"113\">&nbsp;<\/td>\n<\/tr>\n<\/tbody>\n<\/table>\n<p>&nbsp;<\/p>\n<ol start=\"10\">\n<li><strong>M\u00fcssen Sportfahrzeuge eine bestimmte Kennzeichnung haben?<\/strong><\/li>\n<\/ol>\n<table>\n<tbody>\n<tr>\n<td width=\"60\">&nbsp;<\/td>\n<td width=\"445\">keine Antwort<\/td>\n<td width=\"113\">&nbsp;<\/td>\n<\/tr>\n<\/tbody>\n<\/table>\n<p>&nbsp;<\/p>\n<ol start=\"11\">\n<li><strong>Besteht f\u00fcr Sportfahrzeuge eine Versicherungspflicht?<\/strong><\/li>\n<\/ol>\n<table width=\"0\">\n<tbody>\n<tr>\n<td width=\"60\">&nbsp;<\/td>\n<td width=\"445\">keine Antwort<\/td>\n<td width=\"123\">&nbsp;<\/td>\n<\/tr>\n<\/tbody>\n<\/table>\n<p>&nbsp;<\/p>\n<ol start=\"12\">\n<li><strong>\u00dcber welche Bootsausr\u00fcstung m\u00fcssen Sportfahrzeuge verf\u00fcgen?<\/strong><\/li>\n<\/ol>\n<table width=\"0\">\n<tbody>\n<tr>\n<td width=\"60\">&nbsp;<\/td>\n<td width=\"445\">keine Antwort<\/td>\n<td width=\"123\">&nbsp;<\/td>\n<\/tr>\n<\/tbody>\n<\/table>\n<p>&nbsp;<\/p>\n","protected":false},"excerpt":{"rendered":"<p>L\u00e4nge von Sportfahrzeugen 1.1\u00a0\u00a0\u00a0\u00a0\u00a0\u00a0\u00a0\u00a0\u00a0\u00a0\u00a0\u00a0 Wie ist die L\u00e4nge von Sportfahrzeugen in Ihrem Verantwortungsbereich definiert und beschreiben Sie das Messverfahren? &nbsp;<\/p>\n","protected":false},"author":1,"featured_media":0,"parent":4294,"menu_order":0,"comment_status":"closed","ping_status":"closed","template":"","meta":{"_seopress_robots_primary_cat":"","_seopress_titles_title":"","_seopress_titles_desc":"","_seopress_robots_index":"","colormag_page_container_layout":"default_layout","colormag_page_sidebar_layout":"default_layout","footnotes":""},"class_list":["post-4330","page","type-page","status-publish","hentry"],"_links":{"self":[{"href":"https:\/\/www.danubecommission.org\/dc\/wp-json\/wp\/v2\/pages\/4330","targetHints":{"allow":["GET"]}}],"collection":[{"href":"https:\/\/www.danubecommission.org\/dc\/wp-json\/wp\/v2\/pages"}],"about":[{"href":"https:\/\/www.danubecommission.org\/dc\/wp-json\/wp\/v2\/types\/page"}],"author":[{"embeddable":true,"href":"https:\/\/www.danubecommission.org\/dc\/wp-json\/wp\/v2\/users\/1"}],"replies":[{"embeddable":true,"href":"https:\/\/www.danubecommission.org\/dc\/wp-json\/wp\/v2\/comments?post=4330"}],"version-history":[{"count":0,"href":"https:\/\/www.danubecommission.org\/dc\/wp-json\/wp\/v2\/pages\/4330\/revisions"}],"up":[{"embeddable":true,"href":"https:\/\/www.danubecommission.org\/dc\/wp-json\/wp\/v2\/pages\/4294"}],"wp:attachment":[{"href":"https:\/\/www.danubecommission.org\/dc\/wp-json\/wp\/v2\/media?parent=4330"}],"curies":[{"name":"wp","href":"https:\/\/api.w.org\/{rel}","templated":true}]}}