{"id":4333,"date":"2018-10-04T14:41:10","date_gmt":"2018-10-04T13:41:10","guid":{"rendered":"http:\/\/www.danubecommission.org\/dc\/?page_id=4333"},"modified":"2018-10-04T14:41:10","modified_gmt":"2018-10-04T13:41:10","slug":"slowakische-republik","status":"publish","type":"page","link":"https:\/\/www.danubecommission.org\/dc\/de\/die-donauschifffahrt\/ubersicht-zu-den-voraussetzungen-fur-die-fahrt-von-fahrzeugen-mit-einer-lange-von-weniger-als-20-m-auf-nationalen-donaustreckenabschnitten-in-bezug-auf-ihre-zulassung-und-die-schiffsfuhrerzeugnisse\/slowakische-republik\/","title":{"rendered":"Slowakische Republik"},"content":{"rendered":"<ol>\n<li><strong>L\u00e4nge von Sportfahrzeugen<\/strong><\/li>\n<\/ol>\n<table width=\"0\">\n<tbody>\n<tr>\n<td colspan=\"3\" width=\"618\">1.1\u00a0\u00a0\u00a0\u00a0\u00a0\u00a0\u00a0\u00a0\u00a0\u00a0\u00a0\u00a0 Wie ist die L\u00e4nge von Sportfahrzeugen in Ihrem Verantwortungsbereich definiert und beschreiben Sie das Messverfahren?<\/td>\n<\/tr>\n<tr>\n<td width=\"60\">&nbsp;<\/td>\n<td width=\"445\">Ist kompatibel mit AT aber auch mit RO laut Schifffahrtsgesetz no. 338\/2000 Z.z.<\/td>\n<td width=\"113\">&nbsp;<\/td>\n<\/tr>\n<\/tbody>\n<\/table>\n<p>&nbsp;<\/p>\n<table>\n<tbody>\n<tr>\n<td colspan=\"3\" width=\"618\">1.2\u00a0\u00a0\u00a0\u00a0\u00a0\u00a0\u00a0\u00a0\u00a0\u00a0\u00a0\u00a0 Wie lauten die Definitionen f\u00fcr Sportfahrzeuge auf Binnenschifffahrtsstra\u00dfen und auf Seeschifffahrtsstra\u00dfen in Ihrem Verantwortungsbereich?<\/td>\n<\/tr>\n<tr>\n<td width=\"60\">&nbsp;<\/td>\n<td width=\"445\">\u201eSportfahrzeug\u201c: ein Fahrzeug, das f\u00fcr Sport- und Erholungszwecke, h\u00f6chstens mit 12 Personen besetzt, bestimmt ist. L weniger 24 m<\/td>\n<td width=\"113\">&nbsp;<\/td>\n<\/tr>\n<\/tbody>\n<\/table>\n<p>&nbsp;<\/p>\n<ol start=\"2\">\n<li><strong>Binnensportfahrzeuge mit weniger als 20 m L\u00e4nge und mit einer L\u00e4nge von 20 m oder mehr auf der Donau<\/strong><\/li>\n<\/ol>\n<table>\n<tbody>\n<tr>\n<td colspan=\"3\" width=\"618\">2.1\u00a0\u00a0\u00a0\u00a0\u00a0\u00a0\u00a0\u00a0\u00a0\u00a0\u00a0\u00a0 Mit welchem Schiffszeugnis kann ein Binnensportfahrzeug auf der Donau gef\u00fchrt werden?<\/td>\n<\/tr>\n<tr>\n<td width=\"60\">&nbsp;<\/td>\n<td width=\"445\">Sportfahrzeuge k\u00f6nnen mit einer Internationalen Zulassungsurkunde f\u00fcr Sportfahrzeuge (<em>International Certificate for Pleasure Craft<\/em>) gem\u00e4\u00df Resolution Nr. 13 der UNECE gef\u00fchrt werden.<\/td>\n<td width=\"113\">&nbsp;<\/td>\n<\/tr>\n<\/tbody>\n<\/table>\n<p>&nbsp;<\/p>\n<table>\n<tbody>\n<tr>\n<td colspan=\"3\" width=\"636\">2.2\u00a0\u00a0\u00a0\u00a0\u00a0\u00a0\u00a0\u00a0\u00a0\u00a0\u00a0\u00a0 Mit welchem Dokument darf ein im Ausland registriertes Binnensportfahrzeug auf der Donau verkehren?<\/td>\n<\/tr>\n<tr>\n<td width=\"59\">&nbsp;<\/td>\n<td width=\"437\">ist kompatibel mit AT<\/td>\n<td width=\"140\">&nbsp;<\/td>\n<\/tr>\n<\/tbody>\n<\/table>\n<p>&nbsp;<\/p>\n<table>\n<tbody>\n<tr>\n<td colspan=\"3\" width=\"618\">2.3\u00a0\u00a0\u00a0\u00a0\u00a0\u00a0\u00a0\u00a0\u00a0\u00a0\u00a0\u00a0 Wird ein Funkzeugnis gefordert?<\/td>\n<\/tr>\n<tr>\n<td width=\"60\">&nbsp;<\/td>\n<td width=\"445\">ist kompatibel mit AT<\/td>\n<td width=\"113\">&nbsp;<\/td>\n<\/tr>\n<\/tbody>\n<\/table>\n<p>&nbsp;<\/p>\n<ol start=\"3\">\n<li><strong>Seesportfahrzeuge mit mehr als 20 m L\u00e4nge aber nicht l\u00e4nger als 24 m auf der Donau<\/strong><\/li>\n<\/ol>\n<table>\n<tbody>\n<tr>\n<td colspan=\"3\" width=\"618\">3.1\u00a0\u00a0\u00a0\u00a0\u00a0\u00a0 Mit welchem Zeugnis kann ein Seesportfahrzeug mit einer L\u00e4nge zwischen 20\u201124 m auf der Donau gef\u00fchrt werden?<\/td>\n<\/tr>\n<tr>\n<td width=\"60\">&nbsp;<\/td>\n<td width=\"445\">ist kompatibel mit AT<\/td>\n<td width=\"113\">&nbsp;<\/td>\n<\/tr>\n<\/tbody>\n<\/table>\n<p>&nbsp;<\/p>\n<table>\n<tbody>\n<tr>\n<td colspan=\"3\" width=\"618\">3.2\u00a0\u00a0\u00a0\u00a0\u00a0\u00a0 Mit welchem Dokument darf ein im Ausland registriertes Seesportfahrzeug mit einer L\u00e4nge zwischen 20-24 m auf der Donau verkehren?<\/td>\n<\/tr>\n<tr>\n<td width=\"60\">&nbsp;<\/td>\n<td width=\"445\">ist kompatibel mit AT aber nicht vor\u00fcbergehend sondern unbegrenzt<\/td>\n<td width=\"113\">&nbsp;<\/td>\n<\/tr>\n<\/tbody>\n<\/table>\n<p>&nbsp;<\/p>\n<ol start=\"4\">\n<li><strong>Wird ein Schiffszeugnis f\u00fcr die Inbetriebnahmen folgender Sportfahrzeuge ben\u00f6tigt? <\/strong><\/li>\n<\/ol>\n<table>\n<tbody>\n<tr>\n<td colspan=\"3\" width=\"618\">\u00b7\u00a0\u00a0\u00a0 Ruderfahrzeuge und andere muskelbetriebene Kleinfahrzeuge (z.B. Kanus, KaJaks, Tretboote)<\/td>\n<\/tr>\n<tr>\n<td width=\"60\">&nbsp;<\/td>\n<td width=\"445\">Nein<\/td>\n<td width=\"113\">&nbsp;<\/td>\n<\/tr>\n<\/tbody>\n<\/table>\n<p>&nbsp;<\/p>\n<table>\n<tbody>\n<tr>\n<td colspan=\"3\" width=\"618\">\u00b7\u00a0\u00a0\u00a0 Segelfahrzeuge<\/td>\n<\/tr>\n<tr>\n<td width=\"60\">&nbsp;<\/td>\n<td width=\"445\">Mehr als 12 m<sup>2<\/sup> Takelagefl\u00e4che<\/td>\n<td width=\"113\">&nbsp;<\/td>\n<\/tr>\n<\/tbody>\n<\/table>\n<p>&nbsp;<\/p>\n<table>\n<tbody>\n<tr>\n<td colspan=\"3\" width=\"618\">\u00b7\u00a0\u00a0\u00a0 Surfboards, Kite-Surfboards<\/td>\n<\/tr>\n<tr>\n<td width=\"60\">&nbsp;<\/td>\n<td width=\"445\">Nein<\/td>\n<td width=\"113\">&nbsp;<\/td>\n<\/tr>\n<\/tbody>\n<\/table>\n<p>&nbsp;<\/p>\n<table>\n<tbody>\n<tr>\n<td colspan=\"3\" width=\"618\">\u00b7\u00a0\u00a0\u00a0 Elektrofahrzeuge<\/td>\n<\/tr>\n<tr>\n<td width=\"60\">&nbsp;<\/td>\n<td width=\"445\">Antriebsleistung von weniger als 4 kW: Nein. Andere Elektrofahrzeuge: Ja<\/td>\n<td width=\"113\">&nbsp;<\/td>\n<\/tr>\n<\/tbody>\n<\/table>\n<p>&nbsp;<\/p>\n<table>\n<tbody>\n<tr>\n<td colspan=\"3\" width=\"618\">\u00b7\u00a0\u00a0\u00a0 Motorfahrzeuge mit Verbrennungskraftantrieb<\/td>\n<\/tr>\n<tr>\n<td width=\"60\">&nbsp;<\/td>\n<td width=\"445\">Antriebsleistung von weniger als 4 KW: Nein. Andere Kleinboote\u00a0 mit Verbrennungskraftantrieb : Ja<\/td>\n<td width=\"113\">&nbsp;<\/td>\n<\/tr>\n<\/tbody>\n<\/table>\n<p>&nbsp;<\/p>\n<table>\n<tbody>\n<tr>\n<td colspan=\"3\" width=\"618\">\u00b7\u00a0\u00a0\u00a0 Wassermotorr\u00e4der<\/td>\n<\/tr>\n<tr>\n<td width=\"60\">&nbsp;<\/td>\n<td width=\"445\">Ja<\/td>\n<td width=\"113\">&nbsp;<\/td>\n<\/tr>\n<\/tbody>\n<\/table>\n<p>&nbsp;<\/p>\n<table>\n<tbody>\n<tr>\n<td colspan=\"3\" width=\"618\">\u00b7\u00a0\u00a0\u00a0 Seesportfahrzeuge mit mehr als 20 m L\u00e4nge aber nicht l\u00e4nger als 24 m<\/td>\n<\/tr>\n<tr>\n<td width=\"60\">&nbsp;<\/td>\n<td width=\"445\">in Kompetenz der Maritimbeh\u00f6rde: Ja<\/td>\n<td width=\"113\">&nbsp;<\/td>\n<\/tr>\n<\/tbody>\n<\/table>\n<p>&nbsp;<\/p>\n<ol start=\"5\">\n<li><strong>Sind Wiederholungsuntersuchungen f\u00fcr folgende Sportfahrzeuge erforderlich?<\/strong><\/li>\n<\/ol>\n<table>\n<tbody>\n<tr>\n<td colspan=\"3\" width=\"618\">\u00b7\u00a0\u00a0\u00a0 Ruderfahrzeuge und andere muskelbetriebene Kleinfahrzeuge (z.B. Kanus, KaJaks, Tretboote)<\/td>\n<\/tr>\n<tr>\n<td width=\"60\">&nbsp;<\/td>\n<td width=\"445\">\u00fcber 1000 kg Gesamtgewicht, oder ab 20 M L\u00e4nge: Ja<\/td>\n<td width=\"113\">&nbsp;<\/td>\n<\/tr>\n<\/tbody>\n<\/table>\n<p>&nbsp;<\/p>\n<table>\n<tbody>\n<tr>\n<td colspan=\"3\" width=\"618\">\u00b7\u00a0\u00a0\u00a0 Segelfahrzeuge<\/td>\n<\/tr>\n<tr>\n<td width=\"60\">&nbsp;<\/td>\n<td width=\"445\">Mehr als 12 m <sup>2<\/sup> Takelagefl\u00e4che: Ja<\/td>\n<td width=\"113\">&nbsp;<\/td>\n<\/tr>\n<\/tbody>\n<\/table>\n<p>&nbsp;<\/p>\n<table>\n<tbody>\n<tr>\n<td colspan=\"3\" width=\"618\">\u00b7\u00a0\u00a0\u00a0 Surfboards, Kite-Surfboards<\/td>\n<\/tr>\n<tr>\n<td width=\"60\">&nbsp;<\/td>\n<td width=\"445\">Nein<\/td>\n<td width=\"113\">&nbsp;<\/td>\n<\/tr>\n<\/tbody>\n<\/table>\n<p>&nbsp;<\/p>\n<table>\n<tbody>\n<tr>\n<td colspan=\"3\" width=\"618\">\u00b7\u00a0\u00a0\u00a0 Elektrofahrzeuge<\/td>\n<\/tr>\n<tr>\n<td width=\"60\">&nbsp;<\/td>\n<td width=\"445\">Antriebsleistung von weniger als 4 kW: Nein. Andere Elektrofahrzeuge: Ja<\/td>\n<td width=\"113\">&nbsp;<\/td>\n<\/tr>\n<\/tbody>\n<\/table>\n<p>&nbsp;<\/p>\n<table>\n<tbody>\n<tr>\n<td colspan=\"3\" width=\"618\">\u00b7\u00a0\u00a0\u00a0 Motorfahrzeuge mit Verbrennungskraftantrieb<\/td>\n<\/tr>\n<tr>\n<td width=\"60\">&nbsp;<\/td>\n<td width=\"445\">Antriebsleistung von weniger als 4 KW: Nein. Andere Kleinboote\u00a0 mit Verbrennungsantrieb : Ja<\/td>\n<td width=\"113\">&nbsp;<\/td>\n<\/tr>\n<\/tbody>\n<\/table>\n<p>&nbsp;<\/p>\n<table>\n<tbody>\n<tr>\n<td colspan=\"3\" width=\"618\">\u00b7\u00a0\u00a0\u00a0 Wassermotorr\u00e4der<\/td>\n<\/tr>\n<tr>\n<td width=\"60\">&nbsp;<\/td>\n<td width=\"445\">Ja<\/td>\n<td width=\"113\">&nbsp;<\/td>\n<\/tr>\n<\/tbody>\n<\/table>\n<p>&nbsp;<\/p>\n<table>\n<tbody>\n<tr>\n<td colspan=\"3\" width=\"618\">\u00b7\u00a0\u00a0\u00a0 Seesportfahrzeuge mit mehr als 20 m L\u00e4nge aber nicht l\u00e4nger als 24 m<\/td>\n<\/tr>\n<tr>\n<td width=\"60\">&nbsp;<\/td>\n<td width=\"445\">Ja<\/td>\n<td width=\"113\">&nbsp;<\/td>\n<\/tr>\n<\/tbody>\n<\/table>\n<p>&nbsp;<\/p>\n<ol start=\"6\">\n<li><strong>Ist f\u00fcr folgende Fahrzeuge ein Schiffsf\u00fchrerzeugnis erforderlich?<\/strong><\/li>\n<\/ol>\n<table>\n<tbody>\n<tr>\n<td colspan=\"3\" width=\"618\">\u00b7\u00a0\u00a0\u00a0 Ruderfahrzeuge und andere muskelbetriebene Kleinfahrzeuge (z.B. Kanus, KaJaks, Tretboote)<\/td>\n<\/tr>\n<tr>\n<td width=\"60\">&nbsp;<\/td>\n<td width=\"445\">Nein<\/td>\n<td width=\"113\">&nbsp;<\/td>\n<\/tr>\n<\/tbody>\n<\/table>\n<p>&nbsp;<\/p>\n<table>\n<tbody>\n<tr>\n<td colspan=\"3\" width=\"618\">\u00b7\u00a0\u00a0\u00a0 Segelfahrzeuge<\/td>\n<\/tr>\n<tr>\n<td width=\"60\">&nbsp;<\/td>\n<td width=\"445\">F\u00fcr Segelboote mit mehr als 12 m<sup>2<\/sup> Takelagefl\u00e4che: JA<\/td>\n<td width=\"113\">&nbsp;<\/td>\n<\/tr>\n<\/tbody>\n<\/table>\n<p>&nbsp;<\/p>\n<table>\n<tbody>\n<tr>\n<td colspan=\"3\" width=\"618\">\u00b7\u00a0\u00a0\u00a0 Surfboards, Kite-Surfboards<\/td>\n<\/tr>\n<tr>\n<td width=\"60\">&nbsp;<\/td>\n<td width=\"445\">Nein<\/td>\n<td width=\"113\">&nbsp;<\/td>\n<\/tr>\n<\/tbody>\n<\/table>\n<p>&nbsp;<\/p>\n<table>\n<tbody>\n<tr>\n<td colspan=\"3\" width=\"634\">\u00b7\u00a0\u00a0\u00a0 Elektrofahrzeuge<\/td>\n<\/tr>\n<tr>\n<td width=\"60\">&nbsp;<\/td>\n<td width=\"445\">Antriebsleistung von weniger als 4 kW: Nein. Andere Elektrofahrzeuge: JA<\/td>\n<td width=\"129\">&nbsp;<\/td>\n<\/tr>\n<\/tbody>\n<\/table>\n<p>&nbsp;<\/p>\n<table>\n<tbody>\n<tr>\n<td colspan=\"3\" width=\"618\">\u00b7\u00a0\u00a0\u00a0 Motorfahrzeuge mit Verbrennungskraftantrieb<\/td>\n<\/tr>\n<tr>\n<td width=\"60\">&nbsp;<\/td>\n<td width=\"445\">Antriebsleistung von weniger als 4 KW: Nein. Andere Kleinboote\u00a0 mit Verbrennungskraftantrieb : JA<\/td>\n<td width=\"113\">&nbsp;<\/td>\n<\/tr>\n<\/tbody>\n<\/table>\n<p>&nbsp;<\/p>\n<table>\n<tbody>\n<tr>\n<td colspan=\"3\" width=\"618\">\u00b7\u00a0\u00a0\u00a0 Wassermotorr\u00e4der<\/td>\n<\/tr>\n<tr>\n<td width=\"60\">&nbsp;<\/td>\n<td width=\"445\">Ja<\/td>\n<td width=\"113\">&nbsp;<\/td>\n<\/tr>\n<\/tbody>\n<\/table>\n<p>&nbsp;<\/p>\n<table>\n<tbody>\n<tr>\n<td colspan=\"3\" width=\"618\">\u00b7\u00a0\u00a0\u00a0 Seesportfahrzeuge mit mehr als 20 m L\u00e4nge aber nicht l\u00e4nger als 24 m<\/td>\n<\/tr>\n<tr>\n<td width=\"60\">&nbsp;<\/td>\n<td width=\"445\">Ja<\/td>\n<td width=\"113\">&nbsp;<\/td>\n<\/tr>\n<\/tbody>\n<\/table>\n<p>&nbsp;<\/p>\n<ol start=\"7\">\n<li><strong>Gibt es eine Einschr\u00e4nkung f\u00fcr den Gebrauch? (Ort, Zeit etc.)<\/strong><\/li>\n<\/ol>\n<table>\n<tbody>\n<tr>\n<td colspan=\"3\" width=\"618\">\u00b7\u00a0\u00a0\u00a0 Ruderfahrzeuge und andere muskelbetriebene Kleinfahrzeuge (z.B. Kanus, KaJaks, Tretboote)<\/td>\n<\/tr>\n<tr>\n<td width=\"60\">&nbsp;<\/td>\n<td width=\"445\">Nein<\/td>\n<td width=\"113\">&nbsp;<\/td>\n<\/tr>\n<\/tbody>\n<\/table>\n<p>&nbsp;<\/p>\n<table>\n<tbody>\n<tr>\n<td colspan=\"3\" width=\"618\">\u00b7\u00a0\u00a0\u00a0 Segelfahrzeuge<\/td>\n<\/tr>\n<tr>\n<td width=\"60\">&nbsp;<\/td>\n<td width=\"445\">Nein<\/td>\n<td width=\"113\">&nbsp;<\/td>\n<\/tr>\n<\/tbody>\n<\/table>\n<p>&nbsp;<\/p>\n<table>\n<tbody>\n<tr>\n<td colspan=\"3\" width=\"618\">\u00b7\u00a0\u00a0\u00a0 Surfboards, Kite-Surfboards<\/td>\n<\/tr>\n<tr>\n<td width=\"60\">&nbsp;<\/td>\n<td width=\"445\">Nein<\/td>\n<td width=\"113\">&nbsp;<\/td>\n<\/tr>\n<\/tbody>\n<\/table>\n<p>&nbsp;<\/p>\n<table>\n<tbody>\n<tr>\n<td colspan=\"3\" width=\"618\">\u00b7\u00a0\u00a0\u00a0 Elektrofahrzeuge<\/td>\n<\/tr>\n<tr>\n<td width=\"60\">&nbsp;<\/td>\n<td width=\"445\">Nein<\/td>\n<td width=\"113\">&nbsp;<\/td>\n<\/tr>\n<\/tbody>\n<\/table>\n<p>&nbsp;<\/p>\n<table>\n<tbody>\n<tr>\n<td colspan=\"3\" width=\"618\">\u00b7\u00a0\u00a0\u00a0 Motorfahrzeuge mit Verbrennungskraftantrieb<\/td>\n<\/tr>\n<tr>\n<td width=\"60\">&nbsp;<\/td>\n<td width=\"445\">Nein, ausgenommen mit Schifffahrtszeichen verbotene Gebiete<\/td>\n<td width=\"113\">&nbsp;<\/td>\n<\/tr>\n<\/tbody>\n<\/table>\n<p>&nbsp;<\/p>\n<table>\n<tbody>\n<tr>\n<td colspan=\"3\" width=\"618\">\u00b7\u00a0\u00a0\u00a0 Wassermotorr\u00e4der<\/td>\n<\/tr>\n<tr>\n<td width=\"60\">&nbsp;<\/td>\n<td width=\"445\">Nein, ausgenommen mit Schifffahrtszeichen verbotene Gebiete<\/td>\n<td width=\"113\">&nbsp;<\/td>\n<\/tr>\n<\/tbody>\n<\/table>\n<p>&nbsp;<\/p>\n<table>\n<tbody>\n<tr>\n<td colspan=\"3\" width=\"618\">\u00b7\u00a0\u00a0\u00a0 Seesportfahrzeuge mit mehr als 20 m L\u00e4nge aber nicht l\u00e4nger als 24 m<\/td>\n<\/tr>\n<tr>\n<td width=\"60\">&nbsp;<\/td>\n<td width=\"445\">Nein<\/td>\n<td width=\"113\">&nbsp;<\/td>\n<\/tr>\n<\/tbody>\n<\/table>\n<p>&nbsp;<\/p>\n<ol start=\"8\">\n<li><strong>Welche internationalen Regelungen werden akzeptiert (UN, EU, DK\u2026etc.)?<\/strong><\/li>\n<\/ol>\n<table>\n<tbody>\n<tr>\n<td width=\"60\">&nbsp;<\/td>\n<td width=\"445\">\u00dcbereinstimmung mit AT und RO<\/td>\n<td width=\"113\">&nbsp;<\/td>\n<\/tr>\n<\/tbody>\n<\/table>\n<p>&nbsp;<\/p>\n<ol start=\"9\">\n<li><strong>Gibt es f\u00fcr Sportfahrzeuge eine Flaggenf\u00fchrungspflicht?<\/strong><\/li>\n<\/ol>\n<table>\n<tbody>\n<tr>\n<td width=\"60\">&nbsp;<\/td>\n<td width=\"445\">Ja, f\u00fcr alle registrierungspflichtigen Sportfahrzeuge, nur bei Tag<\/td>\n<td width=\"113\">&nbsp;<\/td>\n<\/tr>\n<\/tbody>\n<\/table>\n<p>&nbsp;<\/p>\n<ol start=\"10\">\n<li><strong>M\u00fcssen Sportfahrzeuge eine bestimmte Kennzeichnung haben?<\/strong><\/li>\n<\/ol>\n<table>\n<tbody>\n<tr>\n<td width=\"60\">&nbsp;<\/td>\n<td width=\"445\">Ja<\/td>\n<td width=\"113\">&nbsp;<\/td>\n<\/tr>\n<\/tbody>\n<\/table>\n<p>&nbsp;<\/p>\n<ol start=\"11\">\n<li><strong>Besteht f\u00fcr Sportfahrzeuge eine Versicherungspflicht?<\/strong><\/li>\n<\/ol>\n<table width=\"0\">\n<tbody>\n<tr>\n<td width=\"60\">&nbsp;<\/td>\n<td width=\"445\">Ja, f\u00fcr alle registrierungspflichtigen Sportfahrzeuge<\/td>\n<td width=\"123\">&nbsp;<\/td>\n<\/tr>\n<\/tbody>\n<\/table>\n<p>&nbsp;<\/p>\n<ol start=\"12\">\n<li><strong>\u00dcber welche Bootsausr\u00fcstung m\u00fcssen Sportfahrzeuge verf\u00fcgen?<\/strong><\/li>\n<\/ol>\n<table width=\"0\">\n<tbody>\n<tr>\n<td width=\"60\">&nbsp;<\/td>\n<td width=\"445\">An Bord von Sportfahrzeugen, die unter die Kategorie \u201eKleine Schwimmk\u00f6rper\u201c fallen, muss sich folgende Mindestausr\u00fcstung befinden:<\/p>\n<p>1.\u00a0\u00a0\u00a0\u00a0\u00a0 Anker- und Verheftausr\u00fcstung:<\/p>\n<p>a)\u00a0\u00a0 Wenn L\u22647m: 20 m Ankerleine oder Ankerkette mit Ankergewicht L x 1 kg.<\/p>\n<p>Wenn L\u22657m, 1. Ankergewicht L x 1kg, 2. Ankergewicht min. L x 0,5 kg<\/p>\n<p>b)\u00a0\u00a0 2 Festmachleinen 15 m L\u00e4nge, wenn L\u22647m, 3 Festmacherleinen 15 m L\u00e4nge, wenn L\u22657M<\/p>\n<p>c)\u00a0\u00a0 1 Paddel, 1 Bootshaken,<\/p>\n<p>2.\u00a0\u00a0\u00a0\u00a0\u00a0 Feuerl\u00f6schausr\u00fcstung: Tragbare L\u00f6schger\u00e4te in allen R\u00e4umen auf H\u00e4ngekonsolen griffbereit<\/p>\n<p>3.\u00a0\u00a0\u00a0\u00a0\u00a0 Rettungsring mit Leine, Schwimmwesten in ausreichender Zahl, und eine Erste-Hilfe-Ausr\u00fcstung<\/td>\n<td width=\"123\">&nbsp;<\/td>\n<\/tr>\n<\/tbody>\n<\/table>\n<p>&nbsp;<\/p>\n","protected":false},"excerpt":{"rendered":"<p>L\u00e4nge von Sportfahrzeugen 1.1\u00a0\u00a0\u00a0\u00a0\u00a0\u00a0\u00a0\u00a0\u00a0\u00a0\u00a0\u00a0 Wie ist die L\u00e4nge von Sportfahrzeugen in Ihrem Verantwortungsbereich definiert und beschreiben Sie das Messverfahren? &nbsp;<\/p>\n","protected":false},"author":1,"featured_media":0,"parent":4294,"menu_order":0,"comment_status":"closed","ping_status":"closed","template":"","meta":{"_seopress_robots_primary_cat":"","_seopress_titles_title":"","_seopress_titles_desc":"","_seopress_robots_index":"","colormag_page_container_layout":"default_layout","colormag_page_sidebar_layout":"default_layout","footnotes":""},"class_list":["post-4333","page","type-page","status-publish","hentry"],"_links":{"self":[{"href":"https:\/\/www.danubecommission.org\/dc\/wp-json\/wp\/v2\/pages\/4333","targetHints":{"allow":["GET"]}}],"collection":[{"href":"https:\/\/www.danubecommission.org\/dc\/wp-json\/wp\/v2\/pages"}],"about":[{"href":"https:\/\/www.danubecommission.org\/dc\/wp-json\/wp\/v2\/types\/page"}],"author":[{"embeddable":true,"href":"https:\/\/www.danubecommission.org\/dc\/wp-json\/wp\/v2\/users\/1"}],"replies":[{"embeddable":true,"href":"https:\/\/www.danubecommission.org\/dc\/wp-json\/wp\/v2\/comments?post=4333"}],"version-history":[{"count":0,"href":"https:\/\/www.danubecommission.org\/dc\/wp-json\/wp\/v2\/pages\/4333\/revisions"}],"up":[{"embeddable":true,"href":"https:\/\/www.danubecommission.org\/dc\/wp-json\/wp\/v2\/pages\/4294"}],"wp:attachment":[{"href":"https:\/\/www.danubecommission.org\/dc\/wp-json\/wp\/v2\/media?parent=4333"}],"curies":[{"name":"wp","href":"https:\/\/api.w.org\/{rel}","templated":true}]}}