{"id":435,"date":"2016-11-28T12:43:44","date_gmt":"2016-11-28T12:43:44","guid":{"rendered":"http:\/\/www.danubecommission.org\/dc\/?page_id=435"},"modified":"2025-11-06T11:31:26","modified_gmt":"2025-11-06T10:31:26","slug":"direction-de-la-commission-du-danube","status":"publish","type":"page","link":"https:\/\/www.danubecommission.org\/dc\/fr\/commission-du-danube\/direction-de-la-commission-du-danube\/","title":{"rendered":"Direction de la Commission du Danube"},"content":{"rendered":"<table class=\"border-none\" cellspacing=\"10\" cellpadding=\"10\">\n<tbody>\n<tr>\n<td width=\"230\"><img alt=\"\" loading=\"lazy\" decoding=\"async\" class=\"alignnone wp-image-14059 size-full\" src=\"https:\/\/www.danubecommission.org\/dc\/wp-content\/uploads\/2024\/06\/Christo_POLENDAKOV.jpg\" alt=\"\" width=\"200\" height=\"200\" srcset=\"https:\/\/www.danubecommission.org\/dc\/wp-content\/uploads\/2024\/06\/Christo_POLENDAKOV.jpg 200w, https:\/\/www.danubecommission.org\/dc\/wp-content\/uploads\/2024\/06\/Christo_POLENDAKOV-150x150.jpg 150w\" sizes=\"auto, (max-width: 200px) 100vw, 200px\" \/><\/td>\n<td><strong>Pr\u00e9sident<\/strong><\/p>\n<p>Son Excellence Christo POLENDAKOV<\/p>\n<p>Ambassadeur de la R\u00e9publique de Bulgarie en Hongrie<\/td>\n<\/tr>\n<tr>\n<td width=\"230\"><img alt=\"\" loading=\"lazy\" decoding=\"async\" class=\"alignnone size-full wp-image-16000\" src=\"https:\/\/www.danubecommission.org\/dc\/wp-content\/uploads\/2025\/11\/pavol_pavlis_200.jpg\" alt=\"\" width=\"200\" height=\"200\" srcset=\"https:\/\/www.danubecommission.org\/dc\/wp-content\/uploads\/2025\/11\/pavol_pavlis_200.jpg 200w, https:\/\/www.danubecommission.org\/dc\/wp-content\/uploads\/2025\/11\/pavol_pavlis_200-150x150.jpg 150w\" sizes=\"auto, (max-width: 200px) 100vw, 200px\" \/><\/td>\n<td><strong>Vice-pr\u00e9sident<\/strong><\/p>\n<p>Son Excellence Pavol PAVLIS<\/p>\n<p>Ambassadeur de la R\u00e9publique slovaque en Hongrie<\/td>\n<\/tr>\n<tr>\n<td width=\"230\"><img alt=\"\" loading=\"lazy\" decoding=\"async\" class=\"alignnone wp-image-14061 size-full\" src=\"https:\/\/www.danubecommission.org\/dc\/wp-content\/uploads\/2024\/06\/Mladen_ANDRLIC-1.jpg\" alt=\"\" width=\"200\" height=\"200\" srcset=\"https:\/\/www.danubecommission.org\/dc\/wp-content\/uploads\/2024\/06\/Mladen_ANDRLIC-1.jpg 200w, https:\/\/www.danubecommission.org\/dc\/wp-content\/uploads\/2024\/06\/Mladen_ANDRLIC-1-150x150.jpg 150w\" sizes=\"auto, (max-width: 200px) 100vw, 200px\" \/><\/td>\n<td><strong>Secr\u00e9taire<\/strong><\/p>\n<p>Son Excellence Mladen ANDRLI\u0106<\/p>\n<p>Ambassadeur de la R\u00e9publique de Croatie en Hongrie<\/td>\n<\/tr>\n<\/tbody>\n<\/table>\n<div><\/div>\n<ul>\n<li id=\"spacer\"><a href=\"https:\/\/danubecommission.org\/extranet\/e-archive\/Presidents%20FR.pdf\" target=\"_blank\" rel=\"noopener\">Pr\u00e9sidents de la Commission du Danube<\/a><\/li>\n<li><a href=\"https:\/\/danubecommission.org\/extranet\/e-archive\/Director%20FR%20foto.pdf\" target=\"_blank\" rel=\"noopener\">Chefs du Secr\u00e9tariat de la Commission du Danube<\/a><\/li>\n<\/ul>\n","protected":false},"excerpt":{"rendered":"<p>Pr\u00e9sident Son Excellence Christo POLENDAKOV Ambassadeur de la R\u00e9publique de Bulgarie en Hongrie Vice-pr\u00e9sident Son Excellence Pavol PAVLIS Ambassadeur de<\/p>\n","protected":false},"author":1,"featured_media":0,"parent":248,"menu_order":0,"comment_status":"closed","ping_status":"closed","template":"","meta":{"_seopress_robots_primary_cat":"","_seopress_titles_title":"","_seopress_titles_desc":"","_seopress_robots_index":"","colormag_page_container_layout":"default_layout","colormag_page_sidebar_layout":"default_layout","footnotes":""},"class_list":["post-435","page","type-page","status-publish","hentry"],"_links":{"self":[{"href":"https:\/\/www.danubecommission.org\/dc\/wp-json\/wp\/v2\/pages\/435","targetHints":{"allow":["GET"]}}],"collection":[{"href":"https:\/\/www.danubecommission.org\/dc\/wp-json\/wp\/v2\/pages"}],"about":[{"href":"https:\/\/www.danubecommission.org\/dc\/wp-json\/wp\/v2\/types\/page"}],"author":[{"embeddable":true,"href":"https:\/\/www.danubecommission.org\/dc\/wp-json\/wp\/v2\/users\/1"}],"replies":[{"embeddable":true,"href":"https:\/\/www.danubecommission.org\/dc\/wp-json\/wp\/v2\/comments?post=435"}],"version-history":[{"count":1,"href":"https:\/\/www.danubecommission.org\/dc\/wp-json\/wp\/v2\/pages\/435\/revisions"}],"predecessor-version":[{"id":16003,"href":"https:\/\/www.danubecommission.org\/dc\/wp-json\/wp\/v2\/pages\/435\/revisions\/16003"}],"up":[{"embeddable":true,"href":"https:\/\/www.danubecommission.org\/dc\/wp-json\/wp\/v2\/pages\/248"}],"wp:attachment":[{"href":"https:\/\/www.danubecommission.org\/dc\/wp-json\/wp\/v2\/media?parent=435"}],"curies":[{"name":"wp","href":"https:\/\/api.w.org\/{rel}","templated":true}]}}