{"id":4359,"date":"2018-10-05T08:11:20","date_gmt":"2018-10-05T07:11:20","guid":{"rendered":"http:\/\/www.danubecommission.org\/dc\/?page_id=4359"},"modified":"2018-10-05T08:11:20","modified_gmt":"2018-10-05T07:11:20","slug":"roumanie","status":"publish","type":"page","link":"https:\/\/www.danubecommission.org\/dc\/fr\/navigation-danubienne\/information-synthetique-au-sujet-des-conditions-de-navigation-des-bateaux-dune-longueur-inferieure-a-20-m-sur-les-secteurs-nationaux-de-danube-en-ce-qui-concerne-leur-admission-a-la-navigatio\/roumanie\/","title":{"rendered":"Roumanie"},"content":{"rendered":"<ol>\n<li><strong>Longueur des bateaux sportifs<\/strong><\/li>\n<\/ol>\n<table>\n<tbody>\n<tr>\n<td colspan=\"3\" width=\"533\">1.1\u00a0\u00a0\u00a0\u00a0\u00a0\u00a0\u00a0\u00a0 Quelle est la longueur des bateaux sportifs \u00e9tablie dans votre sph\u00e8re de comp\u00e9tence\u00a0? D\u00e9crivez \u00e9galement la proc\u00e9dure de mesure.<\/td>\n<\/tr>\n<tr>\n<td width=\"47\">&nbsp;<\/td>\n<td width=\"378\">Selon l\u2019ordre 534\/2007, une longueur de 2,5 m \u00e0 24 m.<\/td>\n<td width=\"108\">&nbsp;<\/td>\n<\/tr>\n<\/tbody>\n<\/table>\n<p>&nbsp;<\/p>\n<table>\n<tbody>\n<tr>\n<td colspan=\"3\" width=\"533\">1.2\u00a0\u00a0\u00a0\u00a0\u00a0\u00a0\u00a0\u00a0 Quelle est la d\u00e9finition pour les bateaux sportifs sur les voies navigables int\u00e9rieures et les voies navigables \u00e0 caract\u00e8re maritime stipul\u00e9e dans votre sph\u00e8re de comp\u00e9tence\u00a0?<\/td>\n<\/tr>\n<tr>\n<td width=\"47\">&nbsp;<\/td>\n<td width=\"378\">Bateau sportif \u2013 tout bateau, propuls\u00e9 par moteur et\/ou \u00e0 voile, avec le corps d\u2019une longueur de 2,5 m \u00e0 24 m mesur\u00e9e selon les normes harmonis\u00e9es applicables, qui ne porte pas de marchandises et il est utilis\u00e9 exclusivement pour les sports et les plaisirs.<\/td>\n<td width=\"108\">&nbsp;<\/td>\n<\/tr>\n<\/tbody>\n<\/table>\n<p>&nbsp;<\/p>\n<ol start=\"2\">\n<li><strong>Bateaux sportifs de navigation int\u00e9rieure d\u2019une longueur inf\u00e9rieure \u00e0 20 m et d\u2019une longueur de 20 m ou plus sur le Danube<\/strong><\/li>\n<\/ol>\n<table>\n<tbody>\n<tr>\n<td colspan=\"3\" width=\"533\">2.1\u00a0 Avec quelle attestation de bord peut-on conduire sur le Danube un bateau sportif de navigation int\u00e9rieur ?<\/td>\n<\/tr>\n<tr>\n<td width=\"47\">&nbsp;<\/td>\n<td width=\"378\">Pas de r\u00e9ponse.<\/td>\n<td width=\"108\">&nbsp;<\/td>\n<\/tr>\n<\/tbody>\n<\/table>\n<p>&nbsp;<\/p>\n<table>\n<tbody>\n<tr>\n<td colspan=\"3\" width=\"533\">2.2\u00a0 Avec quel document est permise la circulation d\u2019un bateau sportif de navigation int\u00e9rieure sur le Danube s\u2019il est enregistr\u00e9 \u00e0 l\u2019\u00e9tranger?<\/td>\n<\/tr>\n<tr>\n<td width=\"47\">&nbsp;<\/td>\n<td width=\"378\">Pas de r\u00e9ponse.<\/td>\n<td width=\"108\">&nbsp;<\/td>\n<\/tr>\n<\/tbody>\n<\/table>\n<p>&nbsp;<\/p>\n<table>\n<tbody>\n<tr>\n<td colspan=\"3\" width=\"533\">2.3\u00a0\u00a0 Un certificat d\u2019op\u00e9rateur radio est-il n\u00e9cessaire ?<\/td>\n<\/tr>\n<tr>\n<td width=\"47\">&nbsp;<\/td>\n<td width=\"378\">Pas de r\u00e9ponse.<\/td>\n<td width=\"108\">&nbsp;<\/td>\n<\/tr>\n<\/tbody>\n<\/table>\n<p><strong>\u00a0<\/strong><\/p>\n<ol start=\"3\">\n<li><strong>Bateaux sportifs de mer d\u2019une longueur d\u00e9passant 20 m mais inf\u00e9rieure \u00e0 24 m sur le Danube<\/strong><\/li>\n<\/ol>\n<table>\n<tbody>\n<tr>\n<td colspan=\"3\" width=\"533\">3.1\u00a0\u00a0 Avec quel certificat peut-on conduire sur le Danube un bateau sportif de mer d\u2019une longueur de 20 \u00e0 24 m ?<\/td>\n<\/tr>\n<tr>\n<td width=\"47\">&nbsp;<\/td>\n<td width=\"378\">Certificat international de conducteur de bateau sportif, classe C.<\/td>\n<td width=\"108\">&nbsp;<\/td>\n<\/tr>\n<\/tbody>\n<\/table>\n<p>&nbsp;<\/p>\n<table>\n<tbody>\n<tr>\n<td colspan=\"3\" width=\"533\">3.2\u00a0\u00a0 Avec quel document est permise la circulation d\u2019un bateau sportif de mer d\u2019une longueur de 20 \u00e0 24 m sur le Danube, s\u2019il est enregistr\u00e9 \u00e0 l\u2019\u00e9tranger\u00a0?<\/td>\n<\/tr>\n<tr>\n<td width=\"47\">&nbsp;<\/td>\n<td width=\"378\">Commission \u00e9conomique de l\u2019Europe, Certificat international pour exploitants de bateaux sportifs, R\u00e9solution n<sup>o<\/sup> 40 (ECE\/TRANS\/SC.3\/147\/Rev.4<\/td>\n<td width=\"108\">&nbsp;<\/td>\n<\/tr>\n<\/tbody>\n<\/table>\n<p>&nbsp;<\/p>\n<ol start=\"4\">\n<li><strong>Est-ce qu\u2019une attestation de bord est requise pour la mise en service des bateaux sportifs suivants\u00a0?<\/strong><\/li>\n<\/ol>\n<table>\n<tbody>\n<tr>\n<td colspan=\"3\" width=\"533\">\u00b7\u00a0\u00a0\u00a0\u00a0\u00a0 Canots \u00e0 rames et autres menues embarcations utilisant la force musculaire\u00a0\u00a0\u00a0\u00a0\u00a0 (ex. cano\u00ebs, kayaks, p\u00e9dalos)<\/td>\n<\/tr>\n<tr>\n<td width=\"47\">&nbsp;<\/td>\n<td width=\"378\">NON<\/td>\n<td width=\"108\">&nbsp;<\/td>\n<\/tr>\n<\/tbody>\n<\/table>\n<p>&nbsp;<\/p>\n<table>\n<tbody>\n<tr>\n<td colspan=\"3\" width=\"533\">\u00b7\u00a0\u00a0\u00a0\u00a0\u00a0 Bateaux \u00e0 voiles<\/td>\n<\/tr>\n<tr>\n<td width=\"47\">&nbsp;<\/td>\n<td width=\"378\">OUI<\/td>\n<td width=\"108\">&nbsp;<\/td>\n<\/tr>\n<\/tbody>\n<\/table>\n<p>&nbsp;<\/p>\n<table>\n<tbody>\n<tr>\n<td colspan=\"3\" width=\"533\">\u00b7\u00a0\u00a0\u00a0\u00a0\u00a0 Planches \u00e0 voile, planches pour le <em>KITE-SURFING<\/em><\/td>\n<\/tr>\n<tr>\n<td width=\"47\">&nbsp;<\/td>\n<td width=\"378\">NON<\/td>\n<td width=\"108\">&nbsp;<\/td>\n<\/tr>\n<\/tbody>\n<\/table>\n<p>&nbsp;<\/p>\n<table>\n<tbody>\n<tr>\n<td colspan=\"3\" width=\"533\">\u00b7\u00a0\u00a0\u00a0\u00a0\u00a0 Moyens de transport \u00e0 moteur \u00e9lectrique<\/td>\n<\/tr>\n<tr>\n<td width=\"47\">&nbsp;<\/td>\n<td width=\"378\">OUI<\/td>\n<td width=\"108\">&nbsp;<\/td>\n<\/tr>\n<\/tbody>\n<\/table>\n<p>&nbsp;<\/p>\n<table>\n<tbody>\n<tr>\n<td colspan=\"3\" width=\"533\">\u00b7\u00a0\u00a0\u00a0\u00a0\u00a0 Bateaux motoris\u00e9s avec moteur \u00e0 combustion interne<\/td>\n<\/tr>\n<tr>\n<td width=\"47\">&nbsp;<\/td>\n<td width=\"378\">OUI<\/td>\n<td width=\"108\">&nbsp;<\/td>\n<\/tr>\n<\/tbody>\n<\/table>\n<p>&nbsp;<\/p>\n<table>\n<tbody>\n<tr>\n<td colspan=\"3\" width=\"533\">\u00b7\u00a0\u00a0\u00a0\u00a0\u00a0 Jet skis<\/td>\n<\/tr>\n<tr>\n<td width=\"47\">&nbsp;<\/td>\n<td width=\"378\">OUI<\/td>\n<td width=\"108\">&nbsp;<\/td>\n<\/tr>\n<\/tbody>\n<\/table>\n<p>&nbsp;<\/p>\n<table>\n<tbody>\n<tr>\n<td colspan=\"3\" width=\"533\">\u00b7\u00a0\u00a0\u00a0\u00a0\u00a0 Bateaux sportifs de mer d\u2019une longueur d\u00e9passant 20 m mais inf\u00e9rieure \u00e0 24 m<\/td>\n<\/tr>\n<tr>\n<td width=\"47\">&nbsp;<\/td>\n<td width=\"378\">OUI<\/td>\n<td width=\"108\">&nbsp;<\/td>\n<\/tr>\n<\/tbody>\n<\/table>\n<p>&nbsp;<\/p>\n<ol start=\"5\">\n<li><strong>Des visites ult\u00e9rieures du bateau sont-elles requises\u00a0?<\/strong><\/li>\n<\/ol>\n<table>\n<tbody>\n<tr>\n<td colspan=\"3\" width=\"533\">\u00b7\u00a0\u00a0\u00a0\u00a0\u00a0 Canots \u00e0 rames et autres menues embarcations utilisant la force musculaire (ex. cano\u00ebs, kayaks, p\u00e9dalos)<\/td>\n<\/tr>\n<tr>\n<td width=\"47\">&nbsp;<\/td>\n<td width=\"378\">NON<\/td>\n<td width=\"108\">&nbsp;<\/td>\n<\/tr>\n<\/tbody>\n<\/table>\n<p>&nbsp;<\/p>\n<table>\n<tbody>\n<tr>\n<td colspan=\"3\" width=\"533\">\u00b7\u00a0\u00a0\u00a0\u00a0\u00a0 Bateaux \u00e0 voiles<\/td>\n<\/tr>\n<tr>\n<td width=\"47\">&nbsp;<\/td>\n<td width=\"378\">OUI<\/td>\n<td width=\"108\">&nbsp;<\/td>\n<\/tr>\n<\/tbody>\n<\/table>\n<p>&nbsp;<\/p>\n<table>\n<tbody>\n<tr>\n<td colspan=\"3\" width=\"533\">\u00b7\u00a0\u00a0\u00a0\u00a0\u00a0 Planches \u00e0 voile, planches pour le <em>KITE-SURFING<\/em><\/td>\n<\/tr>\n<tr>\n<td width=\"47\">&nbsp;<\/td>\n<td width=\"378\">NON<\/td>\n<td width=\"108\">&nbsp;<\/td>\n<\/tr>\n<\/tbody>\n<\/table>\n<p>&nbsp;<\/p>\n<table>\n<tbody>\n<tr>\n<td colspan=\"3\" width=\"533\">\u00b7\u00a0\u00a0\u00a0\u00a0\u00a0 Moyens de transport \u00e0 moteur \u00e9lectrique<\/td>\n<\/tr>\n<tr>\n<td width=\"47\">&nbsp;<\/td>\n<td width=\"378\">OUI<\/p>\n<p>&nbsp;<\/td>\n<td width=\"108\">&nbsp;<\/td>\n<\/tr>\n<\/tbody>\n<\/table>\n<p>&nbsp;<\/p>\n<table>\n<tbody>\n<tr>\n<td colspan=\"3\" width=\"533\">\u00b7\u00a0\u00a0\u00a0\u00a0\u00a0 Bateaux motoris\u00e9s avec moteur \u00e0 combustion interne<\/td>\n<\/tr>\n<tr>\n<td width=\"47\">&nbsp;<\/td>\n<td width=\"378\">OUI<\/td>\n<td width=\"108\">&nbsp;<\/td>\n<\/tr>\n<\/tbody>\n<\/table>\n<p>&nbsp;<\/p>\n<table>\n<tbody>\n<tr>\n<td colspan=\"3\" width=\"533\">\u00b7\u00a0\u00a0\u00a0\u00a0\u00a0 Jet skis<\/td>\n<\/tr>\n<tr>\n<td width=\"47\">&nbsp;<\/td>\n<td width=\"378\">OUI<\/td>\n<td width=\"108\">&nbsp;<\/td>\n<\/tr>\n<\/tbody>\n<\/table>\n<p>&nbsp;<\/p>\n<table>\n<tbody>\n<tr>\n<td colspan=\"3\" width=\"533\">\u00b7\u00a0\u00a0\u00a0\u00a0\u00a0 Bateaux sportifs de mer d\u2019une longueur d\u00e9passant 20 m mais inf\u00e9rieure \u00e0 24 m<\/td>\n<\/tr>\n<tr>\n<td width=\"47\">&nbsp;<\/td>\n<td width=\"378\">OUI<\/td>\n<td width=\"108\">&nbsp;<\/td>\n<\/tr>\n<\/tbody>\n<\/table>\n<p>&nbsp;<\/p>\n<ol start=\"6\">\n<li><strong> Un certificat de conducteur de bateau est-il requis pour les bateaux suivants\u00a0?<\/strong><\/li>\n<\/ol>\n<table>\n<tbody>\n<tr>\n<td colspan=\"3\" width=\"533\">\u00b7\u00a0\u00a0\u00a0\u00a0\u00a0 Canots \u00e0 rames et autres menues embarcations utilisant la force musculaire (ex. cano\u00ebs, kayaks, p\u00e9dalos)<\/td>\n<\/tr>\n<tr>\n<td width=\"47\">&nbsp;<\/td>\n<td width=\"378\">NON<\/td>\n<td width=\"108\">&nbsp;<\/td>\n<\/tr>\n<\/tbody>\n<\/table>\n<p>&nbsp;<\/p>\n<table>\n<tbody>\n<tr>\n<td colspan=\"3\" width=\"533\">\u00b7\u00a0\u00a0\u00a0\u00a0\u00a0 Bateaux \u00e0 voiles<\/td>\n<\/tr>\n<tr>\n<td width=\"47\">&nbsp;<\/td>\n<td width=\"378\">OUI<\/td>\n<td width=\"108\">&nbsp;<\/td>\n<\/tr>\n<\/tbody>\n<\/table>\n<p>&nbsp;<\/p>\n<table>\n<tbody>\n<tr>\n<td colspan=\"3\" width=\"533\">\u00b7\u00a0\u00a0\u00a0\u00a0\u00a0 Planches \u00e0 voile, planches pour le <em>KITE-SURFING<\/em><\/td>\n<\/tr>\n<tr>\n<td width=\"47\">&nbsp;<\/td>\n<td width=\"378\">NON<\/td>\n<td width=\"108\">&nbsp;<\/td>\n<\/tr>\n<\/tbody>\n<\/table>\n<p>&nbsp;<\/p>\n<table>\n<tbody>\n<tr>\n<td colspan=\"3\" width=\"533\">\u00b7\u00a0\u00a0\u00a0\u00a0\u00a0 Moyens de transport \u00e0 moteur \u00e9lectrique<\/td>\n<\/tr>\n<tr>\n<td width=\"47\">&nbsp;<\/td>\n<td width=\"378\">OUI<\/td>\n<td width=\"108\">&nbsp;<\/td>\n<\/tr>\n<\/tbody>\n<\/table>\n<p>&nbsp;<\/p>\n<table>\n<tbody>\n<tr>\n<td colspan=\"3\" width=\"533\">\u00b7\u00a0\u00a0\u00a0\u00a0\u00a0 Bateaux motoris\u00e9s avec moteur \u00e0 combustion interne<\/td>\n<\/tr>\n<tr>\n<td width=\"47\">&nbsp;<\/td>\n<td width=\"378\">OUI<\/td>\n<td width=\"108\">&nbsp;<\/td>\n<\/tr>\n<\/tbody>\n<\/table>\n<p>&nbsp;<\/p>\n<table>\n<tbody>\n<tr>\n<td colspan=\"3\" width=\"533\">\u00b7\u00a0\u00a0\u00a0\u00a0\u00a0 Jet skis<\/td>\n<\/tr>\n<tr>\n<td width=\"47\">&nbsp;<\/td>\n<td width=\"378\">OUI<\/td>\n<td width=\"108\">&nbsp;<\/td>\n<\/tr>\n<\/tbody>\n<\/table>\n<p>&nbsp;<\/p>\n<table>\n<tbody>\n<tr>\n<td colspan=\"3\" width=\"533\">\u00b7\u00a0\u00a0\u00a0\u00a0\u00a0 Bateaux sportifs de mer d\u2019une longueur d\u00e9passant 20 m mais inf\u00e9rieure \u00e0 24 m<\/td>\n<\/tr>\n<tr>\n<td width=\"47\">&nbsp;<\/td>\n<td width=\"378\">OUI<\/td>\n<td width=\"108\">&nbsp;<\/td>\n<\/tr>\n<\/tbody>\n<\/table>\n<p><strong>\u00a0<\/strong><\/p>\n<ol start=\"7\">\n<li><strong> Est-ce qu\u2019il existe des restrictions pour l\u2019utilisation des bateaux suivants\u00a0? (lieu, p\u00e9riode, etc.) <\/strong><\/li>\n<\/ol>\n<table>\n<tbody>\n<tr>\n<td colspan=\"3\" width=\"533\">\u00b7\u00a0\u00a0\u00a0\u00a0\u00a0 Canots \u00e0 rames et autres menues embarcations utilisant la force musculaire (ex. cano\u00ebs, kayaks, p\u00e9dalos)<\/td>\n<\/tr>\n<tr>\n<td width=\"47\">&nbsp;<\/td>\n<td width=\"378\">NON<\/td>\n<td width=\"108\">&nbsp;<\/td>\n<\/tr>\n<\/tbody>\n<\/table>\n<p>&nbsp;<\/p>\n<table>\n<tbody>\n<tr>\n<td colspan=\"3\" width=\"533\">\u00b7\u00a0\u00a0\u00a0\u00a0\u00a0 Bateaux \u00e0 voiles<\/td>\n<\/tr>\n<tr>\n<td width=\"47\">&nbsp;<\/td>\n<td width=\"378\">NON<\/td>\n<td width=\"108\">&nbsp;<\/td>\n<\/tr>\n<\/tbody>\n<\/table>\n<p>&nbsp;<\/p>\n<table>\n<tbody>\n<tr>\n<td colspan=\"3\" width=\"533\">\u00b7\u00a0\u00a0\u00a0\u00a0\u00a0 Planches \u00e0 voile, planches pour le <em>KITE-SURFING<\/em><\/td>\n<\/tr>\n<tr>\n<td width=\"47\">&nbsp;<\/td>\n<td width=\"378\">NON<\/td>\n<td width=\"108\">&nbsp;<\/td>\n<\/tr>\n<\/tbody>\n<\/table>\n<p>&nbsp;<\/p>\n<table>\n<tbody>\n<tr>\n<td colspan=\"3\" width=\"533\">\u00b7\u00a0\u00a0\u00a0\u00a0\u00a0 Moyens de transport \u00e0 moteur \u00e9lectrique<\/td>\n<\/tr>\n<tr>\n<td width=\"47\">&nbsp;<\/td>\n<td width=\"378\">NON<\/td>\n<td width=\"108\">&nbsp;<\/td>\n<\/tr>\n<\/tbody>\n<\/table>\n<p>&nbsp;<\/p>\n<table>\n<tbody>\n<tr>\n<td colspan=\"3\" width=\"533\">\u00b7\u00a0\u00a0\u00a0\u00a0\u00a0 Bateaux motoris\u00e9s avec moteur \u00e0 combustion interne<\/td>\n<\/tr>\n<tr>\n<td width=\"47\">&nbsp;<\/td>\n<td width=\"378\">NON<\/td>\n<td width=\"108\">&nbsp;<\/td>\n<\/tr>\n<\/tbody>\n<\/table>\n<p>&nbsp;<\/p>\n<table>\n<tbody>\n<tr>\n<td colspan=\"3\" width=\"533\">\u00b7\u00a0\u00a0\u00a0\u00a0\u00a0 Jet skis<\/td>\n<\/tr>\n<tr>\n<td width=\"47\">&nbsp;<\/td>\n<td width=\"378\">NON<\/td>\n<td width=\"108\">&nbsp;<\/td>\n<\/tr>\n<\/tbody>\n<\/table>\n<p>&nbsp;<\/p>\n<table>\n<tbody>\n<tr>\n<td colspan=\"3\" width=\"533\">\u00b7\u00a0\u00a0\u00a0\u00a0\u00a0 Bateaux sportifs de mer d\u2019une longueur d\u00e9passant 20 m mais inf\u00e9rieure \u00e0 24 m<\/td>\n<\/tr>\n<tr>\n<td width=\"47\">&nbsp;<\/td>\n<td width=\"378\">NON<\/td>\n<td width=\"108\">&nbsp;<\/td>\n<\/tr>\n<\/tbody>\n<\/table>\n<p>&nbsp;<\/p>\n<ol start=\"8\">\n<li><strong> Quels r\u00e8glements internationaux (ONU, UE, CD, etc.) ont \u00e9t\u00e9 accept\u00e9s\u00a0?<\/strong><\/li>\n<\/ol>\n<table>\n<tbody>\n<tr>\n<td width=\"47\">&nbsp;<\/td>\n<td width=\"378\">R\u00e9solution n<sup>o<\/sup> 40 (ECE\/TRANS\/SC.3\/147\/Rev.4)<\/td>\n<td width=\"108\">&nbsp;<\/td>\n<\/tr>\n<\/tbody>\n<\/table>\n<p>&nbsp;<\/p>\n<ol start=\"9\">\n<li><strong> Les bateaux sportifs sont-ils tenus de battre pavillon\u00a0?<\/strong><\/li>\n<\/ol>\n<table>\n<tbody>\n<tr>\n<td width=\"47\">&nbsp;<\/td>\n<td width=\"378\">Pas de r\u00e9ponse.<\/td>\n<td width=\"108\">&nbsp;<\/td>\n<\/tr>\n<\/tbody>\n<\/table>\n<p>&nbsp;<\/p>\n<ol start=\"10\">\n<li><strong> Les bateaux sportifs doivent-ils avoir des marques d\u2019identification <\/strong>?<\/li>\n<\/ol>\n<table>\n<tbody>\n<tr>\n<td width=\"47\">&nbsp;<\/td>\n<td width=\"378\">Pas de r\u00e9ponse.<\/td>\n<td width=\"108\">&nbsp;<\/td>\n<\/tr>\n<\/tbody>\n<\/table>\n<p>&nbsp;<\/p>\n<ol start=\"11\">\n<li><strong> Les bateaux sportifs sont-ils tenus d\u2019\u00eatre assur\u00e9s\u00a0?<\/strong><\/li>\n<\/ol>\n<table>\n<tbody>\n<tr>\n<td width=\"47\">&nbsp;<\/td>\n<td width=\"378\">Pas de r\u00e9ponse.<\/td>\n<td width=\"108\">&nbsp;<\/td>\n<\/tr>\n<\/tbody>\n<\/table>\n<p>&nbsp;<\/p>\n<ol start=\"12\">\n<li><strong> Quel \u00e9quipement doit se trouver \u00e0 bord de bateaux sportifs\u00a0?<\/strong><\/li>\n<\/ol>\n<table>\n<tbody>\n<tr>\n<td width=\"47\">&nbsp;<\/td>\n<td width=\"378\">Pas de r\u00e9ponse.<\/p>\n<p>&nbsp;<\/td>\n<td width=\"108\">&nbsp;<\/td>\n<\/tr>\n<\/tbody>\n<\/table>\n<p>&nbsp;<\/p>\n","protected":false},"excerpt":{"rendered":"<p>Longueur des bateaux sportifs 1.1\u00a0\u00a0\u00a0\u00a0\u00a0\u00a0\u00a0\u00a0 Quelle est la longueur des bateaux sportifs \u00e9tablie dans votre sph\u00e8re de comp\u00e9tence\u00a0? D\u00e9crivez \u00e9galement<\/p>\n","protected":false},"author":1,"featured_media":0,"parent":4297,"menu_order":0,"comment_status":"closed","ping_status":"closed","template":"","meta":{"_seopress_robots_primary_cat":"","_seopress_titles_title":"","_seopress_titles_desc":"","_seopress_robots_index":"","colormag_page_container_layout":"default_layout","colormag_page_sidebar_layout":"default_layout","footnotes":""},"class_list":["post-4359","page","type-page","status-publish","hentry"],"_links":{"self":[{"href":"https:\/\/www.danubecommission.org\/dc\/wp-json\/wp\/v2\/pages\/4359","targetHints":{"allow":["GET"]}}],"collection":[{"href":"https:\/\/www.danubecommission.org\/dc\/wp-json\/wp\/v2\/pages"}],"about":[{"href":"https:\/\/www.danubecommission.org\/dc\/wp-json\/wp\/v2\/types\/page"}],"author":[{"embeddable":true,"href":"https:\/\/www.danubecommission.org\/dc\/wp-json\/wp\/v2\/users\/1"}],"replies":[{"embeddable":true,"href":"https:\/\/www.danubecommission.org\/dc\/wp-json\/wp\/v2\/comments?post=4359"}],"version-history":[{"count":0,"href":"https:\/\/www.danubecommission.org\/dc\/wp-json\/wp\/v2\/pages\/4359\/revisions"}],"up":[{"embeddable":true,"href":"https:\/\/www.danubecommission.org\/dc\/wp-json\/wp\/v2\/pages\/4297"}],"wp:attachment":[{"href":"https:\/\/www.danubecommission.org\/dc\/wp-json\/wp\/v2\/media?parent=4359"}],"curies":[{"name":"wp","href":"https:\/\/api.w.org\/{rel}","templated":true}]}}