{"id":4363,"date":"2018-10-05T08:15:29","date_gmt":"2018-10-05T07:15:29","guid":{"rendered":"http:\/\/www.danubecommission.org\/dc\/?page_id=4363"},"modified":"2018-10-05T08:15:29","modified_gmt":"2018-10-05T07:15:29","slug":"republique-slovaque","status":"publish","type":"page","link":"https:\/\/www.danubecommission.org\/dc\/fr\/navigation-danubienne\/information-synthetique-au-sujet-des-conditions-de-navigation-des-bateaux-dune-longueur-inferieure-a-20-m-sur-les-secteurs-nationaux-de-danube-en-ce-qui-concerne-leur-admission-a-la-navigatio\/republique-slovaque\/","title":{"rendered":"R\u00e9publique Slovaque"},"content":{"rendered":"<ol>\n<li><strong>Longueur des bateaux sportifs<\/strong><\/li>\n<\/ol>\n<table>\n<tbody>\n<tr>\n<td colspan=\"3\" width=\"533\">1.1\u00a0\u00a0\u00a0\u00a0\u00a0\u00a0\u00a0\u00a0 Quelle est la longueur des bateaux sportifs \u00e9tablie dans votre sph\u00e8re de comp\u00e9tence\u00a0? D\u00e9crivez \u00e9galement la proc\u00e9dure de mesure.<\/td>\n<\/tr>\n<tr>\n<td width=\"47\">&nbsp;<\/td>\n<td width=\"378\">La d\u00e9finition est compatible avec l\u2019autrichienne et la roumaine selon la Loi sur la navigation N<sup>o<\/sup> 338\/2000.<\/td>\n<td width=\"108\">&nbsp;<\/td>\n<\/tr>\n<\/tbody>\n<\/table>\n<p>&nbsp;<\/p>\n<table>\n<tbody>\n<tr>\n<td colspan=\"3\" width=\"533\">1.2\u00a0\u00a0\u00a0\u00a0\u00a0\u00a0\u00a0\u00a0 Quelle est la d\u00e9finition pour les bateaux sportifs sur les voies navigables int\u00e9rieures et les voies navigables \u00e0 caract\u00e8re maritime stipul\u00e9e dans votre sph\u00e8re de comp\u00e9tence\u00a0?<\/td>\n<\/tr>\n<tr>\n<td width=\"47\">&nbsp;<\/td>\n<td width=\"378\">\u00ab\u00a0Bateau sportif\u00a0\u00bb\u00a0: moyen de transport destin\u00e9 \u00e0 des fins de sport et de loisir, ayant \u00e0 bord 12 personnes tout au plus. Longueur inf\u00e9rieure \u00e0 24 m.<\/td>\n<td width=\"108\">&nbsp;<\/td>\n<\/tr>\n<\/tbody>\n<\/table>\n<p>&nbsp;<\/p>\n<ol start=\"2\">\n<li><strong>Bateaux sportifs de navigation int\u00e9rieure d\u2019une longueur inf\u00e9rieure \u00e0 20 m et d\u2019une longueur de 20 m ou plus sur le Danube<\/strong><\/li>\n<\/ol>\n<table>\n<tbody>\n<tr>\n<td colspan=\"3\" width=\"533\">2.1\u00a0 Avec quelle attestation de bord peut-on conduire sur le Danube un bateau sportif de navigation int\u00e9rieur ?<\/td>\n<\/tr>\n<tr>\n<td width=\"47\">&nbsp;<\/td>\n<td width=\"378\">Il est possible de conduire des bateaux sportifs poss\u00e9dant le \u00ab\u00a0Certificat international (carte internationale) pour les bateaux de plaisance\u00a0\u00bb selon la R\u00e9solution N<sup>o<\/sup> 13 de la CEE-ONU <em>(International Certificate for Pleasure Craft).<\/em><\/td>\n<td width=\"108\">&nbsp;<\/td>\n<\/tr>\n<\/tbody>\n<\/table>\n<p>&nbsp;<\/p>\n<table>\n<tbody>\n<tr>\n<td colspan=\"3\" width=\"533\">2.2\u00a0 Avec quel document est permise la circulation d\u2019un bateau sportif de navigation int\u00e9rieure sur le Danube s\u2019il est enregistr\u00e9 \u00e0 l\u2019\u00e9tranger?<\/td>\n<\/tr>\n<tr>\n<td width=\"47\">&nbsp;<\/td>\n<td width=\"378\">Les r\u00e8gles sont analogues aux autrichiennes.<\/td>\n<td width=\"108\">&nbsp;<\/td>\n<\/tr>\n<\/tbody>\n<\/table>\n<p>&nbsp;<\/p>\n<table>\n<tbody>\n<tr>\n<td colspan=\"3\" width=\"533\">2.3\u00a0\u00a0 Un certificat d\u2019op\u00e9rateur radio est-il n\u00e9cessaire ?<\/td>\n<\/tr>\n<tr>\n<td width=\"47\">&nbsp;<\/td>\n<td width=\"378\">Les r\u00e8gles sont analogues aux autrichiennes.<\/td>\n<td width=\"108\">&nbsp;<\/td>\n<\/tr>\n<\/tbody>\n<\/table>\n<p><strong>\u00a0<\/strong><\/p>\n<ol start=\"3\">\n<li><strong>Bateaux sportifs de mer d\u2019une longueur d\u00e9passant 20 m mais inf\u00e9rieure \u00e0 24 m sur le Danube<\/strong><\/li>\n<\/ol>\n<table>\n<tbody>\n<tr>\n<td colspan=\"3\" width=\"533\">3.1\u00a0\u00a0 Avec quel certificat peut-on conduire sur le Danube un bateau sportif de mer d\u2019une longueur de 20 \u00e0 24 m ?<\/td>\n<\/tr>\n<tr>\n<td width=\"47\">&nbsp;<\/td>\n<td width=\"378\">Les r\u00e8gles sont analogues aux autrichiennes.<\/td>\n<td width=\"108\">&nbsp;<\/td>\n<\/tr>\n<\/tbody>\n<\/table>\n<p>&nbsp;<\/p>\n<table>\n<tbody>\n<tr>\n<td colspan=\"3\" width=\"533\">3.2\u00a0\u00a0 Avec quel document est permise la circulation d\u2019un bateau sportif de mer d\u2019une longueur de 20 \u00e0 24 m sur le Danube, s\u2019il est enregistr\u00e9 \u00e0 l\u2019\u00e9tranger\u00a0?<\/td>\n<\/tr>\n<tr>\n<td width=\"47\">&nbsp;<\/td>\n<td width=\"378\">Les r\u00e8gles sont analogues aux autrichiennes, toutefois des restrictions relatives \u00e0 la p\u00e9riode d\u2019utilisation font d\u00e9faut.<\/td>\n<td width=\"108\">&nbsp;<\/td>\n<\/tr>\n<\/tbody>\n<\/table>\n<p>&nbsp;<\/p>\n<ol start=\"4\">\n<li><strong>Est-ce qu\u2019une attestation de bord est requise pour la mise en service des bateaux sportifs suivants\u00a0?<\/strong><\/li>\n<\/ol>\n<table>\n<tbody>\n<tr>\n<td colspan=\"3\" width=\"533\">\u00b7\u00a0\u00a0\u00a0\u00a0\u00a0 Canots \u00e0 rames et autres menues embarcations utilisant la force musculaire\u00a0\u00a0\u00a0\u00a0\u00a0 (ex. cano\u00ebs, kayaks, p\u00e9dalos)<\/td>\n<\/tr>\n<tr>\n<td width=\"47\">&nbsp;<\/td>\n<td width=\"378\">NON<\/td>\n<td width=\"108\">&nbsp;<\/td>\n<\/tr>\n<\/tbody>\n<\/table>\n<p>&nbsp;<\/p>\n<table>\n<tbody>\n<tr>\n<td colspan=\"3\" width=\"533\">\u00b7\u00a0\u00a0\u00a0\u00a0\u00a0 Bateaux \u00e0 voiles<\/td>\n<\/tr>\n<tr>\n<td width=\"47\">&nbsp;<\/td>\n<td width=\"378\">Si la surface totale du gr\u00e9ement d\u00e9passe 12 m<sup>2<\/sup>.<\/td>\n<td width=\"108\">&nbsp;<\/td>\n<\/tr>\n<\/tbody>\n<\/table>\n<p>&nbsp;<\/p>\n<table>\n<tbody>\n<tr>\n<td colspan=\"3\" width=\"533\">\u00b7\u00a0\u00a0\u00a0\u00a0\u00a0 Planches \u00e0 voile, planches pour le <em>KITE-SURFING<\/em><\/td>\n<\/tr>\n<tr>\n<td width=\"47\">&nbsp;<\/td>\n<td width=\"378\">NON.<\/td>\n<td width=\"108\">&nbsp;<\/td>\n<\/tr>\n<\/tbody>\n<\/table>\n<p>&nbsp;<\/p>\n<table>\n<tbody>\n<tr>\n<td colspan=\"3\" width=\"533\">\u00b7\u00a0\u00a0\u00a0\u00a0\u00a0 Moyens de transport \u00e0 moteur \u00e9lectrique<\/td>\n<\/tr>\n<tr>\n<td width=\"47\">&nbsp;<\/td>\n<td width=\"378\">Si la puissance du moteur est inf\u00e9rieure \u00e0 4 kW\u00a0: NON.<\/p>\n<p>Autres moyens de transport avec un moteur \u00e9lectrique\u00a0: OUI.<\/td>\n<td width=\"108\">&nbsp;<\/td>\n<\/tr>\n<\/tbody>\n<\/table>\n<p>&nbsp;<\/p>\n<table>\n<tbody>\n<tr>\n<td colspan=\"3\" width=\"533\">\u00b7\u00a0\u00a0\u00a0\u00a0\u00a0 Bateaux motoris\u00e9s avec moteur \u00e0 combustion interne<\/td>\n<\/tr>\n<tr>\n<td width=\"47\">&nbsp;<\/td>\n<td width=\"378\">Si la puissance du moteur est inf\u00e9rieure \u00e0 4 kW\u00a0: NON.<\/p>\n<p>Autres menus canots avec un moteur \u00e0 combustion interne\u00a0: OUI.<\/td>\n<td width=\"108\">&nbsp;<\/td>\n<\/tr>\n<\/tbody>\n<\/table>\n<p>&nbsp;<\/p>\n<table>\n<tbody>\n<tr>\n<td colspan=\"3\" width=\"533\">\u00b7\u00a0\u00a0\u00a0\u00a0\u00a0 Jet skis<\/td>\n<\/tr>\n<tr>\n<td width=\"47\">&nbsp;<\/td>\n<td width=\"378\">OUI<\/td>\n<td width=\"108\">&nbsp;<\/td>\n<\/tr>\n<\/tbody>\n<\/table>\n<p>&nbsp;<\/p>\n<table>\n<tbody>\n<tr>\n<td colspan=\"3\" width=\"533\">\u00b7\u00a0\u00a0\u00a0\u00a0\u00a0 Bateaux sportifs de mer d\u2019une longueur d\u00e9passant 20 m mais inf\u00e9rieure \u00e0 24 m<\/td>\n<\/tr>\n<tr>\n<td width=\"47\">&nbsp;<\/td>\n<td width=\"378\">Rel\u00e8ve de la comp\u00e9tence de l\u2019administration maritime\u00a0: OUI.<\/td>\n<td width=\"108\">&nbsp;<\/td>\n<\/tr>\n<\/tbody>\n<\/table>\n<p>&nbsp;<\/p>\n<ol start=\"5\">\n<li><strong>Des visites ult\u00e9rieures du bateau sont-elles requises\u00a0?<\/strong><\/li>\n<\/ol>\n<table>\n<tbody>\n<tr>\n<td colspan=\"3\" width=\"533\">\u00b7\u00a0\u00a0\u00a0\u00a0\u00a0 Canots \u00e0 rames et autres menues embarcations utilisant la force musculaire (ex. cano\u00ebs, kayaks, p\u00e9dalos)<\/td>\n<\/tr>\n<tr>\n<td width=\"47\">&nbsp;<\/td>\n<td width=\"378\">Lorsque le poids total d\u00e9passe 1000 kg ou la longueur atteint ou d\u00e9passe 20 m\u00a0: OUI.<\/td>\n<td width=\"108\">&nbsp;<\/td>\n<\/tr>\n<\/tbody>\n<\/table>\n<p>&nbsp;<\/p>\n<p>&nbsp;<\/p>\n<table>\n<tbody>\n<tr>\n<td colspan=\"3\" width=\"533\">\u00b7\u00a0\u00a0\u00a0\u00a0\u00a0 Bateaux \u00e0 voiles<\/td>\n<\/tr>\n<tr>\n<td width=\"47\">&nbsp;<\/td>\n<td width=\"378\">Si la surface totale du gr\u00e9ement d\u00e9passe 12 m<sup>2\u00a0: <\/sup>OUI.<\/td>\n<td width=\"108\">&nbsp;<\/td>\n<\/tr>\n<\/tbody>\n<\/table>\n<p>&nbsp;<\/p>\n<table>\n<tbody>\n<tr>\n<td colspan=\"3\" width=\"533\">\u00b7\u00a0\u00a0\u00a0\u00a0\u00a0 Planches \u00e0 voile, planches pour le <em>KITE-SURFING<\/em><\/td>\n<\/tr>\n<tr>\n<td width=\"47\">&nbsp;<\/td>\n<td width=\"378\">NON<\/td>\n<td width=\"108\">&nbsp;<\/td>\n<\/tr>\n<\/tbody>\n<\/table>\n<p>&nbsp;<\/p>\n<table>\n<tbody>\n<tr>\n<td colspan=\"3\" width=\"533\">\u00b7\u00a0\u00a0\u00a0\u00a0\u00a0 Moyens de transport \u00e0 moteur \u00e9lectrique<\/td>\n<\/tr>\n<tr>\n<td width=\"47\">&nbsp;<\/td>\n<td width=\"378\">Si la puissance du moteur est inf\u00e9rieure \u00e0 4 kW\u00a0: NON.<\/p>\n<p>Autres moyens de transport avec un moteur \u00e9lectrique\u00a0: OUI.<\/td>\n<td width=\"108\">&nbsp;<\/td>\n<\/tr>\n<\/tbody>\n<\/table>\n<p>&nbsp;<\/p>\n<table>\n<tbody>\n<tr>\n<td colspan=\"3\" width=\"533\">\u00b7\u00a0\u00a0\u00a0\u00a0\u00a0 Bateaux motoris\u00e9s avec moteur \u00e0 combustion interne<\/td>\n<\/tr>\n<tr>\n<td width=\"47\">&nbsp;<\/td>\n<td width=\"378\">Si la puissance du moteur est inf\u00e9rieure \u00e0 4 kW\u00a0: NON.<\/p>\n<p>Autres menus canots avec un moteur \u00e0 combustion interne\u00a0: OUI.<\/td>\n<td width=\"108\">&nbsp;<\/td>\n<\/tr>\n<\/tbody>\n<\/table>\n<p>&nbsp;<\/p>\n<table>\n<tbody>\n<tr>\n<td colspan=\"3\" width=\"533\">\u00b7\u00a0\u00a0\u00a0\u00a0\u00a0 Jet skis<\/td>\n<\/tr>\n<tr>\n<td width=\"47\">&nbsp;<\/td>\n<td width=\"378\">OUI<\/td>\n<td width=\"108\">&nbsp;<\/td>\n<\/tr>\n<\/tbody>\n<\/table>\n<p>&nbsp;<\/p>\n<table>\n<tbody>\n<tr>\n<td colspan=\"3\" width=\"533\">\u00b7\u00a0\u00a0\u00a0\u00a0\u00a0 Bateaux sportifs de mer d\u2019une longueur d\u00e9passant 20 m mais inf\u00e9rieure \u00e0 24 m<\/td>\n<\/tr>\n<tr>\n<td width=\"47\">&nbsp;<\/td>\n<td width=\"378\">OUI<\/td>\n<td width=\"108\">&nbsp;<\/td>\n<\/tr>\n<\/tbody>\n<\/table>\n<p>&nbsp;<\/p>\n<ol start=\"6\">\n<li><strong> Un certificat de conducteur de bateau est-il requis pour les bateaux suivants\u00a0?<\/strong><\/li>\n<\/ol>\n<table>\n<tbody>\n<tr>\n<td colspan=\"3\" width=\"533\">\u00b7\u00a0\u00a0\u00a0\u00a0\u00a0 Canots \u00e0 rames et autres menues embarcations utilisant la force musculaire (ex. cano\u00ebs, kayaks, p\u00e9dalos)<\/td>\n<\/tr>\n<tr>\n<td width=\"47\">Pays<\/td>\n<td width=\"378\">R\u00e9ponse<\/td>\n<td width=\"108\">Remarques<\/td>\n<\/tr>\n<tr>\n<td width=\"47\">&nbsp;<\/td>\n<td width=\"378\">NON<\/td>\n<td width=\"108\">&nbsp;<\/td>\n<\/tr>\n<\/tbody>\n<\/table>\n<p>&nbsp;<\/p>\n<table>\n<tbody>\n<tr>\n<td colspan=\"3\" width=\"533\">\u00b7\u00a0\u00a0\u00a0\u00a0\u00a0 Bateaux \u00e0 voiles<\/td>\n<\/tr>\n<tr>\n<td width=\"47\">&nbsp;<\/td>\n<td width=\"378\">Si la surface totale du gr\u00e9ement du bateau \u00e0 voiles d\u00e9passe 12 m<sup>2\u00a0<\/sup>: OUI.<\/td>\n<td width=\"108\">&nbsp;<\/td>\n<\/tr>\n<\/tbody>\n<\/table>\n<p>&nbsp;<\/p>\n<table>\n<tbody>\n<tr>\n<td colspan=\"3\" width=\"533\">\u00b7\u00a0\u00a0\u00a0\u00a0\u00a0 Planches \u00e0 voile, planches pour le <em>KITE-SURFING<\/em><\/td>\n<\/tr>\n<tr>\n<td width=\"47\">&nbsp;<\/td>\n<td width=\"378\">NON<\/td>\n<td width=\"108\">&nbsp;<\/td>\n<\/tr>\n<\/tbody>\n<\/table>\n<p>&nbsp;<\/p>\n<table>\n<tbody>\n<tr>\n<td colspan=\"3\" width=\"533\">\u00b7\u00a0\u00a0\u00a0\u00a0\u00a0 Moyens de transport \u00e0 moteur \u00e9lectrique<\/td>\n<\/tr>\n<tr>\n<td width=\"47\">&nbsp;<\/td>\n<td width=\"378\">Si la puissance du moteur est inf\u00e9rieure \u00e0 4 kW\u00a0: NON.<\/p>\n<p>Autres moyens de transport avec un moteur \u00e9lectrique\u00a0: OUI.<\/td>\n<td width=\"108\">&nbsp;<\/td>\n<\/tr>\n<\/tbody>\n<\/table>\n<p>&nbsp;<\/p>\n<table>\n<tbody>\n<tr>\n<td colspan=\"3\" width=\"533\">\u00b7\u00a0\u00a0\u00a0\u00a0\u00a0 Bateaux motoris\u00e9s avec moteur \u00e0 combustion interne<\/td>\n<\/tr>\n<tr>\n<td width=\"47\">&nbsp;<\/td>\n<td width=\"378\">Si la puissance du moteur est inf\u00e9rieure \u00e0 4 kW\u00a0: NON.<\/p>\n<p>Autres menus canots avec un moteur \u00e0 combustion interne\u00a0: OUI<\/td>\n<td width=\"108\">&nbsp;<\/td>\n<\/tr>\n<\/tbody>\n<\/table>\n<p>&nbsp;<\/p>\n<table>\n<tbody>\n<tr>\n<td colspan=\"3\" width=\"533\">\u00b7\u00a0\u00a0\u00a0\u00a0\u00a0 Jet skis<\/td>\n<\/tr>\n<tr>\n<td width=\"47\">&nbsp;<\/td>\n<td width=\"378\">OUI<\/td>\n<td width=\"108\">&nbsp;<\/td>\n<\/tr>\n<\/tbody>\n<\/table>\n<p>&nbsp;<\/p>\n<table>\n<tbody>\n<tr>\n<td colspan=\"3\" width=\"533\">\u00b7\u00a0\u00a0\u00a0\u00a0\u00a0 Bateaux sportifs de mer d\u2019une longueur d\u00e9passant 20 m mais inf\u00e9rieure \u00e0 24 m<\/td>\n<\/tr>\n<tr>\n<td width=\"47\">&nbsp;<\/td>\n<td width=\"378\">OUI<\/td>\n<td width=\"108\">&nbsp;<\/td>\n<\/tr>\n<\/tbody>\n<\/table>\n<p><strong>\u00a0<\/strong><\/p>\n<ol start=\"7\">\n<li><strong> Est-ce qu\u2019il existe des restrictions pour l\u2019utilisation des bateaux suivants\u00a0? (lieu, p\u00e9riode, etc.) <\/strong><\/li>\n<\/ol>\n<table>\n<tbody>\n<tr>\n<td colspan=\"3\" width=\"533\">\u00b7\u00a0\u00a0\u00a0\u00a0\u00a0 Canots \u00e0 rames et autres menues embarcations utilisant la force musculaire (ex. cano\u00ebs, kayaks, p\u00e9dalos)<\/td>\n<\/tr>\n<tr>\n<td width=\"47\">&nbsp;<\/td>\n<td width=\"378\">NON<\/td>\n<td width=\"108\">&nbsp;<\/td>\n<\/tr>\n<\/tbody>\n<\/table>\n<p>&nbsp;<\/p>\n<table>\n<tbody>\n<tr>\n<td colspan=\"3\" width=\"533\">\u00b7\u00a0\u00a0\u00a0\u00a0\u00a0 Bateaux \u00e0 voiles<\/td>\n<\/tr>\n<tr>\n<td width=\"47\">&nbsp;<\/td>\n<td width=\"378\">NON<\/td>\n<td width=\"108\">&nbsp;<\/td>\n<\/tr>\n<\/tbody>\n<\/table>\n<p>&nbsp;<\/p>\n<table>\n<tbody>\n<tr>\n<td colspan=\"3\" width=\"533\">\u00b7\u00a0\u00a0\u00a0\u00a0\u00a0 Planches \u00e0 voile, planches pour le <em>KITE-SURFING<\/em><\/td>\n<\/tr>\n<tr>\n<td width=\"47\">&nbsp;<\/td>\n<td width=\"378\">NON<\/td>\n<td width=\"108\">&nbsp;<\/td>\n<\/tr>\n<\/tbody>\n<\/table>\n<p>&nbsp;<\/p>\n<table>\n<tbody>\n<tr>\n<td colspan=\"3\" width=\"533\">\u00b7\u00a0\u00a0\u00a0\u00a0\u00a0 Moyens de transport \u00e0 moteur \u00e9lectrique<\/td>\n<\/tr>\n<tr>\n<td width=\"47\">&nbsp;<\/td>\n<td width=\"378\">NON<\/td>\n<td width=\"108\">&nbsp;<\/td>\n<\/tr>\n<\/tbody>\n<\/table>\n<p>&nbsp;<\/p>\n<table>\n<tbody>\n<tr>\n<td colspan=\"3\" width=\"533\">\u00b7\u00a0\u00a0\u00a0\u00a0\u00a0 Bateaux motoris\u00e9s avec moteur \u00e0 combustion interne<\/td>\n<\/tr>\n<tr>\n<td width=\"47\">&nbsp;<\/td>\n<td width=\"378\">NON, \u00e0 l\u2019exception des zones ou l\u2019interdiction est \u00e9tabli par des signaux.<\/td>\n<td width=\"108\">&nbsp;<\/td>\n<\/tr>\n<\/tbody>\n<\/table>\n<p>&nbsp;<\/p>\n<table>\n<tbody>\n<tr>\n<td colspan=\"3\" width=\"533\">\u00b7\u00a0\u00a0\u00a0\u00a0\u00a0 Jet skis<\/td>\n<\/tr>\n<tr>\n<td width=\"47\">&nbsp;<\/td>\n<td width=\"378\">NON, \u00e0 l\u2019exception des zones ou l\u2019interdiction est \u00e9tabli par des signaux.<\/td>\n<td width=\"108\">&nbsp;<\/td>\n<\/tr>\n<\/tbody>\n<\/table>\n<p>&nbsp;<\/p>\n<table>\n<tbody>\n<tr>\n<td colspan=\"3\" width=\"533\">\u00b7\u00a0\u00a0\u00a0\u00a0\u00a0 Bateaux sportifs de mer d\u2019une longueur d\u00e9passant 20 m mais inf\u00e9rieure \u00e0 24 m<\/td>\n<\/tr>\n<tr>\n<td width=\"47\">&nbsp;<\/td>\n<td width=\"378\">NON<\/td>\n<td width=\"108\">&nbsp;<\/td>\n<\/tr>\n<\/tbody>\n<\/table>\n<p>&nbsp;<\/p>\n<ol start=\"8\">\n<li><strong> Quels r\u00e8glements internationaux (ONU, UE, CD, etc.) ont \u00e9t\u00e9 accept\u00e9s\u00a0?<\/strong><\/li>\n<\/ol>\n<table>\n<tbody>\n<tr>\n<td width=\"47\">&nbsp;<\/td>\n<td width=\"378\">Les r\u00e8gles sont conformes aux autrichiennes et roumaines.<\/td>\n<td width=\"108\">&nbsp;<\/td>\n<\/tr>\n<\/tbody>\n<\/table>\n<p>&nbsp;<\/p>\n<ol start=\"9\">\n<li><strong> Les bateaux sportifs sont-ils tenus de battre pavillon\u00a0?<\/strong><\/li>\n<\/ol>\n<table>\n<tbody>\n<tr>\n<td width=\"47\">Pays<\/td>\n<td width=\"378\">R\u00e9ponse<\/td>\n<td width=\"108\">Remarques<\/td>\n<\/tr>\n<tr>\n<td width=\"47\">&nbsp;<\/td>\n<td width=\"378\">OUI pour tous les bateaux sportifs soumis \u00e0 l\u2019enregistrement\u00a0; uniquement de jour<\/td>\n<td width=\"108\">&nbsp;<\/td>\n<\/tr>\n<\/tbody>\n<\/table>\n<p>&nbsp;<\/p>\n<ol start=\"10\">\n<li><strong> Les bateaux sportifs doivent-ils avoir des marques d\u2019identification <\/strong>?<\/li>\n<\/ol>\n<table>\n<tbody>\n<tr>\n<td width=\"47\">&nbsp;<\/td>\n<td width=\"378\">OUI<\/td>\n<td width=\"108\">&nbsp;<\/td>\n<\/tr>\n<\/tbody>\n<\/table>\n<p>&nbsp;<\/p>\n<ol start=\"11\">\n<li><strong> Les bateaux sportifs sont-ils tenus d\u2019\u00eatre assur\u00e9s\u00a0?<\/strong><\/li>\n<\/ol>\n<table>\n<tbody>\n<tr>\n<td width=\"47\">&nbsp;<\/td>\n<td width=\"378\">OUI, pour tous les bateaux sportifs soumis \u00e0 l\u2019enregistrement<\/td>\n<td width=\"108\">&nbsp;<\/td>\n<\/tr>\n<\/tbody>\n<\/table>\n<p>&nbsp;<\/p>\n<ol start=\"12\">\n<li><strong> Quel \u00e9quipement doit se trouver \u00e0 bord de bateaux sportifs\u00a0?<\/strong><\/li>\n<\/ol>\n<table>\n<tbody>\n<tr>\n<td width=\"47\">&nbsp;<\/td>\n<td width=\"378\">A bord de bateaux sportifs relevant de la cat\u00e9gorie \u00ab\u00a0moyens de navigation \u00e0 petites dimensions\u00a0\u00bb doit se trouver l\u2019\u00e9quipement minimal suivant\u00a0:<\/p>\n<p>(1) installations d\u2019ancrage et d\u2019amarrage<\/p>\n<p>a)\u00a0\u00a0\u00a0\u00a0\u00a0 Si la longueur du bateau est inf\u00e9rieure ou \u00e9gale \u00e0 7 m\u00a0: un c\u00e2ble ou une cha\u00eene d\u2019ancre d\u2019une longueur de 20 m avec une ancre d\u2019un poids identique en kg \u00e0 la longueur du bateau en m\u00a0; si la longueur du bateau d\u00e9passe 7 m\u00a0: une premi\u00e8re ancre d\u2019un poids identique en kg \u00e0 la longueur du bateau en m, une deuxi\u00e8me ancre d\u2019un poids identique en kg \u00e0 au moins 0,5 de la longueur du bateau en m\u00a0;<\/p>\n<p>b)\u00a0\u00a0\u00a0\u00a0\u00a0 2 amarres d\u2019une longueur de 15 m si la longueur du bateau est inf\u00e9rieure ou \u00e9gale \u00e0 7 m\u00a0; 3 amarres d\u2019une longueur de 15 m si la longueur du bateau d\u00e9passe 7 m\u00a0;<\/p>\n<p>c)\u00a0\u00a0\u00a0\u00a0\u00a0 une rame et une gaffe\u00a0;<\/p>\n<p>(2) installations d\u2019extinctions des incendies\u00a0: extincteurs portables dans chaque compartiment, facilement accessibles\u00a0;<\/p>\n<p>(3) une bou\u00e9e de sauvetage avec un c\u00e2ble, des gilets de sauvetage et moyens pour accorder les premiers soins.<\/td>\n<td width=\"108\">&nbsp;<\/td>\n<\/tr>\n<\/tbody>\n<\/table>\n<p>&nbsp;<\/p>\n","protected":false},"excerpt":{"rendered":"<p>Longueur des bateaux sportifs 1.1\u00a0\u00a0\u00a0\u00a0\u00a0\u00a0\u00a0\u00a0 Quelle est la longueur des bateaux sportifs \u00e9tablie dans votre sph\u00e8re de comp\u00e9tence\u00a0? D\u00e9crivez \u00e9galement<\/p>\n","protected":false},"author":1,"featured_media":0,"parent":4297,"menu_order":0,"comment_status":"closed","ping_status":"closed","template":"","meta":{"_seopress_robots_primary_cat":"","_seopress_titles_title":"","_seopress_titles_desc":"","_seopress_robots_index":"","colormag_page_container_layout":"default_layout","colormag_page_sidebar_layout":"default_layout","footnotes":""},"class_list":["post-4363","page","type-page","status-publish","hentry"],"_links":{"self":[{"href":"https:\/\/www.danubecommission.org\/dc\/wp-json\/wp\/v2\/pages\/4363","targetHints":{"allow":["GET"]}}],"collection":[{"href":"https:\/\/www.danubecommission.org\/dc\/wp-json\/wp\/v2\/pages"}],"about":[{"href":"https:\/\/www.danubecommission.org\/dc\/wp-json\/wp\/v2\/types\/page"}],"author":[{"embeddable":true,"href":"https:\/\/www.danubecommission.org\/dc\/wp-json\/wp\/v2\/users\/1"}],"replies":[{"embeddable":true,"href":"https:\/\/www.danubecommission.org\/dc\/wp-json\/wp\/v2\/comments?post=4363"}],"version-history":[{"count":0,"href":"https:\/\/www.danubecommission.org\/dc\/wp-json\/wp\/v2\/pages\/4363\/revisions"}],"up":[{"embeddable":true,"href":"https:\/\/www.danubecommission.org\/dc\/wp-json\/wp\/v2\/pages\/4297"}],"wp:attachment":[{"href":"https:\/\/www.danubecommission.org\/dc\/wp-json\/wp\/v2\/media?parent=4363"}],"curies":[{"name":"wp","href":"https:\/\/api.w.org\/{rel}","templated":true}]}}