{"id":4368,"date":"2018-10-05T08:33:27","date_gmt":"2018-10-05T07:33:27","guid":{"rendered":"http:\/\/www.danubecommission.org\/dc\/?page_id=4368"},"modified":"2018-10-05T08:33:27","modified_gmt":"2018-10-05T07:33:27","slug":"republik-serbien","status":"publish","type":"page","link":"https:\/\/www.danubecommission.org\/dc\/de\/die-donauschifffahrt\/ubersicht-zu-den-voraussetzungen-fur-die-fahrt-von-fahrzeugen-mit-einer-lange-von-weniger-als-20-m-auf-nationalen-donaustreckenabschnitten-in-bezug-auf-ihre-zulassung-und-die-schiffsfuhrerzeugnisse\/republik-serbien\/","title":{"rendered":"Republik Serbien"},"content":{"rendered":"<ol>\n<li><strong>L\u00e4nge der Sportfahrzeuge<\/strong>\n<ul>\n<li>Wie ist in Ihrer Gesetzgebung die L\u00e4nge von Sportfahrzeugen definiert; beschreiben Sie, wie die Art dieser Wasserfahrzeuge bestimmt wird?<\/li>\n<\/ul>\n<\/li>\n<\/ol>\n<p><em>Im Gesetz \u00fcber die Schifffahrt und H\u00e4fen im Binnenschiffverkehr ist folgendes geregelt: \u201eEin zur Erholung geeignetes Wasserfahrzeug ist ein dem Sport und Freizeitvergn\u00fcgen dienendes Wasserfahrzeug, dessen L\u00e4nge von 2,5 bis 24 m betr\u00e4gt, unabh\u00e4ngig von der Antriebsart\u201c. \u00a0Die Art des Wasserfahrzeugs wird bei technischen \u00dcberpr\u00fcfungen bestimmt.<\/em><\/p>\n<ul>\n<li>Wie lautet in Ihrer Gesetzgebung die Definition f\u00fcr Kleinfahrzeuge auf Binnengew\u00e4ssern?<\/li>\n<\/ul>\n<p><em>Kleinfahrzeuge sind in unserem Gesetz nicht definiert.<\/em><\/p>\n<p><em>\u00a0<\/em><\/p>\n<ol start=\"2\">\n<li><strong>Seesportfahrzeuge mit mehr als 20 m L\u00e4nge, jedoch unter 24 m L\u00e4nge auf der Donau<\/strong>\n<ul>\n<li>Mit welchem Zeugniss kann ein Seesportfahrzeug mit einer L\u00e4nge zwischen 20-24 m gef\u00fchrt werden?<\/li>\n<\/ul>\n<\/li>\n<\/ol>\n<p><em>Das ist in unserem Gesetz nicht geregelt.<\/em><em>\u00a0<\/em><\/p>\n<ul>\n<li><em>Mit<\/em> <em>welchem<\/em> <em>Dokument<\/em> <em>darf<\/em> <em>ein<\/em> <em>im<\/em> <em>Ausland<\/em> <em>registriertes<\/em> <em>Seesportfahrzeug<\/em> <em>mit<\/em> <em>einer<\/em> <em>L<\/em><em>\u00e4<\/em><em>nge<\/em> <em>zwischen<\/em><em> 20 <\/em><em>und<\/em><em> 24 <\/em><em>m<\/em> <em>auf<\/em> <em>der<\/em> <em>Donau<\/em> <em>verkehren<\/em><em>?<\/em><\/li>\n<\/ul>\n<p><em>Das<\/em> <em>angef<\/em><em>\u00fc<\/em><em>hrte<\/em> <em>Wasserfahrzeug<\/em> <em>kann<\/em> <em>unter<\/em> <em>der<\/em> <em>Voraussetzung verkehren,<\/em> <em>dass<\/em> <em>es<\/em><em> \u00fc<\/em><em>ber<\/em> <em>ein<\/em> <em>Dokument<\/em> <em>verf<\/em><em>\u00fc<\/em><em>gt<\/em><em>, <\/em><em>mit<\/em> <em>dem<\/em> <em>bewiesen<\/em> <em>wird<\/em><em>, <\/em><em>dass<\/em> <em>es<\/em> <em>in<\/em> <em>jenem<\/em> <em>Land<\/em> <em>registriert<\/em> <em>ist<\/em><em>, <\/em><em>dessen<\/em> <em>Flagge<\/em> <em>gef<\/em><em>\u00fc<\/em><em>hrt<\/em> <em>wird<\/em> <em>und<\/em> <em>dass<\/em> <em>der<\/em> <em>Schiffsf<\/em><em>\u00fc<\/em><em>hrer<\/em> <em>eine<\/em> <em>internationale<\/em> <em>Zulassung<\/em><em> f\u00fcr die<\/em><em> F\u00fchrung der zur Erholung geeigneten Wasserfahrzuge besitzt. <\/em><\/p>\n<p><em>\u00a0<\/em><\/p>\n<ol start=\"3\">\n<li><strong>Ist ein Schiffsattest (Zertifikat) f\u00fcr die Inbetriebnahme der unten angef\u00fchrten Wasserfahrzeuge erforderlich? Sind Wiederholungsuntersuchungen dieser Wasserfahrzeuge erforderlich?<\/strong><\/li>\n<\/ol>\n<ul>\n<li>Boote und andere kleine muskelbetriebene Wasserfahrzeuge (z.B. Kanus, Kajaks, Tretboote)<\/li>\n<li>Segelboote<\/li>\n<li>Windsurfbretter, Wellenreiterbretter<\/li>\n<li>Elekrofahrzeuge<\/li>\n<li>Motorfahrzeuge mit Verbrennungskraftantrieb<\/li>\n<li>Wassermotorr\u00e4der<\/li>\n<li>Seesportfahrzeuge mit mehr als 20 m L\u00e4nge, jedoch unter 24 m L\u00e4nge<\/li>\n<\/ul>\n<p><em>Im Gesetz \u00fcber die Schifffahrt und H\u00e4fen im Binnenschiffverkehr wird geregelt, dass ein Boot f\u00fcr die Schifffahrt genutzt werden kann, wenn seine Konstruktion, Schwimmeigenschaften, antriebsbezogene und andere Anlagen und Ausr\u00fcstung f\u00fcr die Schifffahrt geignet sind und in Einklang mit den technischen Regelungen stehen und wenn es in den Bootsregister eingetragen ist.\u00a0 <\/em><\/p>\n<p><em>Die angef\u00fchrte Bestimmung bezieht sich nicht auf folgendes: Sportboote ohne Eigenantrieb (Ruderboote, Kajaks, Kanus, Segelboote u.\u00e4.), die f\u00fcr den Wettbewerb bestimmt sind, Boote ohne Eigenantrieb, mit einer L\u00e4nge bis zu 3 m, Treetboote, Wasserfahrr\u00e4der, Bretter und \u00e4hnlichs, wenn sie nicht f\u00fcr gewerbliche Zwecke vorgesehen sind. \u00a0<\/em><\/p>\n<p><em>\u00a0<\/em><\/p>\n<ol start=\"4\">\n<li><strong>Ist f\u00fcr folgende Fahrzeuge ein Schiffsf\u00fchrerzeugnis erforderlich?<\/strong><\/li>\n<\/ol>\n<ul>\n<li>Boote und andere kleine muskelbetriebene Wasserfahrzeuge (z.B. Kanus, Kajaks, Tretboote)<\/li>\n<li>Segelboote<\/li>\n<li>Windsurfbretter, Wellenreiterbretter<\/li>\n<li>Elekrofahrzeuge<\/li>\n<li>Motorfahrzeuge mit Verbrennungskraftantrieb<\/li>\n<li>Wassermotorr\u00e4der<\/li>\n<li>Seesportfahrzeuge mit mehr als 20 m L\u00e4nge, jedoch unter 24 m L\u00e4nge<\/li>\n<\/ul>\n<p><em>Im Gesetz \u00fcber die Schifffahrt und H\u00e4fen im Binnenschiffverkehr wird geregelt, dass eine Person, die das Boot f\u00fchrt, k\u00f6rperlich und geistig f\u00e4hig und fachlich bef\u00e4higt sein muss und als Schifffsf\u00fchrer dieses Wasserfahrzeugs erachtet wird.\u00a0 Die fachliche Bef\u00e4higung wird nach bestandenem Fachexamen erworben. <\/em><\/p>\n<p><em>Ein Schiffsf\u00fchrerzeugnis ist nicht notwendig f\u00fcr folgendes: Sportboote ohne Eigenantrieb (Ruderboote, Kajaks, Kanus, Segelboote u.\u00e4.), die f\u00fcr den Wettbewerb bestimmt sind, Boote ohne Eigenantrieb, mit einer L\u00e4nge bis zu 3 m, Treetboote, Wasserfahrr\u00e4der, Bretter und \u00e4hnlichs, wenn sie nicht f\u00fcr gewerbliche Zwecke vorgesehen sind.\u00a0 <\/em><\/p>\n<p><em>\u00a0<\/em><\/p>\n<ol start=\"5\">\n<li><strong>Gibt es Einschr\u00e4nkungen f\u00fcr den Gebrauch folgender Wasserfahrzeuge?<\/strong><\/li>\n<\/ol>\n<ul>\n<li>Boote und andere kleine muskelbetriebene Wasserfahrzeuge (z.B. Kanus, Kajaks, Tretboote)<\/li>\n<li>Segelboote<\/li>\n<li>Windsurfbretter, Wellenreiterbretter<\/li>\n<li>Elekrofahrzeuge<\/li>\n<li>Motorfahrzeuge mit Verbrennungskraftantrieb<\/li>\n<li>Wassermotorr\u00e4der<\/li>\n<li>Seesportfahrzeuge mit mehr als 20 m L\u00e4nge, jedoch unter 24 m L\u00e4nge<\/li>\n<\/ul>\n<p><em>Es gibt keine Einschr\u00e4nkungen f\u00fcr den Gebrauch der oben angef\u00fchrten Wasserfahrzeuge. <\/em><\/p>\n<p><em>\u00a0<\/em><\/p>\n<ol start=\"6\">\n<li><strong>Welche internationale Regelungen wenden Sie an (UNO, EU, DK..usw)?<\/strong><\/li>\n<\/ol>\n<p><em>UNO-Resolution Nr. 40 der UNECE Arbeitsgruppe Binnenschifffahrt<\/em><\/p>\n","protected":false},"excerpt":{"rendered":"<p>L\u00e4nge der Sportfahrzeuge Wie ist in Ihrer Gesetzgebung die L\u00e4nge von Sportfahrzeugen definiert; beschreiben Sie, wie die Art dieser Wasserfahrzeuge<\/p>\n","protected":false},"author":1,"featured_media":0,"parent":4294,"menu_order":0,"comment_status":"closed","ping_status":"closed","template":"","meta":{"_seopress_robots_primary_cat":"","_seopress_titles_title":"","_seopress_titles_desc":"","_seopress_robots_index":"","colormag_page_container_layout":"default_layout","colormag_page_sidebar_layout":"default_layout","footnotes":""},"class_list":["post-4368","page","type-page","status-publish","hentry"],"_links":{"self":[{"href":"https:\/\/www.danubecommission.org\/dc\/wp-json\/wp\/v2\/pages\/4368","targetHints":{"allow":["GET"]}}],"collection":[{"href":"https:\/\/www.danubecommission.org\/dc\/wp-json\/wp\/v2\/pages"}],"about":[{"href":"https:\/\/www.danubecommission.org\/dc\/wp-json\/wp\/v2\/types\/page"}],"author":[{"embeddable":true,"href":"https:\/\/www.danubecommission.org\/dc\/wp-json\/wp\/v2\/users\/1"}],"replies":[{"embeddable":true,"href":"https:\/\/www.danubecommission.org\/dc\/wp-json\/wp\/v2\/comments?post=4368"}],"version-history":[{"count":0,"href":"https:\/\/www.danubecommission.org\/dc\/wp-json\/wp\/v2\/pages\/4368\/revisions"}],"up":[{"embeddable":true,"href":"https:\/\/www.danubecommission.org\/dc\/wp-json\/wp\/v2\/pages\/4294"}],"wp:attachment":[{"href":"https:\/\/www.danubecommission.org\/dc\/wp-json\/wp\/v2\/media?parent=4368"}],"curies":[{"name":"wp","href":"https:\/\/api.w.org\/{rel}","templated":true}]}}