{"id":4370,"date":"2018-10-05T08:36:11","date_gmt":"2018-10-05T07:36:11","guid":{"rendered":"http:\/\/www.danubecommission.org\/dc\/?page_id=4370"},"modified":"2018-10-05T08:36:11","modified_gmt":"2018-10-05T07:36:11","slug":"republique-de-serbie","status":"publish","type":"page","link":"https:\/\/www.danubecommission.org\/dc\/fr\/navigation-danubienne\/information-synthetique-au-sujet-des-conditions-de-navigation-des-bateaux-dune-longueur-inferieure-a-20-m-sur-les-secteurs-nationaux-de-danube-en-ce-qui-concerne-leur-admission-a-la-navigatio\/republique-de-serbie\/","title":{"rendered":"R\u00e9publique de Serbie"},"content":{"rendered":"<ol>\n<li><strong>Longueur des bateaux sportifs<\/strong><\/li>\n<\/ol>\n<table>\n<tbody>\n<tr>\n<td width=\"533\">1.1\u00a0\u00a0\u00a0\u00a0\u00a0\u00a0\u00a0\u00a0 Quelle est la longueur des bateaux sportifs \u00e9tablie dans votre sph\u00e8re de comp\u00e9tence\u00a0? D\u00e9crivez \u00e9galement comment est d\u00e9fini le type de ces moyens de transport nautiques.<\/td>\n<\/tr>\n<tr>\n<td width=\"533\"><em>Dans la loi sur la navigation et les ports de transport nautique int\u00e9rieur, il est \u00e9tabli ce qui suit\u00a0:<\/em><\/p>\n<p><em>\u00ab\u00a0Un moyen de transport nautique de plaisance est un moyen de transport nautique utilis\u00e9 pour le sport et le repos pendant les loisirs dont la longueur est comprise entre 2,5 et 24 m, ind\u00e9pendamment du type du propulseur.\u00a0\u00bb<\/em><\/p>\n<p><em>Le type du moyen de transport nautique est \u00e9tabli lors de l\u2019attestation technique.<\/em><\/td>\n<\/tr>\n<\/tbody>\n<\/table>\n<p>&nbsp;<\/p>\n<table>\n<tbody>\n<tr>\n<td width=\"533\">1.2\u00a0\u00a0\u00a0\u00a0\u00a0\u00a0\u00a0\u00a0 Quelle est la d\u00e9finition pour les menues embarcations sur les voies navigables int\u00e9rieures stipul\u00e9e dans votre sph\u00e8re de comp\u00e9tence\u00a0?<\/td>\n<\/tr>\n<tr>\n<td width=\"533\"><em>Une d\u00e9finition de la menue embarcation fait d\u00e9faut dans notre loi.<\/em><\/td>\n<\/tr>\n<\/tbody>\n<\/table>\n<p>&nbsp;<\/p>\n<ol start=\"2\">\n<li><strong>Bateaux sportifs de mer d\u2019une longueur sup\u00e9rieure \u00e0 20 m mais inf\u00e9rieure \u00e0 24 m sur le Danube<\/strong><\/li>\n<\/ol>\n<table>\n<tbody>\n<tr>\n<td width=\"533\">2.1\u00a0 Avec quelle attestation peut-on conduire sur le Danube un bateau sportif de mer d\u2019une longueur de 20-24 m ?<\/td>\n<\/tr>\n<tr>\n<td width=\"533\"><em>Il n\u2019existe pas de r\u00e8glementation dans notre Loi. <\/em><\/td>\n<\/tr>\n<\/tbody>\n<\/table>\n<p>&nbsp;<\/p>\n<table>\n<tbody>\n<tr>\n<td width=\"533\">2.2\u00a0 Avec quel document est permise la circulation d\u2019un bateau sportif de mer d\u2019une longueur de 20-24 m sur le Danube s\u2019il est enregistr\u00e9 \u00e0 l\u2019\u00e9tranger?<\/td>\n<\/tr>\n<tr>\n<td width=\"533\"><em>Ledit moyen de transport nautique peut effectuer la circulation pour autant qu\u2019il existe pour lui un document attestant son enregistrement dans le pays dont il porte le pavillon et que le conducteur de bateau poss\u00e8de un Certificat international pour la conduite d\u2019un moyen de transport nautique appropri\u00e9 aux loisirs.<\/em><\/td>\n<\/tr>\n<\/tbody>\n<\/table>\n<ol start=\"3\">\n<li><strong>Est-ce qu\u2019une attestation de bord (certificat) est requise pour la mise en service des bateaux suivants\u00a0? Des visites ult\u00e9rieures du bateau sont-elles requises\u00a0?<\/strong><\/li>\n<\/ol>\n<table>\n<tbody>\n<tr>\n<td width=\"533\">\u00b7\u00a0\u00a0\u00a0\u00a0\u00a0 Canots \u00e0 rames et autres menues embarcations utilisant la force musculaire\u00a0\u00a0\u00a0\u00a0\u00a0 (ex. cano\u00ebs, kayaks, p\u00e9dalos)<\/td>\n<\/tr>\n<tr>\n<td width=\"533\">\u00b7\u00a0\u00a0\u00a0\u00a0\u00a0 Bateaux \u00e0 voiles<\/td>\n<\/tr>\n<tr>\n<td width=\"533\">\u00b7\u00a0\u00a0\u00a0\u00a0\u00a0 Planches \u00e0 voile, planches pour le <em>KITE-SURFING<\/em><\/td>\n<\/tr>\n<tr>\n<td width=\"533\">\u00b7\u00a0\u00a0\u00a0\u00a0\u00a0 Moyens de transport \u00e0 moteur \u00e9lectrique<\/td>\n<\/tr>\n<tr>\n<td width=\"533\">\u00b7\u00a0\u00a0\u00a0\u00a0\u00a0 Bateaux motoris\u00e9s avec moteur \u00e0 combustion interne<\/td>\n<\/tr>\n<tr>\n<td width=\"533\">\u00b7\u00a0\u00a0\u00a0\u00a0\u00a0 Jet skis<\/td>\n<\/tr>\n<tr>\n<td width=\"533\">\u00b7\u00a0\u00a0\u00a0\u00a0\u00a0 Bateaux sportifs de mer d\u2019une longueur d\u00e9passant 20 m mais inf\u00e9rieure \u00e0 24 m<\/td>\n<\/tr>\n<tr>\n<td width=\"533\"><em>Dans la loi sur la navigation et les ports de transport nautique int\u00e9rieur, il est \u00e9tabli ce qui suit\u00a0:<\/em><\/p>\n<p><em>Un canot peut \u00eatre utilis\u00e9 pour la navigation si sa conception, sa navigabilit\u00e9, ses installations de propulsion et autres installations et \u00e9quipements sont appropri\u00e9s \u00e0 la navigation et conformes aux prescriptions techniques et s\u2019il est inscrit dans le registre des bateaux. <\/em><\/p>\n<p><em>Les dispositions susmentionn\u00e9es ne se rapportent pas \u00e0 ce qui suit\u00a0: canots de sport sans propulseur propre (canots \u00e0 rames, cano\u00ebs, kayaks, canots \u00e0 voile, etc.) destin\u00e9s \u00e0 des comp\u00e9tions sportives\u00a0; canots sans propulseur propre d\u2019une longueur inf\u00e9rieur \u00e0 3 m, p\u00e9dalos, planches, etc. s\u2019ils ne sont pas utilis\u00e9s \u00e0 des fins \u00e9conomiques.<\/em><\/td>\n<\/tr>\n<\/tbody>\n<\/table>\n<p>&nbsp;<\/p>\n<ol start=\"4\">\n<li><strong>Un certificat de conducteur de bateau est-il requis pour les bateaux suivants\u00a0?<\/strong><\/li>\n<\/ol>\n<table>\n<tbody>\n<tr>\n<td width=\"533\">\u00b7\u00a0\u00a0\u00a0\u00a0\u00a0 Canots \u00e0 rames et autres menues embarcations utilisant la force musculaire\u00a0\u00a0\u00a0\u00a0\u00a0 (ex. cano\u00ebs, kayaks, p\u00e9dalos)<\/td>\n<\/tr>\n<tr>\n<td width=\"533\">\u00b7\u00a0\u00a0\u00a0\u00a0\u00a0 Bateaux \u00e0 voiles<\/td>\n<\/tr>\n<tr>\n<td width=\"533\">\u00b7\u00a0\u00a0\u00a0\u00a0\u00a0 Planches \u00e0 voile, planches pour le <em>KITE-SURFING<\/em><\/td>\n<\/tr>\n<tr>\n<td width=\"533\">\u00b7\u00a0\u00a0\u00a0\u00a0\u00a0 Moyens de transport \u00e0 moteur \u00e9lectrique<\/td>\n<\/tr>\n<tr>\n<td width=\"533\">\u00b7\u00a0\u00a0\u00a0\u00a0\u00a0 Bateaux motoris\u00e9s avec moteur \u00e0 combustion interne<\/td>\n<\/tr>\n<tr>\n<td width=\"533\">\u00b7\u00a0\u00a0\u00a0\u00a0\u00a0 Jet skis<\/td>\n<\/tr>\n<tr>\n<td width=\"533\">\u00b7\u00a0\u00a0\u00a0\u00a0\u00a0 Bateaux sportifs de mer d\u2019une longueur d\u00e9passant 20 m mais inf\u00e9rieure \u00e0 24 m<\/td>\n<\/tr>\n<tr>\n<td width=\"533\"><em>Dans la loi sur la navigation et les ports de transport nautique int\u00e9rieur, il est \u00e9tabli ce qui suit\u00a0:<\/em><\/p>\n<p><em>La personne conduisant un canot doit \u00eatre physiquement et psychiquement apte pour ce faire, poss\u00e9der des aptitudes professionnelles, \u00e9tant consid\u00e9r\u00e9e conducteur de bateau de ce moyen de transport nautique. Les aptitudes professionnelles sont acquises suite \u00e0 un examen sp\u00e9cial. <\/em><\/p>\n<p><em>Ce certificat de conducteur de bateau n\u2019est pas requis dans les cas suivants\u00a0: canots de sport sans propulseur propre (canots \u00e0 rames, cano\u00ebs, kayaks, canots \u00e0 voile, etc.) destin\u00e9s \u00e0 des comp\u00e9tions sportives\u00a0; canots sans propulseur propre d\u2019une longueur inf\u00e9rieur \u00e0 3 m, p\u00e9dalos, planches, etc. s\u2019ils ne sont pas utilis\u00e9s \u00e0 des fins \u00e9conomiques.<\/em><\/td>\n<\/tr>\n<\/tbody>\n<\/table>\n<p><strong>\u00a0<\/strong><\/p>\n<ol start=\"5\">\n<li><strong>Est-ce qu\u2019il existe des restrictions pour l\u2019utilisation des bateaux suivants\u00a0? (lieu, p\u00e9riode, etc.)<\/strong><\/li>\n<\/ol>\n<table>\n<tbody>\n<tr>\n<td width=\"533\">\u00b7\u00a0\u00a0\u00a0\u00a0\u00a0 Canots \u00e0 rames et autres menues embarcations utilisant la force musculaire\u00a0\u00a0\u00a0\u00a0\u00a0 (ex. cano\u00ebs, kayaks, p\u00e9dalos)<\/td>\n<\/tr>\n<tr>\n<td width=\"533\">\u00b7\u00a0\u00a0\u00a0\u00a0\u00a0 Bateaux \u00e0 voiles<\/td>\n<\/tr>\n<tr>\n<td width=\"533\">\u00b7\u00a0\u00a0\u00a0\u00a0\u00a0 Planches \u00e0 voile, planches pour le <em>KITE-SURFING<\/em><\/td>\n<\/tr>\n<tr>\n<td width=\"533\">\u00b7\u00a0\u00a0\u00a0\u00a0\u00a0 Moyens de transport \u00e0 moteur \u00e9lectrique<\/td>\n<\/tr>\n<tr>\n<td width=\"533\">\u00b7\u00a0\u00a0\u00a0\u00a0\u00a0 Bateaux motoris\u00e9s avec moteur \u00e0 combustion interne<\/td>\n<\/tr>\n<tr>\n<td width=\"533\">\u00b7\u00a0\u00a0\u00a0\u00a0\u00a0 Jet skis<\/td>\n<\/tr>\n<tr>\n<td width=\"533\">\u00b7\u00a0\u00a0\u00a0\u00a0\u00a0 Bateaux sportifs de mer d\u2019une longueur d\u00e9passant 20 m mais inf\u00e9rieure \u00e0 24 m<\/td>\n<\/tr>\n<tr>\n<td width=\"533\"><em>Il n\u2019existe pas de restrictions pour l\u2019utilisation des moyens de transport nautique susmentionn\u00e9s.<\/em><\/td>\n<\/tr>\n<\/tbody>\n<\/table>\n<p>&nbsp;<\/p>\n<ol start=\"6\">\n<li><strong>Quels r\u00e8glements internationaux (ONU, UE, CD, etc.) ont \u00e9t\u00e9 accept\u00e9s\u00a0?<\/strong><\/li>\n<\/ol>\n<table>\n<tbody>\n<tr>\n<td width=\"533\"><em>La R\u00e9solution N<sup>o<\/sup> 40 du groupe de travail des transports par voie navigable de la CEE-ONU.<\/em><\/td>\n<\/tr>\n<\/tbody>\n<\/table>\n<p>&nbsp;<\/p>\n","protected":false},"excerpt":{"rendered":"<p>Longueur des bateaux sportifs 1.1\u00a0\u00a0\u00a0\u00a0\u00a0\u00a0\u00a0\u00a0 Quelle est la longueur des bateaux sportifs \u00e9tablie dans votre sph\u00e8re de comp\u00e9tence\u00a0? D\u00e9crivez \u00e9galement<\/p>\n","protected":false},"author":1,"featured_media":0,"parent":4297,"menu_order":0,"comment_status":"closed","ping_status":"closed","template":"","meta":{"_seopress_robots_primary_cat":"","_seopress_titles_title":"","_seopress_titles_desc":"","_seopress_robots_index":"","colormag_page_container_layout":"default_layout","colormag_page_sidebar_layout":"default_layout","footnotes":""},"class_list":["post-4370","page","type-page","status-publish","hentry"],"_links":{"self":[{"href":"https:\/\/www.danubecommission.org\/dc\/wp-json\/wp\/v2\/pages\/4370","targetHints":{"allow":["GET"]}}],"collection":[{"href":"https:\/\/www.danubecommission.org\/dc\/wp-json\/wp\/v2\/pages"}],"about":[{"href":"https:\/\/www.danubecommission.org\/dc\/wp-json\/wp\/v2\/types\/page"}],"author":[{"embeddable":true,"href":"https:\/\/www.danubecommission.org\/dc\/wp-json\/wp\/v2\/users\/1"}],"replies":[{"embeddable":true,"href":"https:\/\/www.danubecommission.org\/dc\/wp-json\/wp\/v2\/comments?post=4370"}],"version-history":[{"count":0,"href":"https:\/\/www.danubecommission.org\/dc\/wp-json\/wp\/v2\/pages\/4370\/revisions"}],"up":[{"embeddable":true,"href":"https:\/\/www.danubecommission.org\/dc\/wp-json\/wp\/v2\/pages\/4297"}],"wp:attachment":[{"href":"https:\/\/www.danubecommission.org\/dc\/wp-json\/wp\/v2\/media?parent=4370"}],"curies":[{"name":"wp","href":"https:\/\/api.w.org\/{rel}","templated":true}]}}