{"id":4671,"date":"2019-01-11T10:35:42","date_gmt":"2019-01-11T09:35:42","guid":{"rendered":"http:\/\/www.danubecommission.org\/dc\/?page_id=4671"},"modified":"2026-01-27T15:40:07","modified_gmt":"2026-01-27T14:40:07","slug":"plan-der-sitzungen-und-treffen-der-dk","status":"publish","type":"page","link":"https:\/\/www.danubecommission.org\/dc\/de\/donaukommission\/plan-der-sitzungen-und-treffen-der-dk\/","title":{"rendered":"Plan der Sitzungen und Treffen der DK"},"content":{"rendered":"<table width=\"983\">\n<thead>\n<tr>\n<td width=\"189\"><span style=\"font-size: 11pt;\">29. Januar 2026<\/span><\/td>\n<td width=\"794\"><span style=\"font-size: 11pt;\"><strong>Expertentreffen f\u00fcr Personalfragen in der Donauschifffahrt (EM PERS)<\/strong><\/span><\/td>\n<\/tr>\n<tr>\n<td width=\"189\"><span style=\"font-size: 11pt;\">25. Februar 2026<\/span><\/td>\n<td width=\"794\"><span style=\"font-size: 11pt;\"><strong>Treffen der informellen Expertengruppe zur weiteren Aktualisierung der \u201eEmpfehlungen <\/strong><strong>zur Organisierung der Sammlung von Schiffsabf\u00e4llen in der Donauschifffahrt\u201c<\/strong><\/span><\/td>\n<\/tr>\n<tr>\n<td width=\"189\"><span style=\"font-size: 11pt;\">5. M\u00e4rz 2026<\/span><\/td>\n<td width=\"794\"><span style=\"font-size: 11pt;\"><strong>Expertentreffen Hydrotechnik (EM HYDRO)<\/strong><\/span><\/td>\n<\/tr>\n<tr>\n<td width=\"189\"><span style=\"font-size: 11pt;\">10. &#8211; 12. M\u00e4rz 2026<\/span><\/td>\n<td width=\"794\"><span style=\"font-size: 11pt;\"><strong>CESNI\/TI-Ausschuss und RIS\/G in Budapest (DK als Gastgeber)<\/strong><\/span><\/td>\n<\/tr>\n<tr>\n<td width=\"189\"><span style=\"font-size: 11pt;\">15. &#8211; 17. April 2026<\/span><\/td>\n<td width=\"794\"><span style=\"font-size: 11pt;\"><strong>Sitzung der Arbeitsgruppe f\u00fcr Rechts- und Finanzangelegenheiten (WG JUR-FIN)<\/strong><\/span><\/td>\n<\/tr>\n<tr>\n<td width=\"189\"><span style=\"font-size: 11pt;\">22. &#8211; 23. April 2026 \/<\/span><\/p>\n<p><span style=\"font-size: 11pt;\">28. &#8211; 29. April 2026 (alternativ)<\/span><\/td>\n<td width=\"794\"><span style=\"font-size: 11pt;\"><strong>Expertentreffen f\u00fcr die Entwicklung der H\u00e4fen und des Hafenbetriebs (EM PORTS),<br \/>\nHafen von Russe (Bulgarien)<\/strong><\/span><\/td>\n<\/tr>\n<tr>\n<td width=\"189\"><span style=\"font-size: 11pt;\">12. Mai 2026<\/span><\/td>\n<td width=\"794\"><span style=\"font-size: 11pt;\"><strong>Sitzung der Arbeitsgruppe f\u00fcr technische Angelegenheiten (WG TECH) \u2013 Untergruppe zum Themenbereich: Nautik und Betrieb<\/strong><\/span><\/td>\n<\/tr>\n<tr>\n<td width=\"189\"><span style=\"font-size: 11pt;\">13. Mai 2026<\/span><\/td>\n<td width=\"794\"><span style=\"font-size: 11pt;\"><strong>Sitzung der Arbeitsgruppe f\u00fcr technische Angelegenheiten (WG TECH) &#8211; Untergruppe zum Themenbereich: Technik (einschlie\u00dflich Funkwesen) und <\/strong><strong>Bef\u00f6rderung gef\u00e4hrlicher G\u00fcter <\/strong><\/span><\/td>\n<\/tr>\n<tr>\n<td width=\"189\"><span style=\"font-size: 11pt;\">11. Juni 2026<\/span><\/td>\n<td width=\"794\"><span style=\"font-size: 11pt;\"><strong>105. Tagung der Donaukommission<\/strong><\/span><\/td>\n<\/tr>\n<tr>\n<td width=\"189\"><span style=\"font-size: 11pt;\">16.-17. September 2026<\/span><\/td>\n<td width=\"794\"><span style=\"font-size: 11pt;\"><strong>17. Gemeinsames Treffen der DK, IKSD und IKSB, Zagreb (Kroatien)<\/strong><\/span><\/td>\n<\/tr>\n<tr>\n<td width=\"189\"><span style=\"font-size: 11pt;\">13. &#8211; 15. Oktober 2026<\/span><\/td>\n<td width=\"794\"><span style=\"font-size: 11pt;\"><strong>Sitzung der Arbeitsgruppe f\u00fcr Rechts- und Finanzangelegenheiten (WG JUR-FIN<\/strong><strong>)<\/strong><\/span><\/td>\n<\/tr>\n<tr>\n<td width=\"189\"><span style=\"font-size: 11pt;\">10. November 2026<\/span><\/td>\n<td width=\"794\"><span style=\"font-size: 11pt;\"><strong>Sitzung der Arbeitsgruppe f\u00fcr technische Angelegenheiten (WG TECH) &#8211; Untergruppe zum Themenbereich: Nautik und Betrieb<\/strong><\/span><\/td>\n<\/tr>\n<tr>\n<td width=\"189\"><span style=\"font-size: 11pt;\">11. November 2026<\/span><\/td>\n<td width=\"794\"><span style=\"font-size: 11pt;\"><strong>Sitzung der Arbeitsgruppe f\u00fcr technische Angelegenheiten (WG TECH) &#8211; Untergruppe zum Themenbereich: Technik (einschlie\u00dflich Funkwesen) und <\/strong><strong>Bef\u00f6rderung gef\u00e4hrlicher G\u00fcter<\/strong><\/span><\/td>\n<\/tr>\n<tr>\n<td width=\"189\"><span style=\"font-size: 11pt;\">12. November 2026<\/span><\/td>\n<td width=\"794\"><span style=\"font-size: 11pt;\"><strong>Sitzung der Arbeitsgruppe f\u00fcr technische Angelegenheiten (WG TECH) \u2013 Untergruppe zum Themenbereich: Infrastruktur, H\u00e4fen, Wirtschaft<\/strong><\/span><\/td>\n<\/tr>\n<tr>\n<td width=\"189\"><span style=\"font-size: 11pt;\">17. Dezember 2026<\/span><\/td>\n<td width=\"794\"><span style=\"font-size: 11pt;\"><strong>106. Tagung der Donaukommission<\/strong><\/span><\/td>\n<\/tr>\n<tr>\n<td width=\"189\"><span style=\"font-size: 11pt;\"><strong>1. Quartal 2026<\/strong><\/span><\/p>\n<p><span style=\"font-size: 11pt;\">28. Januar 2026<\/span><\/p>\n<p><span style=\"font-size: 11pt;\">4. M\u00e4rz 2026<\/span><\/td>\n<td width=\"794\"><span style=\"font-size: 11pt;\"><strong>Sitzungen zu GRANT III <\/strong><\/span><\/p>\n<p><span style=\"font-size: 11pt;\">Gemeinsamer Workshop EDINNA und DK zum Thema Aus- und Weiterbildung in der Donauschifffahrt<\/span><\/p>\n<p><span style=\"font-size: 11pt;\">Gemeinsamer Workshop EUSDR\/PA1A und DK zum Thema Schifffahrtsbedingungen<\/span><\/td>\n<\/tr>\n<tr>\n<td width=\"189\"><span style=\"font-size: 11pt;\"><strong>2. Quartal 2026<\/strong><\/span><\/p>\n<p><span style=\"font-size: 11pt;\">18. &#8211; 21. Mai 2026<\/span><\/td>\n<td width=\"794\"><span style=\"font-size: 11pt;\"><strong>Projekttreffen zu PLATINA4Action<\/strong><\/span><\/p>\n<p><span style=\"font-size: 11pt;\">Transport Research Arena, Budapest<\/span><\/td>\n<\/tr>\n<tr>\n<td width=\"189\"><span style=\"font-size: 11pt;\"><strong>1. \u2013 4. Quartal 2026<\/strong><\/span><\/td>\n<td width=\"794\"><span style=\"font-size: 11pt;\"><strong>Projekttreffen zur IWT Digitalization Strategy (DiVINE)<\/strong><\/span><\/td>\n<\/tr>\n<\/thead>\n<\/table>\n","protected":false},"excerpt":{"rendered":"<p>29. Januar 2026 Expertentreffen f\u00fcr Personalfragen in der Donauschifffahrt (EM PERS) 25. Februar 2026 Treffen der informellen Expertengruppe zur weiteren<\/p>\n","protected":false},"author":1,"featured_media":0,"parent":247,"menu_order":0,"comment_status":"closed","ping_status":"closed","template":"","meta":{"_seopress_robots_primary_cat":"","_seopress_titles_title":"","_seopress_titles_desc":"","_seopress_robots_index":"","colormag_page_container_layout":"default_layout","colormag_page_sidebar_layout":"default_layout","footnotes":""},"class_list":["post-4671","page","type-page","status-publish","hentry"],"_links":{"self":[{"href":"https:\/\/www.danubecommission.org\/dc\/wp-json\/wp\/v2\/pages\/4671","targetHints":{"allow":["GET"]}}],"collection":[{"href":"https:\/\/www.danubecommission.org\/dc\/wp-json\/wp\/v2\/pages"}],"about":[{"href":"https:\/\/www.danubecommission.org\/dc\/wp-json\/wp\/v2\/types\/page"}],"author":[{"embeddable":true,"href":"https:\/\/www.danubecommission.org\/dc\/wp-json\/wp\/v2\/users\/1"}],"replies":[{"embeddable":true,"href":"https:\/\/www.danubecommission.org\/dc\/wp-json\/wp\/v2\/comments?post=4671"}],"version-history":[{"count":10,"href":"https:\/\/www.danubecommission.org\/dc\/wp-json\/wp\/v2\/pages\/4671\/revisions"}],"predecessor-version":[{"id":16169,"href":"https:\/\/www.danubecommission.org\/dc\/wp-json\/wp\/v2\/pages\/4671\/revisions\/16169"}],"up":[{"embeddable":true,"href":"https:\/\/www.danubecommission.org\/dc\/wp-json\/wp\/v2\/pages\/247"}],"wp:attachment":[{"href":"https:\/\/www.danubecommission.org\/dc\/wp-json\/wp\/v2\/media?parent=4671"}],"curies":[{"name":"wp","href":"https:\/\/api.w.org\/{rel}","templated":true}]}}