{"id":630,"date":"2016-11-30T12:55:10","date_gmt":"2016-11-30T12:55:10","guid":{"rendered":"http:\/\/www.danubecommission.org\/dc\/?page_id=630"},"modified":"2024-11-26T10:02:07","modified_gmt":"2024-11-26T09:02:07","slug":"funkstationen","status":"publish","type":"page","link":"https:\/\/www.danubecommission.org\/dc\/de\/die-donauschifffahrt\/funkstationen\/","title":{"rendered":"Funkstationen"},"content":{"rendered":"<p>der Donaul\u00e4nder mit T\u00e4glichen Hydrometeorologischen Meldungen<\/p>\n<div>\n<table border=\"0\" cellspacing=\"0\" cellpadding=\"0\">\n<tbody>\n<tr>\n<td valign=\"top\" width=\"113\">\n<p align=\"center\"><b>Land<\/b><b><\/b><\/p>\n<\/td>\n<td valign=\"top\" width=\"125\">\n<p align=\"center\"><b>Station<\/b><b><\/b><\/p>\n<\/td>\n<td valign=\"top\" width=\"87\">\n<p align=\"center\"><b>Wellenl\u00e4nge (in m)<\/b><\/p>\n<p align=\"center\"><b>\u00a0<\/b><\/p>\n<\/td>\n<td valign=\"top\" width=\"155\">\n<p align=\"center\"><b>kHz-Frequenz<\/b><\/p>\n<p align=\"center\"><b>(Tel.-Nr.)<\/b><b><\/b><\/p>\n<\/td>\n<td valign=\"top\" width=\"155\">\n<p align=\"center\"><b>Sendezeit &#8211; MEZ<\/b><\/p>\n<p align=\"center\"><b>(Ortszeit)<\/b><b><\/b><\/p>\n<\/td>\n<td valign=\"top\" width=\"91\">\n<p align=\"center\"><b>Sprache<\/b><\/p>\n<\/td>\n<td valign=\"top\" width=\"147\">\n<p align=\"center\"><b>Bemerkungen<\/b><\/p>\n<\/td>\n<\/tr>\n<tr>\n<td valign=\"top\" width=\"113\">\u00d6sterreich<\/td>\n<td valign=\"top\" width=\"125\">&#8220;\u00d6sterreich Regional&#8221;<\/td>\n<td valign=\"top\" width=\"87\">\n<p align=\"center\">&#8211;<\/p>\n<\/td>\n<td valign=\"top\" width=\"155\">\n<p align=\"center\">Ober\u00f6sterreich 97900<\/p>\n<p align=\"center\">Ober\u00f6sterreich 91500<\/p>\n<p align=\"center\">Nieder\u00f6sterreich 95200<\/p>\n<p align=\"center\">Nieder\u00f6sterreich 93400<\/p>\n<\/td>\n<td valign=\"top\" width=\"155\">\n<p align=\"center\">7.40<\/p>\n<p align=\"center\">8.03<\/p>\n<\/td>\n<td valign=\"top\" width=\"91\">deutsch<\/p>\n<p>deutsch<\/td>\n<td valign=\"top\" width=\"147\">Wasserst\u00e4nde und ihre kurzfristige Vorhersage<\/td>\n<\/tr>\n<tr>\n<td valign=\"top\" width=\"113\">Slowakische Republik<\/td>\n<td valign=\"top\" width=\"125\">Bratislava<\/td>\n<td valign=\"top\" width=\"87\">\n<p align=\"center\">&#8211;<\/p>\n<\/td>\n<td valign=\"top\" width=\"155\">\n<p align=\"center\">1098<\/p>\n<p align=\"center\">(00-42-7-371192)<\/p>\n<\/td>\n<td valign=\"top\" width=\"155\">\n<p align=\"center\">an arbeitsfreien Tagen:<\/p>\n<p align=\"center\">(10.05, 12.20)<\/p>\n<\/td>\n<td valign=\"top\" width=\"91\">slowakisch<\/p>\n<p>russisch<\/p>\n<p>franz\u00f6sisch<\/p>\n<p>&nbsp;<\/td>\n<td valign=\"top\" width=\"147\">Wasserst\u00e4nde und ihre kurzfristige Vorhersage<\/p>\n<p>&nbsp;<\/td>\n<\/tr>\n<tr>\n<td valign=\"top\" width=\"113\">Ungarn<\/td>\n<td valign=\"top\" width=\"125\">Pet\u0151fi<\/td>\n<td valign=\"top\" width=\"87\">\n<p align=\"center\">240,00<\/p>\n<p align=\"center\">252,00<\/p>\n<p align=\"center\">344,00<\/p>\n<\/td>\n<td valign=\"top\" width=\"155\">\n<p align=\"center\">1251<\/p>\n<p align=\"center\">1188<\/p>\n<p align=\"center\">873<\/p>\n<\/td>\n<td valign=\"top\" width=\"155\">\n<p align=\"center\">00.15<\/p>\n<p align=\"center\">13.45*<\/p>\n<\/td>\n<td valign=\"top\" width=\"91\">franz\u00f6sisch<\/p>\n<p>russisch<\/p>\n<p>ungarisch<\/p>\n<p>&nbsp;<\/td>\n<td valign=\"top\" width=\"147\">Wasserst\u00e4nde und ihre kurzfristige Vorhersage, Wassertemperatur, Wassertiefe in den Furten, Eisverh\u00e4ltnisse auf den gr\u00f6\u00dften Fl\u00fcssen des Karpatenbeckens<\/p>\n<p>&nbsp;<\/p>\n<p>&nbsp;<\/td>\n<\/tr>\n<tr>\n<td valign=\"top\" width=\"113\">Serbien<\/td>\n<td valign=\"top\" width=\"125\">Belgrad<\/td>\n<td valign=\"top\" width=\"87\">\n<p align=\"center\">439,2<\/p>\n<\/td>\n<td valign=\"top\" width=\"155\">\n<p align=\"center\">&#8211;<\/p>\n<\/td>\n<td valign=\"top\" width=\"155\">\n<p align=\"center\">12.05<\/p>\n<\/td>\n<td valign=\"top\" width=\"91\">serbisch<\/p>\n<p>franz\u00f6sisch<\/p>\n<p>russisch<\/p>\n<p>&nbsp;<\/td>\n<td valign=\"top\" width=\"147\">Wasserst\u00e4nde und ihre kurzfristige Vorhersage<\/p>\n<p>&nbsp;<\/td>\n<\/tr>\n<tr>\n<td valign=\"top\" width=\"113\">Rum\u00e4nien<\/td>\n<td valign=\"top\" width=\"125\">Bukarest<\/td>\n<td valign=\"top\" width=\"87\">\n<p align=\"center\">&#8211;<\/p>\n<\/td>\n<td valign=\"top\" width=\"155\">\n<p align=\"center\">1593<\/p>\n<p align=\"center\">1530<\/p>\n<p align=\"center\">1404<\/p>\n<p align=\"center\">1332<\/p>\n<p align=\"center\">1314<\/p>\n<p align=\"center\">1179<\/p>\n<p align=\"center\">720<\/p>\n<p align=\"center\">630<\/p>\n<p align=\"center\">603<\/p>\n<p align=\"center\">153<\/p>\n<\/td>\n<td valign=\"top\" width=\"155\">\n<p align=\"center\">10.50<\/p>\n<p align=\"center\">(11.50)<\/p>\n<\/td>\n<td valign=\"top\" width=\"91\">rum\u00e4nisch<\/p>\n<p>russisch<\/p>\n<p>franz\u00f6sisch<\/td>\n<td valign=\"top\" width=\"147\">Wasserst\u00e4nde und ihre kurzfristige Vorhersage, Mindesttiefe in den Furten<\/td>\n<\/tr>\n<tr>\n<td valign=\"top\" width=\"113\">Bulgarien<\/td>\n<td valign=\"top\" width=\"125\">Sofia<\/td>\n<td valign=\"top\" width=\"87\">\n<p align=\"center\">&#8211;<\/p>\n<\/td>\n<td valign=\"top\" width=\"155\">\n<p align=\"center\">103300<\/p>\n<p align=\"center\">103000<\/p>\n<p align=\"center\">71,0<\/p>\n<p align=\"center\">911<\/p>\n<p align=\"center\">594<\/p>\n<\/td>\n<td valign=\"top\" width=\"155\">\n<p align=\"center\">14.05<\/p>\n<p align=\"center\">(15.05)<\/p>\n<\/td>\n<td valign=\"top\" width=\"91\">bulgarisch<\/p>\n<p>russisch<\/p>\n<p>franz\u00f6sisch<\/td>\n<td valign=\"top\" width=\"147\">Wasserst\u00e4nde und ihre kurzfristige Vorhersage<\/td>\n<\/tr>\n<tr>\n<td valign=\"top\" width=\"113\">Ukraine<\/td>\n<td valign=\"top\" width=\"125\">UDP Isma\u00efl<\/td>\n<td valign=\"top\" width=\"87\">\n<p align=\"center\">61,2<\/p>\n<p align=\"center\">35,0<\/p>\n<p align=\"center\">23,2<\/p>\n<\/td>\n<td valign=\"top\" width=\"155\">\n<p align=\"center\">&#8211;<\/p>\n<\/td>\n<td valign=\"top\" width=\"155\">\n<p align=\"center\">9.00<\/p>\n<p align=\"center\">(10.00)<\/p>\n<p align=\"center\">17.00<\/p>\n<p align=\"center\">(18.00)<\/p>\n<p align=\"center\">19.00<\/p>\n<p align=\"center\">(20.00)<\/p>\n<\/td>\n<td valign=\"top\" width=\"91\">russisch<\/td>\n<td valign=\"top\" width=\"147\">Wasserst\u00e4nde und ihre kurzfristige Vorhersage<\/td>\n<\/tr>\n<\/tbody>\n<\/table>\n<p><i>__________<br \/>\n<\/i><i>*\u00a0\u00a0\u00a0\u00a0\u00a0\u00a0\u00a0 \u00dcbertragung auf 240 m nur auf ungarisch<\/i><\/p>\n<\/div>\n","protected":false},"excerpt":{"rendered":"<p>der Donaul\u00e4nder mit T\u00e4glichen Hydrometeorologischen Meldungen Land Station Wellenl\u00e4nge (in m) \u00a0 kHz-Frequenz (Tel.-Nr.) Sendezeit &#8211; MEZ (Ortszeit) Sprache Bemerkungen<\/p>\n","protected":false},"author":1,"featured_media":0,"parent":37,"menu_order":7,"comment_status":"closed","ping_status":"closed","template":"","meta":{"_seopress_robots_primary_cat":"","_seopress_titles_title":"","_seopress_titles_desc":"","_seopress_robots_index":"","colormag_page_container_layout":"default_layout","colormag_page_sidebar_layout":"default_layout","footnotes":""},"class_list":["post-630","page","type-page","status-publish","hentry"],"_links":{"self":[{"href":"https:\/\/www.danubecommission.org\/dc\/wp-json\/wp\/v2\/pages\/630","targetHints":{"allow":["GET"]}}],"collection":[{"href":"https:\/\/www.danubecommission.org\/dc\/wp-json\/wp\/v2\/pages"}],"about":[{"href":"https:\/\/www.danubecommission.org\/dc\/wp-json\/wp\/v2\/types\/page"}],"author":[{"embeddable":true,"href":"https:\/\/www.danubecommission.org\/dc\/wp-json\/wp\/v2\/users\/1"}],"replies":[{"embeddable":true,"href":"https:\/\/www.danubecommission.org\/dc\/wp-json\/wp\/v2\/comments?post=630"}],"version-history":[{"count":0,"href":"https:\/\/www.danubecommission.org\/dc\/wp-json\/wp\/v2\/pages\/630\/revisions"}],"up":[{"embeddable":true,"href":"https:\/\/www.danubecommission.org\/dc\/wp-json\/wp\/v2\/pages\/37"}],"wp:attachment":[{"href":"https:\/\/www.danubecommission.org\/dc\/wp-json\/wp\/v2\/media?parent=630"}],"curies":[{"name":"wp","href":"https:\/\/api.w.org\/{rel}","templated":true}]}}