{"id":632,"date":"2016-11-30T12:57:15","date_gmt":"2016-11-30T12:57:15","guid":{"rendered":"http:\/\/www.danubecommission.org\/dc\/?page_id=632"},"modified":"2024-11-26T10:28:00","modified_gmt":"2024-11-26T09:28:00","slug":"zusammenfassande-angaben","status":"publish","type":"page","link":"https:\/\/www.danubecommission.org\/dc\/de\/die-donauschifffahrt\/zusammenfassande-angaben\/","title":{"rendered":"Zusammenfassande Angaben"},"content":{"rendered":"<p><strong>\u00fcber die f\u00fcr Entscheidungen \u00fcber Ma\u00dfnahmen bei f\u00fcr die Schifffahrt kritischen Situationen zust\u00e4ndigen Beh\u00f6rden der DK-Mitgliedstaaten sowie \u00fcber Informationsquellen<\/strong><\/p>\n<p><strong>(<em>Stand 4. August 2017)<\/em><\/strong><\/p>\n<table width=\"0\">\n<tbody>\n<tr>\n<td width=\"102\"><strong>Land<\/strong><\/td>\n<td width=\"199\"><strong>Quelle<\/strong><\/td>\n<td width=\"126\"><strong>Hydrologische Information<\/strong><\/td>\n<td width=\"174\"><strong>Nachrichten f\u00fcr die Schifffahrt<\/strong><\/td>\n<\/tr>\n<tr>\n<td width=\"102\"><strong>Deutschland<\/strong><\/td>\n<td width=\"199\">Wasserstra\u00dfen- und Schifffahrtsamt Regensburg<\/p>\n<p>Erlanger Strasse 1<\/p>\n<p>D\u201193059 Regensburg<\/p>\n<p><a href=\"http:\/\/www.elwis.de\/\">www.elwis.de<\/a><\/p>\n<p><a href=\"http:\/\/www.hnd.bayern.de\/\">www.hnd.bayern.de<\/a><\/p>\n<p><a href=\"http:\/\/www.wsa-regensburg.wsv.de\/\">www.wsa-regensburg.wsv.de<\/a><\/td>\n<td width=\"126\">&nbsp;<\/p>\n<p>&nbsp;<\/p>\n<p>&nbsp;<\/p>\n<p>+<\/p>\n<p>+<\/p>\n<p>+<\/td>\n<td width=\"174\">&nbsp;<\/p>\n<p>&nbsp;<\/p>\n<p>&nbsp;<\/p>\n<p>+<\/p>\n<p>+<\/p>\n<p>+<\/td>\n<\/tr>\n<tr>\n<td width=\"102\"><strong>\u00d6sterreich<\/strong><\/td>\n<td width=\"199\">BMVIT-IV\/W2 (Schifffahrt \u2013 Technik und Nautik), Schifffahrtsaufsicht Radetzkystrasse 2, 1030 Wien<\/p>\n<p><a href=\"http:\/\/www.doris.bmvit.gv.at\/\">www.doris.bmvit.gv.at<\/a><\/p>\n<p><a href=\"http:\/\/www.bmvit.gv.at\/\">www.bmvit.gv.at<\/a><\/td>\n<td width=\"126\">&nbsp;<\/p>\n<p>&nbsp;<\/p>\n<p>&nbsp;<\/p>\n<p>&nbsp;<\/p>\n<p>+<\/td>\n<td width=\"174\">&nbsp;<\/p>\n<p>&nbsp;<\/p>\n<p>&nbsp;<\/p>\n<p>&nbsp;<\/p>\n<p>+<\/td>\n<\/tr>\n<tr>\n<td width=\"102\"><strong>Slowakei<\/strong><\/td>\n<td width=\"199\">\u0160tatna plavebn\u00e1 spr\u00e1va<\/p>\n<p>Pr\u00edstavn\u00e1 10, 821 09 Bratislav\u0430 <a href=\"mailto:sekretariat@sps.sk\">sekretariat@sps.sk <\/a><\/p>\n<p><a href=\"http:\/\/www.sps.sk\/\">www.sps.sk<\/a><\/p>\n<p>\u2022\u00a0\u00a0\u00a0\u00a0\u00a0\u00a0\u00a0\u00a0\u00a0\u00a0\u00a0\u00a0\u00a0 <a href=\"http:\/\/www.povodia.sk\/\">www.povodia.sk<\/a><\/p>\n<p>\u2022\u00a0\u00a0\u00a0\u00a0\u00a0\u00a0\u00a0\u00a0\u00a0\u00a0\u00a0\u00a0\u00a0 <a href=\"http:\/\/www.shmu.sk\/\">www.shmu.sk<\/a><\/td>\n<td width=\"126\">&nbsp;<\/p>\n<p>&nbsp;<\/p>\n<p>+<\/p>\n<p>+<\/p>\n<p>+<\/td>\n<td width=\"174\">&nbsp;<\/p>\n<p>&nbsp;<\/p>\n<p>+<\/td>\n<\/tr>\n<tr>\n<td width=\"102\"><strong>Ungarn<\/strong><\/td>\n<td width=\"199\">Budapest F\u0151v\u00e1ros<\/p>\n<p>Korm\u00e1nyh\u00edvatala<\/p>\n<p>1066 Budapest, Ter\u00e9z krt. 62. <a href=\"http:\/\/www.bfkh.hu\">www.bfkh.hu<\/a><\/p>\n<p>NAVINFO Budapest<\/p>\n<p>auf UKW-Kanal 16 und 22<\/p>\n<p><a href=\"http:\/\/www.hydroinfo.hu\/\">www.hydroinfo.hu<\/a><\/p>\n<p>Orsz\u00e1gos V\u00edz\u00fcgyi F\u0151igazgat\u00f3s\u00e1g,<\/p>\n<p>1012 Budapest, M\u00e1rv\u00e1ny u. 1\/d<\/p>\n<p><a href=\"http:\/\/www.ovf.hu\/\">www.ovf.hu<\/a><\/p>\n<p>E-Mail: <a href=\"mailto:ovf@ovf.hu\">ovf@ovf.hu<\/a><\/p>\n<p>&nbsp;<\/td>\n<td width=\"126\">&nbsp;<\/p>\n<p>&nbsp;<\/p>\n<p>&nbsp;<\/p>\n<p>&nbsp;<\/p>\n<p>&nbsp;<\/p>\n<p>+<\/p>\n<p>&nbsp;<\/p>\n<p>&nbsp;<\/p>\n<p>&nbsp;<\/p>\n<p>+<\/td>\n<td width=\"174\">&nbsp;<\/p>\n<p>+<\/p>\n<p><em>\u00a0<\/em><\/p>\n<p>&nbsp;<\/p>\n<p>&nbsp;<\/p>\n<p>+<\/p>\n<p>&nbsp;<\/p>\n<p>&nbsp;<\/p>\n<p>&nbsp;<\/p>\n<p>+<\/td>\n<\/tr>\n<tr>\n<td width=\"102\"><strong>Kroatien<\/strong><\/td>\n<td width=\"199\">Ministarstvo pomorstva, prometa i infrastructure<\/p>\n<p>10000 Zagreb, Prisavlje 14<\/p>\n<p>Tel.: 01 6169 111<\/p>\n<p><a href=\"http:\/\/www.mppi.hr\/\">www.mppi.hr<\/a><\/p>\n<p>&nbsp;<\/td>\n<td width=\"126\">&nbsp;<\/p>\n<p>&nbsp;<\/p>\n<p>&nbsp;<\/p>\n<p>&nbsp;<\/p>\n<p>+<\/td>\n<td width=\"174\">&nbsp;<\/p>\n<p>&nbsp;<\/p>\n<p>&nbsp;<\/p>\n<p>&nbsp;<\/p>\n<p>+<\/td>\n<\/tr>\n<\/tbody>\n<\/table>\n<p>&nbsp;<\/p>\n<table width=\"0\">\n<tbody>\n<tr>\n<td width=\"102\"><strong>Serbien<\/strong><\/td>\n<td width=\"198\">\u0420\u0435\u043f\u0443\u0431\u043b\u0438\u0447\u043a\u0438 \u0445\u0438\u0434\u0440\u043e\u043c\u0435\u0442\u0435\u043e\u0440\u043e-\u043b\u043e\u0448\u043a\u0438 \u0437\u0430\u0432\u043e\u0434 \u0421\u0440\u0431\u0438je<\/p>\n<p>\u041a\u043d\u0435\u0437\u0430 \u0412\u0438\u0448\u0435\u0441\u043b\u0430\u0432\u0430 66,11000 \u0411\u0435\u043e\u0433\u0440\u0430\u0434<\/p>\n<p>E-Mail: <a href=\"mailto:office@hidmet.gov.rs\">office@hidmet.gov.rs<\/a><\/p>\n<p><a href=\"http:\/\/www.hidmet.gov.rs\/\">www.hidmet.gov.rs<\/a><\/p>\n<p>&nbsp;<\/p>\n<p>\u0414\u0438\u0440\u0435\u043a\u0446\u0438ja \u0437\u0430 \u0432\u043e\u0434\u043d\u0435 \u043f\u0443\u0442\u0435\u0432\u0435 \u0424\u0440\u0430\u043d\u0446\u0443\u0441\u043a\u0430 9, 11000 \u0411\u0435\u043e\u0433\u0440\u0430\u0434<\/p>\n<p>E-Mail: <a href=\"mailto:office@plovput.rs\">office@plovput.rs<\/a><\/p>\n<p><a href=\"http:\/\/www.plovput.rs\/\">www.plovput.rs<\/a><\/p>\n<p>&nbsp;<\/td>\n<td width=\"123\">&nbsp;<\/p>\n<p>&nbsp;<\/p>\n<p>&nbsp;<\/p>\n<p>&nbsp;<\/p>\n<p>+<\/p>\n<p>&nbsp;<\/p>\n<p>&nbsp;<\/p>\n<p>&nbsp;<\/p>\n<p>&nbsp;<\/p>\n<p>+<\/td>\n<td width=\"178\">&nbsp;<\/p>\n<p>&nbsp;<\/p>\n<p>&nbsp;<\/p>\n<p>&nbsp;<\/p>\n<p>&nbsp;<\/p>\n<p>&nbsp;<\/p>\n<p>&nbsp;<\/p>\n<p>&nbsp;<\/p>\n<p>&nbsp;<\/p>\n<p>+<\/td>\n<\/tr>\n<tr>\n<td width=\"102\"><strong>Bulgarien<\/strong><\/td>\n<td width=\"198\">\u0418\u0441\u043f\u043e\u043b\u043d\u0438\u0442\u0435\u043b\u044c\u043d\u043e\u0435 \u0430\u0433\u0435\u043d\u0442\u0441\u0442\u0432\u043e &#8220;\u041c\u043e\u0440\u0441\u043a\u0430\u044f \u0430\u0434\u043c\u0438\u043d\u0438\u0441\u0442\u0440\u0430\u0446\u0438\u044f&#8221;<\/p>\n<p>(\u0418\u0410\u041c\u0410)<\/p>\n<p>\u0433. \u0421\u043e\u0444\u0438\u044f,<\/p>\n<p>\u0443\u043b. \u0414\u044f\u043a\u043e\u043d \u0418\u0433\u043d\u0430\u0442\u0438\u0439, 9<\/p>\n<p>Tel.:\u00a0\u00a0 +359 2 9300910<\/p>\n<p>+359 82 815811<\/p>\n<p>+359 971 66962<\/p>\n<p>E-Mail: <a href=\"mailto:bma@marad.bg\">bma@marad.bg<\/a><\/p>\n<p><a href=\"mailto:hm_rs@marad.bg\">hm_rs@marad.bg<\/a><\/p>\n<p><a href=\"hm_lom@marad.bg\">hm_lom@marad.bg<\/a><\/p>\n<p><a href=\"www.bulris.bg\">www.bulris.bg<\/a><\/p>\n<p>\u0418\u0437\u043f\u044a\u043b\u043d\u0438\u0442\u0435\u043b\u043d\u0430 \u0410\u0433\u0435\u043d\u0446\u0438\u044f &#8220;\u041f\u0440\u043e\u0443\u0447\u0432\u0430\u043d\u0435 \u0438 \u043f\u043e\u0434\u0434\u044a\u0440\u0436\u0430\u043d\u0435 \u043d\u0430 \u0440\u0435\u043a\u0430 \u0414\u0443\u043d\u0430\u0432&#8221;<\/p>\n<p>\u0433.\u0420\u0443\u0441\u0435 (\u0418\u0410\u041f\u041f\u0414-\u0420\u0443\u0441\u0435)<\/p>\n<p>7000 \u0420\u0443\u0441\u0435, \u0443\u043b. \u0421\u043b\u0430\u0432\u044f\u043d\u0441\u043a\u0430, 6<\/p>\n<p><a href=\"http:\/\/www.appd-bg.org\/\">www.appd-bg.org<\/a><\/p>\n<p>&nbsp;<\/td>\n<td width=\"123\">&nbsp;<\/p>\n<p>&nbsp;<\/p>\n<p>&nbsp;<\/p>\n<p>&nbsp;<\/p>\n<p>&nbsp;<\/p>\n<p>&nbsp;<\/p>\n<p>&nbsp;<\/p>\n<p>&nbsp;<\/p>\n<p>&nbsp;<\/p>\n<p>&nbsp;<\/p>\n<p>&nbsp;<\/p>\n<p>&nbsp;<\/p>\n<p>&nbsp;<\/p>\n<p>&nbsp;<\/p>\n<p>&nbsp;<\/p>\n<p>&nbsp;<\/p>\n<p>&nbsp;<\/p>\n<p>&nbsp;<\/p>\n<p>&nbsp;<\/p>\n<p>+<\/td>\n<td width=\"178\">&nbsp;<\/p>\n<p>&nbsp;<\/p>\n<p>&nbsp;<\/p>\n<p>&nbsp;<\/p>\n<p>&nbsp;<\/p>\n<p>&nbsp;<\/p>\n<p>&nbsp;<\/p>\n<p>&nbsp;<\/p>\n<p>&nbsp;<\/p>\n<p>+<\/p>\n<p>&nbsp;<\/p>\n<p>&nbsp;<\/p>\n<p>&nbsp;<\/p>\n<p>&nbsp;<\/p>\n<p>&nbsp;<\/p>\n<p>&nbsp;<\/p>\n<p>&nbsp;<\/p>\n<p>&nbsp;<\/p>\n<p>&nbsp;<\/p>\n<p>+<\/td>\n<\/tr>\n<tr>\n<td width=\"102\"><strong>Rum\u00e4nien <\/strong><\/td>\n<td width=\"198\">Administra\u0163ia Fluvial\u0103 a Dun\u0103rii de Jos<\/p>\n<p>Str. Portului n\u00b0 32, 800025 Gala\u0163i<\/p>\n<p><a href=\"http:\/\/www.afdj.ro\/\">http:\/\/www.afdj.ro<\/a><\/p>\n<p>&nbsp;<\/p>\n<p>Tel.:\u00a0 +40-236\/460812<\/p>\n<p>+40-236\/460353<\/p>\n<p>+40-236\/460016<\/p>\n<p>Fax: +40-236\/460847<\/p>\n<p>E-Mail: <a href=\"mailto:secretariat@afdj.ro\">secretariat@afdj.ro<\/a><\/p>\n<p>&nbsp;<\/td>\n<td width=\"123\">Wasserst\u00e4nde, Mindesttiefen der Furten<\/td>\n<td width=\"178\">&#8211;\u00a0\u00a0\u00a0\u00a0\u00a0 Nachrichten f\u00fcr die Schifffahrt (\u00c4nderungen der Bezeichnung)<\/p>\n<p>&#8211;\u00a0\u00a0\u00a0\u00a0\u00a0 Hydrometeorologische Meldungen \u2013 aktualisiert t\u00e4glich um 10.00 Uhr auf <a href=\"http:\/\/www.afdj.ro\/\">http:\/\/www.afdj.ro<\/a><\/p>\n<p>&#8211;\u00a0\u00a0\u00a0\u00a0\u00a0 Hydrologische Meldungen des Senders Radio Bucuresti \u201e<em>Antena satelor<\/em>\u201c (Frequenz 153; 531; 603; 630; 1314 kHz)* t\u00e4glich um 12.10 Uhr auf Rum\u00e4nisch, Russisch und Franz\u00f6sisch:<\/p>\n<p>\u00b7\u00a0\u00a0\u00a0\u00a0\u00a0\u00a0 Wasserst\u00e4nde und kurzfristige Tendenz der Wasserst\u00e4nde (24 \/ 48 Stunden)<\/td>\n<\/tr>\n<\/tbody>\n<\/table>\n<p>&nbsp;<\/p>\n<p>___________________________________<\/p>\n<p>*\u00a0 Frequenz 153 kHz f\u00fcr das ganze Land;<\/p>\n<p>Frequenz 531 kHz f\u00fcr die Regionen Bac\u0103u, Br\u0103ila, C\u0103l\u0103ra\u0219i, Ialomi\u021ba, Vrancea;<\/p>\n<p>Frequenz 603 kHz f\u00fcr die Regionen Ilfov, Giurgiu, Prahova, Teleorman;<\/p>\n<p>Frequenz 630 kHz f\u00fcr die Regionen Arge\u0219, D\u00e2mbovi\u021ba, Dolj, Olt, V\u00e2lcea;<\/p>\n<p>Frequenz 1314 kHz f\u00fcr die Regionen Banat, Dobrogea.<\/p>\n<p>&nbsp;<\/p>\n<p>&nbsp;<\/p>\n<table width=\"0\">\n<tbody>\n<tr>\n<td width=\"102\"><strong>\u00a0<\/strong><\/td>\n<td width=\"198\"><\/td>\n<td width=\"123\"><\/td>\n<td width=\"178\">\u00b7\u00a0\u00a0\u00a0\u00a0\u00a0\u00a0 Mindesttiefen der Furten<\/p>\n<p>\u00b7\u00a0\u00a0\u00a0\u00a0\u00a0\u00a0 Eisverh\u00e4ltnisse auf der Donau und auf den gro\u00dfen Wasserstra\u00dfen Rum\u00e4niens<\/td>\n<\/tr>\n<tr>\n<td width=\"102\"><strong>\u00a0<\/strong><\/td>\n<td width=\"198\">Autoritatea Naval\u0103 Rom\u00e2n\u0103<\/p>\n<p>Hafen Constan\u0163a Nr. 1<\/p>\n<p><em>(Geb\u00e4ude der Rum\u00e4nischen Schifffahrtsbeh\u00f6rde<\/em>)<\/p>\n<p>900900 Constan\u0163a<\/p>\n<p><a href=\"http:\/\/www.rna.ro\/\">http:\/\/www.rna.ro<\/a><\/p>\n<p>Tel.:\u00a0 +40-241\/616124<\/p>\n<p>+40-241\/616104<\/p>\n<p>Fax: +40-241\/616229<\/p>\n<p>E-Mail: <a href=\"mailto:rna@rna.ro\">rna@rna.ro<\/a><\/p>\n<p>&nbsp;<\/td>\n<td width=\"123\"><\/td>\n<td width=\"178\">Die Rum\u00e4nische Schifffahrtsbeh\u00f6rde ist die technische Fachbeh\u00f6rde des Ministeriums f\u00fcr Verkehr, die die Funktion der \u00f6ffentlichen Beh\u00f6rde im Bereich der Sicherheit der Schifffahrt aus\u00fcbt.<\/td>\n<\/tr>\n<tr>\n<td width=\"102\"><strong>Republik Moldau<\/strong><\/td>\n<td width=\"198\">C\u0103pit\u0103nia portului Giurgiule\u015fti<\/p>\n<p><em>(Ministerium f\u00fcr Verkehr und Stra\u00dfeninfrastruktur der Republik Moldau)<\/em><\/p>\n<p>Chisinau, Soseaua Hincesti 53<\/p>\n<p><a href=\"mailto:info@maradmoldova.md\">info@maradmoldova.md<\/a><\/td>\n<td width=\"123\">&nbsp;<\/p>\n<p>&nbsp;<\/p>\n<p>&nbsp;<\/p>\n<p>&nbsp;<\/p>\n<p>+<\/td>\n<td width=\"178\">&nbsp;<\/p>\n<p>&nbsp;<\/p>\n<p>&nbsp;<\/p>\n<p>&nbsp;<\/p>\n<p>+<\/td>\n<\/tr>\n<tr>\n<td width=\"102\"><strong>Ukraine<\/strong><\/td>\n<td width=\"198\">\u0418\u043d\u0441\u043f\u0435\u043a\u0446\u0438\u044f \u0433\u043e\u0441\u0443\u0434\u0430\u0440\u0441\u0442\u0432\u0435\u043d\u043d\u043e\u0433\u043e \u043f\u043e\u0440\u0442\u043e\u0432\u043e\u0433\u043e \u043d\u0430\u0434\u0437\u043e\u0440\u0430 \u0413\u041f\u00a0&#8220;\u0418\u0437\u043c\u0430\u0438\u043b\u044c\u0441\u043a\u0438\u0439 \u043c\u043e\u0440\u0441\u043a\u043e\u0439 \u0442\u043e\u0440\u0433\u043e\u0432\u044b\u0439 \u043f\u043e\u0440\u0442&#8221;<\/p>\n<p>\u0443\u043b. \u041f\u043e\u0440\u0442\u043e\u0432\u0430\u044f 7, \u0433. \u0418\u0437\u043c\u0430\u0438\u043b,<\/p>\n<p>\u041e\u0434\u0435\u0441\u0441\u043a\u0430\u044f \u043e\u0431\u043b\u0430\u0441\u0442\u044c,<\/p>\n<p>\u0423\u043a\u0440\u0430\u0438\u043d\u0430 68600<\/p>\n<p><a href=\"http:\/\/www.izmport.com.ua\/\">www.izmport.com.ua<\/a><\/p>\n<p><a href=\"http:\/\/www.dhmo.org.ua\/\">www.dhmo.org.ua<\/a><\/td>\n<td width=\"123\">Eisverh\u00e4ltnisse, Wasserst\u00e4nde auf der Donau, Wettervorhersage (Sturmwarnungen)<\/p>\n<p>&nbsp;<\/p>\n<p>&nbsp;<\/p>\n<p>+<\/p>\n<p>+<\/td>\n<td width=\"178\">T\u00e4gliche Wasserstandsmeldungen, Wettervorhersagen, Eismeldungen auf den UKW-Kan\u00e4len 9,16\u00a0\u00a0\u00a0\u00a0\u00a0\u00a0\u00a0\u00a0\u00a0\u00a0\u00a0\u00a0\u00a0\u00a0\u00a0\u00a0 +<\/p>\n<p>Empfehlungen f\u00fcr die Schifffahrt bei Eisverh\u00e4ltnissen, Havariehilfe, Konsultationen zu Fragen der Schifffahrtssicherheit<\/td>\n<\/tr>\n<\/tbody>\n<\/table>\n<p>&nbsp;<\/p>\n","protected":false},"excerpt":{"rendered":"<p>\u00fcber die f\u00fcr Entscheidungen \u00fcber Ma\u00dfnahmen bei f\u00fcr die Schifffahrt kritischen Situationen zust\u00e4ndigen Beh\u00f6rden der DK-Mitgliedstaaten sowie \u00fcber Informationsquellen (Stand<\/p>\n","protected":false},"author":1,"featured_media":0,"parent":37,"menu_order":8,"comment_status":"closed","ping_status":"closed","template":"","meta":{"_seopress_robots_primary_cat":"","_seopress_titles_title":"","_seopress_titles_desc":"","_seopress_robots_index":"","colormag_page_container_layout":"default_layout","colormag_page_sidebar_layout":"default_layout","footnotes":""},"class_list":["post-632","page","type-page","status-publish","hentry"],"_links":{"self":[{"href":"https:\/\/www.danubecommission.org\/dc\/wp-json\/wp\/v2\/pages\/632","targetHints":{"allow":["GET"]}}],"collection":[{"href":"https:\/\/www.danubecommission.org\/dc\/wp-json\/wp\/v2\/pages"}],"about":[{"href":"https:\/\/www.danubecommission.org\/dc\/wp-json\/wp\/v2\/types\/page"}],"author":[{"embeddable":true,"href":"https:\/\/www.danubecommission.org\/dc\/wp-json\/wp\/v2\/users\/1"}],"replies":[{"embeddable":true,"href":"https:\/\/www.danubecommission.org\/dc\/wp-json\/wp\/v2\/comments?post=632"}],"version-history":[{"count":0,"href":"https:\/\/www.danubecommission.org\/dc\/wp-json\/wp\/v2\/pages\/632\/revisions"}],"up":[{"embeddable":true,"href":"https:\/\/www.danubecommission.org\/dc\/wp-json\/wp\/v2\/pages\/37"}],"wp:attachment":[{"href":"https:\/\/www.danubecommission.org\/dc\/wp-json\/wp\/v2\/media?parent=632"}],"curies":[{"name":"wp","href":"https:\/\/api.w.org\/{rel}","templated":true}]}}