{"id":645,"date":"2016-11-30T13:15:04","date_gmt":"2016-11-30T13:15:04","guid":{"rendered":"http:\/\/www.danubecommission.org\/dc\/?page_id=645"},"modified":"2023-04-26T13:49:25","modified_gmt":"2023-04-26T12:49:25","slug":"umweltschutz","status":"publish","type":"page","link":"https:\/\/www.danubecommission.org\/dc\/de\/die-donauschifffahrt\/umweltschutz\/","title":{"rendered":"Umweltschutz"},"content":{"rendered":"<ul>\n<li><a href=\"https:\/\/www.danubecommission.org\/uploads\/doc\/2022\/waste_recommendations\/de_rec_waste.pdf\">Empfehlungen zur Organisierung der Sammlung von Schiffsabf\u00e4llen in der Donauschifffahrt, Hrsg. 2022<\/a><\/li>\n<li><a href=\"https:\/\/www.danubecommission.org\/uploads\/doc\/2021\/waste_collecting_points20210129\/DE_Waste_Collecting_points.pdf\">Zusammenfassende Tabelle \u00fcber Annahmestellen f\u00fcr die Sammlung und Entsorgung von Schiffsabf\u00e4llen an der Donau<\/a><br \/>\n(Stand: 1. Dezember 2020)<\/li>\n<li><a href=\"https:\/\/www.danubecommission.org\/uploads\/doc\/2020\/waste_collecting_points\/DE_Waste_Collecting_points_20200624.pdf\">Zusammenfassende Tabelle \u00fcber Annahmestellen f\u00fcr die Sammlung und Entsorgung von Schiffsabf\u00e4llen an der Donau<\/a><br \/>\n(Stand: 24. Juni 2020)<\/li>\n<li><a href=\"https:\/\/www.danubecommission.org\/uploads\/doc\/72\/Joint%20Statement\/DE\/JS-German-DK.pdf\" target=\"_blank\" rel=\"noopener noreferrer\">Gemeinsame Erkl\u00e4rung zu Leits\u00e4tzen \u00fcber den Ausbau der <\/a><a href=\"https:\/\/www.danubecommission.org\/uploads\/doc\/72\/Joint%20Statement\/DE\/JS-German-DK.pdf\" target=\"_blank\" rel=\"noopener noreferrer\">Binnenschifffahrt und Umweltschutz im Donaueinzugsgebiet<\/a>\u00a0 (.pdf 60kb)\n<ul>\n<li>\u00a0<a href=\"https:\/\/www.danubecommission.org\/uploads\/doc\/72\/Joint%20Statement\/DE\/JS-G-anl1.pdf\" target=\"_blank\" rel=\"noopener noreferrer\">Anlage 1: Hintergrund zum rechtlichen Rahmen<\/a> (.pdf\u00a047 kb<\/li>\n<li><span lang=\"DE\">\u00a0<\/span><a href=\"https:\/\/www.danubecommission.org\/uploads\/doc\/72\/Joint%20Statement\/DE\/JS-G-anl2.pdf\" target=\"_blank\" rel=\"noopener noreferrer\">Anlage 2: Beispiele f\u00fcr m\u00f6gliche Ma\u00dfnahmen <\/a> (.pdf\u00a019 kb<\/li>\n<li><span lang=\"DE\">\u00a0<\/span><a href=\"https:\/\/www.danubecommission.org\/uploads\/doc\/72\/Joint%20Statement\/DE\/JS-G-anl3.pdf\" target=\"_blank\" rel=\"noopener noreferrer\">Anlage 3: Liste der laufenden Binnenschifffahrts-\u00a0 und Mehrzweckprojekte (einschl. Binnenschifffahrt) im Donaueinzugsgebiet\u00a0 (<i>Stand 12. Oktober 2007<\/i>)<\/a> (.pdf 154 kb)<\/li>\n<li>\u00a0<a href=\"https:\/\/www.danubecommission.org\/uploads\/doc\/72\/Joint%20Statement\/DE\/JS-G-anl4.pdf\" target=\"_blank\" rel=\"noopener noreferrer\">Anlage 4: Liste teilnehmender Organisationen<\/a> (.pdf\u00a018 kb)<\/li>\n<\/ul>\n<\/li>\n<\/ul>\n","protected":false},"excerpt":{"rendered":"<p>Empfehlungen zur Organisierung der Sammlung von Schiffsabf\u00e4llen in der Donauschifffahrt, Hrsg. 2022 Zusammenfassende Tabelle \u00fcber Annahmestellen f\u00fcr die Sammlung und<\/p>\n","protected":false},"author":1,"featured_media":0,"parent":37,"menu_order":11,"comment_status":"closed","ping_status":"closed","template":"","meta":{"_seopress_robots_primary_cat":"","_seopress_titles_title":"","_seopress_titles_desc":"","_seopress_robots_index":"","colormag_page_container_layout":"default_layout","colormag_page_sidebar_layout":"default_layout","footnotes":""},"class_list":["post-645","page","type-page","status-publish","hentry"],"_links":{"self":[{"href":"https:\/\/www.danubecommission.org\/dc\/wp-json\/wp\/v2\/pages\/645","targetHints":{"allow":["GET"]}}],"collection":[{"href":"https:\/\/www.danubecommission.org\/dc\/wp-json\/wp\/v2\/pages"}],"about":[{"href":"https:\/\/www.danubecommission.org\/dc\/wp-json\/wp\/v2\/types\/page"}],"author":[{"embeddable":true,"href":"https:\/\/www.danubecommission.org\/dc\/wp-json\/wp\/v2\/users\/1"}],"replies":[{"embeddable":true,"href":"https:\/\/www.danubecommission.org\/dc\/wp-json\/wp\/v2\/comments?post=645"}],"version-history":[{"count":0,"href":"https:\/\/www.danubecommission.org\/dc\/wp-json\/wp\/v2\/pages\/645\/revisions"}],"up":[{"embeddable":true,"href":"https:\/\/www.danubecommission.org\/dc\/wp-json\/wp\/v2\/pages\/37"}],"wp:attachment":[{"href":"https:\/\/www.danubecommission.org\/dc\/wp-json\/wp\/v2\/media?parent=645"}],"curies":[{"name":"wp","href":"https:\/\/api.w.org\/{rel}","templated":true}]}}