{"id":652,"date":"2016-11-30T13:22:14","date_gmt":"2016-11-30T13:22:14","guid":{"rendered":"http:\/\/www.danubecommission.org\/dc\/?page_id=652"},"modified":"2025-04-25T06:51:54","modified_gmt":"2025-04-25T05:51:54","slug":"statistik-der-donauschifffahrt","status":"publish","type":"page","link":"https:\/\/www.danubecommission.org\/dc\/de\/die-donauschifffahrt\/statistik-der-donauschifffahrt\/","title":{"rendered":"Statistik der Donauschifffahrt"},"content":{"rendered":"<ul>\n<li><a href=\"https:\/\/www.danubecommission.org\/uploads\/doc\/2025\/Stat_2022\/de_stat_2022.pdf\">Statistik der Donauschifffahrt f\u00fcr die Jahre 2022<\/a><\/li>\n<li><a href=\"https:\/\/www.danubecommission.org\/uploads\/doc\/2023\/Stat_2021\/de_stat_2021.pdf\">Statistik der Donauschifffahrt f\u00fcr die Jahre 2021<\/a><\/li>\n<li><a href=\"https:\/\/www.danubecommission.org\/uploads\/doc\/2022\/Stat_2020\/de_stat_2020.pdf\">Statistik f\u00fcr Donauschifffahrt f\u00fcr das Jahr 2020<\/a><\/li>\n<li><a href=\"https:\/\/www.danubecommission.org\/uploads\/doc\/2022\/Stat_2018_2019\/de_stat_2019.pdf\">Statistik der Donauschifffahrt f\u00fcr das Jahre 2019<\/a><\/li>\n<li><a href=\"https:\/\/www.danubecommission.org\/uploads\/doc\/2022\/Stat_2018_2019\/de_stat_2018.pdf\">Statistik der Donauschifffahrt f\u00fcr das Jahre 2018\u00a0<\/a><\/li>\n<li><a href=\"https:\/\/www.danubecommission.org\/uploads\/doc\/STATISTIC\/de_stat_2016_2017.pdf\">Statistik der Donauschifffahrt f\u00fcr die Jahre 2016-2017 <\/a><\/li>\n<li><a href=\"https:\/\/www.danubecommission.org\/uploads\/doc\/STATISTIC\/de_stat_2015_2016.pdf\">Statistik der Donauschifffahrt f\u00fcr die Jahre 2015-2016\u00a0<\/a><\/li>\n<li><a href=\"https:\/\/www.danubecommission.org\/uploads\/doc\/STATISTIC\/de_stat_2014_15.pdf\">Statistik der Donauschifffahrt f\u00fcr die Jahre 2014-2015<\/a><\/li>\n<li><a href=\"https:\/\/www.danubecommission.org\/uploads\/doc\/STATISTIC\/Stat%202013-2014%20DE.pdf\">Statistik der Donauschifffahrt f\u00fcr die Jahre 2013-2014<\/a><\/li>\n<\/ul>\n<p>&nbsp;<\/p>\n","protected":false},"excerpt":{"rendered":"<p>Statistik der Donauschifffahrt f\u00fcr die Jahre 2022 Statistik der Donauschifffahrt f\u00fcr die Jahre 2021 Statistik f\u00fcr Donauschifffahrt f\u00fcr das Jahr<\/p>\n","protected":false},"author":1,"featured_media":0,"parent":37,"menu_order":12,"comment_status":"closed","ping_status":"closed","template":"","meta":{"_seopress_robots_primary_cat":"","_seopress_titles_title":"","_seopress_titles_desc":"","_seopress_robots_index":"","colormag_page_container_layout":"default_layout","colormag_page_sidebar_layout":"default_layout","footnotes":""},"class_list":["post-652","page","type-page","status-publish","hentry"],"_links":{"self":[{"href":"https:\/\/www.danubecommission.org\/dc\/wp-json\/wp\/v2\/pages\/652","targetHints":{"allow":["GET"]}}],"collection":[{"href":"https:\/\/www.danubecommission.org\/dc\/wp-json\/wp\/v2\/pages"}],"about":[{"href":"https:\/\/www.danubecommission.org\/dc\/wp-json\/wp\/v2\/types\/page"}],"author":[{"embeddable":true,"href":"https:\/\/www.danubecommission.org\/dc\/wp-json\/wp\/v2\/users\/1"}],"replies":[{"embeddable":true,"href":"https:\/\/www.danubecommission.org\/dc\/wp-json\/wp\/v2\/comments?post=652"}],"version-history":[{"count":1,"href":"https:\/\/www.danubecommission.org\/dc\/wp-json\/wp\/v2\/pages\/652\/revisions"}],"predecessor-version":[{"id":15289,"href":"https:\/\/www.danubecommission.org\/dc\/wp-json\/wp\/v2\/pages\/652\/revisions\/15289"}],"up":[{"embeddable":true,"href":"https:\/\/www.danubecommission.org\/dc\/wp-json\/wp\/v2\/pages\/37"}],"wp:attachment":[{"href":"https:\/\/www.danubecommission.org\/dc\/wp-json\/wp\/v2\/media?parent=652"}],"curies":[{"name":"wp","href":"https:\/\/api.w.org\/{rel}","templated":true}]}}