{"id":690,"date":"2016-12-01T08:26:31","date_gmt":"2016-12-01T08:26:31","guid":{"rendered":"http:\/\/www.danubecommission.org\/dc\/?page_id=690"},"modified":"2017-02-22T09:52:07","modified_gmt":"2017-02-22T08:52:07","slug":"stations-hydrometriques-sur-le-danube","status":"publish","type":"page","link":"https:\/\/www.danubecommission.org\/dc\/fr\/navigation-danubienne\/stations-hydrometriques-sur-le-danube\/","title":{"rendered":"Stations hydrometriques sur le Danube"},"content":{"rendered":"<div>\n<table border=\"0\" cellspacing=\"0\" cellpadding=\"0\">\n<colgroup>\n<col width=\"121\" \/>\n<col width=\"67\" \/>\n<col width=\"68\" \/>\n<col span=\"2\" width=\"67\" \/> <\/colgroup>\n<tbody>\n<tr>\n<td valign=\"middle\"><b>Station hydrom\u00e9trique<\/b><\/td>\n<td valign=\"middle\"><b>Distance de Sulina<\/b><\/td>\n<td><b>Cote du &#8220;0&#8221; absolu<\/b><\/td>\n<td valign=\"middle\"><b>Cote de l&#8217;ENR<\/b><\/td>\n<td valign=\"middle\"><b>Cote du HNN<\/b><\/td>\n<\/tr>\n<tr>\n<td><\/td>\n<td valign=\"middle\"><b>km<\/b><\/td>\n<td><b>m<\/b><\/td>\n<td><b>cm<\/b><\/td>\n<td><b>cm<\/b><\/td>\n<\/tr>\n<tr>\n<td bgcolor=\"#ffffff\" width=\"119\"><b>Kelheim<\/b><\/td>\n<td>2 414,840<\/td>\n<td>337,10 N<\/td>\n<td>250<\/td>\n<td><\/td>\n<\/tr>\n<tr>\n<td bgcolor=\"#ffffff\"><b>Oberndorf<\/b><\/td>\n<td>2 397,380<\/td>\n<td>331,15 N<\/td>\n<td>170<\/td>\n<td><\/td>\n<\/tr>\n<tr>\n<td bgcolor=\"#ffffff\" width=\"119\"><b>Regensburg &#8211; Schwabelweis<\/b><\/td>\n<td>2 376,490<\/td>\n<td>324,49 N<\/td>\n<td>292<\/td>\n<td>472<\/td>\n<\/tr>\n<tr>\n<td bgcolor=\"#ffffff\"><b>Pfatter<\/b><\/td>\n<td>2 350,690<\/td>\n<td>317,02 N<\/td>\n<td>310<\/td>\n<td><\/td>\n<\/tr>\n<tr>\n<td bgcolor=\"#ffffff\"><b>Straubing<\/b><\/td>\n<td>2 321,290<\/td>\n<td>311,45 N<\/td>\n<td>140<\/td>\n<td><\/td>\n<\/tr>\n<tr>\n<td bgcolor=\"#ffffff\"><b>Pfelling<\/b><\/td>\n<td>2 305,530<\/td>\n<td>308,16 N<\/td>\n<td>290<\/td>\n<td>659<\/td>\n<\/tr>\n<tr>\n<td bgcolor=\"#ffffff\"><b>Deggendorf<\/b><\/td>\n<td>2 284,440<\/td>\n<td>307,00 N<\/td>\n<td>210<\/td>\n<td><\/td>\n<\/tr>\n<tr>\n<td bgcolor=\"#ffffff\"><b>Hofkirchen<\/b><\/td>\n<td>2 256,860<\/td>\n<td>299,60 N<\/td>\n<td>207<\/td>\n<td>514<\/td>\n<\/tr>\n<tr>\n<td bgcolor=\"#ffffff\"><b>Vilshofen<\/b><\/td>\n<td>2 249,470<\/td>\n<td>297,01 N<\/td>\n<td>300<\/td>\n<td><\/td>\n<\/tr>\n<tr>\n<td bgcolor=\"#ffffff\"><b>Passau-Donau<\/b><\/td>\n<td>2 226,700<\/td>\n<td>286,46 N<\/td>\n<td>415<\/td>\n<td><\/td>\n<\/tr>\n<tr>\n<td bgcolor=\"#ffffff\"><b>Achleiten<\/b><\/td>\n<td>2 223,050<\/td>\n<td>288,04 A<\/td>\n<td>258<\/td>\n<td>510<\/td>\n<\/tr>\n<tr>\n<td bgcolor=\"#ffffff\"><b>Engelhartszell<\/b><\/td>\n<td>2 200,660<\/td>\n<td>276,99 A<\/td>\n<td>298<\/td>\n<td>599<\/td>\n<\/tr>\n<tr>\n<td bgcolor=\"#ffffff\"><b>Wilhering<\/b><\/td>\n<td>2 144,050<\/td>\n<td>249,12 A<\/td>\n<td>221<\/td>\n<td>628<\/td>\n<\/tr>\n<tr>\n<td bgcolor=\"#ffffff\"><b>Linz<\/b><\/td>\n<td>2 135,170<\/td>\n<td>247,74 A<\/td>\n<td>308<\/td>\n<td>501<\/td>\n<\/tr>\n<tr>\n<td bgcolor=\"#ffffff\"><b>Mauthausen<\/b><\/td>\n<td>2 110,980<\/td>\n<td>235,98 A<\/td>\n<td>380<\/td>\n<td>510<\/td>\n<\/tr>\n<tr>\n<td bgcolor=\"#ffffff\"><b>Grein<\/b><\/td>\n<td>2 079,100<\/td>\n<td>219,43 A<\/td>\n<td>669<\/td>\n<td>898<\/td>\n<\/tr>\n<tr>\n<td bgcolor=\"#ffffff\"><b>Ybbs<\/b><\/td>\n<td>2 058,790<\/td>\n<td>212,22 A<\/td>\n<td>175<\/td>\n<td>490<\/td>\n<\/tr>\n<tr>\n<td bgcolor=\"#ffffff\"><b>Melk<\/b><\/td>\n<td>2 035,980<\/td>\n<td>199,97 B<\/td>\n<td>231<\/td>\n<td>739<\/td>\n<\/tr>\n<tr>\n<td bgcolor=\"#ffffff\"><b>Kienstock<\/b><\/td>\n<td>2 015,210<\/td>\n<td>194,00 A<\/td>\n<td>164<\/td>\n<td>618<\/td>\n<\/tr>\n<tr>\n<td bgcolor=\"#ffffff\"><b>D\u00fcrnstein<\/b><\/td>\n<td>2 009,150<\/td>\n<td>191,20 A<\/td>\n<td>258<\/td>\n<td>638<\/td>\n<\/tr>\n<tr>\n<td bgcolor=\"#ffffff\"><b>Wien (Korneuburg)<\/b><\/td>\n<td>1 941,460<\/td>\n<td>159,87 A<\/td>\n<td>191<\/td>\n<td>549<\/td>\n<\/tr>\n<tr>\n<td bgcolor=\"#ffffff\"><b>Wien (Reichsbr\u00fccke)<\/b><\/td>\n<td>1 929,090<\/td>\n<td>154,05 A<\/td>\n<td>722<\/td>\n<td>743<\/td>\n<\/tr>\n<tr>\n<td bgcolor=\"#ffffff\"><b>Orth<\/b><\/td>\n<td>1 901,720<\/td>\n<td>143,30 A<\/td>\n<td>62<\/td>\n<td>479<\/td>\n<\/tr>\n<tr>\n<td bgcolor=\"#ffffff\"><b>Wildungsmauer<\/b><\/td>\n<td>1 894,720<\/td>\n<td>139,48 A<\/td>\n<td>162<\/td>\n<td>564<\/td>\n<\/tr>\n<tr>\n<td bgcolor=\"#ffffff\"><b>Hainburg<\/b><\/td>\n<td>1 883,920<\/td>\n<td>135,25 A<\/td>\n<td>120<\/td>\n<td>593<\/td>\n<\/tr>\n<tr>\n<td bgcolor=\"#ffffff\"><b>Dev\u00edn<\/b><\/td>\n<td>1 879,780<\/td>\n<td>132,84 B<\/td>\n<td>130<\/td>\n<td>600<\/td>\n<\/tr>\n<tr>\n<td bgcolor=\"#ffffff\"><b>Thebnerstra\u00dfl<\/b><\/td>\n<td>1 879,250<\/td>\n<td>133,26 A<\/td>\n<td>132<\/td>\n<td>598<\/td>\n<\/tr>\n<tr>\n<td bgcolor=\"#ffffff\"><b>Bratislava <\/b><\/td>\n<td>1 868,750<\/td>\n<td>128,40 B<\/td>\n<td><\/td>\n<td><\/td>\n<\/tr>\n<tr>\n<td bgcolor=\"#ffffff\"><b>Sap<\/b><\/td>\n<td>1 810,000<\/td>\n<td>108,10 B<\/td>\n<td>76<\/td>\n<td>626<\/td>\n<\/tr>\n<tr>\n<td bgcolor=\"#ffffff\"><b>Medved&#8217;ov<\/b><\/td>\n<td>1 806,300<\/td>\n<td>107,38 B<\/td>\n<td>116<\/td>\n<td>644<\/td>\n<\/tr>\n<tr>\n<td bgcolor=\"#ffffff\"><b>V\u00e1mosszabadi<\/b><\/td>\n<td>1 805,600<\/td>\n<td>108,40 B<\/td>\n<td>7<\/td>\n<td>531<\/td>\n<\/tr>\n<tr>\n<td bgcolor=\"#ffffff\"><b>Nagybajcs<\/b><\/td>\n<td>1 801,000<\/td>\n<td>107,40 B<\/td>\n<td>57<\/td>\n<td>557<\/td>\n<\/tr>\n<tr>\n<td bgcolor=\"#ffffff\"><b>Kli\u017esk\u00e1 Nem\u00e1<\/b><\/td>\n<td>1 792,400<\/td>\n<td>104,65 B<\/td>\n<td>169<\/td>\n<td>678<\/td>\n<\/tr>\n<tr>\n<td bgcolor=\"#ffffff\"><b>G\u00f6ny\u0171<\/b><\/td>\n<td>1 790,610<\/td>\n<td>106,04 B<\/td>\n<td>8<\/td>\n<td>480<\/td>\n<\/tr>\n<tr>\n<td bgcolor=\"#ffffff\"><b>Zlatn\u00e1 na Ostrove<\/b><\/td>\n<td>1 779,100<\/td>\n<td>103,90 B<\/td>\n<td>112<\/td>\n<td>608<\/td>\n<\/tr>\n<tr>\n<td bgcolor=\"#ffffff\"><b>Kom\u00e1rom<\/b><\/td>\n<td>1 768,300<\/td>\n<td>103,88 B<\/td>\n<td>76<\/td>\n<td>534<\/td>\n<\/tr>\n<tr>\n<td bgcolor=\"#ffffff\"><b>Kom\u00e1rno<\/b><\/td>\n<td>1 767,800<\/td>\n<td>103,33 B<\/td>\n<td>136<\/td>\n<td>588<\/td>\n<\/tr>\n<tr>\n<td bgcolor=\"#ffffff\"><b>I\u017ea<\/b><\/td>\n<td>1 763,960<\/td>\n<td>103,64 B<\/td>\n<td>83<\/td>\n<td>531<\/td>\n<\/tr>\n<tr>\n<td bgcolor=\"#ffffff\"><b>Dunaalm\u00e1s<\/b><\/td>\n<td>1 751,800<\/td>\n<td>103,12 B<\/td>\n<td>79<\/td>\n<td>491<\/td>\n<\/tr>\n<tr>\n<td bgcolor=\"#ffffff\"><b>Radva\u0148 nad Dunajom<\/b><\/td>\n<td>1 748,250<\/td>\n<td>102,88 B<\/td>\n<td>81<\/td>\n<td>497<\/td>\n<\/tr>\n<tr>\n<td bgcolor=\"#ffffff\"><b>Dunamocs<\/b><\/td>\n<td>1 745,100<\/td>\n<td>102,64 B<\/td>\n<td><\/td>\n<td><\/td>\n<\/tr>\n<tr>\n<td bgcolor=\"#ffffff\"><b>\u0160t\u00farovo<\/b><\/td>\n<td>1 718,600<\/td>\n<td>100,93 B<\/td>\n<td>59<\/td>\n<td>503<\/td>\n<\/tr>\n<tr>\n<td bgcolor=\"#ffffff\"><b>Esztergom<\/b><\/td>\n<td>1 718,520<\/td>\n<td>100,92 B<\/td>\n<td>47<\/td>\n<td>503<\/td>\n<\/tr>\n<tr>\n<td bgcolor=\"#ffffff\"><b>Szob<\/b><\/td>\n<td>1 706,600<\/td>\n<td>99,85 B<\/td>\n<td>86<\/td>\n<td>525<\/td>\n<\/tr>\n<tr>\n<td bgcolor=\"#ffffff\"><b>Nagymaros<\/b><\/td>\n<td>1 694,600<\/td>\n<td>99,43 B<\/td>\n<td>4<\/td>\n<td>448<\/td>\n<\/tr>\n<tr>\n<td bgcolor=\"#ffffff\"><b>V\u00e1c<\/b><\/td>\n<td>1 679,500<\/td>\n<td>98,12 B<\/td>\n<td>14<\/td>\n<td>481<\/td>\n<\/tr>\n<tr>\n<td bgcolor=\"#ffffff\"><b>Fels\u0151g\u00f6d<\/b><\/td>\n<td>1 671,600<\/td>\n<td>97,48 B<\/td>\n<td><\/td>\n<td><\/td>\n<\/tr>\n<tr>\n<td bgcolor=\"#ffffff\"><b>Sur\u00e1ny<\/b><\/td>\n<td>1 670,500<\/td>\n<td>97,51 B<\/td>\n<td><\/td>\n<td><\/td>\n<\/tr>\n<tr>\n<td bgcolor=\"#ffffff\"><b>\u00d3buda<\/b><\/td>\n<td>1 654,500<\/td>\n<td>95,38 B<\/td>\n<td><\/td>\n<td><\/td>\n<\/tr>\n<tr>\n<td bgcolor=\"#ffffff\"><b>Budapest (Vigad\u00f3 t\u00e9r)<\/b><\/td>\n<td>1 646,500<\/td>\n<td>94,97 B<\/td>\n<td>102<\/td>\n<td>600<\/td>\n<\/tr>\n<tr>\n<td bgcolor=\"#ffffff\"><b>Kvassay zsilip<\/b><\/td>\n<td>1 642,170<\/td>\n<td>94,82 B<\/td>\n<td><\/td>\n<td><\/td>\n<\/tr>\n<tr>\n<td bgcolor=\"#ffffff\"><b>Budafok<\/b><\/td>\n<td>1 636,930<\/td>\n<td>94,36 B<\/td>\n<td>29<\/td>\n<td>533<\/td>\n<\/tr>\n<tr>\n<td bgcolor=\"#ffffff\"><b>Ercsi<\/b><\/td>\n<td>1 613,200<\/td>\n<td>92,73 B<\/td>\n<td>-46<\/td>\n<td>480<\/td>\n<\/tr>\n<tr>\n<td bgcolor=\"#ffffff\"><b>Adony<\/b><\/td>\n<td>1 597,700<\/td>\n<td>91,68 B<\/td>\n<td>0<\/td>\n<td>460<\/td>\n<\/tr>\n<tr>\n<td bgcolor=\"#ffffff\"><b>Duna\u00fajv\u00e1ros<\/b><\/td>\n<td>1 580,600<\/td>\n<td>90,28 B<\/td>\n<td>-20<\/td>\n<td>466<\/td>\n<\/tr>\n<tr>\n<td bgcolor=\"#ffffff\"><b>Dunaf\u00f6ldv\u00e1r<\/b><\/td>\n<td>1 560,600<\/td>\n<td>88,86 B<\/td>\n<td>-123<\/td>\n<td>465<\/td>\n<\/tr>\n<tr>\n<td bgcolor=\"#ffffff\"><b>Paks<\/b><\/td>\n<td>1 531,300<\/td>\n<td>85,38 B<\/td>\n<td>10<\/td>\n<td>889<\/td>\n<\/tr>\n<tr>\n<td bgcolor=\"#ffffff\"><b>Dombori<\/b><\/td>\n<td>1 506,700<\/td>\n<td>83,52 B<\/td>\n<td>7<\/td>\n<td>919<\/td>\n<\/tr>\n<tr>\n<td bgcolor=\"#ffffff\"><b>Baja<\/b><\/td>\n<td>1 478,700<\/td>\n<td>80,99 B<\/td>\n<td>129<\/td>\n<td>983<\/td>\n<\/tr>\n<tr>\n<td bgcolor=\"#ffffff\"><b>Dunaszekcs\u0151<\/b><\/td>\n<td>1 459,900<\/td>\n<td>79,92 B<\/td>\n<td><\/td>\n<td><\/td>\n<\/tr>\n<tr>\n<td bgcolor=\"#ffffff\"><b>Moh\u00e1cs<\/b><\/td>\n<td>1 446,900<\/td>\n<td>79,20 B<\/td>\n<td>147<\/td>\n<td>962<\/td>\n<\/tr>\n<tr>\n<td bgcolor=\"#ffffff\"><b>Bezdan<\/b><\/td>\n<td>1 425,590<\/td>\n<td>80,64 A<\/td>\n<td>-10<\/td>\n<td>602<\/td>\n<\/tr>\n<tr>\n<td bgcolor=\"#ffffff\"><b>Batina<\/b><\/td>\n<td>1 424,600<\/td>\n<td>80,45 A<\/td>\n<td>8<\/td>\n<td>615<\/td>\n<\/tr>\n<tr>\n<td bgcolor=\"#ffffff\"><b>Apatin<\/b><\/td>\n<td>1 401,900<\/td>\n<td>78,84 A<\/td>\n<td>47<\/td>\n<td>674<\/td>\n<\/tr>\n<tr>\n<td bgcolor=\"#ffffff\"><b>Aljmas<\/b><\/td>\n<td>1 380,270<\/td>\n<td>78,08 A<\/td>\n<td>10<\/td>\n<td>610<\/td>\n<\/tr>\n<tr>\n<td bgcolor=\"#ffffff\"><b>Bogojevo<\/b><\/td>\n<td>1 367,250<\/td>\n<td>77,46 A<\/td>\n<td>11<\/td>\n<td>596<\/td>\n<\/tr>\n<tr>\n<td bgcolor=\"#ffffff\"><b>Dalj<\/b><\/td>\n<td>1 354,000<\/td>\n<td>75,20 A<\/td>\n<td>189<\/td>\n<td>754<\/td>\n<\/tr>\n<tr>\n<td bgcolor=\"#ffffff\"><b>Vukovar<\/b><\/td>\n<td>1 333,360<\/td>\n<td>76,19 A<\/td>\n<td>17<\/td>\n<td>544<\/td>\n<\/tr>\n<tr>\n<td bgcolor=\"#ffffff\"><b>Ilok<\/b><\/td>\n<td>1 298,800<\/td>\n<td>73,97 A<\/td>\n<td>47<\/td>\n<td>577<\/td>\n<\/tr>\n<tr>\n<td bgcolor=\"#ffffff\"><b>Ba\u010dka Palanka<\/b><\/td>\n<td>1 298,560<\/td>\n<td>73,97 A<\/td>\n<td>47<\/td>\n<td>578<\/td>\n<\/tr>\n<tr>\n<td bgcolor=\"#ffffff\"><b>Novi Sad<\/b><\/td>\n<td>1 254,980<\/td>\n<td>71,73 A<\/td>\n<td>57<\/td>\n<td>573<\/td>\n<\/tr>\n<tr>\n<td bgcolor=\"#ffffff\"><b>Slankamen<\/b><\/td>\n<td>1 216,020<\/td>\n<td>69,68 A<\/td>\n<td>117<\/td>\n<td>623<\/td>\n<\/tr>\n<tr>\n<td bgcolor=\"#ffffff\"><b>Zemun<\/b><\/td>\n<td>1 173,310<\/td>\n<td>67,87 A<\/td>\n<td>213<\/td>\n<td>632<\/td>\n<\/tr>\n<tr>\n<td bgcolor=\"#ffffff\"><b>Pan\u010devo<\/b><\/td>\n<td>1 154,540<\/td>\n<td>67,33 A<\/td>\n<td>252<\/td>\n<td>622<\/td>\n<\/tr>\n<tr>\n<td bgcolor=\"#ffffff\"><b>Smederevo<\/b><\/td>\n<td>1 116,230<\/td>\n<td>65,36 A<\/td>\n<td>439<\/td>\n<td>680<\/td>\n<\/tr>\n<tr>\n<td bgcolor=\"#ffffff\"><b>Novo Selo<\/b><\/td>\n<td>833,600<\/td>\n<td>26,75 B<\/td>\n<td>95<\/td>\n<td>787<\/td>\n<\/tr>\n<tr>\n<td bgcolor=\"#ffffff\"><b>Calafat<\/b><\/td>\n<td>795,000<\/td>\n<td>26,680 MN<\/td>\n<td>27<\/td>\n<td>686<\/td>\n<\/tr>\n<tr>\n<td bgcolor=\"#ffffff\"><b>Lom<\/b><\/td>\n<td>743,300<\/td>\n<td>22,65 B<\/td>\n<td>142<\/td>\n<td>853<\/td>\n<\/tr>\n<tr>\n<td bgcolor=\"#ffffff\"><b>Oriahovo<\/b><\/td>\n<td>678,000<\/td>\n<td>21,34 B<\/td>\n<td>52<\/td>\n<td>734<\/td>\n<\/tr>\n<tr>\n<td bgcolor=\"#ffffff\"><b>Corabia<\/b><\/td>\n<td>630,000<\/td>\n<td>20,123 MN<\/td>\n<td>18<\/td>\n<td>640<\/td>\n<\/tr>\n<tr>\n<td bgcolor=\"#ffffff\"><b>Svistov<\/b><\/td>\n<td>554,300<\/td>\n<td>14,89 B<\/td>\n<td>68<\/td>\n<td>770<\/td>\n<\/tr>\n<tr>\n<td bgcolor=\"#ffffff\"><b>Rouss\u00e9<\/b><\/td>\n<td>495,600<\/td>\n<td>11,80 B<\/td>\n<td>52<\/td>\n<td>736<\/td>\n<\/tr>\n<tr>\n<td bgcolor=\"#ffffff\"><b>Giurgiu<\/b><\/td>\n<td>493,000<\/td>\n<td>13,060 MN<\/td>\n<td>-17<\/td>\n<td>658<\/td>\n<\/tr>\n<tr>\n<td bgcolor=\"#ffffff\"><b>Olteni\u0163a<\/b><\/td>\n<td>430,000<\/td>\n<td>10,010 MN<\/td>\n<td>28<\/td>\n<td>683<\/td>\n<\/tr>\n<tr>\n<td bgcolor=\"#ffffff\"><b>Silistra<\/b><\/td>\n<td>375,000<\/td>\n<td>6,27 B<\/td>\n<td>86<\/td>\n<td>743<\/td>\n<\/tr>\n<tr>\n<td bgcolor=\"#ffffff\"><b>C\u0103l\u0103ra\u015fi<\/b><\/td>\n<td>370,000<\/td>\n<td>7,306 MN<\/td>\n<td>-15<\/td>\n<td>622<\/td>\n<\/tr>\n<tr>\n<td bgcolor=\"#ffffff\"><b>Cernavod\u0103<\/b><\/td>\n<td>300,000<\/td>\n<td>4,866 MN<\/td>\n<td>-65<\/td>\n<td>623<\/td>\n<\/tr>\n<tr>\n<td bgcolor=\"#ffffff\"><b>H\u00e2r\u015fova<\/b><\/td>\n<td>253,000<\/td>\n<td>3,080 MN<\/td>\n<td>21<\/td>\n<td>666<\/td>\n<\/tr>\n<tr>\n<td bgcolor=\"#ffffff\"><b>Br\u0103ila<\/b><\/td>\n<td>170,000<\/td>\n<td>1,076 MN<\/td>\n<td>93<\/td>\n<td>623<\/td>\n<\/tr>\n<tr>\n<td bgcolor=\"#ffffff\"><b>Gala\u0163i<\/b><\/td>\n<td>150,000<\/td>\n<td>0,861 MN<\/td>\n<td>96<\/td>\n<td>593<\/td>\n<\/tr>\n<tr>\n<td bgcolor=\"#ffffff\"><b>Giurgiule\u015fti<\/b><\/td>\n<td>133,800<\/td>\n<td><\/td>\n<td><\/td>\n<td><\/td>\n<\/tr>\n<tr>\n<td bgcolor=\"#ffffff\"><b>Reni<\/b><\/td>\n<td>127,230<\/td>\n<td>0,36 B<\/td>\n<td>68<\/td>\n<td>524<\/td>\n<\/tr>\n<tr>\n<td bgcolor=\"#ffffff\"><b>Isaccea<\/b><\/td>\n<td>103,800<\/td>\n<td>0,688 MN<\/td>\n<td>72<\/td>\n<td>478<\/td>\n<\/tr>\n<tr>\n<td bgcolor=\"#ffffff\"><b>Tulcea<\/b><\/td>\n<td>71,300<\/td>\n<td>0,559 MN<\/td>\n<td>57<\/td>\n<td>398<\/td>\n<\/tr>\n<tr>\n<td bgcolor=\"#ffffff\"><b>Sulina<\/b><\/td>\n<td>0,000<\/td>\n<td>0,0 MN<\/td>\n<td><\/td>\n<td><\/td>\n<\/tr>\n<tr>\n<td colspan=\"5\"><b>BRAS DE CHILIA<\/b><\/td>\n<\/tr>\n<tr>\n<td bgcolor=\"#ffffff\" width=\"119\"><b>Isma\u00efl<\/b><\/td>\n<td>93,600<\/td>\n<td>-0,18 B<\/td>\n<td>64<\/td>\n<td>356<\/td>\n<\/tr>\n<tr>\n<td bgcolor=\"#ffffff\"><b>Vilkovo<\/b><\/td>\n<td>18,000<\/td>\n<td>-0,75 B<\/td>\n<td>68<\/td>\n<td>152<\/td>\n<\/tr>\n<\/tbody>\n<\/table>\n<\/div>\n","protected":false},"excerpt":{"rendered":"<p>Station hydrom\u00e9trique Distance de Sulina Cote du &#8220;0&#8221; absolu Cote de l&#8217;ENR Cote du HNN km m cm cm Kelheim<\/p>\n","protected":false},"author":1,"featured_media":0,"parent":83,"menu_order":6,"comment_status":"closed","ping_status":"closed","template":"","meta":{"_seopress_robots_primary_cat":"","_seopress_titles_title":"","_seopress_titles_desc":"","_seopress_robots_index":"","colormag_page_container_layout":"default_layout","colormag_page_sidebar_layout":"default_layout","footnotes":""},"class_list":["post-690","page","type-page","status-publish","hentry"],"_links":{"self":[{"href":"https:\/\/www.danubecommission.org\/dc\/wp-json\/wp\/v2\/pages\/690","targetHints":{"allow":["GET"]}}],"collection":[{"href":"https:\/\/www.danubecommission.org\/dc\/wp-json\/wp\/v2\/pages"}],"about":[{"href":"https:\/\/www.danubecommission.org\/dc\/wp-json\/wp\/v2\/types\/page"}],"author":[{"embeddable":true,"href":"https:\/\/www.danubecommission.org\/dc\/wp-json\/wp\/v2\/users\/1"}],"replies":[{"embeddable":true,"href":"https:\/\/www.danubecommission.org\/dc\/wp-json\/wp\/v2\/comments?post=690"}],"version-history":[{"count":0,"href":"https:\/\/www.danubecommission.org\/dc\/wp-json\/wp\/v2\/pages\/690\/revisions"}],"up":[{"embeddable":true,"href":"https:\/\/www.danubecommission.org\/dc\/wp-json\/wp\/v2\/pages\/83"}],"wp:attachment":[{"href":"https:\/\/www.danubecommission.org\/dc\/wp-json\/wp\/v2\/media?parent=690"}],"curies":[{"name":"wp","href":"https:\/\/api.w.org\/{rel}","templated":true}]}}