{"id":693,"date":"2016-12-01T08:29:37","date_gmt":"2016-12-01T08:29:37","guid":{"rendered":"http:\/\/www.danubecommission.org\/dc\/?page_id=693"},"modified":"2024-11-26T10:02:46","modified_gmt":"2024-11-26T09:02:46","slug":"stations-de-radio","status":"publish","type":"page","link":"https:\/\/www.danubecommission.org\/dc\/fr\/navigation-danubienne\/stations-de-radio\/","title":{"rendered":"Stations de radio"},"content":{"rendered":"<p>des pays Danubiens emettant quotidiennement des renseignements d&#8217;orde hydrometeorologque<\/p>\n<div>\n<table cellspacing=\"0\" cellpadding=\"0\">\n<tbody>\n<tr>\n<td valign=\"top\" width=\"113\">\n<p align=\"center\"><b>Pays<\/b><b><\/b><\/p>\n<\/td>\n<td valign=\"top\" width=\"125\">\n<p align=\"center\"><b>Station<\/b><b><\/b><\/p>\n<\/td>\n<td valign=\"top\" width=\"87\">\n<p align=\"center\"><b>Longueur d&#8217;onde en m<\/b><\/p>\n<\/td>\n<td valign=\"top\" width=\"155\">\n<p align=\"center\"><b>Fr\u00e9quence kHz<\/b><\/p>\n<p align=\"center\"><b>(n<sup>o<\/sup> de t\u00e9l\u00e9phone)<\/b><b><\/b><\/p>\n<\/td>\n<td valign=\"top\" width=\"155\">\n<p align=\"center\"><b>Heure de l&#8217;\u00e9mission &#8211; Europe centrale<\/b><\/p>\n<p align=\"center\"><b>(heure locale)<\/b><b><\/b><\/p>\n<\/td>\n<td valign=\"top\" width=\"91\">\n<p align=\"center\"><b>Langue<\/b><\/p>\n<\/td>\n<td valign=\"top\" width=\"147\">\n<p align=\"center\"><b>Remarque<\/b><\/p>\n<\/td>\n<\/tr>\n<tr>\n<td valign=\"top\" width=\"113\">Autriche<\/td>\n<td valign=\"top\" width=\"125\">&#8220;\u00d6sterreich Regional&#8221;<\/td>\n<td valign=\"top\" width=\"87\">\n<p align=\"center\">&#8211;<\/p>\n<\/td>\n<td valign=\"top\" width=\"155\">\n<p align=\"center\">Haute-Autriche 97900<\/p>\n<p align=\"center\">Haute-Autriche 91500<\/p>\n<p align=\"center\">Basse-Autriche 95200<\/p>\n<p align=\"center\">Basse-Autriche 93400<\/p>\n<\/td>\n<td valign=\"top\" width=\"155\">\n<p align=\"center\">7.40<\/p>\n<p align=\"center\">8.03<\/p>\n<\/td>\n<td valign=\"top\" width=\"91\">allemand<\/p>\n<p>allemand<\/td>\n<td valign=\"top\" width=\"147\">Niveaux et leurs pr\u00e9visions \u00e0 courte \u00e9ch\u00e9ance<\/td>\n<\/tr>\n<tr>\n<td valign=\"top\" width=\"113\">R\u00e9publique Slovaque<\/td>\n<td valign=\"top\" width=\"125\">Bratislava<\/td>\n<td valign=\"top\" width=\"87\">\n<p align=\"center\">&#8211;<\/p>\n<\/td>\n<td valign=\"top\" width=\"155\">\n<p align=\"center\">1098<\/p>\n<p align=\"center\">(00-42-7-371192)<\/p>\n<\/td>\n<td valign=\"top\" width=\"155\">\n<p align=\"center\">les jours f\u00e9ri\u00e9s:<\/p>\n<p align=\"center\">(10.05, 12.20)<\/p>\n<\/td>\n<td valign=\"top\" width=\"91\">slovaque<\/p>\n<p>russe<\/p>\n<p>fran\u00e7ais<\/td>\n<td valign=\"top\" width=\"147\">Niveaux et leurs pr\u00e9visions \u00e0 courte \u00e9ch\u00e9ance<\/p>\n<p>&nbsp;<\/td>\n<\/tr>\n<tr>\n<td valign=\"top\" width=\"113\">Hongrie<\/td>\n<td valign=\"top\" width=\"125\">Pet\u0151fi<\/td>\n<td valign=\"top\" width=\"87\">\n<p align=\"center\">240,00<\/p>\n<p align=\"center\">252,00<\/p>\n<p align=\"center\">344,00<\/p>\n<\/td>\n<td valign=\"top\" width=\"155\">\n<p align=\"center\">1251<\/p>\n<p align=\"center\">1188<\/p>\n<p align=\"center\">873<\/p>\n<\/td>\n<td valign=\"top\" width=\"155\">\n<p align=\"center\">00.15<\/p>\n<p align=\"center\">13.45*<\/p>\n<\/td>\n<td valign=\"top\" width=\"91\">fran\u00e7ais<\/p>\n<p>russe<\/p>\n<p>hongrois<\/p>\n<p>&nbsp;<\/td>\n<td valign=\"top\" width=\"147\">Niveaux et leurs pr\u00e9visions \u00e0 courte \u00e9ch\u00e9ance, temp\u00e9rature de l&#8217;eau, profondeurs sur les seuils, r\u00e9gime des glaces sur les plus grandes rivi\u00e8res du bassin carpatique<\/td>\n<\/tr>\n<tr>\n<td valign=\"top\" width=\"113\">Serbie<\/td>\n<td valign=\"top\" width=\"125\">Beograd<\/td>\n<td valign=\"top\" width=\"87\">\n<p align=\"center\">439,2<\/p>\n<\/td>\n<td valign=\"top\" width=\"155\">\n<p align=\"center\">&#8211;<\/p>\n<\/td>\n<td valign=\"top\" width=\"155\">\n<p align=\"center\">12.05<\/p>\n<\/td>\n<td valign=\"top\" width=\"91\">serbe<\/p>\n<p>fran\u00e7ais<\/p>\n<p>russe<\/td>\n<td valign=\"top\" width=\"147\">Niveaux et leurs pr\u00e9visions \u00e0 courte \u00e9ch\u00e9ance<\/td>\n<\/tr>\n<tr>\n<td valign=\"top\" width=\"113\">Roumanie<\/td>\n<td valign=\"top\" width=\"125\">Bucure\u015fti<\/td>\n<td valign=\"top\" width=\"87\">\n<p align=\"center\">&#8211;<\/p>\n<\/td>\n<td valign=\"top\" width=\"155\">\n<p align=\"center\">1593<\/p>\n<p align=\"center\">1530<\/p>\n<p align=\"center\">1404<\/p>\n<p align=\"center\">1332<\/p>\n<p align=\"center\">1314<\/p>\n<p align=\"center\">1179<\/p>\n<p align=\"center\">720<\/p>\n<p align=\"center\">630<\/p>\n<p align=\"center\">603<\/p>\n<p align=\"center\">153<\/p>\n<\/td>\n<td valign=\"top\" width=\"155\">\n<p align=\"center\">10.50<\/p>\n<p align=\"center\">(11.50)<\/p>\n<\/td>\n<td valign=\"top\" width=\"91\">roumain<\/p>\n<p>russe<\/p>\n<p>fran\u00e7ais<\/td>\n<td valign=\"top\" width=\"147\">Niveaux et leurs pr\u00e9visions \u00e0 courte \u00e9ch\u00e9ance et profondeurs minima sur les seuils<\/td>\n<\/tr>\n<tr>\n<td valign=\"top\" width=\"113\">Bulgarie<\/td>\n<td valign=\"top\" width=\"125\">Sofia<\/td>\n<td valign=\"top\" width=\"87\">\n<p align=\"center\">&#8211;<\/p>\n<\/td>\n<td valign=\"top\" width=\"155\">\n<p align=\"center\">103300<\/p>\n<p align=\"center\">103000<\/p>\n<p align=\"center\">71,0<\/p>\n<p align=\"center\">911<\/p>\n<p align=\"center\">594<\/p>\n<\/td>\n<td valign=\"top\" width=\"155\">\n<p align=\"center\">14.05<\/p>\n<p align=\"center\">(15.05)<\/p>\n<\/td>\n<td valign=\"top\" width=\"91\">bulgare<\/p>\n<p>russe<\/p>\n<p>fran\u00e7ais<\/td>\n<td valign=\"top\" width=\"147\">Niveaux et leurs pr\u00e9visions \u00e0 courte \u00e9ch\u00e9ance<\/td>\n<\/tr>\n<tr>\n<td valign=\"top\" width=\"113\">Ukraine<\/td>\n<td valign=\"top\" width=\"125\">UDP Isma\u00efl<\/td>\n<td valign=\"top\" width=\"87\">\n<p align=\"center\">61,2<\/p>\n<p align=\"center\">35,0<\/p>\n<p align=\"center\">23,2<\/p>\n<\/td>\n<td valign=\"top\" width=\"155\">\n<p align=\"center\">&#8211;<\/p>\n<\/td>\n<td valign=\"top\" width=\"155\">\n<p align=\"center\">9.00<\/p>\n<p align=\"center\">(10.00)<\/p>\n<p align=\"center\">17.00<\/p>\n<p align=\"center\">(18.00)<\/p>\n<p align=\"center\">19.00<\/p>\n<p align=\"center\">(20.00)<\/p>\n<\/td>\n<td valign=\"top\" width=\"91\">russe<\/td>\n<td valign=\"top\" width=\"147\">Niveaux et leurs pr\u00e9visions \u00e0 courte \u00e9ch\u00e9ance<\/td>\n<\/tr>\n<\/tbody>\n<\/table>\n<p>_________<br \/>\n<i>*\u00a0\u00a0\u00a0\u00a0\u00a0\u00a0\u00a0 Emission sur 240 m en hongrois seulement<\/i><\/p>\n<\/div>\n","protected":false},"excerpt":{"rendered":"<p>des pays Danubiens emettant quotidiennement des renseignements d&#8217;orde hydrometeorologque Pays Station Longueur d&#8217;onde en m Fr\u00e9quence kHz (no de t\u00e9l\u00e9phone)<\/p>\n","protected":false},"author":1,"featured_media":0,"parent":83,"menu_order":7,"comment_status":"closed","ping_status":"closed","template":"","meta":{"_seopress_robots_primary_cat":"","_seopress_titles_title":"","_seopress_titles_desc":"","_seopress_robots_index":"","colormag_page_container_layout":"default_layout","colormag_page_sidebar_layout":"default_layout","footnotes":""},"class_list":["post-693","page","type-page","status-publish","hentry"],"_links":{"self":[{"href":"https:\/\/www.danubecommission.org\/dc\/wp-json\/wp\/v2\/pages\/693","targetHints":{"allow":["GET"]}}],"collection":[{"href":"https:\/\/www.danubecommission.org\/dc\/wp-json\/wp\/v2\/pages"}],"about":[{"href":"https:\/\/www.danubecommission.org\/dc\/wp-json\/wp\/v2\/types\/page"}],"author":[{"embeddable":true,"href":"https:\/\/www.danubecommission.org\/dc\/wp-json\/wp\/v2\/users\/1"}],"replies":[{"embeddable":true,"href":"https:\/\/www.danubecommission.org\/dc\/wp-json\/wp\/v2\/comments?post=693"}],"version-history":[{"count":0,"href":"https:\/\/www.danubecommission.org\/dc\/wp-json\/wp\/v2\/pages\/693\/revisions"}],"up":[{"embeddable":true,"href":"https:\/\/www.danubecommission.org\/dc\/wp-json\/wp\/v2\/pages\/83"}],"wp:attachment":[{"href":"https:\/\/www.danubecommission.org\/dc\/wp-json\/wp\/v2\/media?parent=693"}],"curies":[{"name":"wp","href":"https:\/\/api.w.org\/{rel}","templated":true}]}}