{"id":714,"date":"2016-12-01T09:41:49","date_gmt":"2016-12-01T09:41:49","guid":{"rendered":"http:\/\/www.danubecommission.org\/dc\/?page_id=714"},"modified":"2023-04-26T13:50:41","modified_gmt":"2023-04-26T12:50:41","slug":"protection-de-lenvironnement","status":"publish","type":"page","link":"https:\/\/www.danubecommission.org\/dc\/fr\/navigation-danubienne\/protection-de-lenvironnement\/","title":{"rendered":"Protection de l\u2019environnement"},"content":{"rendered":"<ul>\n<li><a href=\"https:\/\/www.danubecommission.org\/uploads\/doc\/2022\/waste_recommendations\/fr_rec_waste.pdf\">Recommandations relatives \u00e0 l\u2019organisation de la collecte des d\u00e9chets des bateaux exploit\u00e9s sur le Danube, \u00e9d. 2022<\/a><\/li>\n<li><a href=\"https:\/\/www.danubecommission.org\/uploads\/doc\/2021\/waste_collecting_points20210129\/FR_Waste_Collecting_points.pdf\">Tableau synthetique relatif aux stations de reception pour la collecte et l\u2019elimination des dechets des bateaux sur le Danube<\/a><br \/>\n(d\u2019apr\u00e8s l\u2019\u00e9tat du 1er d\u00e9cembre 2020)<\/li>\n<li><a href=\"https:\/\/www.danubecommission.org\/uploads\/doc\/2020\/waste_collecting_points\/FR_Waste_Collecting_points_20200624.pdf\">Tableau synthetique relatif aux stations de reception pour la collecte et l\u2019elimination des dechets des bateaux sur le Danube<\/a><br \/>\n(d\u2019apr\u00e8s l\u2019\u00e9tat du 24 juin 2020)<\/li>\n<li><a href=\"https:\/\/www.danubecommission.org\/uploads\/doc\/72\/Joint%20Statement\/FR\/69-17%20Declaration%20commune%20fr.pdf\">D\u00e9claration commune sur les directives relatives au d\u00e9veloppement de la navigation et \u00e0 la protection environnementale dans le bassin du Danube<\/a> (.pdf 61 kb)\n<ul>\n<li>\u00a0<a href=\"https:\/\/www.danubecommission.org\/uploads\/doc\/72\/Joint%20Statement\/FR\/annexe%201.pdf\">Annexe 1\u00a0: Historique du cadre l\u00e9gal<\/a> (.pdf\u00a052 kb)<\/li>\n<li>\u00a0<a href=\"https:\/\/www.danubecommission.org\/uploads\/doc\/72\/Joint%20Statement\/FR\/annexe%202.pdf\" target=\"_blank\" rel=\"noopener noreferrer\">Annexe 2\u00a0: Exemples d&#8217;\u00e9ventuelles mesures<\/a> (.pdf\u00a017 kb)<\/li>\n<li>\u00a0<a href=\"https:\/\/www.danubecommission.org\/uploads\/doc\/72\/Joint%20Statement\/FR\/annexe%203.pdf\">Annexe 3 : Liste des projets TNI et \u00e0 objectifs multiples (y compris TNI) dans le bassin du Danube <i>(\u00e9tat octobre 2007)<\/i><\/a> (.pdf 146 kb)<\/li>\n<li>\u00a0<a href=\"https:\/\/www.danubecommission.org\/uploads\/doc\/72\/Joint%20Statement\/FR\/annexe%204.pdf\" target=\"_blank\" rel=\"noopener noreferrer\">Annexe 4 : Liste des organisations participantes<\/a> (.pdf\u00a017 kb)<\/li>\n<\/ul>\n<\/li>\n<\/ul>\n","protected":false},"excerpt":{"rendered":"<p>Recommandations relatives \u00e0 l\u2019organisation de la collecte des d\u00e9chets des bateaux exploit\u00e9s sur le Danube, \u00e9d. 2022 Tableau synthetique relatif<\/p>\n","protected":false},"author":1,"featured_media":0,"parent":83,"menu_order":11,"comment_status":"closed","ping_status":"closed","template":"","meta":{"_seopress_robots_primary_cat":"","_seopress_titles_title":"","_seopress_titles_desc":"","_seopress_robots_index":"","colormag_page_container_layout":"default_layout","colormag_page_sidebar_layout":"default_layout","footnotes":""},"class_list":["post-714","page","type-page","status-publish","hentry"],"_links":{"self":[{"href":"https:\/\/www.danubecommission.org\/dc\/wp-json\/wp\/v2\/pages\/714","targetHints":{"allow":["GET"]}}],"collection":[{"href":"https:\/\/www.danubecommission.org\/dc\/wp-json\/wp\/v2\/pages"}],"about":[{"href":"https:\/\/www.danubecommission.org\/dc\/wp-json\/wp\/v2\/types\/page"}],"author":[{"embeddable":true,"href":"https:\/\/www.danubecommission.org\/dc\/wp-json\/wp\/v2\/users\/1"}],"replies":[{"embeddable":true,"href":"https:\/\/www.danubecommission.org\/dc\/wp-json\/wp\/v2\/comments?post=714"}],"version-history":[{"count":0,"href":"https:\/\/www.danubecommission.org\/dc\/wp-json\/wp\/v2\/pages\/714\/revisions"}],"up":[{"embeddable":true,"href":"https:\/\/www.danubecommission.org\/dc\/wp-json\/wp\/v2\/pages\/83"}],"wp:attachment":[{"href":"https:\/\/www.danubecommission.org\/dc\/wp-json\/wp\/v2\/media?parent=714"}],"curies":[{"name":"wp","href":"https:\/\/api.w.org\/{rel}","templated":true}]}}