{"id":727,"date":"2016-12-01T10:06:04","date_gmt":"2016-12-01T10:06:04","guid":{"rendered":"http:\/\/www.danubecommission.org\/dc\/?page_id=727"},"modified":"2025-10-06T07:50:44","modified_gmt":"2025-10-06T06:50:44","slug":"securite-du-transport-par-voies-navigables-interieures","status":"publish","type":"page","link":"https:\/\/www.danubecommission.org\/dc\/fr\/navigation-danubienne\/securite-du-transport-par-voies-navigables-interieures\/","title":{"rendered":"S\u00e9curit\u00e9 du transport par voies navigables int\u00e9rieures (Annexe &#8211; d\u2019apr\u00e8s l\u2019\u00e9tat du mars 2025)"},"content":{"rendered":"<p><iframe loading=\"lazy\" src=\"https:\/\/www.danubecommission.org\/uploads\/doc\/2025\/security_recommendations\/fr_sec_rec.pdf\" type=\"application\/pdf\" width=\"800\" height=\"1100\"><\/iframe><\/p>\n","protected":false},"excerpt":{"rendered":"","protected":false},"author":1,"featured_media":0,"parent":83,"menu_order":14,"comment_status":"closed","ping_status":"closed","template":"","meta":{"_seopress_robots_primary_cat":"","_seopress_titles_title":"","_seopress_titles_desc":"","_seopress_robots_index":"","colormag_page_container_layout":"default_layout","colormag_page_sidebar_layout":"default_layout","footnotes":""},"class_list":["post-727","page","type-page","status-publish","hentry"],"_links":{"self":[{"href":"https:\/\/www.danubecommission.org\/dc\/wp-json\/wp\/v2\/pages\/727","targetHints":{"allow":["GET"]}}],"collection":[{"href":"https:\/\/www.danubecommission.org\/dc\/wp-json\/wp\/v2\/pages"}],"about":[{"href":"https:\/\/www.danubecommission.org\/dc\/wp-json\/wp\/v2\/types\/page"}],"author":[{"embeddable":true,"href":"https:\/\/www.danubecommission.org\/dc\/wp-json\/wp\/v2\/users\/1"}],"replies":[{"embeddable":true,"href":"https:\/\/www.danubecommission.org\/dc\/wp-json\/wp\/v2\/comments?post=727"}],"version-history":[{"count":2,"href":"https:\/\/www.danubecommission.org\/dc\/wp-json\/wp\/v2\/pages\/727\/revisions"}],"predecessor-version":[{"id":15887,"href":"https:\/\/www.danubecommission.org\/dc\/wp-json\/wp\/v2\/pages\/727\/revisions\/15887"}],"up":[{"embeddable":true,"href":"https:\/\/www.danubecommission.org\/dc\/wp-json\/wp\/v2\/pages\/83"}],"wp:attachment":[{"href":"https:\/\/www.danubecommission.org\/dc\/wp-json\/wp\/v2\/media?parent=727"}],"curies":[{"name":"wp","href":"https:\/\/api.w.org\/{rel}","templated":true}]}}