{"id":767,"date":"2016-12-01T14:46:29","date_gmt":"2016-12-01T14:46:29","guid":{"rendered":"http:\/\/www.danubecommission.org\/dc\/?page_id=767"},"modified":"2024-11-26T10:30:20","modified_gmt":"2024-11-26T09:30:20","slug":"%d0%be%d0%b1%d1%89%d0%b8%d0%b5-%d1%81%d0%b2%d0%b5%d0%b4%d0%b5%d0%bd%d0%b8%d1%8f","status":"publish","type":"page","link":"https:\/\/www.danubecommission.org\/dc\/ru\/%d0%b4%d1%83%d0%bd%d0%b0%d0%b9%d1%81%d0%ba%d0%be%d0%b5-%d1%81%d1%83%d0%b4%d0%be%d1%85%d0%be%d0%b4%d1%81%d1%82%d0%b2%d0%be\/%d0%be%d0%b1%d1%89%d0%b8%d0%b5-%d1%81%d0%b2%d0%b5%d0%b4%d0%b5%d0%bd%d0%b8%d1%8f\/","title":{"rendered":"\u041e\u0431\u0449\u0438\u0435 \u0441\u0432\u0435\u0434\u0435\u043d\u0438\u044f"},"content":{"rendered":"<div>\n<p><strong>\u043e \u043a\u043e\u043c\u043f\u0435\u0442\u0435\u043d\u0442\u043d\u044b\u0445 \u043e\u0440\u0433\u0430\u043d\u0430\u0445 \u0441\u0442\u0440\u0430\u043d-\u0447\u043b\u0435\u043d\u043e\u0432 \u0414\u041a, \u043f\u0440\u0438\u043d\u0438\u043c\u0430\u044e\u0449\u0438\u0445 \u0440\u0435\u0448\u0435\u043d\u0438\u044f \u043e \u0434\u0435\u0439\u0441\u0442\u0432\u0438\u044f\u0445 \u0432<\/strong><strong>\u00a0\u043e\u0431\u043b\u0430\u0441\u0442\u0438 \u0441\u0443\u0434\u043e\u0445\u043e\u0434\u0441\u0442\u0432\u0430 \u0432 \u043a\u0440\u0438\u0442\u0438\u0447\u0435\u0441\u043a\u0438\u0445 \u0443\u0441\u043b\u043e\u0432\u0438\u044f\u0445, \u0438 \u043e\u0431 \u0438\u043d\u0444\u043e\u0440\u043c\u0430\u0446\u0438\u043e\u043d\u043d\u044b\u0445 \u0438\u0441\u0442\u043e\u0447\u043d\u0438\u043a\u0430\u0445<\/strong><\/p>\n<p><strong><em>(\u043f\u043e \u0441\u043e\u0441\u0442\u043e\u044f\u043d\u0438\u044e \u043d\u0430 4 \u0430\u0432\u0433\u0443\u0441\u0442\u0430 2017 \u0433.)<\/em><\/strong><\/p>\n<table>\n<thead>\n<tr>\n<td width=\"101\"><strong>\u0421\u0442\u0440\u0430\u043d\u0430<\/strong><\/td>\n<td width=\"199\"><strong>\u0418\u0441\u0442\u043e\u0447\u043d\u0438\u043a<\/strong><\/td>\n<td width=\"142\"><strong>\u0413\u0438\u0434\u0440\u043e\u043b\u043e\u0433\u0438\u0447\u0435\u0441\u043a\u0430\u044f \u0438\u043d\u0444\u043e\u0440\u043c\u0430\u0446\u0438\u044f<\/strong><\/td>\n<td width=\"196\"><strong>\u0418\u0437\u0432\u0435\u0449\u0435\u043d\u0438\u044f \u0434\u043b\u044f \u0441\u0443\u0434\u043e\u0432\u043e\u0434\u0438\u0442\u0435\u043b\u0435\u0439<\/strong><\/td>\n<\/tr>\n<\/thead>\n<tbody>\n<tr>\n<td width=\"101\"><strong>\u0413\u0435\u0440\u043c\u0430\u043d\u0438\u044f<\/strong><\/td>\n<td width=\"199\">Wasserstra\u00dfen- und Schifffahrtsamt Regensburg<\/p>\n<p>Erlanger Strasse 1<\/p>\n<p>D\u201193059 Regensburg<\/p>\n<p><a href=\"http:\/\/www.elwis.de\">www.elwis.de<\/a><\/p>\n<p><a href=\"http:\/\/www.hnd.bayern.de\">www.hnd.bayern.de<\/a><\/p>\n<p><a href=\"http:\/\/www.wsa-regensburg.wsv.de\">www.wsa-regensburg.wsv.de<\/a><\/td>\n<td width=\"142\">&nbsp;<\/p>\n<p>&nbsp;<\/p>\n<p>&nbsp;<\/p>\n<p>&nbsp;<\/p>\n<p>&nbsp;<\/p>\n<p>+<\/p>\n<p>+<\/p>\n<p>+<\/td>\n<td width=\"196\">&nbsp;<\/p>\n<p>&nbsp;<\/p>\n<p>&nbsp;<\/p>\n<p>&nbsp;<\/p>\n<p>&nbsp;<\/p>\n<p>+<\/p>\n<p>+<\/p>\n<p>+<\/td>\n<\/tr>\n<tr>\n<td width=\"101\"><strong>\u0410\u0432\u0441\u0442\u0440\u0438\u044f<\/strong><\/td>\n<td width=\"199\">BMVIT-IV\/W2 (Schifffahrt\u00a0-Technik und Nautik), Schifffahrtsaufsicht Radetzkystrasse 2, 1030 Wien<\/p>\n<p><a href=\"http:\/\/www.doris.bmvit.gv.at\/\">www.doris.bmvit.gv.at<\/a><\/p>\n<p><a href=\"www.bmvit.gv.at\">www.bmvit.gv.at<\/a><\/td>\n<td width=\"142\">&nbsp;<\/p>\n<p>&nbsp;<\/p>\n<p>&nbsp;<\/p>\n<p>&nbsp;<\/p>\n<p>+<\/td>\n<td width=\"196\">&nbsp;<\/p>\n<p>&nbsp;<\/p>\n<p>&nbsp;<\/p>\n<p>&nbsp;<\/p>\n<p>+<\/td>\n<\/tr>\n<tr>\n<td width=\"101\"><strong>\u0421\u043b\u043e\u0432\u0430\u043a\u0438\u044f<\/strong><\/td>\n<td width=\"199\">\u0160tatna plavebn\u00e1 spr\u00e1va<\/p>\n<p>Pr\u00edstavn\u00e1 10, 821 09 Bratislav\u0430 <a href=\"mailto:sekretariat@sps.sk\">sekretariat@sps.sk <\/a><\/p>\n<p><a href=\"http:\/\/www.sps.sk\">www.sps.sk<\/a><\/p>\n<p>\u2022\u00a0\u00a0\u00a0\u00a0\u00a0\u00a0\u00a0\u00a0 <a href=\"http:\/\/www.povodia.sk\">www.povodia.sk<\/a><\/p>\n<p>\u2022\u00a0\u00a0\u00a0\u00a0\u00a0\u00a0\u00a0\u00a0 <a href=\"http:\/\/www.shmu.sk\">www.shmu.sk<\/a><\/td>\n<td width=\"142\">&nbsp;<\/p>\n<p>&nbsp;<\/p>\n<p>&nbsp;<\/p>\n<p>&nbsp;<\/p>\n<p>+<\/p>\n<p>+<\/p>\n<p>+<\/td>\n<td width=\"196\">&nbsp;<\/p>\n<p>&nbsp;<\/p>\n<p>&nbsp;<\/p>\n<p>&nbsp;<\/p>\n<p>+<\/td>\n<\/tr>\n<tr>\n<td width=\"101\"><strong>\u0412\u0435\u043d\u0433\u0440\u0438\u044f<\/strong><\/td>\n<td width=\"199\">Budapest F\u0151v\u00e1ros Korm\u00e1nyhivatala<\/p>\n<p>1066 Budapest, Ter\u00e9z krt. 62 <a href=\"http:\/\/www.bfkh.hu\">www.bfkh.hu<\/a><\/p>\n<p>&nbsp;<\/p>\n<p>NAVINFO Budapest<\/p>\n<p>\u043d\u0430 \u043a\u0430\u043d\u0430\u043b\u0435 \u0423\u041a\u0412 16 \u0438 22<\/p>\n<p><a href=\"http:\/\/www.hydroinfo.hu\">www.hydroinfo.hu<\/a><\/p>\n<p>&nbsp;<\/p>\n<p>Orsz\u00e1gos V\u00edz\u00fcgyi F\u0151igazgat\u00f3s\u00e1g,<\/p>\n<p>1012 Budapest,\u00a0 M\u00e1rv\u00e1ny u. 1\/d<\/p>\n<p><a href=\"http:\/\/www.ovf.hu\">www.ovf.hu<\/a><\/p>\n<p>Email: <a href=\"mailto:ovf@ovf.hu\">ovf@ovf.hu<\/a><\/p>\n<p>&nbsp;<\/td>\n<td width=\"142\">&nbsp;<\/p>\n<p>&nbsp;<\/p>\n<p>&nbsp;<\/p>\n<p>&nbsp;<\/p>\n<p>&nbsp;<\/p>\n<p>&nbsp;<\/p>\n<p>+<\/p>\n<p>&nbsp;<\/p>\n<p>&nbsp;<\/p>\n<p>&nbsp;<\/p>\n<p>+<\/td>\n<td width=\"196\">&nbsp;<\/p>\n<p>&nbsp;<\/p>\n<p>+<\/p>\n<p>&nbsp;<\/p>\n<p>&nbsp;<\/p>\n<p>&nbsp;<\/p>\n<p>+<\/p>\n<p>&nbsp;<\/p>\n<p>&nbsp;<\/p>\n<p>&nbsp;<\/p>\n<p>+<\/td>\n<\/tr>\n<tr>\n<td width=\"101\"><strong>\u0425\u043e\u0440\u0432\u0430\u0442\u0438\u044f<\/strong><\/td>\n<td width=\"199\">Ministarstvo pomorstva, prometa i infrastructure<\/p>\n<p>10000 Zagreb, Prisavlje 14,<\/p>\n<p>tel.: 01 6169 111<\/p>\n<p><a href=\"http:\/\/www.mppi.hr\">www.mppi.hr<\/a><\/td>\n<td width=\"142\">&nbsp;<\/p>\n<p>&nbsp;<\/p>\n<p>&nbsp;<\/p>\n<p>+<\/td>\n<td width=\"196\">&nbsp;<\/p>\n<p>&nbsp;<\/p>\n<p>&nbsp;<\/p>\n<p>+<\/td>\n<\/tr>\n<tr>\n<td width=\"101\"><strong>\u0421\u0435\u0440\u0431\u0438\u044f<\/strong><\/td>\n<td width=\"199\">\u0420\u0435\u043f\u0443\u0431\u043b\u0438\u0447\u043a\u0438 \u0445\u0438\u0434\u0440\u043e\u043c\u0435\u0442\u0435\u043e\u0440\u043e\u043b\u043e\u0448\u043a\u0438 \u0437\u0430\u0432\u043e\u0434 \u0421\u0440\u0431\u0438je<\/p>\n<p>\u041a\u043d\u0435\u0437\u0430 \u0412\u0438\u0448\u0435\u0441\u043b\u0430\u0432\u0430 66,11000 \u0411\u0435\u043e\u0433\u0440\u0430\u0434<\/p>\n<p>e-mail: <a href=\"mailto:office@hidmet.gov.rs\">office@hidmet.gov.rs<\/a><\/p>\n<p><a href=\"www.hidmet.gov.rs\">www.hidmet.gov.rs<\/a><\/p>\n<p>\u0414\u0438\u0440\u0435\u043a\u0446\u0438ja \u0437\u0430 \u0432\u043e\u0434\u043d\u0435 \u043f\u0443\u0442\u0435\u0432\u0435<\/p>\n<p>\u0424\u0440\u0430\u043d\u0446\u0443\u0441\u043a\u0430 9,<\/p>\n<p>11000 \u0411\u0435\u043e\u0433\u0440\u0430\u0434<\/p>\n<p>e-mail: <a href=\"mailto:office@plovput.rs\">office@plovput.rs<\/a><\/p>\n<p><a href=\"http:\/\/www.plovput.rs\">www.plovput.rs<\/a><\/td>\n<td width=\"142\">&nbsp;<\/p>\n<p>&nbsp;<\/p>\n<p>&nbsp;<\/p>\n<p>&nbsp;<\/p>\n<p>&nbsp;<\/p>\n<p>&nbsp;<\/p>\n<p>+<\/p>\n<p>&nbsp;<\/p>\n<p>&nbsp;<\/p>\n<p>&nbsp;<\/p>\n<p>&nbsp;<\/p>\n<p>+<\/td>\n<td width=\"196\">&nbsp;<\/p>\n<p>&nbsp;<\/p>\n<p>&nbsp;<\/p>\n<p>&nbsp;<\/p>\n<p>&nbsp;<\/p>\n<p>&nbsp;<\/p>\n<p>&nbsp;<\/p>\n<p>&nbsp;<\/p>\n<p>&nbsp;<\/p>\n<p>&nbsp;<\/p>\n<p>&nbsp;<\/p>\n<p>+<\/td>\n<\/tr>\n<tr>\n<td width=\"101\"><strong>\u0411\u043e\u043b\u0433\u0430\u0440\u0438\u044f<\/strong><\/td>\n<td width=\"199\">\u0418\u0441\u043f\u043e\u043b\u043d\u0438\u0442\u0435\u043b\u044c\u043d\u043e\u0435 \u0430\u0433\u0435\u043d\u0442\u0441\u0442\u0432\u043e &#8220;\u041c\u043e\u0440\u0441\u043a\u0430\u044f \u0430\u0434\u043c\u0438\u043d\u0438\u0441\u0442\u0440\u0430\u0446\u0438\u044f&#8221; (\u0418\u0410\u041c\u0410)<\/p>\n<p>1000 \u0433. \u0421\u043e\u0444\u0438\u044f,<\/p>\n<p>\u0443\u043b. \u0414\u044f\u043a\u043e\u043d \u0418\u0433\u043d\u0430\u0442\u0438\u0439, 9<\/p>\n<p>\u0442\u0435\u043b. +359 2 9300910<\/p>\n<p>+359 82 815811<\/p>\n<p>+359 971 66962<\/p>\n<p>E-mail: <a href=\"mailto:bma@marad.bg\">bma@marad.bg<\/a><\/p>\n<p><a href=\"mailto:hm_rs@marad.bg\">hm_rs@marad.bg<\/a><\/p>\n<p>hm_lom@marad.bg<\/p>\n<p>www.bulris.bg<\/p>\n<p>\u0418\u0437\u043f\u044a\u043b\u043d\u0438\u0442\u0435\u043b\u043d\u0430 \u0410\u0433\u0435\u043d\u0446\u0438\u044f &#8220;\u041f\u0440\u043e\u0443\u0447\u0432\u0430\u043d\u0435 \u0438 \u043f\u043e\u0434\u0434\u044a\u0440\u0436\u0430\u043d\u0435 \u043d\u0430 \u0440\u0435\u043a\u0430 \u0414\u0443\u043d\u0430\u0432&#8221;<\/p>\n<p>\u0433.\u0420\u0443\u0441\u0435 (\u0418\u0410\u041f\u041f\u0414-\u0420\u0443\u0441\u0435)<\/p>\n<p>7000 \u0420\u0443\u0441\u0435, \u0443\u043b. \u0421\u043b\u0430\u0432\u044f\u043d\u0441\u043a\u0430, 6<\/p>\n<p><a href=\"http:\/\/www.appd-bg.org\/\">www.appd-bg.org<\/a><\/td>\n<td width=\"142\">&nbsp;<\/p>\n<p>&nbsp;<\/p>\n<p>&nbsp;<\/p>\n<p>&nbsp;<\/p>\n<p>&nbsp;<\/p>\n<p>&nbsp;<\/p>\n<p>&nbsp;<\/p>\n<p>&nbsp;<\/p>\n<p>&nbsp;<\/p>\n<p>&nbsp;<\/p>\n<p>&nbsp;<\/p>\n<p>&nbsp;<\/p>\n<p>&nbsp;<\/p>\n<p>&nbsp;<\/p>\n<p>&nbsp;<\/p>\n<p>+<\/td>\n<td width=\"196\">&nbsp;<\/p>\n<p>&nbsp;<\/p>\n<p>&nbsp;<\/p>\n<p>&nbsp;<\/p>\n<p>&nbsp;<\/p>\n<p>+<\/p>\n<p>&nbsp;<\/p>\n<p>&nbsp;<\/p>\n<p>&nbsp;<\/p>\n<p>&nbsp;<\/p>\n<p>&nbsp;<\/p>\n<p>&nbsp;<\/p>\n<p>&nbsp;<\/p>\n<p>&nbsp;<\/p>\n<p>&nbsp;<\/p>\n<p>+<\/td>\n<\/tr>\n<tr>\n<td rowspan=\"2\" width=\"101\"><strong>\u0420\u0443\u043c\u044b\u043d\u0438\u044f<\/strong><\/td>\n<td width=\"199\">Administra\u021bia Fluvial\u0103 a Dun\u0103rii de Jos<\/p>\n<p>str. Portului n\u00b0 32, 800025 Gala\u0163i<\/p>\n<p><a href=\"http:\/\/www.afdj.ro\">http:\/\/www.afdj.ro<\/a><\/p>\n<p>Tel.:\u00a0 +40-236\/460812<\/p>\n<p>+40-236\/460353<\/p>\n<p>+40-236\/460016<\/p>\n<p>Fax\u00a0: +40-236\/460847<\/p>\n<p>E-mail\u00a0: <a href=\"mailto:secretariat@afdj.ro\">secretariat@afdj.ro<\/a><\/p>\n<p>&nbsp;<\/td>\n<td width=\"142\">\u0423\u0440\u043e\u0432\u043d\u0438 \u0432\u043e\u0434\u044b, \u043c\u0438\u043d\u0438\u043c\u0430\u043b\u044c\u043d\u044b\u0435 \u0433\u043b\u0443\u0431\u0438\u043d\u044b \u043d\u0430 \u043f\u0435\u0440\u0435\u043a\u0430\u0442\u0430\u0445<\/td>\n<td width=\"196\">&#8211;\u00a0\u00a0\u00a0\u00a0\u00a0\u00a0\u00a0\u00a0 \u0418\u0437\u0432\u0435\u0449\u0435\u043d\u0438\u044f \u0434\u043b\u044f \u0441\u0443\u0434\u043e\u0432\u043e\u0434\u0438\u0442\u0435\u043b\u0435\u0439 (\u0438\u0437\u043c\u0435\u043d\u0435\u043d\u0438\u044f \u0441\u0438\u0433\u043d\u0430\u043b\u0438\u0437\u0430\u0446\u0438\u0438);<\/p>\n<p>&#8211;\u00a0\u00a0\u00a0\u00a0\u00a0\u00a0\u00a0\u00a0 \u0413\u0438\u0434\u0440\u043e\u043c\u0435\u0442\u0435\u043e\u0440\u043e\u043b\u043e\u0433\u0438\u0447\u0435\u0441\u043a\u0438\u0439 \u0431\u044e\u043b\u043b\u0435\u0442\u0435\u043d\u044c \u0441 \u0435\u0436\u0435\u0434\u043d\u0435\u0432\u043d\u043e \u043e\u0431\u043d\u043e\u0432\u043b\u044f\u0435\u043c\u043e\u0439 \u0432 11.00 \u0447\u0430\u0441. \u0438\u043d\u0444\u043e\u0440\u043c\u0430\u0446\u0438\u0435\u0439 \u043f\u043e \u0441\u0441\u044b\u043b\u043a\u0435<strong>:<\/strong><\/p>\n<p><a href=\"http:\/\/www.afdj.ro\">http:\/\/www.afdj.ro<\/a>;<\/p>\n<p>&#8211;\u00a0\u00a0\u00a0\u00a0\u00a0\u00a0\u00a0\u00a0 \u0413\u0438\u0434\u0440\u043e\u043b\u043e\u0433\u0438\u0447\u0435\u0441\u043a\u0438\u0439 \u0431\u044e\u043b\u043b\u0435\u0442\u0435\u043d\u044c, \u0442\u0440\u0430\u043d\u0441\u043b\u0438\u0440\u0443\u0435\u043c\u044b\u0439 \u0431\u0443\u0445\u0430\u0440\u0435\u0441\u0442\u0441\u043a\u0438\u043c \u0440\u0430\u0434\u0438\u043e &#8220;<em>Antena satelor<\/em>&#8221; (\u0447\u0430\u0441\u0442\u043e\u0442\u044b 153; 531; 603; 630; 1314 (\u043a\u0413\u0446<a href=\"#_ftn1\" name=\"_ftnref1\">[1]<\/a>) \u043d\u0430 \u0440\u0443\u043c\u044b\u043d\u0441\u043a\u043e\u043c, \u0440\u0443\u0441\u0441\u043a\u043e\u043c \u0438 \u0444\u0440\u0430\u043d\u0446\u0443\u0437\u0441\u043a\u043e\u043c \u044f\u0437\u044b\u043a\u0430\u0445 \u0435\u0436\u0435\u0434\u043d\u0435\u0432\u043d\u043e \u0432 12.10:<\/p>\n<p>\u00b7\u00a0\u00a0\u00a0 \u0443\u0440\u043e\u0432\u043d\u0438 \u0432\u043e\u0434\u044b \u0438 \u0438\u0445 \u043f\u0440\u043e\u0433\u043d\u043e\u0437\u044b \u043d\u0430 \u043a\u0440\u0430\u0442\u043a\u043e-\u0441\u0440\u043e\u0447\u043d\u044b\u0439 \u043f\u0435\u0440\u0438\u043e\u0434 (24\/48 \u0447\u0430\u0441\u043e\u0432);<\/p>\n<p>\u00b7\u00a0\u00a0\u00a0 \u043c\u0438\u043d\u0438\u043c\u0430\u043b\u044c\u043d\u044b\u0435 \u0433\u043b\u0443\u0431\u0438\u043d\u044b \u043d\u0430 \u043f\u0435\u0440\u0435\u043a\u0430\u0442\u0430\u0445;<\/p>\n<p>\u00b7\u00a0\u00a0\u00a0 \u043b\u0435\u0434\u043e\u0432\u044b\u0439 \u0440\u0435\u0436\u0438\u043c \u043d\u0430 \u0414\u0443\u043d\u0430\u0435 \u0438 \u043d\u0430 \u043a\u0440\u0443\u043f\u043d\u044b\u0445 \u0432\u043e\u0434\u043d\u044b\u0445 \u043f\u0443\u0442\u044f\u0445 \u0420\u0443\u043c\u044b\u043d\u0438\u0438.<\/td>\n<\/tr>\n<tr>\n<td width=\"199\">Autoritatea Naval\u0103 Rom\u00e2n\u0103<\/p>\n<p>Port <em>Constan\u0163a<\/em> n\u00b0 1, b\u00e2timent de l\u2019Autorit\u00e9 Navale Roumaine<\/p>\n<p>900900 <em>Constan\u0163a<\/em><\/p>\n<p><a href=\"http:\/\/www.rna.ro\">http:\/\/www.rna.ro<\/a><\/p>\n<p>&nbsp;<\/p>\n<p>Tel.\u00a0: +40-241\/616124<\/p>\n<p>+40-241\/616104<\/p>\n<p>Fax\u00a0: +40-241\/616229<\/p>\n<p>E-mail\u00a0: <a href=\"mailto:rna@rna.ro\">rna@rna.ro<\/a><\/td>\n<td width=\"142\"><\/td>\n<td width=\"196\">\u0412\u0435\u0434\u043e\u043c\u0441\u0442\u0432\u043e \u0441\u0443\u0434\u043e\u0445\u043e\u0434\u0441\u0442\u0432\u0430 \u0420\u0443\u043c\u044b\u043d\u0438\u0438 \u044f\u0432\u043b\u044f\u0435\u0442\u0441\u044f \u0441\u043f\u0435\u0446\u0438\u0430\u043b\u044c\u043d\u044b\u043c \u0442\u0435\u0445\u043d\u0438\u0447\u0435\u0441\u043a\u0438\u043c \u043e\u0440\u0433\u0430\u043d\u043e\u043c \u041c\u0438\u043d\u0438\u0441\u0442\u0435\u0440\u0441\u0442\u0432\u0430 \u0442\u0440\u0430\u043d\u0441\u043f\u043e\u0440\u0442\u0430, \u043a\u043e\u0442\u043e\u0440\u044b\u0439 \u0432\u044b\u043f\u043e\u043b\u043d\u044f\u0435\u0442 \u0444\u0443\u043d\u043a\u0446\u0438\u0438 \u0433\u043e\u0441\u0443\u0434\u0430\u0440\u0441\u0442\u0432\u0435\u043d\u043d\u043e\u0433\u043e \u0443\u0447\u0440\u0435\u0436\u0434\u0435\u043d\u0438\u044f \u0432 \u0441\u0444\u0435\u0440\u0435 \u0431\u0435\u0437\u043e\u043f\u0430\u0441\u043d\u043e\u0441\u0442\u0438 \u0441\u0443\u0434\u043e\u0445\u043e\u0434\u0441\u0442\u0432\u0430<\/td>\n<\/tr>\n<tr>\n<td width=\"101\"><strong>\u0420\u0435\u0441\u043f\u0443\u0431\u043b\u0438\u043a\u0430 \u041c\u043e\u043b\u0434\u043e\u0432\u0430<\/strong><\/p>\n<p>&nbsp;<\/td>\n<td width=\"199\">C\u0103pit\u0103nia portului Giurgiule\u015fti,<\/p>\n<p>\u041c\u0438\u043d\u0438\u0441\u0442\u0435\u0440\u0441\u0442\u0432\u043e \u0442\u0440\u0430\u043d\u0441\u043f\u043e\u0440\u0442\u0430 \u0438 \u0434\u043e\u0440\u043e\u0436\u043d\u043e\u0439 \u0438\u043d\u0444\u0440\u0430\u0441\u0442\u0440\u0443\u043a\u0442\u0443\u0440\u044b \u0420\u0435\u0441\u043f\u0443\u0431\u043b\u0438\u043a\u0438 \u041c\u043e\u043b\u0434\u043e\u0432\u0430<\/p>\n<p>(\u043c\u0443\u043d. \u041a\u0438\u0448\u0438\u043d\u044d\u0443,<\/p>\n<p>\u0443\u043b. \u0428\u043e\u0441\u044f\u0443\u0430 \u0425\u044b\u043d\u0447\u0435\u0448\u0442\u044c 53<\/p>\n<p><a href=\"mailto:info@maradmoldova.md\">info@maradmoldova.md<\/a><\/p>\n<p>&nbsp;<\/td>\n<td width=\"142\">&nbsp;<\/p>\n<p>&nbsp;<\/p>\n<p>&nbsp;<\/p>\n<p>&nbsp;<\/p>\n<p>&nbsp;<\/p>\n<p>&nbsp;<\/p>\n<p>+<\/p>\n<p>&nbsp;<\/td>\n<td width=\"196\">&nbsp;<\/p>\n<p>&nbsp;<\/p>\n<p>&nbsp;<\/p>\n<p>&nbsp;<\/p>\n<p>&nbsp;<\/p>\n<p>&nbsp;<\/p>\n<p>+<\/p>\n<p>&nbsp;<\/td>\n<\/tr>\n<tr>\n<td width=\"101\"><strong>\u0423\u043a\u0440\u0430\u0438\u043d\u0430<\/strong><\/td>\n<td width=\"199\">\u0418\u043d\u0441\u043f\u0435\u043a\u0446\u0438\u044f \u0433\u043e\u0441\u0443\u0434\u0430\u0440\u0441\u0442\u0432\u0435\u043d\u043d\u043e\u0433\u043e \u043f\u043e\u0440\u0442\u043e\u0432\u043e\u0433\u043e \u043d\u0430\u0434\u0437\u043e\u0440\u0430 \u0413\u041f\u00a0&#8220;\u0418\u0437\u043c\u0430\u0438\u043b\u044c\u0441\u043a\u0438\u0439 \u043c\u043e\u0440\u0441\u043a\u043e\u0439 \u0442\u043e\u0440\u0433\u043e\u0432\u044b\u0439 \u043f\u043e\u0440\u0442&#8221;<\/p>\n<p>\u0443\u043b. \u041f\u043e\u0440\u0442\u043e\u0432\u0430\u044f 7, \u0433. \u0418\u0437\u043c\u0430\u0438\u043b,<\/p>\n<p>\u041e\u0434\u0435\u0441\u0441\u043a\u0430\u044f \u043e\u0431\u043b\u0430\u0441\u0442\u044c,<\/p>\n<p>\u0423\u043a\u0440\u0430\u0438\u043d\u0430 68600<\/p>\n<p><a href=\"http:\/\/www.izmport.com.ua\">www.izmport.com.ua<\/a><\/p>\n<p><a href=\"http:\/\/www.dhmo.org.ua\">www.dhmo.org.ua<\/a><\/p>\n<p>&nbsp;<\/td>\n<td width=\"142\">\u041b\u0435\u0434\u043e\u0432\u0430\u044f \u043e\u0431\u0441\u0442\u0430\u043d\u043e\u0432\u043a\u0430. \u0423\u0440\u043e\u0432\u043d\u0438 \u0432\u043e\u0434\u044b \u0432 \u0440.\u00a0\u0414\u0443\u043d\u0430\u0439. \u041f\u0440\u043e\u0433\u043d\u043e\u0437 \u043f\u043e\u0433\u043e\u0434\u044b (\u0448\u0442\u043e\u0440\u043c\u043e\u0432\u044b\u0435 \u043f\u0440\u0435\u0434\u0443\u043f\u0440\u0435\u0436\u0434\u0435\u043d\u0438\u044f)<\/p>\n<p>&nbsp;<\/p>\n<p>&nbsp;<\/p>\n<p>+<\/p>\n<p>+<\/td>\n<td width=\"196\">\u0415\u0436\u0435\u0434\u043d\u0435\u0432\u043d\u044b\u0435 \u043e\u0431\u044a\u044f\u0432\u043b\u0435\u043d\u0438\u044f \u0443\u0440\u043e\u0432\u043d\u0435\u0439 \u0432\u043e\u0434\u044b, \u043f\u0440\u043e\u0433\u043d\u043e\u0437\u043e\u0432 \u043f\u043e\u0433\u043e\u0434\u044b, \u043b\u0435\u0434\u043e\u0432\u043e\u0439 \u043e\u0431\u0441\u0442\u0430\u043d\u043e\u0432\u043a\u0438 \u043f\u043e \u0423\u041a\u0412 \u2013 9,16 \u043a\u0430\u043d\u0430\u043b\u044b.\u00a0\u00a0 +<\/p>\n<p>\u0420\u0435\u043a\u043e\u043c\u0435\u043d\u0434\u0430\u0446\u0438\u0438 \u043f\u0440\u0438 \u043b\u0435\u0434\u043e\u0432\u043e\u043c \u043f\u043b\u0430\u0432\u0430\u043d\u0438\u0438, \u043e\u043a\u0430\u0437\u0430\u043d\u0438\u0435 \u043f\u043e\u043c\u043e\u0449\u0438 \u0441\u0443\u0434\u0430\u043c, \u0442\u0435\u0440\u043f\u044f\u0449\u0438\u043c \u0431\u0435\u0434\u0441\u0442\u0432\u0438\u0435. \u041a\u043e\u043d\u0441\u0443\u043b\u044c\u0442\u0430\u0446\u0438\u0438 \u043f\u043e \u0432\u043e\u043f\u0440\u043e\u0441\u0430\u043c \u0431\u0435\u0437\u043e\u043f\u0430\u0441\u043d\u043e\u0441\u0442\u0438 \u0441\u0443\u0434\u043e\u0445\u043e\u0434\u0441\u0442\u0432\u0430.<\/td>\n<\/tr>\n<\/tbody>\n<\/table>\n<p><a href=\"#_ftnref1\" name=\"_ftn1\">[1]<\/a> \u043d\u0430 \u0447\u0430\u0441\u0442\u043e\u0442\u0435 153 \u043a\u0413\u0446 \u0434\u043b\u044f \u0432\u0441\u0435\u0439 \u0441\u0442\u0440\u0430\u043d\u044b;<\/p>\n<p>\u043d\u0430 \u0447\u0430\u0441\u0442\u043e\u0442\u0435 531 \u043a\u0413\u0446 \u0434\u043b\u044f \u0440\u0435\u0433\u0438\u043e\u043d\u043e\u0432 Bac\u0103u, Br\u0103ila, C\u0103l\u0103ra\u0219i, Ialomi\u021ba, Vrancea (\u0411\u0430\u043a\u044d\u0443, \u0411\u0440\u0430\u0438\u043b\u0430, \u041a\u044d\u043b\u044d\u0440\u0430\u0448\u0438, \u042f\u043b\u043e\u043c\u0438\u0446\u0430, \u0412\u0440\u0430\u043d\u0447\u0430)<\/p>\n<p>\u043d\u0430 \u0447\u0430\u0441\u0442\u043e\u0442\u0435 603 \u043a\u0413\u0446 \u0434\u043b\u044f \u0440\u0435\u0433\u0438\u043e\u043d\u043e\u0432 Ilfov, Giurgiu, Prahova, Teleorman (\u0418\u043b\u0444\u043e\u0432, \u0414\u0436\u0443\u0440\u0434\u0436\u0443, \u041f\u0440\u0430\u0445\u043e\u0432\u0430,\u0422\u0435\u043b\u0435\u043e\u0440\u043c\u0430\u043d);<\/p>\n<p>\u043d\u0430 \u0447\u0430\u0441\u0442\u043e\u0442\u0435 630 \u043a\u0413\u0446 \u0434\u043b\u044f \u0440\u0435\u0433\u0438\u043e\u043d\u043e\u0432 Arge\u0219, D\u00e2mbovi\u021ba, Dolj, Olt, V\u00e2lcea (\u0410\u0440\u0436\u0435\u0448, \u0414\u044d\u043c\u0431\u043e\u0432\u0438\u0446\u0430, \u0414\u043e\u043b\u0436, \u041e\u043b\u0442, \u0412\u044d\u043b\u0447\u0430);<\/p>\n<p>\u043d\u0430 \u0447\u0430\u0441\u0442\u043e\u0442\u0435 1314 \u043a\u0413\u0446 \u0434\u043b\u044f \u0440\u0435\u0433\u0438\u043e\u043d\u043e\u0432 Banat, Dobrogea (\u0411\u0430\u043d\u0430\u0442, \u0414\u043e\u0431\u0440\u0443\u0434\u0436\u0430).<\/p>\n<p>&nbsp;<\/p>\n<\/div>\n","protected":false},"excerpt":{"rendered":"<p>\u043e \u043a\u043e\u043c\u043f\u0435\u0442\u0435\u043d\u0442\u043d\u044b\u0445 \u043e\u0440\u0433\u0430\u043d\u0430\u0445 \u0441\u0442\u0440\u0430\u043d-\u0447\u043b\u0435\u043d\u043e\u0432 \u0414\u041a, \u043f\u0440\u0438\u043d\u0438\u043c\u0430\u044e\u0449\u0438\u0445 \u0440\u0435\u0448\u0435\u043d\u0438\u044f \u043e \u0434\u0435\u0439\u0441\u0442\u0432\u0438\u044f\u0445 \u0432\u00a0\u043e\u0431\u043b\u0430\u0441\u0442\u0438 \u0441\u0443\u0434\u043e\u0445\u043e\u0434\u0441\u0442\u0432\u0430 \u0432 \u043a\u0440\u0438\u0442\u0438\u0447\u0435\u0441\u043a\u0438\u0445 \u0443\u0441\u043b\u043e\u0432\u0438\u044f\u0445, \u0438 \u043e\u0431 \u0438\u043d\u0444\u043e\u0440\u043c\u0430\u0446\u0438\u043e\u043d\u043d\u044b\u0445 \u0438\u0441\u0442\u043e\u0447\u043d\u0438\u043a\u0430\u0445 (\u043f\u043e \u0441\u043e\u0441\u0442\u043e\u044f\u043d\u0438\u044e<\/p>\n","protected":false},"author":1,"featured_media":0,"parent":102,"menu_order":8,"comment_status":"closed","ping_status":"closed","template":"","meta":{"_seopress_robots_primary_cat":"","_seopress_titles_title":"","_seopress_titles_desc":"","_seopress_robots_index":"","colormag_page_container_layout":"default_layout","colormag_page_sidebar_layout":"default_layout","footnotes":""},"class_list":["post-767","page","type-page","status-publish","hentry"],"_links":{"self":[{"href":"https:\/\/www.danubecommission.org\/dc\/wp-json\/wp\/v2\/pages\/767","targetHints":{"allow":["GET"]}}],"collection":[{"href":"https:\/\/www.danubecommission.org\/dc\/wp-json\/wp\/v2\/pages"}],"about":[{"href":"https:\/\/www.danubecommission.org\/dc\/wp-json\/wp\/v2\/types\/page"}],"author":[{"embeddable":true,"href":"https:\/\/www.danubecommission.org\/dc\/wp-json\/wp\/v2\/users\/1"}],"replies":[{"embeddable":true,"href":"https:\/\/www.danubecommission.org\/dc\/wp-json\/wp\/v2\/comments?post=767"}],"version-history":[{"count":0,"href":"https:\/\/www.danubecommission.org\/dc\/wp-json\/wp\/v2\/pages\/767\/revisions"}],"up":[{"embeddable":true,"href":"https:\/\/www.danubecommission.org\/dc\/wp-json\/wp\/v2\/pages\/102"}],"wp:attachment":[{"href":"https:\/\/www.danubecommission.org\/dc\/wp-json\/wp\/v2\/media?parent=767"}],"curies":[{"name":"wp","href":"https:\/\/api.w.org\/{rel}","templated":true}]}}