{"id":8093,"date":"2021-01-28T12:46:25","date_gmt":"2021-01-28T11:46:25","guid":{"rendered":"https:\/\/www.danubecommission.org\/dc\/?page_id=8093"},"modified":"2022-01-18T13:34:40","modified_gmt":"2022-01-18T12:34:40","slug":"e-archive","status":"publish","type":"page","link":"https:\/\/www.danubecommission.org\/dc\/en\/extranet\/e-archive\/","title":{"rendered":"E-archive"},"content":{"rendered":"<table border=\"1\" width=\"100%\" cellspacing=\"0\" cellpadding=\"5\">\n<tbody>\n<tr>\n<th width=\"25%\"><img loading=\"lazy\" decoding=\"async\" class=\"aligncenter\" src=\"https:\/\/danubecommission.org\/images\/lang\/de.gif\" alt=\"de\" width=\"25\" height=\"16\" \/><\/th>\n<th width=\"25%\"><img loading=\"lazy\" decoding=\"async\" class=\"aligncenter\" src=\"https:\/\/danubecommission.org\/images\/lang\/fr.gif\" alt=\"fr\" width=\"25\" height=\"16\" \/><\/th>\n<th width=\"25%\"><img loading=\"lazy\" decoding=\"async\" class=\"aligncenter\" src=\"https:\/\/danubecommission.org\/images\/lang\/ru.gif\" alt=\"ru\" width=\"25\" height=\"17\" \/><\/th>\n<\/tr>\n<tr>\n<td><a href=\"https:\/\/danubecommission.org\/extranet\/e-archive\/Conference%20danubienne%201948.pdf\" target=\"_blank\" rel=\"noopener\">Die Donaukonferenz. Dokumentensammlung. Belgrad 1948 (Publikation des Au\u00dfenministeriums der Bundesrepublik Jugoslawien,\u00a0<em>in russischer und franz\u00f6sischer Sprache<\/em>)<\/a><\/td>\n<td><a href=\"https:\/\/danubecommission.org\/extranet\/e-archive\/Conference%20danubienne%201948.pdf\" target=\"_blank\" rel=\"noopener\">Conf\u00e9rence danubienne. Recueil de documents. Belgrade 1948 (Publication du minist\u00e8re des affaires \u00e9trang\u00e8res de la R\u00e9publique F\u00e9d\u00e9rative de Yougoslavie,\u00a0<em>russe, fran\u00e7ais<\/em>)<\/a><\/td>\n<td><a href=\"https:\/\/danubecommission.org\/extranet\/e-archive\/Conference%20danubienne%201948.pdf\" target=\"_blank\" rel=\"noopener\">\u0414\u0443\u043d\u0430\u0439\u0441\u043a\u0430\u044f \u041a\u043e\u043d\u0444\u0435\u0440\u0435\u043d\u0446\u0438\u044f. \u0421\u0431\u043e\u0440\u043d\u0438\u043a \u0434\u043e\u043a\u0443\u043c\u0435\u043d\u0442\u043e\u0432. \u0411\u0435\u043b\u0433\u0440\u0430\u0434 1948 \u0433\u043e\u0434 (\u0418\u0437\u0434\u0430\u043d\u0438\u0435 \u041c\u0438\u043d\u0438\u0441\u0442\u0435\u0440\u0441\u0442\u0432\u0430 \u0438\u043d\u043e\u0441\u0442\u0440\u0430\u043d\u043d\u044b\u0445 \u0434\u0435\u043b \u0424\u0435\u0434\u0435\u0440\u0430\u0442\u0438\u0432\u043d\u043e\u0439 \u0420\u0435\u0441\u043f\u0443\u0431\u043b\u0438\u043a\u0438 \u042e\u0433\u043e\u0441\u043b\u0430\u0432\u0438\u0438,\u00a0<em>\u0440\u0443\u0441\u0441\u043a\u0438\u0439, \u0444\u0440\u0430\u043d\u0446\u0443\u0437\u0441\u043a\u0438\u0439<\/em>)<\/a><\/td>\n<\/tr>\n<tr>\n<td width=\"25%\"><a href=\"https:\/\/danubecommission.org\/extranet\/e-archive\/convention-de.pdf\" target=\"_blank\" rel=\"noopener\">\u00dcbereinkommen \u00fcber die Regelung der Schifffahrt auf der Donau<\/a><\/td>\n<td width=\"25%\"><a href=\"https:\/\/danubecommission.org\/extranet\/e-archive\/convention-fr.pdf\" target=\"_blank\" rel=\"noopener\">Convention relative au r\u00e9gime de la navigation sur le Danube<\/a><\/td>\n<td width=\"25%\"><a href=\"https:\/\/danubecommission.org\/extranet\/e-archive\/convention-ru.pdf\" target=\"_blank\" rel=\"noopener\">\u041a\u043e\u043d\u0432\u0435\u043d\u0446\u0438\u044f \u043e \u0440\u0435\u0436\u0438\u043c\u0435 \u0441\u0443\u0434\u043e\u0445\u043e\u0434\u0441\u0442\u0432\u0430 \u043d\u0430 \u0414\u0443\u043d\u0430\u0435<\/a><\/td>\n<\/tr>\n<tr>\n<td><a href=\"https:\/\/danubecommission.org\/extranet\/e-archive\/Immunitet.pdf\" target=\"_blank\" rel=\"noopener\">\u00dcbereinkommen \u00fcber die Privilegien und Immunit\u00e4ten der Donaukommission (Budapest,\u00a015. Mai 1963,\u00a0<em>in russischer und franz\u00f6sischer Sprache<\/em>)<\/a><\/td>\n<td><a href=\"https:\/\/danubecommission.org\/extranet\/e-archive\/Immunitet.pdf\" target=\"_blank\" rel=\"noopener\">Convention sur les privil\u00e8ges et immunit\u00e9s de la Commission du Danube (Budapest, le 15 mai 1963,\u00a0<em>russe, fran\u00e7ais<\/em>)<\/a><\/td>\n<td><a href=\"https:\/\/danubecommission.org\/extranet\/e-archive\/Immunitet.pdf\" target=\"_blank\" rel=\"noopener\">\u041a\u043e\u043d\u0432\u0435\u043d\u0446\u0438\u044f \u043e \u043f\u0440\u0438\u0432\u0438\u043b\u0435\u0433\u0438\u044f\u0445 \u0438 \u0438\u043c\u043c\u0443\u043d\u0438\u0442\u0435\u0442\u0430\u0445 \u0414\u0443\u043d\u0430\u0439\u0441\u043a\u043e\u0439 \u041a\u043e\u043c\u0438\u0441\u0441\u0438\u0438 (\u0411\u0443\u0434\u0430\u043f\u0435\u0448\u0442, 15 \u043c\u0430\u044f 1963\u00a0\u0433\u043e\u0434\u0430, \u00a0<em>\u0440\u0443\u0441\u0441\u043a\u0438\u0439, \u0444\u0440\u0430\u043d\u0446\u0443\u0437\u0441\u043a\u0438\u0439<\/em>)<\/a><\/td>\n<\/tr>\n<tr>\n<td><a href=\"https:\/\/danubecommission.org\/extranet\/e-archive\/Soglashenie_mestoprebyvanie.pdf\" target=\"_blank\" rel=\"noopener\">Abkommen zwischen der Donaukommission und der Regierung der Volksrepublik Ungarn \u00fcber den Sitz der Donaukommission in der Volksrepublik Ungarn (Budapest, 27. Mai 1964,\u00a0<em>in russischer, franz\u00f6sischer und ungarischer Sprache<\/em>)<\/a><\/td>\n<td><a href=\"https:\/\/danubecommission.org\/extranet\/e-archive\/Soglashenie_mestoprebyvanie.pdf\" target=\"_blank\" rel=\"noopener\">Accord entre la Commission du Danube et le gouvernement de la R\u00e9publique populaire Hongroise relatif au si\u00e8ge de la Commission du Danube en R\u00e9publique Populaire Hongroise (Budapest, le 27 mai 1964,\u00a0<em>russe, fran\u00e7ais, hongrois<\/em>)<\/a><\/td>\n<td><a href=\"https:\/\/danubecommission.org\/extranet\/e-archive\/Soglashenie_mestoprebyvanie.pdf\" target=\"_blank\" rel=\"noopener\">\u0421\u043e\u0433\u043b\u0430\u0448\u0435\u043d\u0438\u0435 \u043c\u0435\u0436\u0434\u0443 \u0414\u0443\u043d\u0430\u0439\u0441\u043a\u043e\u0439 \u041a\u043e\u043c\u0438\u0441\u0441\u0438\u0435\u0439 \u0438 \u041f\u0440\u0430\u0432\u0438\u0442\u0435\u043b\u044c\u0441\u0442\u0432\u043e\u043c \u0412\u0435\u043d\u0433\u0435\u0440\u0441\u043a\u043e\u0439 \u041d\u0430\u0440\u043e\u0434\u043d\u043e\u0439 \u0420\u0435\u0441\u043f\u0443\u0431\u043b\u0438\u043a\u0438 \u043e\u0442\u043d\u043e\u0441\u0438\u0442\u0435\u043b\u044c\u043d\u043e \u043c\u0435\u0441\u0442\u043e\u043f\u0440\u0435\u0431\u044b\u0432\u0430\u043d\u0438\u044f \u0414\u0443\u043d\u0430\u0439\u0441\u043a\u043e\u0439 \u041a\u043e\u043c\u0438\u0441\u0441\u0438\u0438 \u0432 \u0412\u0435\u043d\u0433\u0435\u0440\u0441\u043a\u043e\u0439 \u041d\u0430\u0440\u043e\u0434\u043d\u043e\u0439 \u0420\u0435\u0441\u043f\u0443\u0431\u043b\u0438\u043a\u0435 (\u0411\u0443\u0434\u0430\u043f\u0435\u0448\u0442, 27 \u043c\u0430\u044f 1964 \u0433\u043e\u0434\u0430,\u00a0<em>\u0440\u0443\u0441\u0441\u043a\u0438\u0439, \u0444\u0440\u0430\u043d\u0446\u0443\u0437\u0441\u043a\u0438\u0439, \u0432\u0435\u043d\u0433\u0435\u0440\u0441\u043a\u0438\u0439<\/em>)<\/a><\/td>\n<\/tr>\n<tr>\n<td><a href=\"https:\/\/danubecommission.org\/extranet\/e-archive\/Presidents%20DE.pdf\" target=\"_blank\" rel=\"noopener\">Pr\u00e4sidenten der Donaukommission<\/a><\/td>\n<td><a href=\"https:\/\/danubecommission.org\/extranet\/e-archive\/Presidents%20FR.pdf\" target=\"_blank\" rel=\"noopener\">Pr\u00e9sidents de la Commission du Danube<\/a><\/td>\n<td><a href=\"https:\/\/danubecommission.org\/extranet\/e-archive\/Presidents%20RU.pdf\" target=\"_blank\" rel=\"noopener\">\u041f\u0440\u0435\u0434\u0441\u0435\u0434\u0430\u0442\u0435\u043b\u0438 \u0414\u0443\u043d\u0430\u0439\u0441\u043a\u043e\u0439 \u041a\u043e\u043c\u0438\u0441\u0441\u0438\u0438<\/a><\/td>\n<\/tr>\n<tr>\n<td><a href=\"https:\/\/danubecommission.org\/extranet\/e-archive\/Director%20DE%20foto.pdf\" target=\"_blank\" rel=\"noopener\">Leiter des Sekretariats der Donaukommission<\/a><\/td>\n<td><a href=\"https:\/\/danubecommission.org\/extranet\/e-archive\/Director%20FR%20foto.pdf\" target=\"_blank\" rel=\"noopener\">Chefs du Secr\u00e9tariat de la Commission du Danube<\/a><\/td>\n<td><a href=\"https:\/\/danubecommission.org\/extranet\/e-archive\/Director%20RU%20foto.pdf\" target=\"_blank\" rel=\"noopener\">\u0420\u0443\u043a\u043e\u0432\u043e\u0434\u0438\u0442\u0435\u043b\u0438 \u0421\u0435\u043a\u0440\u0435\u0442\u0430\u0440\u0438\u0430\u0442\u0430 \u0414\u0443\u043d\u0430\u0439\u0441\u043a\u043e\u0439 \u041a\u043e\u043c\u0438\u0441\u0441\u0438\u0438<\/a><\/td>\n<\/tr>\n<tr>\n<td><a href=\"https:\/\/danubecommission.org\/extranet\/e-archive\/Medal_DE.pdf\" target=\"_blank\" rel=\"noopener\">Gedenkmedaille &#8220;F\u00fcr Verdienste um die F\u00f6rderung der Donauschifffahrt&#8221;<\/a><\/td>\n<td><a href=\"https:\/\/danubecommission.org\/extranet\/e-archive\/Medal_FR.pdf\" target=\"_blank\" rel=\"noopener\">M\u00e9daille comm\u00e9morative \u00ab\u00a0pour des m\u00e9rites dans le d\u00e9veloppement de la navigation danubienne\u00a0\u00bb<\/a><\/td>\n<td><a href=\"https:\/\/danubecommission.org\/extranet\/e-archive\/Medal_RU.pdf\" target=\"_blank\" rel=\"noopener\">\u041f\u0430\u043c\u044f\u0442\u043d\u0430\u044f \u043c\u0435\u0434\u0430\u043b\u044c &#8220;\u0417\u0430 \u0432\u043a\u043b\u0430\u0434 \u0432 \u0440\u0430\u0437\u0432\u0438\u0442\u0438\u0435 \u0434\u0443\u043d\u0430\u0439\u0441\u043a\u043e\u0433\u043e \u0441\u0443\u0434\u043e\u0445\u043e\u0434\u0441\u0442\u0432\u0430&#8221;<\/a><\/td>\n<\/tr>\n<\/tbody>\n<\/table>\n<p>&nbsp;<\/p>\n","protected":false},"excerpt":{"rendered":"<p>Die Donaukonferenz. Dokumentensammlung. Belgrad 1948 (Publikation des Au\u00dfenministeriums der Bundesrepublik Jugoslawien,\u00a0in russischer und franz\u00f6sischer Sprache) Conf\u00e9rence danubienne. Recueil de documents.<\/p>\n","protected":false},"author":1,"featured_media":0,"parent":8057,"menu_order":0,"comment_status":"closed","ping_status":"closed","template":"","meta":{"_seopress_robots_primary_cat":"","_seopress_titles_title":"","_seopress_titles_desc":"","_seopress_robots_index":"","colormag_page_container_layout":"no_sidebar_full_width","colormag_page_sidebar_layout":"no_sidebar","footnotes":""},"class_list":["post-8093","page","type-page","status-publish","hentry"],"_links":{"self":[{"href":"https:\/\/www.danubecommission.org\/dc\/wp-json\/wp\/v2\/pages\/8093","targetHints":{"allow":["GET"]}}],"collection":[{"href":"https:\/\/www.danubecommission.org\/dc\/wp-json\/wp\/v2\/pages"}],"about":[{"href":"https:\/\/www.danubecommission.org\/dc\/wp-json\/wp\/v2\/types\/page"}],"author":[{"embeddable":true,"href":"https:\/\/www.danubecommission.org\/dc\/wp-json\/wp\/v2\/users\/1"}],"replies":[{"embeddable":true,"href":"https:\/\/www.danubecommission.org\/dc\/wp-json\/wp\/v2\/comments?post=8093"}],"version-history":[{"count":0,"href":"https:\/\/www.danubecommission.org\/dc\/wp-json\/wp\/v2\/pages\/8093\/revisions"}],"up":[{"embeddable":true,"href":"https:\/\/www.danubecommission.org\/dc\/wp-json\/wp\/v2\/pages\/8057"}],"wp:attachment":[{"href":"https:\/\/www.danubecommission.org\/dc\/wp-json\/wp\/v2\/media?parent=8093"}],"curies":[{"name":"wp","href":"https:\/\/api.w.org\/{rel}","templated":true}]}}