{"id":8095,"date":"2021-01-28T12:48:02","date_gmt":"2021-01-28T11:48:02","guid":{"rendered":"https:\/\/www.danubecommission.org\/dc\/?page_id=8095"},"modified":"2021-04-20T13:03:42","modified_gmt":"2021-04-20T12:03:42","slug":"elektronisches-archiv","status":"publish","type":"page","link":"https:\/\/www.danubecommission.org\/dc\/de\/extranet-de\/elektronisches-archiv\/","title":{"rendered":"Elektronisches Archiv"},"content":{"rendered":"<table style=\"width: 100%;\" border=\"1\" width=\"100%\" cellspacing=\"0\" cellpadding=\"5\">\n<tbody>\n<tr>\n<td style=\"width: 25%;\"><a href=\"https:\/\/danubecommission.org\/extranet\/e-archive\/Conference%20danubienne%201948.pdf\" target=\"_blank\" rel=\"noopener\">Die Donaukonferenz. Dokumentensammlung. Belgrad 1948 (Publikation des Au\u00dfenministeriums der Bundesrepublik Jugoslawien,\u00a0<em>in russischer und franz\u00f6sischer Sprache<\/em>)<\/a><\/td>\n<\/tr>\n<tr>\n<td style=\"width: 25%;\" width=\"25%\"><a href=\"https:\/\/danubecommission.org\/extranet\/e-archive\/convention-de.pdf\" target=\"_blank\" rel=\"noopener\">\u00dcbereinkommen \u00fcber die Regelung der Schifffahrt auf der Donau<\/a><\/td>\n<\/tr>\n<tr>\n<td style=\"width: 25%;\"><a href=\"https:\/\/danubecommission.org\/extranet\/e-archive\/Immunitet.pdf\" target=\"_blank\" rel=\"noopener\">\u00dcbereinkommen \u00fcber die Privilegien und Immunit\u00e4ten der Donaukommission (Budapest,\u00a015. Mai 1963,\u00a0<em>in russischer und franz\u00f6sischer Sprache<\/em>)<\/a><\/td>\n<\/tr>\n<tr>\n<td style=\"width: 25%;\"><a href=\"https:\/\/danubecommission.org\/extranet\/e-archive\/Soglashenie_mestoprebyvanie.pdf\" target=\"_blank\" rel=\"noopener\">Abkommen zwischen der Donaukommission und der Regierung der Volksrepublik Ungarn \u00fcber den Sitz der Donaukommission in der Volksrepublik Ungarn (Budapest, 27. Mai 1964,\u00a0<em>in russischer, franz\u00f6sischer und ungarischer Sprache<\/em>)<\/a><\/td>\n<\/tr>\n<tr>\n<td style=\"width: 25%;\"><a href=\"https:\/\/danubecommission.org\/extranet\/e-archive\/Presidents%20DE.pdf\" target=\"_blank\" rel=\"noopener\">Pr\u00e4sidenten der Donaukommission<\/a><\/td>\n<\/tr>\n<tr>\n<td style=\"width: 25%;\"><a href=\"https:\/\/danubecommission.org\/extranet\/e-archive\/Director%20DE%20foto.pdf\" target=\"_blank\" rel=\"noopener\">Leiter des Sekretariats der Donaukommission<\/a><\/td>\n<\/tr>\n<tr>\n<td style=\"width: 25%;\"><a href=\"https:\/\/danubecommission.org\/extranet\/e-archive\/Medal%20DE.pdf\" target=\"_blank\" rel=\"noopener\">Gedenkmedaille &#8220;F\u00fcr Verdienste um die F\u00f6rderung der Donauschifffahrt&#8221;<\/a><\/td>\n<\/tr>\n<tr>\n<td style=\"width: 25%;\"><a href=\"https:\/\/www.danubecommission.org\/uploads\/doc\/2021\/rules_of_procedure\/de_rules_of_procedure_2021.pdf\">Gesch\u00e4ftsordnung und andere Verfahrensvorschriften der Donaukommission<\/a><\/td>\n<\/tr>\n<\/tbody>\n<\/table>\n<p>&nbsp;<\/p>\n","protected":false},"excerpt":{"rendered":"<p>Die Donaukonferenz. Dokumentensammlung. Belgrad 1948 (Publikation des Au\u00dfenministeriums der Bundesrepublik Jugoslawien,\u00a0in russischer und franz\u00f6sischer Sprache) \u00dcbereinkommen \u00fcber die Regelung der<\/p>\n","protected":false},"author":1,"featured_media":0,"parent":8098,"menu_order":0,"comment_status":"closed","ping_status":"closed","template":"","meta":{"_seopress_robots_primary_cat":"","_seopress_titles_title":"","_seopress_titles_desc":"","_seopress_robots_index":"","colormag_page_container_layout":"default_layout","colormag_page_sidebar_layout":"default_layout","footnotes":""},"class_list":["post-8095","page","type-page","status-publish","hentry"],"_links":{"self":[{"href":"https:\/\/www.danubecommission.org\/dc\/wp-json\/wp\/v2\/pages\/8095","targetHints":{"allow":["GET"]}}],"collection":[{"href":"https:\/\/www.danubecommission.org\/dc\/wp-json\/wp\/v2\/pages"}],"about":[{"href":"https:\/\/www.danubecommission.org\/dc\/wp-json\/wp\/v2\/types\/page"}],"author":[{"embeddable":true,"href":"https:\/\/www.danubecommission.org\/dc\/wp-json\/wp\/v2\/users\/1"}],"replies":[{"embeddable":true,"href":"https:\/\/www.danubecommission.org\/dc\/wp-json\/wp\/v2\/comments?post=8095"}],"version-history":[{"count":0,"href":"https:\/\/www.danubecommission.org\/dc\/wp-json\/wp\/v2\/pages\/8095\/revisions"}],"up":[{"embeddable":true,"href":"https:\/\/www.danubecommission.org\/dc\/wp-json\/wp\/v2\/pages\/8098"}],"wp:attachment":[{"href":"https:\/\/www.danubecommission.org\/dc\/wp-json\/wp\/v2\/media?parent=8095"}],"curies":[{"name":"wp","href":"https:\/\/api.w.org\/{rel}","templated":true}]}}