{"id":8100,"date":"2021-01-28T12:50:02","date_gmt":"2021-01-28T11:50:02","guid":{"rendered":"https:\/\/www.danubecommission.org\/dc\/?page_id=8100"},"modified":"2021-03-18T11:10:40","modified_gmt":"2021-03-18T10:10:40","slug":"extranet-fr","status":"publish","type":"page","link":"https:\/\/www.danubecommission.org\/dc\/fr\/extranet-fr\/","title":{"rendered":"Extranet (Fr)"},"content":{"rendered":"<ul class=\"\">\n<li><a class=\"\u201d\u201d\" title=\"Protected: Documents de r\u00e9union (Pays membres)\" href=\"https:\/\/www.danubecommission.org\/dc\/fr\/extranet-fr\/documents-de-reunion-pays-membres\/\">Documents de r\u00e9union (Pays membres)<\/a><\/li>\n<li class=\"\"><a class=\"\u201d\u201d\" title=\"Protected: Documents de r\u00e9union (Pays observateurs)\" href=\"https:\/\/www.danubecommission.org\/dc\/fr\/extranet-fr\/documents-de-reunion-pays-observateurs\/\">Documents de r\u00e9union (Pays observateurs)<\/a><\/li>\n<li class=\"page_item page-item-1328\"><a href=\"https:\/\/www.danubecommission.org\/dc\/fr\/extranet-fr\/e-bibliotheque\/\">E-Biblioth\u00e8que<\/a><\/li>\n<li class=\"\"><a class=\"\u201d\u201d\" title=\"Archives \u00e9lectroniques\" href=\"https:\/\/www.danubecommission.org\/dc\/fr\/extranet-fr\/archives-electroniques\/\">Archives \u00e9lectroniques<\/a><\/li>\n<\/ul>\n","protected":false},"excerpt":{"rendered":"<p>Documents de r\u00e9union (Pays membres) Documents de r\u00e9union (Pays observateurs) E-Biblioth\u00e8que Archives \u00e9lectroniques<\/p>\n","protected":false},"author":1,"featured_media":0,"parent":0,"menu_order":0,"comment_status":"closed","ping_status":"closed","template":"","meta":{"_seopress_robots_primary_cat":"","_seopress_titles_title":"","_seopress_titles_desc":"","_seopress_robots_index":"","colormag_page_container_layout":"default_layout","colormag_page_sidebar_layout":"default_layout","footnotes":""},"class_list":["post-8100","page","type-page","status-publish","hentry"],"_links":{"self":[{"href":"https:\/\/www.danubecommission.org\/dc\/wp-json\/wp\/v2\/pages\/8100","targetHints":{"allow":["GET"]}}],"collection":[{"href":"https:\/\/www.danubecommission.org\/dc\/wp-json\/wp\/v2\/pages"}],"about":[{"href":"https:\/\/www.danubecommission.org\/dc\/wp-json\/wp\/v2\/types\/page"}],"author":[{"embeddable":true,"href":"https:\/\/www.danubecommission.org\/dc\/wp-json\/wp\/v2\/users\/1"}],"replies":[{"embeddable":true,"href":"https:\/\/www.danubecommission.org\/dc\/wp-json\/wp\/v2\/comments?post=8100"}],"version-history":[{"count":0,"href":"https:\/\/www.danubecommission.org\/dc\/wp-json\/wp\/v2\/pages\/8100\/revisions"}],"wp:attachment":[{"href":"https:\/\/www.danubecommission.org\/dc\/wp-json\/wp\/v2\/media?parent=8100"}],"curies":[{"name":"wp","href":"https:\/\/api.w.org\/{rel}","templated":true}]}}