{"id":8104,"date":"2021-01-28T13:11:34","date_gmt":"2021-01-28T12:11:34","guid":{"rendered":"https:\/\/www.danubecommission.org\/dc\/?page_id=8104"},"modified":"2022-01-14T13:12:41","modified_gmt":"2022-01-14T12:12:41","slug":"archives-electroniques","status":"publish","type":"page","link":"https:\/\/www.danubecommission.org\/dc\/fr\/extranet-fr\/archives-electroniques\/","title":{"rendered":"Archives \u00e9lectroniques"},"content":{"rendered":"<table style=\"width: 100%; height: 216px;\" border=\"1\" width=\"100%\" cellspacing=\"0\" cellpadding=\"5\">\n<tbody>\n<tr style=\"height: 24px;\">\n<td style=\"width: 25%; height: 24px;\"><a href=\"https:\/\/danubecommission.org\/extranet\/e-archive\/Conference%20danubienne%201948.pdf\" target=\"_blank\" rel=\"noopener\">Conf\u00e9rence danubienne. Recueil de documents. Belgrade 1948 (Publication du minist\u00e8re des affaires \u00e9trang\u00e8res de la R\u00e9publique F\u00e9d\u00e9rative de Yougoslavie,\u00a0<em>russe, fran\u00e7ais<\/em>)<\/a><\/td>\n<\/tr>\n<tr style=\"height: 24px;\">\n<td style=\"width: 25%; height: 24px;\" width=\"25%\"><a href=\"https:\/\/danubecommission.org\/extranet\/e-archive\/convention-fr.pdf\" target=\"_blank\" rel=\"noopener\">Convention relative au r\u00e9gime de la navigation sur le Danube<\/a><\/td>\n<\/tr>\n<tr style=\"height: 24px;\">\n<td style=\"width: 25%; height: 24px;\"><a href=\"https:\/\/danubecommission.org\/extranet\/e-archive\/Immunitet.pdf\" target=\"_blank\" rel=\"noopener\">Convention sur les privil\u00e8ges et immunit\u00e9s de la Commission du Danube (Budapest, le 15 mai 1963,\u00a0<em>russe, fran\u00e7ais<\/em>)<\/a><\/td>\n<\/tr>\n<tr style=\"height: 48px;\">\n<td style=\"width: 25%; height: 48px;\"><a href=\"https:\/\/danubecommission.org\/extranet\/e-archive\/Soglashenie_mestoprebyvanie.pdf\" target=\"_blank\" rel=\"noopener\">Accord entre la Commission du Danube et le gouvernement de la R\u00e9publique populaire Hongroise relatif au si\u00e8ge de la Commission du Danube en R\u00e9publique Populaire Hongroise (Budapest, le 27 mai 1964,\u00a0<em>russe, fran\u00e7ais, hongrois<\/em>)<\/a><\/td>\n<\/tr>\n<tr style=\"height: 24px;\">\n<td style=\"width: 25%; height: 24px;\"><a href=\"https:\/\/danubecommission.org\/extranet\/e-archive\/Presidents%20FR.pdf\" target=\"_blank\" rel=\"noopener\">Pr\u00e9sidents de la Commission du Danube<\/a><\/td>\n<\/tr>\n<tr style=\"height: 24px;\">\n<td style=\"width: 25%; height: 24px;\"><a href=\"https:\/\/danubecommission.org\/extranet\/e-archive\/Director%20FR%20foto.pdf\" target=\"_blank\" rel=\"noopener\">Chefs du Secr\u00e9tariat de la Commission du Danube<\/a><\/td>\n<\/tr>\n<tr style=\"height: 24px;\">\n<td style=\"width: 25%; height: 24px;\"><a href=\"https:\/\/danubecommission.org\/extranet\/e-archive\/Medal%20FR.pdf\" target=\"_blank\" rel=\"noopener\">M\u00e9daille comm\u00e9morative \u00ab\u00a0pour des m\u00e9rites dans le d\u00e9veloppement de la navigation danubienne\u00a0\u00bb<\/a><\/td>\n<\/tr>\n<tr style=\"height: 24px;\">\n<td style=\"width: 25%; height: 24px;\"><a href=\"https:\/\/www.danubecommission.org\/uploads\/doc\/2021\/rules_of_procedure\/fr_rules_of_procedure_2021.pdf\">R\u00e8gles\u00a0 de\u00a0 proc\u00e9dure et\u00a0 autres\u00a0 documents d&#8217;organisation\u00a0 de\u00a0 la\u00a0 Commission\u00a0 du\u00a0 Danube<\/a><\/td>\n<\/tr>\n<\/tbody>\n<\/table>\n<p>&nbsp;<\/p>\n","protected":false},"excerpt":{"rendered":"<p>Conf\u00e9rence danubienne. Recueil de documents. Belgrade 1948 (Publication du minist\u00e8re des affaires \u00e9trang\u00e8res de la R\u00e9publique F\u00e9d\u00e9rative de Yougoslavie,\u00a0russe, fran\u00e7ais)<\/p>\n","protected":false},"author":1,"featured_media":0,"parent":8100,"menu_order":0,"comment_status":"closed","ping_status":"closed","template":"","meta":{"_seopress_robots_primary_cat":"","_seopress_titles_title":"","_seopress_titles_desc":"","_seopress_robots_index":"","colormag_page_container_layout":"default_layout","colormag_page_sidebar_layout":"default_layout","footnotes":""},"class_list":["post-8104","page","type-page","status-publish","hentry"],"_links":{"self":[{"href":"https:\/\/www.danubecommission.org\/dc\/wp-json\/wp\/v2\/pages\/8104","targetHints":{"allow":["GET"]}}],"collection":[{"href":"https:\/\/www.danubecommission.org\/dc\/wp-json\/wp\/v2\/pages"}],"about":[{"href":"https:\/\/www.danubecommission.org\/dc\/wp-json\/wp\/v2\/types\/page"}],"author":[{"embeddable":true,"href":"https:\/\/www.danubecommission.org\/dc\/wp-json\/wp\/v2\/users\/1"}],"replies":[{"embeddable":true,"href":"https:\/\/www.danubecommission.org\/dc\/wp-json\/wp\/v2\/comments?post=8104"}],"version-history":[{"count":0,"href":"https:\/\/www.danubecommission.org\/dc\/wp-json\/wp\/v2\/pages\/8104\/revisions"}],"up":[{"embeddable":true,"href":"https:\/\/www.danubecommission.org\/dc\/wp-json\/wp\/v2\/pages\/8100"}],"wp:attachment":[{"href":"https:\/\/www.danubecommission.org\/dc\/wp-json\/wp\/v2\/media?parent=8104"}],"curies":[{"name":"wp","href":"https:\/\/api.w.org\/{rel}","templated":true}]}}