{"id":8212,"date":"2021-02-04T13:20:27","date_gmt":"2021-02-04T12:20:27","guid":{"rendered":"https:\/\/www.danubecommission.org\/dc\/?page_id=8212"},"modified":"2026-03-02T14:04:37","modified_gmt":"2026-03-02T13:04:37","slug":"objekte-der-donaukommissionen-hydrologische-datenbank-interaktive-uebersichtskarte-der-donau","status":"publish","type":"page","link":"https:\/\/www.danubecommission.org\/dc\/de\/die-donauschifffahrt\/objekte-der-donaukommissionen-hydrologische-datenbank-interaktive-uebersichtskarte-der-donau\/","title":{"rendered":"Objekte der hydrologischen Datenbank der Donaukommission (Interaktive \u00dcbersichtskarte der Donau)"},"content":{"rendered":"<p><iframe loading=\"lazy\" src=\"https:\/\/danubecommission.maps.arcgis.com\/apps\/instant\/basic\/index.html?appid=842ab300ccb84093955934182711b760\" width=\"1200\" height=\"800\"><span data-mce-type=\"bookmark\" style=\"display: inline-block; width: 0px; overflow: hidden; line-height: 0;\" class=\"mce_SELRES_start\">\ufeff<\/span><\/iframe><br \/>\n<a href=\"https:\/\/danubecommission.maps.arcgis.com\/apps\/instant\/basic\/index.html?appid=842ab300ccb84093955934182711b760\">Karte vergr\u00f6\u00dfern<\/a><\/p>\n<p style=\"text-align: justify;\">Die Informationen in dieser Webapplikation basieren auf dem Inhalt der elektronischen Binnenschifffahrtskarten (Inland ENC) und Angaben, die von den zust\u00e4ndigen Beh\u00f6rden der Mitgliedstaaten der Donaukommission zusammengestellt und ver\u00f6ffentlicht wurden. Die Donaukommission und ihr Sekretariat \u00fcbernehmen keine Haftung f\u00fcr die Vollst\u00e4ndigkeit und Richtigkeit der Informationen.<\/p>\n","protected":false},"excerpt":{"rendered":"<p>\ufeff Karte vergr\u00f6\u00dfern Die Informationen in dieser Webapplikation basieren auf dem Inhalt der elektronischen Binnenschifffahrtskarten (Inland ENC) und Angaben, die<\/p>\n","protected":false},"author":1,"featured_media":0,"parent":37,"menu_order":1,"comment_status":"closed","ping_status":"closed","template":"","meta":{"_seopress_robots_primary_cat":"","_seopress_titles_title":"","_seopress_titles_desc":"","_seopress_robots_index":"","colormag_page_container_layout":"default_layout","colormag_page_sidebar_layout":"default_layout","footnotes":""},"class_list":["post-8212","page","type-page","status-publish","hentry"],"_links":{"self":[{"href":"https:\/\/www.danubecommission.org\/dc\/wp-json\/wp\/v2\/pages\/8212","targetHints":{"allow":["GET"]}}],"collection":[{"href":"https:\/\/www.danubecommission.org\/dc\/wp-json\/wp\/v2\/pages"}],"about":[{"href":"https:\/\/www.danubecommission.org\/dc\/wp-json\/wp\/v2\/types\/page"}],"author":[{"embeddable":true,"href":"https:\/\/www.danubecommission.org\/dc\/wp-json\/wp\/v2\/users\/1"}],"replies":[{"embeddable":true,"href":"https:\/\/www.danubecommission.org\/dc\/wp-json\/wp\/v2\/comments?post=8212"}],"version-history":[{"count":1,"href":"https:\/\/www.danubecommission.org\/dc\/wp-json\/wp\/v2\/pages\/8212\/revisions"}],"predecessor-version":[{"id":16331,"href":"https:\/\/www.danubecommission.org\/dc\/wp-json\/wp\/v2\/pages\/8212\/revisions\/16331"}],"up":[{"embeddable":true,"href":"https:\/\/www.danubecommission.org\/dc\/wp-json\/wp\/v2\/pages\/37"}],"wp:attachment":[{"href":"https:\/\/www.danubecommission.org\/dc\/wp-json\/wp\/v2\/media?parent=8212"}],"curies":[{"name":"wp","href":"https:\/\/api.w.org\/{rel}","templated":true}]}}