{"id":8215,"date":"2021-02-04T13:21:42","date_gmt":"2021-02-04T12:21:42","guid":{"rendered":"https:\/\/www.danubecommission.org\/dc\/?page_id=8215"},"modified":"2026-03-02T14:05:12","modified_gmt":"2026-03-02T13:05:12","slug":"objets-des-commissions-du-danube-base-de-donnees-hydrologiques-carte-generale-interactive-du-danube","status":"publish","type":"page","link":"https:\/\/www.danubecommission.org\/dc\/fr\/navigation-danubienne\/objets-des-commissions-du-danube-base-de-donnees-hydrologiques-carte-generale-interactive-du-danube\/","title":{"rendered":"Objets de la  base de donn\u00e9es hydrologiques de la Commission du Danube (Carte g\u00e9n\u00e9rale interactive du Danube)"},"content":{"rendered":"<p><iframe loading=\"lazy\" src=\"https:\/\/danubecommission.maps.arcgis.com\/apps\/instant\/basic\/index.html?appid=842ab300ccb84093955934182711b760\" width=\"1200\" height=\"800\"><span data-mce-type=\"bookmark\" style=\"display: inline-block; width: 0px; overflow: hidden; line-height: 0;\" class=\"mce_SELRES_start\">\ufeff<\/span><\/iframe><br \/>\n<a href=\"https:\/\/danubecommission.maps.arcgis.com\/apps\/instant\/basic\/index.html?appid=842ab300ccb84093955934182711b760\">Agrandir la carte<\/a><\/p>\n<p style=\"text-align: justify;\">Les informations dans cette application Internet se fondent sur le contenu de cartes \u00e9lectroniques de navigation (Inland ENC) et des renseignements \u00e9tablis et publi\u00e9s par des autorit\u00e9s comp\u00e9tentes des Etats membres de la Commission du Danube. La Commission du Danube et son Secr\u00e9tariat n\u2019assument pas la responsabilit\u00e9 concernant la compl\u00e9tude et la v\u00e9racit\u00e9 des informations.<\/p>\n","protected":false},"excerpt":{"rendered":"<p>\ufeff Agrandir la carte Les informations dans cette application Internet se fondent sur le contenu de cartes \u00e9lectroniques de navigation<\/p>\n","protected":false},"author":1,"featured_media":0,"parent":83,"menu_order":1,"comment_status":"closed","ping_status":"closed","template":"","meta":{"_seopress_robots_primary_cat":"","_seopress_titles_title":"","_seopress_titles_desc":"","_seopress_robots_index":"","colormag_page_container_layout":"default_layout","colormag_page_sidebar_layout":"default_layout","footnotes":""},"class_list":["post-8215","page","type-page","status-publish","hentry"],"_links":{"self":[{"href":"https:\/\/www.danubecommission.org\/dc\/wp-json\/wp\/v2\/pages\/8215","targetHints":{"allow":["GET"]}}],"collection":[{"href":"https:\/\/www.danubecommission.org\/dc\/wp-json\/wp\/v2\/pages"}],"about":[{"href":"https:\/\/www.danubecommission.org\/dc\/wp-json\/wp\/v2\/types\/page"}],"author":[{"embeddable":true,"href":"https:\/\/www.danubecommission.org\/dc\/wp-json\/wp\/v2\/users\/1"}],"replies":[{"embeddable":true,"href":"https:\/\/www.danubecommission.org\/dc\/wp-json\/wp\/v2\/comments?post=8215"}],"version-history":[{"count":1,"href":"https:\/\/www.danubecommission.org\/dc\/wp-json\/wp\/v2\/pages\/8215\/revisions"}],"predecessor-version":[{"id":16332,"href":"https:\/\/www.danubecommission.org\/dc\/wp-json\/wp\/v2\/pages\/8215\/revisions\/16332"}],"up":[{"embeddable":true,"href":"https:\/\/www.danubecommission.org\/dc\/wp-json\/wp\/v2\/pages\/83"}],"wp:attachment":[{"href":"https:\/\/www.danubecommission.org\/dc\/wp-json\/wp\/v2\/media?parent=8215"}],"curies":[{"name":"wp","href":"https:\/\/api.w.org\/{rel}","templated":true}]}}