{"id":9290,"date":"2021-08-25T14:39:44","date_gmt":"2021-08-25T13:39:44","guid":{"rendered":"https:\/\/www.danubecommission.org\/dc\/?page_id=9290"},"modified":"2021-08-25T14:47:37","modified_gmt":"2021-08-25T13:47:37","slug":"allgemeine-geschaeftsbedingungen-fuer-die-erbringung-von-uebersetzungsdienstleistungen-an-die-donaukommission","status":"publish","type":"page","link":"https:\/\/www.danubecommission.org\/dc\/de\/publikationstatigkeit-der-dk\/allgemeine-geschaeftsbedingungen-fuer-die-erbringung-von-uebersetzungsdienstleistungen-an-die-donaukommission\/","title":{"rendered":"Allgemeine Gesch\u00e4ftsbedingungen f\u00fcr die Erbringung von \u00dcbersetzungsdienstleistungen an die Donaukommission"},"content":{"rendered":"<p><embed src=\"https:\/\/www.danubecommission.org\/dc\/wp-content\/uploads\/2021\/08\/GENERAL-TERMS-AND-CONDITIONS-FOR-PROVIDING-TRANSLATION-SERVICES-TO-THE-DANUBE-COMMISSION-IN-GERMAN.pdf\" width=\"800\" height=\"5600\"><\/embed><\/p>\n","protected":false},"excerpt":{"rendered":"","protected":false},"author":1,"featured_media":0,"parent":40,"menu_order":0,"comment_status":"closed","ping_status":"closed","template":"","meta":{"_seopress_robots_primary_cat":"","_seopress_titles_title":"","_seopress_titles_desc":"","_seopress_robots_index":"","colormag_page_container_layout":"default_layout","colormag_page_sidebar_layout":"default_layout","footnotes":""},"class_list":["post-9290","page","type-page","status-publish","hentry"],"_links":{"self":[{"href":"https:\/\/www.danubecommission.org\/dc\/wp-json\/wp\/v2\/pages\/9290","targetHints":{"allow":["GET"]}}],"collection":[{"href":"https:\/\/www.danubecommission.org\/dc\/wp-json\/wp\/v2\/pages"}],"about":[{"href":"https:\/\/www.danubecommission.org\/dc\/wp-json\/wp\/v2\/types\/page"}],"author":[{"embeddable":true,"href":"https:\/\/www.danubecommission.org\/dc\/wp-json\/wp\/v2\/users\/1"}],"replies":[{"embeddable":true,"href":"https:\/\/www.danubecommission.org\/dc\/wp-json\/wp\/v2\/comments?post=9290"}],"version-history":[{"count":0,"href":"https:\/\/www.danubecommission.org\/dc\/wp-json\/wp\/v2\/pages\/9290\/revisions"}],"up":[{"embeddable":true,"href":"https:\/\/www.danubecommission.org\/dc\/wp-json\/wp\/v2\/pages\/40"}],"wp:attachment":[{"href":"https:\/\/www.danubecommission.org\/dc\/wp-json\/wp\/v2\/media?parent=9290"}],"curies":[{"name":"wp","href":"https:\/\/api.w.org\/{rel}","templated":true}]}}