{"id":9308,"date":"2021-08-26T08:33:06","date_gmt":"2021-08-26T07:33:06","guid":{"rendered":"https:\/\/www.danubecommission.org\/dc\/?page_id=9308"},"modified":"2024-11-21T15:47:42","modified_gmt":"2024-11-21T14:47:42","slug":"bibliotheque-de-la-commission-du-danube","status":"publish","type":"page","link":"https:\/\/www.danubecommission.org\/dc\/fr\/mass-media-et-relations-publiques\/bibliotheque-de-la-commission-du-danube\/","title":{"rendered":"Biblioth\u00e8que de la Commission du Danube"},"content":{"rendered":"<p style=\"text-align: justify;\">La collection unique de livres de la biblioth\u00e8que de la Commission du Danube commence avec la fondation de la Commission europ\u00e9enne du Danube (1856).<\/p>\n<p style=\"text-align: justify;\">Le fonds de la biblioth\u00e8que contient des publications anciennes et rares li\u00e9es \u00e0 l&#8217;histoire de la Commission du Danube, des cartes du Danube, des rapports officiels des directeurs des compagnies maritimes du Danube, des encyclop\u00e9dies, des dictionnaires, des publications de la Commission du Danube et d&#8217;autres organisations internationales, coop\u00e9rant avec le Danube Commission.<\/p>\n<p style=\"text-align: justify;\">En 2010, le fonds de la biblioth\u00e8que de la Commission du Danube comptait environ 10 milliers d&#8217;exemplaires. Le processus de num\u00e9risation des livres, publi\u00e9 par la Commission du Danube, a d\u00e9j\u00e0 \u00e9t\u00e9 lanc\u00e9 dans le but de les rendre disponibles sur la biblioth\u00e8que num\u00e9rique du DC.<\/p>\n<p style=\"text-align: justify;\">La salle de lecture de la biblioth\u00e8que du DC est ouverte au public.<\/p>\n<p>Heures d&#8217;ouverture:<br \/>\nDu lundi au vendredi : de 9<sup>h<\/sup> \u00e0 14<sup>h<\/sup><\/p>\n","protected":false},"excerpt":{"rendered":"<p>La collection unique de livres de la biblioth\u00e8que de la Commission du Danube commence avec la fondation de la Commission<\/p>\n","protected":false},"author":1,"featured_media":0,"parent":108,"menu_order":1,"comment_status":"closed","ping_status":"closed","template":"","meta":{"_seopress_robots_primary_cat":"","_seopress_titles_title":"","_seopress_titles_desc":"","_seopress_robots_index":"","colormag_page_container_layout":"default_layout","colormag_page_sidebar_layout":"default_layout","footnotes":""},"class_list":["post-9308","page","type-page","status-publish","hentry"],"_links":{"self":[{"href":"https:\/\/www.danubecommission.org\/dc\/wp-json\/wp\/v2\/pages\/9308","targetHints":{"allow":["GET"]}}],"collection":[{"href":"https:\/\/www.danubecommission.org\/dc\/wp-json\/wp\/v2\/pages"}],"about":[{"href":"https:\/\/www.danubecommission.org\/dc\/wp-json\/wp\/v2\/types\/page"}],"author":[{"embeddable":true,"href":"https:\/\/www.danubecommission.org\/dc\/wp-json\/wp\/v2\/users\/1"}],"replies":[{"embeddable":true,"href":"https:\/\/www.danubecommission.org\/dc\/wp-json\/wp\/v2\/comments?post=9308"}],"version-history":[{"count":0,"href":"https:\/\/www.danubecommission.org\/dc\/wp-json\/wp\/v2\/pages\/9308\/revisions"}],"up":[{"embeddable":true,"href":"https:\/\/www.danubecommission.org\/dc\/wp-json\/wp\/v2\/pages\/108"}],"wp:attachment":[{"href":"https:\/\/www.danubecommission.org\/dc\/wp-json\/wp\/v2\/media?parent=9308"}],"curies":[{"name":"wp","href":"https:\/\/api.w.org\/{rel}","templated":true}]}}